{"id":2907,"date":"2022-07-05T00:04:03","date_gmt":"2022-07-04T16:04:03","guid":{"rendered":"https:\/\/www.quartzite-stone.com\/product\/yellow-agate\/"},"modified":"2023-07-11T11:46:13","modified_gmt":"2023-07-11T03:46:13","slug":"agate-jaune","status":"publish","type":"product","link":"https:\/\/www.quartzite-stone.com\/fr\/products\/yellow-agate\/","title":{"rendered":"Agate jaune"},"content":{"rendered":"<p>L&#039;histoire de l&#039;agate est tr\u00e8s lointaine. Il y a environ 100 millions d&#039;ann\u00e9es, du magma souterrain a \u00e9t\u00e9 \u00e9ject\u00e9 en grande quantit\u00e9 en raison de changements dans la cro\u00fbte terrestre. Lorsque la lave s&#039;est refroidie, la vapeur et d&#039;autres gaz ont form\u00e9 des bulles. Les bulles d&#039;air sont scell\u00e9es lorsque la roche g\u00e8le, cr\u00e9ant de nombreux trous. Bien plus tard, les trous ont \u00e9t\u00e9 plong\u00e9s dans une solution contenant de la silice et coagul\u00e9s dans du gel de silice. Les composants fusibles de la roche ferrugineuse p\u00e9n\u00e8trent dans le gel de silice, et finalement la silice cristallise en agate.<\/p>\n<p>&nbsp;<\/p>\n<p>En min\u00e9ralogie, l&#039;agate jaune appartient au groupe des calc\u00e9doines, qui sont des calc\u00e9doines de diff\u00e9rentes couleurs et r\u00e9parties en anneaux. Habituellement, le collo\u00efde de silice est progressivement rempli au centre le long de la paroi de la cavit\u00e9 ou du vide de la roche, formant un bloc en couches concentriques ou parall\u00e8les. Il est g\u00e9n\u00e9ralement translucide \u00e0 opaque, avec une duret\u00e9 de 6,5 \u00e0 7 degr\u00e9s, une densit\u00e9 de 2,55 \u00e0 2,91 et un indice de r\u00e9fraction de 1,535 \u00e0 1,539. L&#039;agate peut \u00eatre form\u00e9e dans diverses strates de l&#039;histoire g\u00e9ologique, \u00e0 la fois ign\u00e9es et s\u00e9dimentaires.<\/p>\n<p>&nbsp;<\/p>\n<p>L&#039;agate jaune appartient \u00e0 l&#039;agate, et l&#039;agate a une longue histoire. Il est enregistr\u00e9 que parce que la forme de la pierre d&#039;origine de l&#039;agate est similaire \u00e0 celle du cerveau d&#039;un cheval, elle est appel\u00e9e &quot;agate&quot;. Que ce soit dans l&#039;Ancien Testament ou dans les \u00e9critures bouddhistes, il existe des enregistrements des actes d&#039;agate. En Orient, c&#039;est l&#039;un des Sept Tr\u00e9sors et des Sept Tr\u00e9sors. L&#039;agate jaune est utilis\u00e9e comme pierre pr\u00e9cieuse ou comme artisanat pour sa riche couleur et sa beaut\u00e9.<\/p>\n<p>&nbsp;<\/p>\n<p>L&#039;agate jaune a \u00e9galement certains effets physiologiques et psychologiques. La lumi\u00e8re jaune de l&#039;agate jaune correspond \u00e0 la roue solaire, donc porter de l&#039;agate jaune pendant une longue p\u00e9riode peut aider \u00e0 la digestion de l&#039;estomac et des intestins, et c&#039;est tr\u00e8s b\u00e9n\u00e9fique pour le foie, la v\u00e9sicule biliaire et m\u00eame la peau. Il peut aider \u00e0 \u00e9quilibrer l&#039;\u00e9nergie n\u00e9gative, \u00e0 \u00e9liminer le stress nerveux, \u00e0 maintenir une bonne humeur et \u00e0 maintenir la paix.<\/p>\n<p>&nbsp;<\/p>\n<p>INFORMATIONS COMPL\u00c9MENTAIRES<\/p>\n<table>\n<tbody>\n<tr>\n<td width=\"124\"><strong>MAT\u00c9RIEL<\/strong><\/td>\n<td width=\"444\">Agate<\/td>\n<\/tr>\n<tr>\n<td width=\"124\"><strong>COULEUR<\/strong><\/td>\n<td width=\"444\">Jaune<\/td>\n<\/tr>\n<tr>\n<td width=\"124\"><strong>PAYS D&#039;ORIGINE<\/strong><\/td>\n<td width=\"444\">Br\u00e9sil<\/td>\n<\/tr>\n<tr>\n<td width=\"124\"><strong>FINITION DE SURFACE<\/strong><\/td>\n<td width=\"444\">Poli, aiguis\u00e9, cuir\u00e9<\/td>\n<\/tr>\n<tr>\n<td width=\"124\"><strong>UTILISER<\/strong><\/td>\n<td width=\"444\">Cuisines, salles de bains, sols, murs, carrelages, dalles<\/td>\n<\/tr>\n<tr>\n<td width=\"124\"><strong>DISPONIBILIT\u00c9<\/strong><\/td>\n<td width=\"444\">Veuillez v\u00e9rifier la disponibilit\u00e9 des stocks aupr\u00e8s de HRST STONE pour visiter.<\/p>\n<p>Les \u00e9chantillons de pierre ne sont pas non plus disponibles pour chaque s\u00e9lection de pierre, veuillez vous renseigner pour la disponibilit\u00e9.<\/td>\n<\/tr>\n<\/tbody>\n<\/table>\n<p>&nbsp;<\/p>\n<p>L&#039;agate jaune est \u00e9galement un type de jade pr\u00e9f\u00e9r\u00e9, qui symbolise la richesse et le pouvoir, elle est donc appr\u00e9ci\u00e9e par de nombreuses personnes. Il est enregistr\u00e9 que la forme de la pierre d&#039;agate est similaire \u00e0 celle du cerveau de cheval, elle est donc appel\u00e9e &quot;agate&quot;. Que ce soit dans la Bible de l&#039;Ancien Testament ou dans les classiques bouddhistes, il y a des histoires d&#039;agate. En Orient, c&#039;est l&#039;un des sept tr\u00e9sors. L&#039;agate avec sa couleur riche, sa beaut\u00e9 et est consid\u00e9r\u00e9e comme une pierre pr\u00e9cieuse ou un produit artisanal.<\/p>\n<p style=\"padding-left: 40px\"><img decoding=\"async\" class=\"aligncenter\" src=\"https:\/\/data.adwebcloud.com\/public\/material\/220426a7q47o\/product\/imageFile_1664271912260.jpg\" alt=\"\" \/><\/p>\n<p style=\"padding-left: 40px\"><img decoding=\"async\" class=\"aligncenter\" src=\"https:\/\/data.adwebcloud.com\/public\/material\/220426a7q47o\/product\/imageFile_1664271913066.jpg\" alt=\"\" \/><\/p>","protected":false},"excerpt":{"rendered":"<p>L&#039;agate jaune est \u00e9galement un type de jade pr\u00e9f\u00e9r\u00e9, qui symbolise la richesse et le pouvoir, elle est donc appr\u00e9ci\u00e9e par de nombreuses personnes. Il est enregistr\u00e9 que la forme de la pierre d&#039;agate est similaire \u00e0 celle du cerveau de cheval, elle est donc appel\u00e9e &quot;agate&quot;. Que ce soit dans la Bible de l&#039;Ancien Testament ou dans les classiques bouddhistes, il y a des histoires de\u2026<\/p>","protected":false},"featured_media":7947,"comment_status":"closed","ping_status":"closed","template":"","meta":[],"product_brand":[],"product_cat":[208],"product_tag":[858,857,853,856,852,855,854],"class_list":{"0":"post-2907","1":"product","2":"type-product","3":"status-publish","4":"has-post-thumbnail","6":"product_cat-agate","7":"product_tag-agate-stone-yellow","8":"product_tag-raw-yellow-agate","9":"product_tag-yellow-agate-crystal","10":"product_tag-yellow-agate-price","11":"product_tag-yellow-agate-stone","12":"product_tag-yellow-gem-stone","13":"product_tag-yellow-semi-precious-stones","15":"first","16":"instock","17":"product-type-simple"},"_links":{"self":[{"href":"https:\/\/www.quartzite-stone.com\/fr\/wp-json\/wp\/v2\/product\/2907","targetHints":{"allow":["GET"]}}],"collection":[{"href":"https:\/\/www.quartzite-stone.com\/fr\/wp-json\/wp\/v2\/product"}],"about":[{"href":"https:\/\/www.quartzite-stone.com\/fr\/wp-json\/wp\/v2\/types\/product"}],"replies":[{"embeddable":true,"href":"https:\/\/www.quartzite-stone.com\/fr\/wp-json\/wp\/v2\/comments?post=2907"}],"wp:featuredmedia":[{"embeddable":true,"href":"https:\/\/www.quartzite-stone.com\/fr\/wp-json\/wp\/v2\/media\/7947"}],"wp:attachment":[{"href":"https:\/\/www.quartzite-stone.com\/fr\/wp-json\/wp\/v2\/media?parent=2907"}],"wp:term":[{"taxonomy":"product_brand","embeddable":true,"href":"https:\/\/www.quartzite-stone.com\/fr\/wp-json\/wp\/v2\/product_brand?post=2907"},{"taxonomy":"product_cat","embeddable":true,"href":"https:\/\/www.quartzite-stone.com\/fr\/wp-json\/wp\/v2\/product_cat?post=2907"},{"taxonomy":"product_tag","embeddable":true,"href":"https:\/\/www.quartzite-stone.com\/fr\/wp-json\/wp\/v2\/product_tag?post=2907"}],"curies":[{"name":"wp","href":"https:\/\/api.w.org\/{rel}","templated":true}]}}