{"id":2890,"date":"2022-07-05T00:04:03","date_gmt":"2022-07-04T16:04:03","guid":{"rendered":"https:\/\/www.quartzite-stone.com\/product\/grey-agate\/"},"modified":"2023-07-11T11:46:06","modified_gmt":"2023-07-11T03:46:06","slug":"agate-grise-2","status":"publish","type":"product","link":"https:\/\/www.quartzite-stone.com\/fr\/products\/grey-agate\/","title":{"rendered":"Agate grise"},"content":{"rendered":"<p>L&#039;agate grise, un mat\u00e9riau rare dans la pierre, pousse aux quatre coins du monde et a \u00e9t\u00e9 baptis\u00e9e et pr\u00e9cipit\u00e9e pendant des milliers d&#039;ann\u00e9es. Lorsque le grand froid s&#039;allie \u00e0 la chaleur et \u00e0 la douceur, le gris se tache et le mouvement le plus \u00e9l\u00e9gant est la symphonie.<\/p>\n<p>&nbsp;<\/p>\n<h2>1. Pr\u00e9sentation du produit Grey Agat<\/h2>\n<p>&nbsp;<\/p>\n<p><a class=\"wpil_keyword_link\" href=\"https:\/\/www.quartzite-stone.com\/fr\/produit\/comptoir-retro-eclaire-en-agate-verte\/\"   title=\"Dalles de pierre d&#039;agate\" data-wpil-keyword-link=\"linked\">Dalles de pierre d&#039;agate<\/a> la qualit\u00e9 et les sensations coexistent, et la texture s&#039;entrem\u00eale. La texture fan\u00e9e se profile dans la texture claire de la pierre. Il est discret et calme, s\u00e9parant l&#039;agitation de la ville de l&#039;agitation de la ville, et ouvrant une grande surface, comme marcher sur le ciel \u00e9toil\u00e9, et la n\u00e9buleuse couronn\u00e9e<\/p>\n<p>&nbsp;<\/p>\n<h2>Sp\u00e9cification des carreaux d&#039;agat 2.Grey: 2700x1200mm<\/h2>\n<p>Nombre de faces et de motifs\u00a0: une pierre sur trois c\u00f4t\u00e9s, embo\u00eetement infini arbitraire, et la dalle de pierre d&#039;agate grise joue une ambiance compl\u00e8tement diff\u00e9rente de <a href=\"https:\/\/www.quartzite-stone.com\/fr\/produit\/agate-noire\/\">agate noire<\/a>. La texture fan\u00e9e se dessine dans la texture claire de la pierre, soulignant la tendance du motif et la forme du cristal.<\/p>\n<p>&nbsp;<\/p>\n<h2>3. Inspiration agate grise<\/h2>\n<p>Aux yeux du designer, les dalles de pierre d&#039;agate grise sont la couleur neutre la plus parfaite dans la nature, le charme du gris est in\u00e9gal\u00e9. Le temp\u00e9rament \u00e9l\u00e9gant et le style extraordinaire de l&#039;agate grise grav\u00e9s dans la moelle osseuse, l&#039;effet global est calme et \u00e9l\u00e9gant, jamais d\u00e9mod\u00e9, l&#039;agate grise est unique et exquise, classique et \u00e9l\u00e9gante, polyvalente et non grasse, et la texture claire des pierres pr\u00e9cieuses rend les gens enivrants . Agate Stone Slab fait de ces tr\u00e9sors autrefois inestimables un bel \u00e9l\u00e9ment qui embellit l&#039;int\u00e9rieur.<\/p>\n<p>&nbsp;<\/p>\n<h2>4. Beaut\u00e9 de l&#039;espace en agate grise<\/h2>\n<p>L&#039;atmosph\u00e8re stable des carreaux d&#039;agate grise se marie parfaitement avec les meubles et met en valeur la texture de haute qualit\u00e9 de vie. Que ce soit dans le salon ou la cuisine, l&#039;application de pavage d&#039;Agate Stone Slab peut donner aux gens un sentiment de stabilit\u00e9, de maturit\u00e9, de calme et de praticit\u00e9. Dans le m\u00eame temps, la d\u00e9coration grise est tr\u00e8s r\u00e9sistante \u00e0 la salet\u00e9 et difficile \u00e0 obsol\u00e8te, et son utilisation est plus simple. Avec Agate Stone Slab, une large gamme d&#039;applications de pavage, nous pouvons voir le charme d&#039;un design \u00e9l\u00e9gant et atmosph\u00e9rique qui se r\u00e9pand \u00e0 l&#039;infini dans l&#039;espace avec une imagination sans fin.<\/p>\n<p>&nbsp;<\/p>\n<p>INFORMATIONS COMPL\u00c9MENTAIRES<\/p>\n<table>\n<tbody>\n<tr>\n<td width=\"124\"><strong>MAT\u00c9RIEL<\/strong><\/td>\n<td width=\"444\">Agate<\/td>\n<\/tr>\n<tr>\n<td width=\"124\"><strong>COULEUR<\/strong><\/td>\n<td width=\"444\">Gris<\/td>\n<\/tr>\n<tr>\n<td width=\"124\"><strong>PAYS D&#039;ORIGINE<\/strong><\/td>\n<td width=\"444\">Br\u00e9sil<\/td>\n<\/tr>\n<tr>\n<td width=\"124\"><strong>FINITION DE SURFACE<\/strong><\/td>\n<td width=\"444\">Poli, aiguis\u00e9, cuir\u00e9<\/td>\n<\/tr>\n<tr>\n<td width=\"124\"><strong>UTILISER<\/strong><\/td>\n<td width=\"444\">Cuisines, salles de bains, sols, murs, carrelages, dalles<\/td>\n<\/tr>\n<tr>\n<td width=\"124\"><strong>DISPONIBILIT\u00c9<\/strong><\/td>\n<td width=\"444\">Veuillez v\u00e9rifier la disponibilit\u00e9 des stocks aupr\u00e8s de HRST STONE pour visiter.<\/p>\n<p>Les \u00e9chantillons de pierre ne sont pas non plus disponibles pour chaque s\u00e9lection de pierre, veuillez vous renseigner pour la disponibilit\u00e9.<\/td>\n<\/tr>\n<\/tbody>\n<\/table>\n<p>&nbsp;<\/p>\n<p>L&#039;agate grise est particuli\u00e8rement belle en raison de sa douceur temp\u00e9r\u00e9e. Le ruban est comme des anneaux de tronc d&#039;arbre, \u00e9l\u00e9gant et naturel; Tels que la peinture de paysage \u00e0 l&#039;encre \u00e9clabouss\u00e9e, magnifique; Symbole de pers\u00e9v\u00e9rance, on dit que l&#039;\u00e9nergie de l&#039;agate grise peut \u00e9liminer les impuret\u00e9s de l&#039;aura et stimuler efficacement son propre charme.<\/p>\n<p><img decoding=\"async\" class=\"aligncenter\" src=\"https:\/\/data.adwebcloud.com\/public\/material\/220426a7q47o\/product\/imageFile_1664271909703.jpg\" alt=\"\" \/><\/p>\n<p><img decoding=\"async\" class=\"aligncenter\" src=\"https:\/\/data.adwebcloud.com\/public\/material\/220426a7q47o\/product\/imageFile_1664271910596.jpg\" alt=\"\" \/><\/p>\n<p><img decoding=\"async\" class=\"aligncenter\" src=\"https:\/\/data.adwebcloud.com\/public\/material\/220426a7q47o\/product\/imageFile_1664271911379.jpg\" alt=\"\" \/><\/p>","protected":false},"excerpt":{"rendered":"<p>L&#039;agate grise est particuli\u00e8rement belle en raison de sa douceur temp\u00e9r\u00e9e. Le ruban est comme des anneaux de tronc d&#039;arbre, \u00e9l\u00e9gant et naturel; Tels que la peinture de paysage \u00e0 l&#039;encre \u00e9clabouss\u00e9e, magnifique; Symbole de pers\u00e9v\u00e9rance, on dit que l&#039;\u00e9nergie de l&#039;agate grise peut \u00e9liminer les impuret\u00e9s de l&#039;aura et efficacement\u2026<\/p>\n<div id=\"gtx-trans\">\n<div class=\"gtx-trans-icon\"><\/div>\n<\/div>","protected":false},"featured_media":7950,"comment_status":"closed","ping_status":"closed","template":"","meta":[],"product_brand":[],"product_cat":[208],"product_tag":[861,864,863,867,859,865,862,866,869,860,868],"class_list":{"0":"post-2890","1":"product","2":"type-product","3":"status-publish","4":"has-post-thumbnail","6":"product_cat-agate","7":"product_tag-agate-gray","8":"product_tag-agate-grey-and-white","9":"product_tag-blue-grey-agate","10":"product_tag-dark-grey-agate","11":"product_tag-gray-agate","12":"product_tag-gray-agate-crystal","13":"product_tag-gray-agate-stone","14":"product_tag-grey-agate-raw","15":"product_tag-grey-agate-slab","16":"product_tag-grey-agate-stone","17":"product_tag-grey-agate-table","19":"first","20":"instock","21":"product-type-simple"},"_links":{"self":[{"href":"https:\/\/www.quartzite-stone.com\/fr\/wp-json\/wp\/v2\/product\/2890","targetHints":{"allow":["GET"]}}],"collection":[{"href":"https:\/\/www.quartzite-stone.com\/fr\/wp-json\/wp\/v2\/product"}],"about":[{"href":"https:\/\/www.quartzite-stone.com\/fr\/wp-json\/wp\/v2\/types\/product"}],"replies":[{"embeddable":true,"href":"https:\/\/www.quartzite-stone.com\/fr\/wp-json\/wp\/v2\/comments?post=2890"}],"wp:featuredmedia":[{"embeddable":true,"href":"https:\/\/www.quartzite-stone.com\/fr\/wp-json\/wp\/v2\/media\/7950"}],"wp:attachment":[{"href":"https:\/\/www.quartzite-stone.com\/fr\/wp-json\/wp\/v2\/media?parent=2890"}],"wp:term":[{"taxonomy":"product_brand","embeddable":true,"href":"https:\/\/www.quartzite-stone.com\/fr\/wp-json\/wp\/v2\/product_brand?post=2890"},{"taxonomy":"product_cat","embeddable":true,"href":"https:\/\/www.quartzite-stone.com\/fr\/wp-json\/wp\/v2\/product_cat?post=2890"},{"taxonomy":"product_tag","embeddable":true,"href":"https:\/\/www.quartzite-stone.com\/fr\/wp-json\/wp\/v2\/product_tag?post=2890"}],"curies":[{"name":"wp","href":"https:\/\/api.w.org\/{rel}","templated":true}]}}