{"id":2874,"date":"2022-07-05T00:03:19","date_gmt":"2022-07-04T16:03:19","guid":{"rendered":"https:\/\/www.quartzite-stone.com\/product\/black-agate\/"},"modified":"2023-07-11T11:46:33","modified_gmt":"2023-07-11T03:46:33","slug":"agate-noire","status":"publish","type":"product","link":"https:\/\/www.quartzite-stone.com\/fr\/products\/black-agate\/","title":{"rendered":"Agate noire"},"content":{"rendered":"<h2>L&#039;efficacit\u00e9 et le r\u00f4le de l&#039;agate noire :<\/h2>\n<p>L&#039;agate noire est \u00e9galement connue comme la pierre de la long\u00e9vit\u00e9, qui a pour effet de favoriser le bonheur et l&#039;abondance. Cela peut porter chance et aider \u00e0 soulager le stress.<\/p>\n<p>&nbsp;<\/p>\n<h2>Entretien de l&#039;agate noire :<\/h2>\n<p>Lorsque vous portez des bijoux en agate noire, veillez \u00e0 ne pas entrer en collision avec des objets durs ou \u00e0 ne pas les laisser tomber, et rangez-les dans une bo\u00eete \u00e0 bijoux souple lorsqu&#039;ils ne sont pas utilis\u00e9s. Essayez d&#039;\u00e9viter tout contact avec le parfum, le liquide chimique, le savon ou la sueur humaine pour \u00e9viter l&#039;\u00e9rosion et affecter la luminosit\u00e9 de l&#039;agate noire. Veillez \u00e0 \u00e9viter les sources de chaleur, telles que la lumi\u00e8re du soleil, les po\u00eales, etc., car l&#039;agate noire se dilatera lorsqu&#039;elle sera chauff\u00e9e et l&#039;augmentation du volume mol\u00e9culaire affectera la qualit\u00e9 du jade. Une exposition continue \u00e0 haute temp\u00e9rature fera \u00e9galement \u00e9clater l&#039;agate noire.<\/p>\n<p>&nbsp;<\/p>\n<p>INFORMATIONS COMPL\u00c9MENTAIRES<\/p>\n<table>\n<tbody>\n<tr>\n<td width=\"124\"><strong>MAT\u00c9RIEL<\/strong><\/td>\n<td width=\"444\">Agate<\/td>\n<\/tr>\n<tr>\n<td width=\"124\"><strong>COULEUR<\/strong><\/td>\n<td width=\"444\">Noir<\/td>\n<\/tr>\n<tr>\n<td width=\"124\"><strong>PAYS D&#039;ORIGINE<\/strong><\/td>\n<td width=\"444\">Br\u00e9sil<\/td>\n<\/tr>\n<tr>\n<td width=\"124\"><strong>FINITION DE SURFACE<\/strong><\/td>\n<td width=\"444\">Poli, aiguis\u00e9, cuir\u00e9<\/td>\n<\/tr>\n<tr>\n<td width=\"124\"><strong>UTILISER<\/strong><\/td>\n<td width=\"444\">Cuisines, salles de bains, sols, murs, carrelages, dalles<\/td>\n<\/tr>\n<tr>\n<td width=\"124\"><strong>DISPONIBILIT\u00c9<\/strong><\/td>\n<td width=\"444\">Veuillez v\u00e9rifier la disponibilit\u00e9 des stocks aupr\u00e8s de HRST STONE pour visiter.<\/p>\n<p>Les \u00e9chantillons de pierre ne sont pas non plus disponibles pour chaque s\u00e9lection de pierre, veuillez vous renseigner pour la disponibilit\u00e9.<\/p>\n<\/td>\n<\/tr>\n<\/tbody>\n<\/table>\n<p>&nbsp;<\/p>\n<p>L&#039;agate noire est particuli\u00e8rement belle en raison de sa zone temp\u00e9r\u00e9e d\u00e9licate et lisse. Les bandes de couleur ressemblent \u00e0 des anneaux de tronc d&#039;arbre, naturels et \u00e9l\u00e9gants; comme des peintures de paysage \u00e9clabouss\u00e9es d&#039;encre, magnifiques; Symbole de pers\u00e9v\u00e9rance, on dit que l&#039;utilisation de l&#039;\u00e9nergie de l&#039;agate noire peut \u00e9liminer les impuret\u00e9s du gisement de gaz, puis inspirer efficacement son propre charme.<\/p>\n<p><img decoding=\"async\" class=\"aligncenter\" src=\"https:\/\/data.adwebcloud.com\/public\/material\/220426a7q47o\/product\/imageFile_1664271907154.jpg\" alt=\"\" \/><\/p>\n<p><img decoding=\"async\" class=\"aligncenter\" src=\"https:\/\/data.adwebcloud.com\/public\/material\/220426a7q47o\/product\/imageFile_1664271908078.jpg\" alt=\"\" \/><\/p>\n<p><img decoding=\"async\" class=\"aligncenter\" src=\"https:\/\/data.adwebcloud.com\/public\/material\/220426a7q47o\/product\/imageFile_1664271908898.jpg\" alt=\"\" \/><\/p>","protected":false},"excerpt":{"rendered":"<p>L&#039;agate noire est particuli\u00e8rement belle en raison de sa zone temp\u00e9r\u00e9e d\u00e9licate et lisse. Les bandes de couleur ressemblent \u00e0 des anneaux de tronc d&#039;arbre, naturels et \u00e9l\u00e9gants; comme des peintures de paysage \u00e9clabouss\u00e9es d&#039;encre, magnifiques; Symbole de pers\u00e9v\u00e9rance, on dit que l&#039;utilisation de l&#039;\u00e9nergie de l&#039;agate noire peut...<\/p>","protected":false},"featured_media":7949,"comment_status":"closed","ping_status":"closed","template":"","meta":[],"product_brand":[],"product_cat":[208],"product_tag":[479,478,473,474,471,475,470,477,472,476],"class_list":{"0":"post-2874","1":"product","2":"type-product","3":"status-publish","4":"has-post-thumbnail","6":"product_cat-agate","7":"product_tag-black-agate-bar-tops","8":"product_tag-black-agate-countertop","9":"product_tag-black-agate-floors","10":"product_tag-black-agate-kitchens","11":"product_tag-black-agate-slab","12":"product_tag-black-agate-table","13":"product_tag-black-agate-tiles","14":"product_tag-black-agate-walls","15":"product_tag-black-semi-precious-stones","16":"product_tag-transparent-black-agate","18":"first","19":"instock","20":"product-type-simple"},"_links":{"self":[{"href":"https:\/\/www.quartzite-stone.com\/fr\/wp-json\/wp\/v2\/product\/2874","targetHints":{"allow":["GET"]}}],"collection":[{"href":"https:\/\/www.quartzite-stone.com\/fr\/wp-json\/wp\/v2\/product"}],"about":[{"href":"https:\/\/www.quartzite-stone.com\/fr\/wp-json\/wp\/v2\/types\/product"}],"replies":[{"embeddable":true,"href":"https:\/\/www.quartzite-stone.com\/fr\/wp-json\/wp\/v2\/comments?post=2874"}],"wp:featuredmedia":[{"embeddable":true,"href":"https:\/\/www.quartzite-stone.com\/fr\/wp-json\/wp\/v2\/media\/7949"}],"wp:attachment":[{"href":"https:\/\/www.quartzite-stone.com\/fr\/wp-json\/wp\/v2\/media?parent=2874"}],"wp:term":[{"taxonomy":"product_brand","embeddable":true,"href":"https:\/\/www.quartzite-stone.com\/fr\/wp-json\/wp\/v2\/product_brand?post=2874"},{"taxonomy":"product_cat","embeddable":true,"href":"https:\/\/www.quartzite-stone.com\/fr\/wp-json\/wp\/v2\/product_cat?post=2874"},{"taxonomy":"product_tag","embeddable":true,"href":"https:\/\/www.quartzite-stone.com\/fr\/wp-json\/wp\/v2\/product_tag?post=2874"}],"curies":[{"name":"wp","href":"https:\/\/api.w.org\/{rel}","templated":true}]}}