{"id":2867,"date":"2022-07-05T00:03:19","date_gmt":"2022-07-04T16:03:19","guid":{"rendered":"https:\/\/www.quartzite-stone.com\/product\/white-crystal-agate\/"},"modified":"2023-07-11T11:55:10","modified_gmt":"2023-07-11T03:55:10","slug":"agate-cristalline-blanche","status":"publish","type":"product","link":"https:\/\/www.quartzite-stone.com\/fr\/products\/white-crystal-agate\/","title":{"rendered":"Agate blanche cristalline"},"content":{"rendered":"<h3 style=\"font-size: 19px\">L'agate cristalline blanche convient pour<\/h3>\n<ul>\n<li>les plans de travail de la cuisine ;<\/li>\n<li>panneaux d'habillage de cuisine ;<\/li>\n<li>Les objets d\u00e9coratifs tels que les bougies, les \u0153uvres d'art et les plateaux vous permettent de suivre la tendance sans avoir recours \u00e0 une d\u00e9coration co\u00fbteuse ;<\/li>\n<li>mur d\u00e9coratif dans la salle de bain ou la cuisine ;<\/li>\n<li>meuble de salle de bain ;<\/li>\n<li>chemin\u00e9e ;<\/li>\n<li>Meubles en bois.<\/li>\n<\/ul>\n<p>&nbsp;<\/p>\n<p>La d\u00e9coration int\u00e9rieure, la salle de s\u00e9jour sera toujours le point fort, l'application de grandes dalles rocheuses pour les murs et les sols, permet de tirer pleinement parti de ses grands avantages visuels, le rev\u00eatement de sol en agate blanche de qualit\u00e9 sup\u00e9rieure, avec une texture affirm\u00e9e, une texture d\u00e9licate, fa\u00e7onne la personnalit\u00e9 de l'espace, le mur d'arri\u00e8re-plan en agate blanche de qualit\u00e9 sup\u00e9rieure d'une seule pi\u00e8ce vers le haut, r\u00e9duit consid\u00e9rablement les traces d'assemblage, et l'espace de vie est grandement am\u00e9lior\u00e9 \u00e0 la fois en apparence et en qualit\u00e9.<\/p>\n<p>&nbsp;<\/p>\n<p>La chambre \u00e0 coucher est un endroit o\u00f9 l'on peut dormir paisiblement et en toute tranquillit\u00e9, c'est pourquoi il est important de choisir les couleurs de l'espace. <a href=\"https:\/\/www.quartzite-stone.com\/fr\/presentation-de-lentreprise\/\">usine de pierre HRST de Chine<\/a> Le mur d'arri\u00e8re-plan en agate blanche cr\u00e9e une ambiance compl\u00e8tement diff\u00e9rente de celle de l'agate noire. La texture d\u00e9lav\u00e9e se d\u00e9tache de la texture claire de la pierre, soulignant la tendance du motif et la forme du cristal.<\/p>\n<p>&nbsp;<\/p>\n<p>La salle de bains est l'endroit le plus fr\u00e9quemment utilis\u00e9 dans la maison. La conception de la salle de bains doit \u00eatre pratique et confortable. La disposition pure et riche de l'agate blanche est r\u00e9partie sur les murs et les sols, parsem\u00e9e d'une l\u00e9g\u00e8re texture blanche, interpr\u00e9tant la texture naturelle qui ne peut \u00eatre reproduite, et cr\u00e9ant une atmosph\u00e8re profonde et atmosph\u00e9rique.<\/p>\n<p>&nbsp;<\/p>\n<p>INFORMATIONS COMPL\u00c9MENTAIRES<\/p>\n<table>\n<tbody>\n<tr>\n<td width=\"124\"><strong>MAT\u00c9RIEL<\/strong><\/td>\n<td width=\"444\">Agate<\/td>\n<\/tr>\n<tr>\n<td width=\"124\"><strong>COULEUR<\/strong><\/td>\n<td width=\"444\">Blanc<\/td>\n<\/tr>\n<tr>\n<td width=\"124\"><strong>PAYS D&#039;ORIGINE<\/strong><\/td>\n<td width=\"444\">Br\u00e9sil<\/td>\n<\/tr>\n<tr>\n<td width=\"124\"><strong>FINITION DE SURFACE<\/strong><\/td>\n<td width=\"444\">Poli, aiguis\u00e9, cuir\u00e9<\/td>\n<\/tr>\n<tr>\n<td width=\"124\"><strong>UTILISER<\/strong><\/td>\n<td width=\"444\">Cuisines, salles de bains, sols, murs, carrelages, dalles<\/td>\n<\/tr>\n<tr>\n<td width=\"124\"><strong>DISPONIBILIT\u00c9<\/strong><\/td>\n<td width=\"444\">Veuillez v\u00e9rifier la disponibilit\u00e9 des stocks aupr\u00e8s de HRST STONE pour visiter.<\/p>\n<p>Les \u00e9chantillons de pierre ne sont pas non plus disponibles pour chaque s\u00e9lection de pierre, veuillez vous renseigner pour la disponibilit\u00e9.<\/p>\n<\/td>\n<\/tr>\n<\/tbody>\n<\/table>\n<p>&nbsp;<\/p>\n<p>L'agate cristalline blanche, transparente et pure, est l'un des dons magiques de la terre. L'agate de cristal blanc est l'\u00e9nergie magn\u00e9tique la plus stable et la plus pure de toutes les sortes de cristaux. Le cristal blanc a une \u00e9nergie pure, il peut am\u00e9liorer efficacement le reiki libre, stimuler le potentiel, ajuster la sant\u00e9, rendre l'esprit plus paisible.<\/p>\n<\/p>\n<p>L'agate blanche est une vari\u00e9t\u00e9 de calc\u00e9doine, un min\u00e9ral de la famille des quartz. Elle est g\u00e9n\u00e9ralement blanche ou translucide, avec une finition cireuse ou mate, et peut pr\u00e9senter des bandes ou d'autres motifs. L'agate cristalline blanche est souvent utilis\u00e9e en bijouterie et dans d'autres objets d\u00e9coratifs, et certains lui pr\u00eatent des vertus curatives. On la trouve dans de nombreuses r\u00e9gions du monde, notamment au Br\u00e9sil, en Inde et aux \u00c9tats-Unis.<\/p>\n<\/p>\n<h3 style=\"font-size: 19px\">Caract\u00e9ristiques de l'agate cristalline blanche<\/h3>\n<p>L'agate blanche est un type de pierre semi-pr\u00e9cieuse qui pr\u00e9sente plusieurs caract\u00e9ristiques distinctives :<\/p>\n<ol>\n<li>Couleur : L'agate cristalline blanche est connue pour sa couleur blanche laiteuse ou translucide.<\/li>\n<li>Banding : Comme d'autres types d'agate, l'agate cristalline blanche est souvent travers\u00e9e par des motifs en bandes, ce qui peut lui donner un aspect unique et int\u00e9ressant.<\/li>\n<li>Semi-translucide : L'agate cristalline blanche est g\u00e9n\u00e9ralement semi-translucide, c'est-\u00e0-dire qu'elle est partiellement travers\u00e9e par la lumi\u00e8re.<\/li>\n<li>Duret\u00e9 : L'agate cristalline blanche a une duret\u00e9 d'environ 7 sur l'\u00e9chelle de Mohs, ce qui la rend relativement durable et r\u00e9sistante aux rayures.<\/li>\n<li>Formation : L'agate cristalline blanche se forme g\u00e9n\u00e9ralement dans les roches volcaniques, souvent en couches ou en cavit\u00e9s.<\/li>\n<li>Utilisations : L'agate blanche est couramment utilis\u00e9e dans la fabrication de bijoux, tels que les perles, les pendentifs et les bracelets, ainsi que dans les objets d\u00e9coratifs tels que les serre-livres, les sous-verres et les vases. On lui pr\u00eate \u00e9galement des propri\u00e9t\u00e9s spirituelles et elle est utilis\u00e9e dans les pratiques de m\u00e9ditation et de gu\u00e9rison.<\/li>\n<\/ol>\n<p><img decoding=\"async\" class=\"aligncenter\" src=\"https:\/\/data.adwebcloud.com\/public\/material\/220426a7q47o\/product\/imageFile_1664271893813.jpg\" alt=\"agate blanche transparente\" height=\"600\" \/><\/p>\n<p><img fetchpriority=\"high\" decoding=\"async\" src=\"https:\/\/data.adwebcloud.com\/public\/material\/220426a7q47o\/product\/WhiteCrystalwithGoldtabletop_1665558311520.jpg\" alt=\"Table de canap\u00e9 en cristal blanc\" width=\"750\" height=\"999\" \/><\/p>\n<p><img decoding=\"async\" src=\"https:\/\/data.adwebcloud.com\/public\/material\/220426a7q47o\/product\/CrystalWhiteTable_1665561378730.jpg\" alt=\"Tables en cristal blanc\" width=\"750\" height=\"563\" \/><\/p><\/p>","protected":false},"excerpt":{"rendered":"<p>Le pavage de sol en agate blanche de haute qualit\u00e9, avec une texture affirm\u00e9e et une texture d\u00e9licate, fa\u00e7onne la personnalit\u00e9 de l&#039;espace. Le mur de fond en agate blanche de haute qualit\u00e9 est d&#039;une seule pi\u00e8ce vers le haut, ce qui r\u00e9duit consid\u00e9rablement les traces d&#039;\u00e9pissage, et l&#039;espace de vie est grandement am\u00e9lior\u00e9 \u00e0 la fois en apparence et en qualit\u00e9.<\/p>","protected":false},"featured_media":7988,"comment_status":"closed","ping_status":"closed","template":"","meta":[],"product_brand":[],"product_cat":[208],"product_tag":[589,597,591,590,596,593,592,594,595],"class_list":{"0":"post-2867","1":"product","2":"type-product","3":"status-publish","4":"has-post-thumbnail","6":"product_cat-agate","7":"product_tag-crystal-white","8":"product_tag-transparent-white-agate","9":"product_tag-white-agate","10":"product_tag-white-cristallo","11":"product_tag-white-crystal-kitchen","12":"product_tag-white-crystal-slabs","13":"product_tag-white-crystal-table","14":"product_tag-white-crystal-tiles","15":"product_tag-white-crystal-walls","17":"first","18":"instock","19":"product-type-simple"},"_links":{"self":[{"href":"https:\/\/www.quartzite-stone.com\/fr\/wp-json\/wp\/v2\/product\/2867","targetHints":{"allow":["GET"]}}],"collection":[{"href":"https:\/\/www.quartzite-stone.com\/fr\/wp-json\/wp\/v2\/product"}],"about":[{"href":"https:\/\/www.quartzite-stone.com\/fr\/wp-json\/wp\/v2\/types\/product"}],"replies":[{"embeddable":true,"href":"https:\/\/www.quartzite-stone.com\/fr\/wp-json\/wp\/v2\/comments?post=2867"}],"wp:featuredmedia":[{"embeddable":true,"href":"https:\/\/www.quartzite-stone.com\/fr\/wp-json\/wp\/v2\/media\/7988"}],"wp:attachment":[{"href":"https:\/\/www.quartzite-stone.com\/fr\/wp-json\/wp\/v2\/media?parent=2867"}],"wp:term":[{"taxonomy":"product_brand","embeddable":true,"href":"https:\/\/www.quartzite-stone.com\/fr\/wp-json\/wp\/v2\/product_brand?post=2867"},{"taxonomy":"product_cat","embeddable":true,"href":"https:\/\/www.quartzite-stone.com\/fr\/wp-json\/wp\/v2\/product_cat?post=2867"},{"taxonomy":"product_tag","embeddable":true,"href":"https:\/\/www.quartzite-stone.com\/fr\/wp-json\/wp\/v2\/product_tag?post=2867"}],"curies":[{"name":"wp","href":"https:\/\/api.w.org\/{rel}","templated":true}]}}