{"id":2859,"date":"2022-07-05T00:02:36","date_gmt":"2022-07-04T16:02:36","guid":{"rendered":"https:\/\/www.quartzite-stone.com\/product\/iron-red-granite\/"},"modified":"2022-09-27T18:10:44","modified_gmt":"2022-09-27T10:10:44","slug":"granit-rouge-fer","status":"publish","type":"product","link":"https:\/\/www.quartzite-stone.com\/fr\/products\/iron-red-granite\/","title":{"rendered":"Granit rouge de fer"},"content":{"rendered":"<h2>\u00c0 propos du granit rouge de fer<\/h2>\n<p>Le granit rouge de fer, composant principal de la cro\u00fbte continentale, est une roche ign\u00e9e form\u00e9e par condensation de magma sous la surface de la terre, et est une roche intrusive profonde. Il existe principalement sous forme de min\u00e9raux tels que le quartz ou le feldspath. L&#039;\u00e9tymologie du granit rouge de fer est le latin granum, qui signifie grain ou granule. Le granit rouge de fer est nomm\u00e9 parce qu&#039;il s&#039;agit d&#039;une roche plutonique qui forme souvent des particules min\u00e9rales bien d\u00e9velopp\u00e9es et reconnaissables \u00e0 l&#039;\u0153il nu. Le granit rouge de fer n&#039;est pas facile \u00e0 alt\u00e9rer, il a une belle couleur et peut conserver son apparence pendant plus de 100 ans. En raison de sa duret\u00e9 \u00e9lev\u00e9e et de sa r\u00e9sistance \u00e0 l&#039;usure, c&#039;est \u00e9galement le mat\u00e9riau pr\u00e9f\u00e9r\u00e9 pour la sculpture en plein air, en plus des projets de d\u00e9coration architecturale de haute qualit\u00e9 et des sols de halls.<\/p>\n<p>&nbsp;<\/p>\n<h2>Applications de granit rouge de fer<\/h2>\n<h3>Avion<\/h3>\n<ul>\n<li>Chemin du parc<\/li>\n<li>Pavage de plate-forme<\/li>\n<\/ul>\n<h3>Fa\u00e7ade<\/h3>\n<ul>\n<li>Bol \u00e0 fleurs<\/li>\n<li>Mur de paysage<\/li>\n<li>Corps de garde<\/li>\n<\/ul>\n<p>&nbsp;<\/p>\n<p>En r\u00e9sum\u00e9, on comprend que le granit rouge de fer joue toujours un r\u00f4le extr\u00eamement important dans la partie paysag\u00e8re dure de l&#039;espace paysager, que ce soit en plan ou en fa\u00e7ade.<\/p>\n<p>&nbsp;<\/p>\n<h2>Le processus de traitement du granit rouge de fer<\/h2>\n<p>La surface est tr\u00e8s lisse, hautement polie, a un effet miroir et a un brillant \u00e9lev\u00e9. Granit rouge de fer, <a href=\"https:\/\/www.quartzite-stone.com\/fr\/marbre\/\">marbre,<\/a> et le calcaire sont g\u00e9n\u00e9ralement polis et n\u00e9cessitent un entretien diff\u00e9rent pour conserver leur \u00e9clat.<\/p>\n<p>&nbsp;<\/p>\n<p>INFORMATIONS COMPL\u00c9MENTAIRES<\/p>\n<table>\n<tbody>\n<tr>\n<td width=\"124\"><strong>MAT\u00c9RIEL<\/strong><\/td>\n<td width=\"444\">Granit<\/td>\n<\/tr>\n<tr>\n<td width=\"124\"><strong>COULEUR<\/strong><\/td>\n<td width=\"444\">Rouge<\/td>\n<\/tr>\n<tr>\n<td width=\"124\"><strong>PAYS D&#039;ORIGINE<\/strong><\/td>\n<td width=\"444\">Br\u00e9sil<\/td>\n<\/tr>\n<tr>\n<td width=\"124\"><strong>FINITION DE SURFACE<\/strong><\/td>\n<td width=\"444\">Poli, aiguis\u00e9, cuir\u00e9<\/td>\n<\/tr>\n<tr>\n<td width=\"124\"><strong>UTILISER<\/strong><\/td>\n<td width=\"444\">Cuisines, salles de bains, sols, murs, carrelages, dalles<\/td>\n<\/tr>\n<tr>\n<td width=\"124\"><strong>DISPONIBILIT\u00c9<\/strong><\/td>\n<td width=\"444\">Veuillez v\u00e9rifier la disponibilit\u00e9 des stocks aupr\u00e8s de HRST STONE pour visiter.<\/p>\n<p>Les \u00e9chantillons de pierre ne sont pas non plus disponibles pour chaque s\u00e9lection de pierre, veuillez vous renseigner pour la disponibilit\u00e9.<\/td>\n<\/tr>\n<\/tbody>\n<\/table>\n<p>&nbsp;<\/p>\n<p>Iron Red est un granit exotique d'un rouge profond avec des veines droites noires et grises, extrait au Br\u00e9sil. Cette pierre est particuli\u00e8rement adapt\u00e9e aux plans de travail, aux plans de toilette, aux plans de bar, aux escaliers, aux carreaux de sol et de mur, ainsi qu'\u00e0 d'autres projets de design. Il est \u00e9galement appel\u00e9 Iron Red Extra Granite, Red Iron Granite, Iron Red Quartzite.<\/p>\n<p>&nbsp;<\/p>\n<p>Ce granit fantaisie est tout au sujet de l&#039;\u00e9clairage ! Dans un \u00e9clairage sombre, vous constaterez que la pierre appara\u00eet plus noire que rouge, mais lorsque la lumi\u00e8re naturelle brille sur la surface, vous verrez les magnifiques tourbillons de rouge.<\/p>\n<p>&nbsp;<\/p>\n<h2>Dimensions<\/h2>\n<p>Comme chaque pierre est unique, les tailles varient selon la disponibilit\u00e9. La taille moyenne des dalles est de 80&quot; x 40&quot; \u2013 120&quot; x 70&quot;. Des carreaux ou des tailles sp\u00e9ciales peuvent \u00eatre disponibles sur demande.<\/p>\n<p>&nbsp;<\/p>\n<h2>\u00c9paisseur<\/h2>\n<p>L&#039;\u00e9paisseur standard du stock est de \u00be&quot; et 1 \u00bc&quot; pour la plupart des mat\u00e9riaux, cependant 2&quot; et d&#039;autres \u00e9paisseurs peuvent \u00eatre disponibles sur demande.<\/p>\n<p>&nbsp;<\/p>\n<h2>Finir<\/h2>\n<p>Les finitions standard sont polies et adoucies, des finitions textur\u00e9es sp\u00e9cialis\u00e9es telles que le cuir, le bambou et autres peuvent \u00eatre disponibles en stock ou sur demande.<\/p>\n<p><img decoding=\"async\" class=\"aligncenter\" src=\"https:\/\/data.adwebcloud.com\/public\/material\/220426a7q47o\/product\/imageFile_1664271888672.jpg\" alt=\"\" \/><\/p>\n<p><img fetchpriority=\"high\" decoding=\"async\" class=\"aligncenter\" src=\"https:\/\/data.adwebcloud.com\/public\/material\/220426a7q47o\/product\/imageFile_1664271892089.jpg\" alt=\"\" width=\"750\" height=\"600\" \/><\/p>\n<p><img decoding=\"async\" class=\"aligncenter\" src=\"https:\/\/data.adwebcloud.com\/public\/material\/220426a7q47o\/product\/imageFile_1664271892995.jpg\" alt=\"\" \/><\/p>","protected":false},"excerpt":{"rendered":"<p>Le granit rouge de fer est un granit exotique rouge fonc\u00e9 avec des veines droites noires et grises extrait au Br\u00e9sil. Cette pierre est particuli\u00e8rement bonne pour les comptoirs, les dessus de vanit\u00e9, les dessus de bar, les escaliers, les carreaux de mur et de sol et d&#039;autres projets de conception. Il a \u00e9galement appel\u00e9 Iron Red Extra Granite, Red Iron Granite, Iron Red Quartzite.<\/p>","protected":false},"featured_media":3896,"comment_status":"closed","ping_status":"closed","template":"","meta":[],"product_brand":[],"product_cat":[205],"product_tag":[392],"class_list":{"0":"post-2859","1":"product","2":"type-product","3":"status-publish","4":"has-post-thumbnail","6":"product_cat-granite","7":"product_tag-bathroomsfloorsgranitekitchensredslabstileswalls","9":"first","10":"instock","11":"product-type-simple"},"_links":{"self":[{"href":"https:\/\/www.quartzite-stone.com\/fr\/wp-json\/wp\/v2\/product\/2859","targetHints":{"allow":["GET"]}}],"collection":[{"href":"https:\/\/www.quartzite-stone.com\/fr\/wp-json\/wp\/v2\/product"}],"about":[{"href":"https:\/\/www.quartzite-stone.com\/fr\/wp-json\/wp\/v2\/types\/product"}],"replies":[{"embeddable":true,"href":"https:\/\/www.quartzite-stone.com\/fr\/wp-json\/wp\/v2\/comments?post=2859"}],"wp:featuredmedia":[{"embeddable":true,"href":"https:\/\/www.quartzite-stone.com\/fr\/wp-json\/wp\/v2\/media\/3896"}],"wp:attachment":[{"href":"https:\/\/www.quartzite-stone.com\/fr\/wp-json\/wp\/v2\/media?parent=2859"}],"wp:term":[{"taxonomy":"product_brand","embeddable":true,"href":"https:\/\/www.quartzite-stone.com\/fr\/wp-json\/wp\/v2\/product_brand?post=2859"},{"taxonomy":"product_cat","embeddable":true,"href":"https:\/\/www.quartzite-stone.com\/fr\/wp-json\/wp\/v2\/product_cat?post=2859"},{"taxonomy":"product_tag","embeddable":true,"href":"https:\/\/www.quartzite-stone.com\/fr\/wp-json\/wp\/v2\/product_tag?post=2859"}],"curies":[{"name":"wp","href":"https:\/\/api.w.org\/{rel}","templated":true}]}}