{"id":2800,"date":"2022-07-05T00:01:16","date_gmt":"2022-07-04T16:01:16","guid":{"rendered":"https:\/\/www.quartzite-stone.com\/product\/labradorite-blue-granite\/"},"modified":"2023-04-19T14:18:04","modified_gmt":"2023-04-19T06:18:04","slug":"granit-bleu-labradorite","status":"publish","type":"product","link":"https:\/\/www.quartzite-stone.com\/fr\/products\/labradorite-blue-granite\/","title":{"rendered":"Granit bleu labradorite"},"content":{"rendered":"<p>INFORMATIONS COMPL\u00c9MENTAIRES<\/p>\n<table>\n<tbody>\n<tr>\n<td width=\"124\"><strong>MAT\u00c9RIEL<\/strong><\/td>\n<td width=\"444\">Granit<\/td>\n<\/tr>\n<tr>\n<td width=\"124\"><strong>COULEUR<\/strong><\/td>\n<td width=\"444\">Bleu<\/td>\n<\/tr>\n<tr>\n<td width=\"124\"><strong>PAYS D&#039;ORIGINE<\/strong><\/td>\n<td width=\"444\">Madagascar<\/td>\n<\/tr>\n<tr>\n<td width=\"124\"><strong>FINITION DE SURFACE<\/strong><\/td>\n<td width=\"444\">Poli, aiguis\u00e9, cuir\u00e9<\/td>\n<\/tr>\n<tr>\n<td width=\"124\"><strong>UTILISER<\/strong><\/td>\n<td width=\"444\">Cuisines, salles de bains, sols, murs, carrelages, dalles<\/td>\n<\/tr>\n<tr>\n<td width=\"124\"><strong>DISPONIBILIT\u00c9<\/strong><\/td>\n<td width=\"444\">Veuillez v\u00e9rifier la disponibilit\u00e9 des stocks aupr\u00e8s de HRST STONE pour visiter.<\/p>\n<p>Les \u00e9chantillons de pierre ne sont pas non plus disponibles pour chaque s\u00e9lection de pierre, veuillez vous renseigner pour la disponibilit\u00e9.<\/p>\n<\/td>\n<\/tr>\n<\/tbody>\n<\/table>\n<p>Labradorite Blue Granite est principalement compos\u00e9 d&#039;omphacite, la texture est d\u00e9licate et la lumi\u00e8re est super r\u00eaveuse, p\u00e9n\u00e9trant dans la glace, et la t\u00eate d&#039;eau est excellente, discr\u00e8te mais pas terne, \u00e9l\u00e9gante mais sans pr\u00e9tention, la jad\u00e9ite bleue est aussi belle et r\u00eaveuse comme la couleur de la mer et du ciel. Par rapport aux autres panneaux de d\u00e9coration int\u00e9rieure, la pierre de luxe est l\u00e9g\u00e8re, luxueuse et pleine de charme. Choisir une pierre de luxe pour illuminer la vie peut certainement apporter un festin visuel unique.<\/p>\n<p>Le granit Labradorite correspondra \u00e0 la couleur de presque toutes les armoires car il sera le point central de la cuisine plut\u00f4t que toute autre couleur. Les armoires blanches, les armoires cr\u00e8me, les armoires en cerisier et les armoires en ch\u00eane font ressortir cette pierre. Regardez notre granit Labradorite. Nous proposons du granit de diff\u00e9rentes couleurs. Choisissez un design unique et sp\u00e9cial pour votre comptoir. Le prix au pied carr\u00e9 du granit Labradorite varie selon la couleur. Pour le dernier prix de Labradorite Blue Granite, veuillez contacter HRST STONE.<\/p>\n<p>La labradorite est une sorte de plagioclase, qui est une s\u00e9rie isomorphe compos\u00e9e d&#039;albite et d&#039;anorthite, et poss\u00e8de un syst\u00e8me cristallin triclinique. Les cristaux sont principalement en forme de plaque ou colonnaire, blanc-gris ou gris-noir, parfois jaune, brun, rouge et vert, lustre de verre, transparent ou l\u00e9g\u00e8rement transparent, densit\u00e9 relative 2,69-2,2, duret\u00e9 6-6,5, pas de r\u00e9action de fluorescence.<\/p>\n<p>La labradorite est relativement courante et est utilis\u00e9e comme mat\u00e9riau d\u00e9coratif, et certaines labradorites iris\u00e9es sont \u00e9galement utilis\u00e9es comme pierres pr\u00e9cieuses. Ceux qui atteignent le niveau de gemme sont translucides, montrant des changements de couleur bleu, vert, orange, rouge ou autres dans une direction sp\u00e9ciale. Tournez la labradorite et vous pourrez voir les magnifiques couleurs de diff\u00e9rentes directions. La labradorite avec jeu de couleurs, \u00e9galement connue sous le nom de \u00abpierre spectrale\u00bb, est de premi\u00e8re qualit\u00e9 en bleu, jaune-vert et rouge.<\/p>\n<h3 style=\"font-size: 19px\">Le r\u00f4le du granit bleu labradorite :<\/h3>\n<p>La labradorite a pour effet de soulager les douleurs aux yeux et \u00e0 la gorge, notamment pour soulager les courbatures et absorber la fatigue du corps humain. Il peut rapidement reconstituer la force physique et apprendre aux gens \u00e0 travailler longtemps sans se sentir fatigu\u00e9s. Cela peut aider \u00e0 r\u00e9aliser le potentiel, \u00e0 \u00e9liminer les \u00e9motions d\u00e9sagr\u00e9ables, \u00e0 am\u00e9liorer la perspicacit\u00e9 et l&#039;observation et \u00e0 \u00e9viter d&#039;\u00eatre tromp\u00e9. Comme elle fait \u00e9galement partie du syst\u00e8me de la pierre noire, elle a \u00e9galement pour fonction de lutter contre les \u00e9nergies n\u00e9gatives.<\/p>\n<h3 style=\"font-size: 19px\">Entretien du granit bleu labradorite<\/h3>\n<p>Le granit Labradorite est une belle pierre naturelle durable qui peut ajouter une touche d&#039;\u00e9l\u00e9gance \u00e0 n&#039;importe quel espace. Voici quelques conseils pour vous aider \u00e0 prendre soin de votre granit Labradorite\u00a0:<\/p>\n<ol>\n<li>Nettoyez r\u00e9guli\u00e8rement : Utilisez un chiffon doux et humide pour essuyer r\u00e9guli\u00e8rement vos comptoirs ou surfaces en granit bleu Labradorite. \u00c9vitez d&#039;utiliser des nettoyants abrasifs, des nettoyants acides ou alcalins ou tout autre produit chimique agressif.<\/li>\n<li>Sceller le granit : Le granit labradorite est une pierre poreuse qui peut se tacher facilement. Pour \u00e9viter les taches, appliquez un scellant pour granit sur la surface au moins une fois par an. Suivez attentivement les instructions du fabricant pour obtenir les meilleurs r\u00e9sultats.<\/li>\n<li>\u00c9vitez l&#039;exposition \u00e0 la chaleur : le granit peut \u00eatre endommag\u00e9 par une chaleur \u00e9lev\u00e9e, utilisez donc toujours un dessous de plat ou un coussin chauffant lorsque vous placez des objets chauds sur vos surfaces en granit bleu Labradorite.<\/li>\n<li>Manipulez avec soin : bien que le granit soit un mat\u00e9riau durable, il peut toujours s&#039;\u00e9cailler ou se rayer s&#039;il est soumis \u00e0 des chocs violents ou \u00e0 des objets pointus. Soyez prudent lorsque vous manipulez des objets lourds ou utilisez des outils tranchants pr\u00e8s de vos surfaces de granit.<\/li>\n<li>Nettoyez rapidement les d\u00e9versements : Si un liquide se renverse sur votre granit Labradorite, nettoyez-le imm\u00e9diatement pour \u00e9viter les taches. Utilisez un chiffon humide pour essuyer le d\u00e9versement, puis s\u00e9chez soigneusement la surface.<\/li>\n<\/ol>\n<p><img decoding=\"async\" class=\"aligncenter\" src=\"https:\/\/data.adwebcloud.com\/public\/material\/220426a7q47o\/product\/imageFile_1664271865190.jpg\" alt=\"\" \/><\/p>\n<p><img decoding=\"async\" class=\"aligncenter\" src=\"https:\/\/data.adwebcloud.com\/public\/material\/220426a7q47o\/product\/imageFile_1664271866156.jpg\" alt=\"\" \/><\/p>\n<p><img decoding=\"async\" class=\"aligncenter\" src=\"https:\/\/data.adwebcloud.com\/public\/material\/220426a7q47o\/product\/imageFile_1664271866969.jpg\" alt=\"\" \/><\/p>\n<p>FAQ<br \/>Q\u00a0: Qu&#039;est-ce que le granit bleu Labradorite\u00a0?<br \/>R : Le granit labradorite est une pierre naturelle compos\u00e9e principalement de feldspath labradorite et de divers autres min\u00e9raux.<\/p>\n<p>Q : Quelle est la couleur du granit Labradorite ?<br \/>R : Comme son nom l&#039;indique, le granit Labradorite a une teinte gris bleu\u00e2tre avec des \u00e9clats iris\u00e9s de bleu, de vert et d&#039;or.<\/p>\n<p>Q\u00a0: D&#039;o\u00f9 provient le granit Labradorite\u00a0?<br \/>R : Le granit Labradorite provient de carri\u00e8res principalement situ\u00e9es \u00e0 Madagascar et au Br\u00e9sil.<\/p>\n<p>Q\u00a0: Quelles sont les utilisations courantes du granit Labradorite\u00a0?<br \/>R : Le granit bleu Labradorite est couramment utilis\u00e9 pour les comptoirs de cuisine, les vanit\u00e9s de salle de bain, les rev\u00eatements de sol et les contours de chemin\u00e9e. Il est \u00e9galement utilis\u00e9 dans les am\u00e9nagements paysagers et les projets ext\u00e9rieurs.<\/p>\n<p>Q\u00a0: Le granit Labradorite est-il un mat\u00e9riau durable\u00a0?<br \/>R : Oui, le granit Labradorite est un mat\u00e9riau tr\u00e8s durable qui r\u00e9siste aux rayures, \u00e0 la chaleur et aux taches. Il est \u00e9galement facile \u00e0 entretenir avec un nettoyage r\u00e9gulier.<\/p>\n<p>Q : Le granit Labradorite peut-il \u00eatre utilis\u00e9 dans des applications ext\u00e9rieures ?<br \/>R : Oui, le granit Labradorite convient \u00e0 une utilisation en ext\u00e9rieur car il r\u00e9siste aux intemp\u00e9ries et \u00e0 l&#039;exposition aux UV.<\/p>\n<p>Q\u00a0: Le granit Labradorite est-il cher\u00a0?<br \/>R : Le granit labradorite est une pierre \u00e0 prix mod\u00e9r\u00e9. Le co\u00fbt peut varier en fonction de la qualit\u00e9 de la pierre, de la taille du projet et de l&#039;emplacement du fournisseur.<\/p>\n<p>Q\u00a0: Comment puis-je conserver la beaut\u00e9 de mes comptoirs en granit bleu Labradorite\u00a0?<br \/>R : Pour conserver la beaut\u00e9 de vos comptoirs en granit Labradorite, nettoyez-les r\u00e9guli\u00e8rement avec une solution d&#039;eau et de savon doux. \u00c9vitez d&#039;utiliser des produits chimiques agressifs ou des nettoyants abrasifs qui peuvent endommager la surface de la pierre. En outre, refermez les comptoirs chaque ann\u00e9e pour \u00e9viter les taches et les d\u00e9g\u00e2ts d&#039;eau.<\/p>","protected":false},"excerpt":{"rendered":"<p>Labradorite Blue Granite est principalement compos\u00e9 d&#039;omphacite, la texture est d\u00e9licate et la lumi\u00e8re est super r\u00eaveuse, p\u00e9n\u00e9trant dans la glace, et la t\u00eate d&#039;eau est excellente, discr\u00e8te mais pas terne, \u00e9l\u00e9gante mais sans pr\u00e9tention, la jad\u00e9ite bleue est aussi belle et r\u00eaveuse comme la couleur de la mer et du ciel. Par rapport \u2026<\/p><\/p>","protected":false},"featured_media":5810,"comment_status":"closed","ping_status":"closed","template":"","meta":[],"product_brand":[],"product_cat":[205],"product_tag":[176,200,177,206,178,180,181,182],"class_list":{"0":"post-2800","1":"product","2":"type-product","3":"status-publish","4":"has-post-thumbnail","6":"product_cat-granite","7":"product_tag-bathrooms","8":"product_tag-blue","9":"product_tag-floors","10":"product_tag-granite","11":"product_tag-kitchens","12":"product_tag-slabs","13":"product_tag-tiles","14":"product_tag-walls","16":"first","17":"instock","18":"product-type-simple"},"_links":{"self":[{"href":"https:\/\/www.quartzite-stone.com\/fr\/wp-json\/wp\/v2\/product\/2800","targetHints":{"allow":["GET"]}}],"collection":[{"href":"https:\/\/www.quartzite-stone.com\/fr\/wp-json\/wp\/v2\/product"}],"about":[{"href":"https:\/\/www.quartzite-stone.com\/fr\/wp-json\/wp\/v2\/types\/product"}],"replies":[{"embeddable":true,"href":"https:\/\/www.quartzite-stone.com\/fr\/wp-json\/wp\/v2\/comments?post=2800"}],"wp:featuredmedia":[{"embeddable":true,"href":"https:\/\/www.quartzite-stone.com\/fr\/wp-json\/wp\/v2\/media\/5810"}],"wp:attachment":[{"href":"https:\/\/www.quartzite-stone.com\/fr\/wp-json\/wp\/v2\/media?parent=2800"}],"wp:term":[{"taxonomy":"product_brand","embeddable":true,"href":"https:\/\/www.quartzite-stone.com\/fr\/wp-json\/wp\/v2\/product_brand?post=2800"},{"taxonomy":"product_cat","embeddable":true,"href":"https:\/\/www.quartzite-stone.com\/fr\/wp-json\/wp\/v2\/product_cat?post=2800"},{"taxonomy":"product_tag","embeddable":true,"href":"https:\/\/www.quartzite-stone.com\/fr\/wp-json\/wp\/v2\/product_tag?post=2800"}],"curies":[{"name":"wp","href":"https:\/\/api.w.org\/{rel}","templated":true}]}}