{"id":2715,"date":"2022-07-04T23:57:22","date_gmt":"2022-07-04T15:57:22","guid":{"rendered":"https:\/\/www.quartzite-stone.com\/product\/oyster-white-quartzite\/"},"modified":"2023-06-27T16:28:14","modified_gmt":"2023-06-27T08:28:14","slug":"quartzite-blanc-huitre","status":"publish","type":"product","link":"https:\/\/www.quartzite-stone.com\/fr\/products\/oyster-white-quartzite\/","title":{"rendered":"Quartzite blanche d&#039;hu\u00eetre"},"content":{"rendered":"<p>INFORMATIONS COMPL\u00c9MENTAIRES<\/p>\n<table>\n<tbody>\n<tr>\n<td width=\"124\"><strong>MAT\u00c9RIEL<\/strong><\/td>\n<td width=\"444\">Granit<\/td>\n<\/tr>\n<tr>\n<td width=\"124\"><strong>COULEUR<\/strong><\/td>\n<td width=\"444\">cr\u00e8me<\/td>\n<\/tr>\n<tr>\n<td width=\"124\"><strong>PAYS D&#039;ORIGINE<\/strong><\/td>\n<td width=\"444\">Br\u00e9sil<\/td>\n<\/tr>\n<tr>\n<td width=\"124\"><strong>FINITION DE SURFACE<\/strong><\/td>\n<td width=\"444\">Poli, aiguis\u00e9, cuir\u00e9<\/td>\n<\/tr>\n<tr>\n<td width=\"124\"><strong>UTILISER<\/strong><\/td>\n<td width=\"444\">Cuisines, salles de bains, sols, murs, carrelages, dalles<\/td>\n<\/tr>\n<tr>\n<td width=\"124\"><strong>DISPONIBILIT\u00c9<\/strong><\/td>\n<td width=\"444\">Veuillez v\u00e9rifier la disponibilit\u00e9 des stocks aupr\u00e8s de HRST STONE pour visiter.<\/p>\n<p>Les \u00e9chantillons de pierre ne sont pas non plus disponibles pour chaque s\u00e9lection de pierre, veuillez vous renseigner pour la disponibilit\u00e9.<\/p>\n<\/td>\n<\/tr>\n<\/tbody>\n<\/table>\n<p>Le quartzite Oyster White a un aspect contemporain avec ses motifs stratifi\u00e9s, textur\u00e9s et pommel\u00e9s - des \"effets sp\u00e9ciaux\" que la nature produit depuis des mill\u00e9naires. Les couleurs de ce marbre, du blanc au gris clair et fonc\u00e9, peuvent \u00eatre associ\u00e9es \u00e0 d'autres mat\u00e9riaux pour de nombreuses applications et utilis\u00e9es pour les projets de design les plus raffin\u00e9s n\u00e9cessitant un accent particulier.<\/p>\n<p>Le quartzite Oyster White est une pierre naturelle blanche avec des textures gris clair, noires et vertes. Cette pierre a une certaine transmission de la lumi\u00e8re. Les trois couleurs (blanc, noir et vert) de la surface de la dalle sont entrem\u00eal\u00e9es, et l'image donne l'impression d'\u00eatre une hu\u00eetre.<\/p>\n<p><img decoding=\"async\" class=\"aligncenter\" src=\"https:\/\/data.adwebcloud.com\/public\/material\/220426a7q47o\/product\/imageFile_1664271807933.jpg\" alt=\"\" \/><\/p>\n<p>La couleur de l'Oyster White Quartzite peut aller du blanc cr\u00e8me au gris clair, rappelant les nuances douces et subtiles des coquilles d'hu\u00eetres. Cette palette de couleurs neutres lui permet de se fondre harmonieusement dans divers styles de design et de couleurs. La pierre pr\u00e9sente souvent une l\u00e9g\u00e8re translucidit\u00e9, ce qui lui conf\u00e8re une profondeur et un int\u00e9r\u00eat visuel uniques.<\/p>\n<p>L'une des caract\u00e9ristiques notables de l'Oyster White Quartzite est la beaut\u00e9 de ses veines et de ses motifs. Il peut pr\u00e9senter de d\u00e9licates veines dans des tons gris, beiges ou m\u00eame des touches de bleu p\u00e2le ou de vert. Ces veines ajoutent de la dimension et du caract\u00e8re \u00e0 la pierre, cr\u00e9ant un aspect captivant et sophistiqu\u00e9.<\/p>\n<p><img decoding=\"async\" class=\"aligncenter\" src=\"https:\/\/data.adwebcloud.com\/public\/material\/220426a7q47o\/product\/imageFile_1664271808809.jpg\" alt=\"\" \/><\/p>\n<p>Au-del\u00e0 de son attrait esth\u00e9tique, le quartzite Oyster White offre une durabilit\u00e9 et des performances excellentes. Il r\u00e9siste tr\u00e8s bien \u00e0 la chaleur, aux rayures et aux taches, ce qui lui permet de s'adapter \u00e0 un large \u00e9ventail d'applications. Il est couramment utilis\u00e9 pour les plans de travail, les dosserets, les rev\u00eatements de sol et les rev\u00eatements muraux, tant dans le secteur r\u00e9sidentiel que dans le secteur commercial.<\/p>\n<p>Le quartzite Oyster White offre un aspect classique et intemporel, ce qui le rend polyvalent pour une vari\u00e9t\u00e9 de th\u00e8mes de d\u00e9coration int\u00e9rieure. Il se marie bien avec diff\u00e9rentes finitions d'armoires, de rev\u00eatements de sol et d'\u00e9l\u00e9ments d\u00e9coratifs, ce qui offre des possibilit\u00e9s infinies pour cr\u00e9er des espaces \u00e9l\u00e9gants et coh\u00e9rents.<\/p>\n<p><img decoding=\"async\" class=\"aligncenter\" src=\"https:\/\/data.adwebcloud.com\/public\/material\/220426a7q47o\/product\/imageFile_1664271809722.jpg\" alt=\"\" \/><\/p>\n<p>Le quartzite Oyster White offre un aspect classique et intemporel, ce qui le rend polyvalent pour une vari\u00e9t\u00e9 de th\u00e8mes de d\u00e9coration int\u00e9rieure. Il se marie bien avec diff\u00e9rentes finitions d'armoires, de rev\u00eatements de sol et d'\u00e9l\u00e9ments d\u00e9coratifs, ce qui offre des possibilit\u00e9s infinies pour cr\u00e9er des espaces \u00e9l\u00e9gants et coh\u00e9rents.<\/p>\n<p>Lors du choix de l'Oyster White Quartzite, il est important de garder \u00e0 l'esprit que les variations de couleur, de veinage et de motifs sont inh\u00e9rentes \u00e0 la pierre naturelle. Il est conseill\u00e9 de voir et de choisir les dalles sp\u00e9cifiques que vous avez l'intention d'utiliser afin de vous assurer qu'elles r\u00e9pondent aux exigences esth\u00e9tiques souhait\u00e9es.<\/p>\n<p>En r\u00e9sum\u00e9, l'Oyster White Quartzite est une pierre naturelle sophistiqu\u00e9e et durable avec une palette de couleurs neutres et des veines complexes. Sa polyvalence, associ\u00e9e \u00e0 sa r\u00e9sistance et \u00e0 son \u00e9l\u00e9gance, en fait un choix populaire pour ajouter une touche de sophistication \u00e0 tout espace r\u00e9sidentiel ou commercial.<\/p><\/p>","protected":false},"excerpt":{"rendered":"<p>Oyster White Quartzite a l&#039;air contemporain avec ses motifs superpos\u00e9s, textur\u00e9s et tachet\u00e9s - des \u00abeffets sp\u00e9ciaux\u00bb que la nature fournit depuis des mill\u00e9naires. Les couleurs de ce marbre, du blanc au gris p\u00e2le et fonc\u00e9, peuvent \u00eatre associ\u00e9es \u00e0 d&#039;autres mat\u00e9riaux pour de nombreuses applications et utilis\u00e9es pour la \u2026<\/p>","protected":false},"featured_media":7322,"comment_status":"closed","ping_status":"closed","template":"","meta":[],"product_brand":[],"product_cat":[195],"product_tag":[1023,1024,1025,1026,1028,1027,1029,1030],"class_list":{"0":"post-2715","1":"product","2":"type-product","3":"status-publish","4":"has-post-thumbnail","6":"product_cat-quartzite","7":"product_tag-oyster-white-quartzite-bathrooms","8":"product_tag-oyster-white-quartzite-countertop","9":"product_tag-oyster-white-quartzite-floors","10":"product_tag-oyster-white-quartzite-kitchens","11":"product_tag-oyster-white-quartzite-slabs","12":"product_tag-oyster-white-quartzite-table","13":"product_tag-oyster-white-quartzite-tiles","14":"product_tag-oyster-white-quartzite-walls","16":"first","17":"instock","18":"product-type-simple"},"_links":{"self":[{"href":"https:\/\/www.quartzite-stone.com\/fr\/wp-json\/wp\/v2\/product\/2715","targetHints":{"allow":["GET"]}}],"collection":[{"href":"https:\/\/www.quartzite-stone.com\/fr\/wp-json\/wp\/v2\/product"}],"about":[{"href":"https:\/\/www.quartzite-stone.com\/fr\/wp-json\/wp\/v2\/types\/product"}],"replies":[{"embeddable":true,"href":"https:\/\/www.quartzite-stone.com\/fr\/wp-json\/wp\/v2\/comments?post=2715"}],"wp:featuredmedia":[{"embeddable":true,"href":"https:\/\/www.quartzite-stone.com\/fr\/wp-json\/wp\/v2\/media\/7322"}],"wp:attachment":[{"href":"https:\/\/www.quartzite-stone.com\/fr\/wp-json\/wp\/v2\/media?parent=2715"}],"wp:term":[{"taxonomy":"product_brand","embeddable":true,"href":"https:\/\/www.quartzite-stone.com\/fr\/wp-json\/wp\/v2\/product_brand?post=2715"},{"taxonomy":"product_cat","embeddable":true,"href":"https:\/\/www.quartzite-stone.com\/fr\/wp-json\/wp\/v2\/product_cat?post=2715"},{"taxonomy":"product_tag","embeddable":true,"href":"https:\/\/www.quartzite-stone.com\/fr\/wp-json\/wp\/v2\/product_tag?post=2715"}],"curies":[{"name":"wp","href":"https:\/\/api.w.org\/{rel}","templated":true}]}}