{"id":2707,"date":"2022-07-04T23:57:22","date_gmt":"2022-07-04T15:57:22","guid":{"rendered":"https:\/\/www.quartzite-stone.com\/product\/allure-quartzite\/"},"modified":"2023-07-07T16:00:42","modified_gmt":"2023-07-07T08:00:42","slug":"allure-quartzite-2","status":"publish","type":"product","link":"https:\/\/www.quartzite-stone.com\/fr\/products\/allure-quartzite\/","title":{"rendered":"Allure Quartzite"},"content":{"rendered":"<h3 style=\"font-size: 19px\">Pr\u00e9sentation du comptoir allure en quartzite<\/h3>\n<p>Le quartzite Allure est actuellement le mat\u00e9riau de comptoir de cuisine le plus utilis\u00e9, un incontournable pour 80% des m\u00e9nages. Il s&#039;agit d&#039;un nouveau type de pierre synth\u00e9tis\u00e9 artificiellement par plus de 90% de cristaux de quartz plus de r\u00e9sine et d&#039;autres oligo-\u00e9l\u00e9ments.<\/p>\n<p>Le quartzite Allure est un type de pierre naturelle qui est connu pour son aspect unique et saisissant. C&#039;est une roche m\u00e9tamorphique qui se forme lorsque le gr\u00e8s est soumis \u00e0 une chaleur et une pression \u00e9lev\u00e9es au fil du temps. La pierre r\u00e9sultante a une large gamme de couleurs, y compris les blancs, les gris, les bleus et les verts, avec des veines et des tourbillons de couleurs contrast\u00e9es.<\/p>\n<p>L&#039;une des principales caract\u00e9ristiques du quartzite allure est sa durabilit\u00e9 et sa r\u00e9sistance aux rayures, \u00e0 la chaleur et aux taches, ce qui en fait un choix populaire pour une utilisation dans les comptoirs de cuisine, les dosserets et les rev\u00eatements de sol. Il peut \u00e9galement \u00eatre utilis\u00e9 \u00e0 des fins d\u00e9coratives telles que le rev\u00eatement mural et les pi\u00e8ces d&#039;accent.<\/p>\n<p>Comme toutes les pierres naturelles, allure quartzite n\u00e9cessite des soins et un entretien appropri\u00e9s pour pr\u00e9server sa beaut\u00e9 et sa durabilit\u00e9 dans le temps. Il est recommand\u00e9 de le nettoyer avec un savon doux et de l&#039;eau ti\u00e8de et d&#039;\u00e9viter les produits chimiques agressifs ou les nettoyants abrasifs qui peuvent endommager la surface de la pierre. Il est \u00e9galement important de refermer p\u00e9riodiquement la pierre pour emp\u00eacher les taches et l&#039;humidit\u00e9 de p\u00e9n\u00e9trer la surface.<\/p>\n<\/p>\n<p>&nbsp;<\/p>\n<p>INFORMATIONS COMPL\u00c9MENTAIRES<\/p>\n<table>\n<tbody>\n<tr>\n<td width=\"124\"><strong>MAT\u00c9RIEL<\/strong><\/td>\n<td width=\"444\">Quartzite<\/td>\n<\/tr>\n<tr>\n<td width=\"124\"><strong>COULEUR<\/strong><\/td>\n<td width=\"444\">Bleu<\/td>\n<\/tr>\n<tr>\n<td width=\"124\"><strong>PAYS D&#039;ORIGINE<\/strong><\/td>\n<td width=\"444\">Br\u00e9sil<\/td>\n<\/tr>\n<tr>\n<td width=\"124\"><strong>FINITION DE SURFACE<\/strong><\/td>\n<td width=\"444\">Poli, aiguis\u00e9, cuir\u00e9<\/td>\n<\/tr>\n<tr>\n<td width=\"124\"><strong>UTILISER<\/strong><\/td>\n<td width=\"444\">Cuisines, salles de bains, sols, murs, carrelages, dalles<\/td>\n<\/tr>\n<tr>\n<td width=\"124\"><strong>DISPONIBILIT\u00c9<\/strong><\/td>\n<td width=\"444\">Veuillez v\u00e9rifier la disponibilit\u00e9 des stocks aupr\u00e8s de HRST STONE pour visiter.<\/p>\n<p>Les \u00e9chantillons de pierre ne sont pas non plus disponibles pour chaque s\u00e9lection de pierre, veuillez vous renseigner pour la disponibilit\u00e9.<\/p>\n<\/td>\n<\/tr>\n<\/tbody>\n<\/table>\n<p>&nbsp;<\/p>\n<p><img decoding=\"async\" class=\"aligncenter\" src=\"https:\/\/data.adwebcloud.com\/public\/material\/220426a7q47o\/product\/imageFile_1664271805226.jpg\" alt=\"\" \/><\/p>\n<p><img decoding=\"async\" class=\"aligncenter\" src=\"https:\/\/data.adwebcloud.com\/public\/material\/220426a7q47o\/product\/imageFile_1664271806105.jpg\" alt=\"\" \/><\/p>\n<p><p>Allure Quartzite est une gamme de couleurs intenses allant du bleu tr\u00e8s profond au bleu clair sur un fond gris blanc accentu\u00e9 de vagues blanches de quartzite exotique extrait au Br\u00e9sil. Cette pierre est particuli\u00e8rement bonne pour les comptoirs, les dessus de vanit\u00e9, les dessus de bar, les escaliers, les carreaux de mur et de sol, la mosa\u00efque et d&#039;autres projets de conception.<\/p>\n<p>&nbsp;<\/p>\n<p>Allure Quartzite est un pr\u00e9cieux et<a href=\"https:\/\/www.quartzite-stone.com\/fr\/produits\/\"> quartzite populaire<\/a> extrait au Br\u00e9sil avec diff\u00e9rentes nuances de veinage bleu et roux, ce qui en fait une \u0153uvre d&#039;art de la nature vraiment unique et enviable. Il est s\u00fbr d&#039;impressionner dans le cadre d&#039;un comptoir de cuisine, d&#039;un meuble-lavabo de salle de bain, d&#039;une baignoire ou d&#039;une douche, d&#039;un foyer ou de tout espace de vie ext\u00e9rieur.<\/p>\n<p>&nbsp;<\/p>\n<p>Allure Quartzite est un excellent choix pour les propri\u00e9taires qui pr\u00e9f\u00e8rent la palette neutre tout en d\u00e9sirant une touche de couleur qui se pr\u00eate \u00e0 une personnalit\u00e9 suppl\u00e9mentaire.<\/p>\n<\/p>\n<p><img decoding=\"async\" class=\"aligncenter\" src=\"https:\/\/data.adwebcloud.com\/public\/material\/220426a7q47o\/product\/imageFile_1664271807041.jpg\" alt=\"\" \/><\/p>\n<h3 style=\"font-size: 19px\">Avantages du quartzite allure<\/h3>\n<ol>\n<li>Duret\u00e9 \u00e9lev\u00e9e. La duret\u00e9 du quartzite allure est relativement \u00e9lev\u00e9e et sa duret\u00e9 est similaire \u00e0 celle du diamant.<\/li>\n<li>Forte r\u00e9sistance aux taches. Lors du choix d&#039;un comptoir de cuisine, la principale chose \u00e0 choisir est de savoir si la r\u00e9sistance aux taches est bonne ou non. Si les ingr\u00e9dients utilis\u00e9s pour la cuisine quotidienne sont saupoudr\u00e9s sur le plan de travail et p\u00e9n\u00e8trent \u00e0 l&#039;int\u00e9rieur, cela affecte non seulement l&#039;esth\u00e9tique, mais indique \u00e9galement que la qualit\u00e9 n&#039;est pas suffisante.<\/li>\n<li>R\u00e9sistant \u00e0 l&#039;usure, aux rayures, de haute qualit\u00e9, beau, sans rayonnement, naturel et respectueux de l&#039;environnement.<\/li>\n<\/ol>\n<h3 style=\"font-size: 19px\">Allure quartzite soin quotidien<\/h3>\n<ol>\n<li>\n<h3><span style=\"font-size: 16px\">Maintenance quotidienne<\/span><\/h3>\n<\/li>\n<\/ol>\n<p>Le quartzite Allure est une pierre verte et respectueuse de l&#039;environnement. Le produit est non radioactif et les aliments peuvent entrer directement en contact avec la surface. Il est largement utilis\u00e9 dans les armoires, les tables \u00e0 manger et d&#039;autres endroits. Les taches d&#039;huile, les taches de caf\u00e9, les taches de vin et de vinaigre, les taches de sucre et de sel, etc. ne peuvent pas \u00eatre \u00e9vit\u00e9es et deviennent b\u00e2cl\u00e9es. Dans ce cas, le plan de travail ne peut \u00eatre nettoy\u00e9 et rang\u00e9 qu&#039;en l&#039;essuyant avec de l&#039;eau ti\u00e8de et de l&#039;eau savonneuse. Si vous rencontrez des taches tenaces, vous pouvez utiliser un tampon \u00e0 r\u00e9curer pour les enlever.<\/p>\n<ol start=\"2\">\n<li>\n<h3><span style=\"font-size: 16px\">Enlever les taches d&#039;eau et la rouille<\/span><\/h3>\n<\/li>\n<\/ol>\n<p>Comme il y a beaucoup d&#039;ustensiles de cuisine en m\u00e9tal dans la cuisine, les taches d&#039;eau et la rouille g\u00eanantes sont in\u00e9vitables sur le plan de travail. Pour traiter ces taches de rouille, vous pouvez frotter les taches de surface avec un chiffon humide, puis tremper la tache avec du dentifrice, du vinaigre blanc ou du d\u00e9sinfectant 84 pendant environ 10 minutes, puis frotter avec un chiffon, afin que les taches puissent \u00eatre facilement enlev\u00e9es. .<\/p>\n<ol start=\"3\">\n<li>\n<h3><span style=\"font-size: 16px\">\u00c9criture \u00e0 l&#039;encre claire<\/span><\/h3>\n<\/li>\n<\/ol>\n<p>L&#039;\u00e9criture manuscrite \u00e0 l&#039;encre peut \u00eatre effac\u00e9e avec une gomme apr\u00e8s avoir nettoy\u00e9 les taches de surface avec un chiffon humide. S&#039;il reste des traces, utilisez de la lessive en poudre et de l&#039;eau dans un rapport de 1:0,5, ce qui rend la lessive en poudre m\u00e9lang\u00e9e collante et a une certaine force de friction. Faire tremper la lessive en poudre pr\u00e9par\u00e9e sur le plan de travail pendant environ 5 minutes, puis la brosser avec une petite brosse jusqu&#039;\u00e0 ce que les taches soient \u00e9limin\u00e9es, puis la laver \u00e0 l&#039;eau claire.<\/p>\n<ol start=\"4\">\n<li>\n<h3><span style=\"font-size: 16px\">\u00c9vitez les temp\u00e9ratures \u00e9lev\u00e9es<\/span><\/h3>\n<\/li>\n<\/ol>\n<p>La quartzite Allure est constitu\u00e9e de la plupart du sable de quartz et d&#039;une petite partie de r\u00e9sine combin\u00e9e \u00e0 des pigments et des acc\u00e9l\u00e9rateurs gr\u00e2ce \u00e0 de multiples processus de production rigoureux. Il est ing\u00e9nieux et a une meilleure r\u00e9sistance \u00e0 la chaleur que la surface sup\u00e9rieure d&#039;autres mat\u00e9riaux. Cependant, la r\u00e9sine a des propri\u00e9t\u00e9s de dilatation et de contraction thermiques. Lors d&#039;une utilisation quotidienne, l&#039;utilisation de coussinets d&#039;isolation thermique et de tr\u00e9pieds d&#039;isolation thermique peut mieux prot\u00e9ger la surface du comptoir, en particulier les bords, et \u00e9viter la fissuration soudaine du comptoir en raison de fortes temp\u00e9ratures \u00e9lev\u00e9es.<\/p>\n<ol start=\"5\">\n<li>\n<h3><span style=\"font-size: 16px\">\u00c9viter les grattages violents ou les chocs<\/span><\/h3>\n<\/li>\n<\/ol>\n<p>En utilisation quotidienne, allure quartzite doit \u00e9galement \u00e9viter les rayures caus\u00e9es par de fortes forces ext\u00e9rieures. Par exemple, \u00e9vitez de frotter le plan de travail avec une boule de fil d&#039;acier, ne coupez pas les l\u00e9gumes directement sur le plan de travail, puis mettez un chiffon \u00e9pais puis mettez une planche \u00e0 d\u00e9couper lors de la coupe des l\u00e9gumes ; n&#039;utilisez pas de violence m\u00e9canique comme un couteau ou une perceuse pour l&#039;\u00e9lectrocuter.<\/p>\n<ol start=\"6\">\n<li>\n<h3><span style=\"font-size: 16px\">Imperm\u00e9able<\/span><\/h3>\n<\/li>\n<\/ol>\n<p>Lorsque des taches d&#039;eau sont rencontr\u00e9es \u00e0 la surface d&#039;un quartzite allure de haute qualit\u00e9, il se volatilise pendant un certain temps et ne s&#039;infiltre pas. Diverses substances colorantes elles-m\u00eames n&#039;affecteront pas le quartzite. Ce n&#039;est que lorsque la tache rencontre de l&#039;eau et provoque des changements chimiques que cela causera des probl\u00e8mes de teinture et de pollution. De plus, les environnements humides \u00e0 long terme sont particuli\u00e8rement sujets aux bact\u00e9ries qui affectent la sant\u00e9. Les taches d&#039;eau sont le pire ennemi des comptoirs en quartzite allure, il est donc particuli\u00e8rement important de garder le comptoir ventil\u00e9 et sec.<\/p>\n<ol start=\"7\">\n<li>\n<h3><span style=\"font-size: 16px\">R\u00e9sistance \u00e0 la corrosion<\/span><\/h3>\n<\/li>\n<\/ol>\n<p>M\u00e9fiez-vous des produits chimiques agressifs qui entrent en contact avec les comptoirs en quartzite allure, tels que le d\u00e9capant \u00e0 peinture, le nettoyant pour m\u00e9taux, le nettoyant pour po\u00eale, le chlorure de m\u00e9thyl\u00e8ne, l&#039;ac\u00e9tone (dissolvant pour vernis \u00e0 ongles), les nettoyants acides forts, etc.<\/p><\/p>","protected":false},"excerpt":{"rendered":"<p>Allure Quartzite est une gamme de couleurs intenses allant du bleu tr\u00e8s profond au bleu clair sur un fond gris blanc accentu\u00e9 de vagues blanches de quartzite exotique extrait au Br\u00e9sil. Cette pierre est particuli\u00e8rement bonne pour les comptoirs, les dessus de vanit\u00e9, les dessus de bar, les escaliers, les carreaux de mur et de sol, la mosa\u00efque et tout autre design\u2026<\/p><\/p>","protected":false},"featured_media":7770,"comment_status":"closed","ping_status":"closed","template":"","meta":[],"product_brand":[],"product_cat":[195],"product_tag":[1119,1127,1121,1122,1277,1123,1124,1125,1126,1278],"class_list":{"0":"post-2707","1":"product","2":"type-product","3":"status-publish","4":"has-post-thumbnail","6":"product_cat-quartzite","7":"product_tag-allure-quartzite-bathrooms","8":"product_tag-allure-quartzite-countertop","9":"product_tag-allure-quartzite-floors","10":"product_tag-allure-quartzite-kitchens","11":"product_tag-allure-quartzite-made-in-china","12":"product_tag-allure-quartzite-price","13":"product_tag-allure-quartzite-slabs","14":"product_tag-allure-quartzite-tiles","15":"product_tag-allure-quartzite-walls","16":"product_tag-china-allure-quartzite","18":"first","19":"instock","20":"product-type-simple"},"_links":{"self":[{"href":"https:\/\/www.quartzite-stone.com\/fr\/wp-json\/wp\/v2\/product\/2707","targetHints":{"allow":["GET"]}}],"collection":[{"href":"https:\/\/www.quartzite-stone.com\/fr\/wp-json\/wp\/v2\/product"}],"about":[{"href":"https:\/\/www.quartzite-stone.com\/fr\/wp-json\/wp\/v2\/types\/product"}],"replies":[{"embeddable":true,"href":"https:\/\/www.quartzite-stone.com\/fr\/wp-json\/wp\/v2\/comments?post=2707"}],"wp:featuredmedia":[{"embeddable":true,"href":"https:\/\/www.quartzite-stone.com\/fr\/wp-json\/wp\/v2\/media\/7770"}],"wp:attachment":[{"href":"https:\/\/www.quartzite-stone.com\/fr\/wp-json\/wp\/v2\/media?parent=2707"}],"wp:term":[{"taxonomy":"product_brand","embeddable":true,"href":"https:\/\/www.quartzite-stone.com\/fr\/wp-json\/wp\/v2\/product_brand?post=2707"},{"taxonomy":"product_cat","embeddable":true,"href":"https:\/\/www.quartzite-stone.com\/fr\/wp-json\/wp\/v2\/product_cat?post=2707"},{"taxonomy":"product_tag","embeddable":true,"href":"https:\/\/www.quartzite-stone.com\/fr\/wp-json\/wp\/v2\/product_tag?post=2707"}],"curies":[{"name":"wp","href":"https:\/\/api.w.org\/{rel}","templated":true}]}}