{"id":2671,"date":"2022-07-04T23:55:55","date_gmt":"2022-07-04T15:55:55","guid":{"rendered":"https:\/\/www.quartzite-stone.com\/product\/arctic-ocean-quartzite\/"},"modified":"2023-06-27T17:59:14","modified_gmt":"2023-06-27T09:59:14","slug":"quartzite-de-locean-arctique","status":"publish","type":"product","link":"https:\/\/www.quartzite-stone.com\/fr\/products\/arctic-ocean-quartzite\/","title":{"rendered":"Quartzite de l&#039;oc\u00e9an Arctique"},"content":{"rendered":"<p>INFORMATIONS COMPL\u00c9MENTAIRES<\/p>\n<table>\n<tbody>\n<tr>\n<td width=\"124\"><strong>MAT\u00c9RIEL<\/strong><\/td>\n<td width=\"444\">Quartzite<\/td>\n<\/tr>\n<tr>\n<td width=\"124\"><strong>COULEUR<\/strong><\/td>\n<td width=\"444\">Gris<\/td>\n<\/tr>\n<tr>\n<td width=\"124\"><strong>PAYS D&#039;ORIGINE<\/strong><\/td>\n<td width=\"444\">Br\u00e9sil<\/td>\n<\/tr>\n<tr>\n<td width=\"124\"><strong>FINITION DE SURFACE<\/strong><\/td>\n<td width=\"444\">Poli, aiguis\u00e9, cuir\u00e9<\/td>\n<\/tr>\n<tr>\n<td width=\"124\"><strong>UTILISER<\/strong><\/td>\n<td width=\"444\">Cuisines, salles de bains, sols, murs, carrelages, dalles<\/td>\n<\/tr>\n<tr>\n<td width=\"124\"><strong>DISPONIBILIT\u00c9<\/strong><\/td>\n<td width=\"444\">Veuillez v\u00e9rifier la disponibilit\u00e9 des stocks aupr\u00e8s de HRST STONE pour visiter.<\/p>\n<p>Les \u00e9chantillons de pierre ne sont pas non plus disponibles pour chaque s\u00e9lection de pierre, veuillez vous renseigner pour la disponibilit\u00e9.<\/p>\n<\/td>\n<\/tr>\n<\/tbody>\n<\/table>\n<p>Le quartzite de l&#039;oc\u00e9an Arctique est une pierre naturelle avec des courants diagonaux d\u00e9crits de blanc doux et de gris avec des courants noirs largement r\u00e9pandus. La couleur de fond gris glacier unique d&#039;Arctic Ocean Quartzite, de haute qualit\u00e9 mais chaude, m\u00e9lang\u00e9e \u00e0 une texture noire, am\u00e9liore instantan\u00e9ment la chaleur du style gris glac\u00e9 et p\u00e9n\u00e8tre cette \u00e9tendue de libert\u00e9 dans tous les coins, tout comme combiner la beaut\u00e9 de la nature avec la nature la mission de gardiennage de pierre \u00e0 emm\u00e9nager dans la maison.<\/p>\n<p>La pierre naturelle elle-m\u00eame pr\u00e9sente les avantages d&#039;anti-salissures, d&#039;anti-rayures, de sant\u00e9 et d&#039;autres mat\u00e9riaux que les autres mat\u00e9riaux n&#039;ont pas, et elle est plus rassurante dans l&#039;espace de r\u00eave calme.<\/p>\n<p>Blue Arctic Ocean Quartzite convient \u00e0 une vari\u00e9t\u00e9 de projets int\u00e9rieurs et ext\u00e9rieurs : Cr\u00e9ez des comptoirs en granit saisissants, audacieux et magnifiques. L&#039;oc\u00e9an Arctique est un fond semi-blanc, un marbre aux tons fonc\u00e9s extrait au Canada. Cette pierre est particuli\u00e8rement adapt\u00e9e \u00e0 la pierre de construction, aux \u00e9viers, aux monuments, aux dessus de piscine, aux appuis de fen\u00eatre, aux pierres ornementales, \u00e0 l&#039;int\u00e9rieur, \u00e0 l&#039;ext\u00e9rieur, aux murs, aux sols, au pavage et \u00e0 d&#039;autres projets de conception. \u00c9galement connu sous le nom d&#039;oc\u00e9an Arctique, quartzite de l&#039;oc\u00e9an Arctique, Spirited Away, sur le march\u00e9 chinois de la pierre : Spirited Away (Qi\u0101n y\u01d4 qi\u0101n x\u00fan), oc\u00e9an Arctique (B\u011bib\u012bngy\u00e1ng). Aussi appel\u00e9 quartzite dans certaines sources.<\/p>\n<p>Le quartzite de l&#039;oc\u00e9an Arctique est une pierre naturelle avec des coul\u00e9es obliques blanches et grises p\u00e2les bien d\u00e9finies et une coul\u00e9e noire omnipr\u00e9sente.<\/p>\n<p>&nbsp;<\/p>\n<p>Caract\u00e9ristiques:<\/p>\n<p>R\u00e9sistance \u00e0 la flexion et aux chocs, forte capacit\u00e9 portante<\/p>\n<p>Ex\u00e9cution exquise, excellent antid\u00e9rapant<\/p>\n<p>quartzite de l&#039;oc\u00e9an arctique ignifuge et r\u00e9sistant aux hautes temp\u00e9ratures<\/p>\n<p>Bonne r\u00e9sistance \u00e0 l&#039;abrasion, durable<\/p>\n<p>Dense et \u00e9pais, super anti-fouling<\/p>\n<p>Absorption d&#039;eau double z\u00e9ro, imperm\u00e9able et \u00e9tanche \u00e0 l&#039;humidit\u00e9<\/p>\n<p>La texture est avanc\u00e9e et l&#039;ambiance est chaleureuse au toucher<\/p>\n<p>Coutures serr\u00e9es strictes, grande plan\u00e9it\u00e9<\/p>\n<p><img decoding=\"async\" class=\"aligncenter\" src=\"https:\/\/data.adwebcloud.com\/public\/material\/220426a7q47o\/product\/imageFile_1664271784238.jpg\" alt=\"\" \/><\/p>\n<p><img decoding=\"async\" class=\"aligncenter\" src=\"https:\/\/data.adwebcloud.com\/public\/material\/220426a7q47o\/product\/imageFile_1664271785117.jpg\" alt=\"\" \/><\/p>\n<p><img decoding=\"async\" class=\"aligncenter\" src=\"https:\/\/data.adwebcloud.com\/public\/material\/220426a7q47o\/product\/imageFile_1664271787650.jpg\" alt=\"\" \/><\/p>\n<p><img decoding=\"async\" class=\"aligncenter\" src=\"https:\/\/data.adwebcloud.com\/public\/material\/220426a7q47o\/product\/imageFile_1664271788680.jpg\" alt=\"\" \/><\/p>\n<p>&nbsp;<\/p><\/p>","protected":false},"excerpt":{"rendered":"<p>Le quartzite de l&#039;oc\u00e9an Arctique est une pierre naturelle avec des courants diagonaux d\u00e9crits de blanc doux et de gris avec des courants noirs largement r\u00e9pandus. La couleur de fond gris glacier unique de Arctic Ocean Quartzite, de haute qualit\u00e9 mais chaude, m\u00e9lang\u00e9e \u00e0 une texture noire, am\u00e9liore instantan\u00e9ment la chaleur du gris glacial \u2026<\/p>","protected":false},"featured_media":7519,"comment_status":"closed","ping_status":"closed","template":"","meta":[],"product_brand":[],"product_cat":[195],"product_tag":[1128,1132,1130,1131,1136,1133,1134,1135,1006],"class_list":{"0":"post-2671","1":"product","2":"type-product","3":"status-publish","4":"has-post-thumbnail","6":"product_cat-quartzite","7":"product_tag-arctic-ocean-quartzite-bathrooms","8":"product_tag-arctic-ocean-quartzite-countertop","9":"product_tag-arctic-ocean-quartzite-floors","10":"product_tag-arctic-ocean-quartzite-kitchens","11":"product_tag-arctic-ocean-quartzite-price","12":"product_tag-arctic-ocean-quartzite-slabs","13":"product_tag-arctic-ocean-quartzite-tiles","14":"product_tag-arctic-ocean-quartzite-walls","15":"product_tag-grey-quartzite","17":"first","18":"instock","19":"product-type-simple"},"_links":{"self":[{"href":"https:\/\/www.quartzite-stone.com\/fr\/wp-json\/wp\/v2\/product\/2671","targetHints":{"allow":["GET"]}}],"collection":[{"href":"https:\/\/www.quartzite-stone.com\/fr\/wp-json\/wp\/v2\/product"}],"about":[{"href":"https:\/\/www.quartzite-stone.com\/fr\/wp-json\/wp\/v2\/types\/product"}],"replies":[{"embeddable":true,"href":"https:\/\/www.quartzite-stone.com\/fr\/wp-json\/wp\/v2\/comments?post=2671"}],"wp:featuredmedia":[{"embeddable":true,"href":"https:\/\/www.quartzite-stone.com\/fr\/wp-json\/wp\/v2\/media\/7519"}],"wp:attachment":[{"href":"https:\/\/www.quartzite-stone.com\/fr\/wp-json\/wp\/v2\/media?parent=2671"}],"wp:term":[{"taxonomy":"product_brand","embeddable":true,"href":"https:\/\/www.quartzite-stone.com\/fr\/wp-json\/wp\/v2\/product_brand?post=2671"},{"taxonomy":"product_cat","embeddable":true,"href":"https:\/\/www.quartzite-stone.com\/fr\/wp-json\/wp\/v2\/product_cat?post=2671"},{"taxonomy":"product_tag","embeddable":true,"href":"https:\/\/www.quartzite-stone.com\/fr\/wp-json\/wp\/v2\/product_tag?post=2671"}],"curies":[{"name":"wp","href":"https:\/\/api.w.org\/{rel}","templated":true}]}}