{"id":2666,"date":"2022-07-04T23:55:55","date_gmt":"2022-07-04T15:55:55","guid":{"rendered":"https:\/\/www.quartzite-stone.com\/product\/london-grey-quartzite\/"},"modified":"2023-06-27T16:27:59","modified_gmt":"2023-06-27T08:27:59","slug":"quartzite-gris-de-londres","status":"publish","type":"product","link":"https:\/\/www.quartzite-stone.com\/fr\/products\/london-grey-quartzite\/","title":{"rendered":"Quartzite gris de Londres"},"content":{"rendered":"<p>INFORMATIONS COMPL\u00c9MENTAIRES<\/p>\n<table>\n<tbody>\n<tr>\n<td width=\"124\"><strong>MAT\u00c9RIEL<\/strong><\/td>\n<td width=\"444\">Quartzite<\/td>\n<\/tr>\n<tr>\n<td width=\"124\"><strong>COULEUR<\/strong><\/td>\n<td width=\"444\">Gris<\/td>\n<\/tr>\n<tr>\n<td width=\"124\"><strong>PAYS D&#039;ORIGINE<\/strong><\/td>\n<td width=\"444\">Br\u00e9sil<\/td>\n<\/tr>\n<tr>\n<td width=\"124\"><strong>FINITION DE SURFACE<\/strong><\/td>\n<td width=\"444\">Poli, aiguis\u00e9, cuir\u00e9<\/td>\n<\/tr>\n<tr>\n<td width=\"124\"><strong>UTILISER<\/strong><\/td>\n<td width=\"444\">Cuisines, salles de bains, sols, murs, carrelages, dalles<\/td>\n<\/tr>\n<tr>\n<td width=\"124\"><strong>DISPONIBILIT\u00c9<\/strong><\/td>\n<td width=\"444\">Veuillez v\u00e9rifier la disponibilit\u00e9 des stocks aupr\u00e8s de HRST STONE pour visiter.<\/p>\n<p>Les \u00e9chantillons de pierre ne sont pas non plus disponibles pour chaque s\u00e9lection de pierre, veuillez vous renseigner pour la disponibilit\u00e9.<\/p>\n<\/td>\n<\/tr>\n<\/tbody>\n<\/table>\n<p>Le London Grey Quartzite est une pierre gris fonc\u00e9 avec un \u00e9clat subtil qui convient \u00e0 la fois aux conceptions de cuisine claires et fonc\u00e9es. Le quartzite gris de Londres est non poreux, tr\u00e8s r\u00e9sistant aux taches et aux rayures. C&#039;est un mat\u00e9riau id\u00e9al pour les salles de bains et les cuisines car il a quatre fois plus de r\u00e9sistance et deux fois plus d&#039;impact que la pierre naturelle comme le granit.<\/p>\n<\/p>\n<p><img decoding=\"async\" class=\"aligncenter\" src=\"https:\/\/data.adwebcloud.com\/public\/material\/220426a7q47o\/product\/imageFile_1664271847050.jpg\" alt=\"\" \/><\/p>\n<p>Gris de Londres. La finition translucide London Grey Quartzite le rend unique parmi de nombreuses autres variantes de quartz gris. Un gris clair opaque \u00e9loquent se m\u00eale \u00e0 une douce texture anthracite. Habituellement, la s\u00e9rie London Grey Supernatural a une finition polie et polie. Standard, Jumbo. Un gris clair \u00e9loquent, opaque, avec une texture anthracite douce et expressive. est largement utilis\u00e9.<\/p>\n<p><img decoding=\"async\" class=\"aligncenter\" src=\"https:\/\/data.adwebcloud.com\/public\/material\/220426a7q47o\/product\/imageFile_1664271847842.jpg\" alt=\"\" \/><\/p>\n<p>Le quartzite gris de Londres est l&#039;une des roches les plus durables et les plus r\u00e9sistantes aux produits chimiques que l&#039;on trouve \u00e0 la surface de la terre. Comme les autres pierres naturelles, le quartzite est une pierre extraite consid\u00e9r\u00e9e comme haut de gamme et luxueuse. Lorsqu&#039;il est trait\u00e9 correctement, le quartzite r\u00e9siste \u00e0 l&#039;humidit\u00e9, aux bact\u00e9ries, aux taches, aux rayures et est \u00e9galement r\u00e9sistant \u00e0 la chaleur. Lorsqu&#039;ils sont chauff\u00e9s pendant le processus de fabrication, les flocons de quartz individuels recristallisent, ce qui donne un beau motif \u00e9tincelant d\u00e9coratif.<\/p>\n<p><img decoding=\"async\" class=\"aligncenter\" src=\"https:\/\/data.adwebcloud.com\/public\/material\/220426a7q47o\/product\/imageFile_1664271848845.jpg\" alt=\"\" \/><\/p>\n<p>Durable, r\u00e9sistant aux rayures et polyvalent, le quartzite gris london est un excellent choix de mat\u00e9riau, tandis que la teinte intense du gris london en fait \u00e9galement un excellent choix de couleur pour les solutions ext\u00e9rieures et int\u00e9rieures.<\/p>\n<p>Utilisez le quartzite gris london pour les armoires de salle de bain, le rev\u00eatement ext\u00e9rieur, les pav\u00e9s ext\u00e9rieurs, les sols int\u00e9rieurs, les murs int\u00e9rieurs, les comptoirs de cuisine et d&#039;autres projets de conception.<\/p><\/p>","protected":false},"excerpt":{"rendered":"<p>Le London Grey Quartzite est une pierre gris fonc\u00e9 avec un \u00e9clat subtil qui convient \u00e0 la fois aux conceptions de cuisine claires et fonc\u00e9es. Le quartzite gris de Londres est non poreux, tr\u00e8s r\u00e9sistant aux taches et aux rayures. C&#039;est un mat\u00e9riau id\u00e9al pour les salles de bains et les cuisines car il a quatre fois plus de r\u00e9sistance et deux fois plus d&#039;impact...<\/p>","protected":false},"featured_media":7324,"comment_status":"closed","ping_status":"closed","template":"","meta":[],"product_brand":[],"product_cat":[195],"product_tag":[1006,1031,1034,1032,1033,1035,1036,1037],"class_list":{"0":"post-2666","1":"product","2":"type-product","3":"status-publish","4":"has-post-thumbnail","6":"product_cat-quartzite","7":"product_tag-grey-quartzite","8":"product_tag-london-grey-quartzite-bathrooms","9":"product_tag-london-grey-quartzite-countertops","10":"product_tag-london-grey-quartzite-floors","11":"product_tag-london-grey-quartzite-kitchens","12":"product_tag-london-grey-quartzite-slabs","13":"product_tag-london-grey-quartzite-tiles","14":"product_tag-london-grey-quartzite-walls","16":"first","17":"instock","18":"product-type-simple"},"_links":{"self":[{"href":"https:\/\/www.quartzite-stone.com\/fr\/wp-json\/wp\/v2\/product\/2666","targetHints":{"allow":["GET"]}}],"collection":[{"href":"https:\/\/www.quartzite-stone.com\/fr\/wp-json\/wp\/v2\/product"}],"about":[{"href":"https:\/\/www.quartzite-stone.com\/fr\/wp-json\/wp\/v2\/types\/product"}],"replies":[{"embeddable":true,"href":"https:\/\/www.quartzite-stone.com\/fr\/wp-json\/wp\/v2\/comments?post=2666"}],"wp:featuredmedia":[{"embeddable":true,"href":"https:\/\/www.quartzite-stone.com\/fr\/wp-json\/wp\/v2\/media\/7324"}],"wp:attachment":[{"href":"https:\/\/www.quartzite-stone.com\/fr\/wp-json\/wp\/v2\/media?parent=2666"}],"wp:term":[{"taxonomy":"product_brand","embeddable":true,"href":"https:\/\/www.quartzite-stone.com\/fr\/wp-json\/wp\/v2\/product_brand?post=2666"},{"taxonomy":"product_cat","embeddable":true,"href":"https:\/\/www.quartzite-stone.com\/fr\/wp-json\/wp\/v2\/product_cat?post=2666"},{"taxonomy":"product_tag","embeddable":true,"href":"https:\/\/www.quartzite-stone.com\/fr\/wp-json\/wp\/v2\/product_tag?post=2666"}],"curies":[{"name":"wp","href":"https:\/\/api.w.org\/{rel}","templated":true}]}}