{"id":2661,"date":"2022-07-04T23:54:31","date_gmt":"2022-07-04T15:54:31","guid":{"rendered":"https:\/\/www.quartzite-stone.com\/product\/atlantic-grey-quartzite\/"},"modified":"2023-06-27T17:59:14","modified_gmt":"2023-06-27T09:59:14","slug":"quartzite-gris-atlantique","status":"publish","type":"product","link":"https:\/\/www.quartzite-stone.com\/fr\/products\/atlantic-grey-quartzite\/","title":{"rendered":"Quartzite gris atlantique"},"content":{"rendered":"<p>INFORMATIONS COMPL\u00c9MENTAIRES<\/p>\n<table>\n<tbody>\n<tr>\n<td width=\"124\"><strong>MAT\u00c9RIEL<\/strong><\/td>\n<td width=\"444\">Quartzite<\/td>\n<\/tr>\n<tr>\n<td width=\"124\"><strong>COULEUR<\/strong><\/td>\n<td width=\"444\">Gris<\/td>\n<\/tr>\n<tr>\n<td width=\"124\"><strong>PAYS D&#039;ORIGINE<\/strong><\/td>\n<td width=\"444\">Br\u00e9sil<\/td>\n<\/tr>\n<tr>\n<td width=\"124\"><strong>FINITION DE SURFACE<\/strong><\/td>\n<td width=\"444\">Poli, aiguis\u00e9, cuir\u00e9<\/td>\n<\/tr>\n<tr>\n<td width=\"124\"><strong>UTILISER<\/strong><\/td>\n<td width=\"444\">Cuisines, salles de bains, sols, murs, carrelages, dalles<\/td>\n<\/tr>\n<tr>\n<td width=\"124\"><strong>DISPONIBILIT\u00c9<\/strong><\/td>\n<td width=\"444\">Veuillez v\u00e9rifier la disponibilit\u00e9 des stocks aupr\u00e8s de HRST STONE pour visiter.<\/p>\n<p>Les \u00e9chantillons de pierre ne sont pas non plus disponibles pour chaque s\u00e9lection de pierre, veuillez vous renseigner pour la disponibilit\u00e9.<\/p>\n<\/td>\n<\/tr>\n<\/tbody>\n<\/table>\n<p>Le quartzite gris atlantique est un pass\u00e9 historique gris tendre \u00e0 gris bleut\u00e9 avec des veines dans des teintes de blanc cass\u00e9 et de beige d\u00e9lav\u00e9, y compris la dimension. Le quartzite est une alternative au sol en pierre qui offre des teintes et des veines comparables au marbre, associ\u00e9es \u00e0 la puissance et \u00e0 la duret\u00e9 c\u00e9l\u00e8bres du granit. Il convient \u00e0 tous les usages int\u00e9rieurs et ext\u00e9rieurs des propri\u00e9t\u00e9s industrielles et r\u00e9sidentielles.<\/p>\n<p>&nbsp;<\/p>\n<p><img fetchpriority=\"high\" decoding=\"async\" class=\"aligncenter\" src=\"https:\/\/data.adwebcloud.com\/public\/material\/220426a7q47o\/product\/imageFile_1664271780829.jpg\" alt=\"\" width=\"750\" height=\"600\" \/><\/p>\n<p><img decoding=\"async\" class=\"aligncenter\" src=\"https:\/\/data.adwebcloud.com\/public\/material\/220426a7q47o\/product\/imageFile_1664271782160.jpg\" alt=\"\" \/><\/p>\n<p>Cette pierre naturelle est l&#039;un des mat\u00e9riaux les plus durables, ce qui en fait un excellent choix pour les comptoirs de cuisine, les salles de bains, les applications murales et de sol, les escaliers, les appuis de fen\u00eatre et d&#039;autres projets de conception. Terminez la mouture. Dimensions Les dalles sont d\u00e9coup\u00e9es sur mesure et personnalis\u00e9es. Avec une apparence \u00e9l\u00e9gante et \u00e9tonnante, cette pierre a \u00e9t\u00e9 un ajout populaire dans les maisons du monde entier.<\/p>\n<p>rappelant un marbre par son veinage et sa coloration. Pierre extr\u00eamement dense et dure, elle peut \u00eatre utilis\u00e9e \u00e0 l&#039;int\u00e9rieur comme \u00e0 l&#039;ext\u00e9rieur. Il a fi\u00e8re allure poli, adouci ou flamm\u00e9 et attire facilement le regard avec ses couleurs grises distinctes.<\/p>\n<p><img decoding=\"async\" class=\"aligncenter\" src=\"https:\/\/data.adwebcloud.com\/public\/material\/220426a7q47o\/product\/imageFile_1664271782986.jpg\" alt=\"\" \/><\/p><\/p>","protected":false},"excerpt":{"rendered":"<p>Le quartzite gris atlantique est un pass\u00e9 historique gris tendre \u00e0 gris bleut\u00e9 avec des veines dans des teintes de blanc cass\u00e9 et de beige d\u00e9lav\u00e9, y compris la dimension. Le quartzite est une alternative au sol en pierre qui offre des teintes et des veines comparables au marbre, associ\u00e9es \u00e0 la puissance et \u00e0 la duret\u00e9 c\u00e9l\u00e8bres du granit. C&#039;est \u2026<\/p>","protected":false},"featured_media":7497,"comment_status":"closed","ping_status":"closed","template":"","meta":[],"product_brand":[],"product_cat":[195],"product_tag":[1105,1107,1106,1108,1110,1109,1111,1129,1006],"class_list":{"0":"post-2661","1":"product","2":"type-product","3":"status-publish","4":"has-post-thumbnail","6":"product_cat-quartzite","7":"product_tag-atlantic-grey-quartzite-bathrooms","8":"product_tag-atlantic-grey-quartzite-countertop","9":"product_tag-atlantic-grey-quartzite-floors","10":"product_tag-atlantic-grey-quartzite-kitchens","11":"product_tag-atlantic-grey-quartzite-price","12":"product_tag-atlantic-grey-quartzite-slab","13":"product_tag-atlantic-grey-quartzite-tiles","14":"product_tag-atlantic-grey-quartzite-walls","15":"product_tag-grey-quartzite","17":"first","18":"instock","19":"product-type-simple"},"_links":{"self":[{"href":"https:\/\/www.quartzite-stone.com\/fr\/wp-json\/wp\/v2\/product\/2661","targetHints":{"allow":["GET"]}}],"collection":[{"href":"https:\/\/www.quartzite-stone.com\/fr\/wp-json\/wp\/v2\/product"}],"about":[{"href":"https:\/\/www.quartzite-stone.com\/fr\/wp-json\/wp\/v2\/types\/product"}],"replies":[{"embeddable":true,"href":"https:\/\/www.quartzite-stone.com\/fr\/wp-json\/wp\/v2\/comments?post=2661"}],"wp:featuredmedia":[{"embeddable":true,"href":"https:\/\/www.quartzite-stone.com\/fr\/wp-json\/wp\/v2\/media\/7497"}],"wp:attachment":[{"href":"https:\/\/www.quartzite-stone.com\/fr\/wp-json\/wp\/v2\/media?parent=2661"}],"wp:term":[{"taxonomy":"product_brand","embeddable":true,"href":"https:\/\/www.quartzite-stone.com\/fr\/wp-json\/wp\/v2\/product_brand?post=2661"},{"taxonomy":"product_cat","embeddable":true,"href":"https:\/\/www.quartzite-stone.com\/fr\/wp-json\/wp\/v2\/product_cat?post=2661"},{"taxonomy":"product_tag","embeddable":true,"href":"https:\/\/www.quartzite-stone.com\/fr\/wp-json\/wp\/v2\/product_tag?post=2661"}],"curies":[{"name":"wp","href":"https:\/\/api.w.org\/{rel}","templated":true}]}}