{"id":2623,"date":"2022-07-04T23:53:18","date_gmt":"2022-07-04T15:53:18","guid":{"rendered":"https:\/\/www.quartzite-stone.com\/product\/brazil-infinity-white-quartzite\/"},"modified":"2023-06-27T16:45:17","modified_gmt":"2023-06-27T08:45:17","slug":"quartzite-blanc-bresilien-infinity","status":"publish","type":"product","link":"https:\/\/www.quartzite-stone.com\/fr\/products\/brazil-infinity-white-quartzite\/","title":{"rendered":"Quartzite blanc infini"},"content":{"rendered":"<p>INFORMATIONS COMPL\u00c9MENTAIRES<\/p>\n<table width=\"568\">\n<tbody>\n<tr>\n<td width=\"148\"><strong>MAT\u00c9RIEL<\/strong><\/td>\n<td width=\"420\">Quartzite<\/td>\n<\/tr>\n<tr>\n<td width=\"148\"><strong>COULEUR<\/strong><\/td>\n<td width=\"420\">Blanc vein\u00e9 de gris<\/td>\n<\/tr>\n<tr>\n<td width=\"148\"><strong>PAYS D&#039;ORIGINE<\/strong><\/td>\n<td width=\"420\">Br\u00e9sil<\/td>\n<\/tr>\n<tr>\n<td width=\"148\"><strong>FINITION DE SURFACE<\/strong><\/td>\n<td width=\"420\">Poli, aiguis\u00e9, cuir\u00e9<\/td>\n<\/tr>\n<tr>\n<td width=\"148\"><strong>UTILISER<\/strong><\/td>\n<td width=\"420\">Cuisines, Salles de bain, Sols, Murs, Chemin\u00e9e, Carrelages, Dalles<\/td>\n<\/tr>\n<tr>\n<td width=\"148\"><strong>DISPONIBILIT\u00c9<\/strong><\/td>\n<td width=\"420\">Veuillez v\u00e9rifier la disponibilit\u00e9 du stock aupr\u00e8s de l'\u00e9quipe de vente de pierres HRST.<\/p>\n<p>Les \u00e9chantillons de pierre ne sont pas non plus disponibles pour chaque s\u00e9lection de pierre, veuillez vous renseigner pour la disponibilit\u00e9.<\/p>\n<\/td>\n<\/tr>\n<\/tbody>\n<\/table>\n<p>Le quartzite blanc Infinity est un quartzite inhabituel extrait au Br\u00e9sil, avec un fond blanc et des veines plus fonc\u00e9es. Les comptoirs, les monuments, les mosa\u00efques, les murs ext\u00e9rieurs et int\u00e9rieurs et les sols, les fontaines, le rev\u00eatement des piscines et des murs, les escaliers, les appuis de fen\u00eatre et d'autres projets de conception b\u00e9n\u00e9ficient grandement de cette pierre. Le quartzite Sea Pearl, le quartzite blanc Macaubas, le quartzite Branco Macaubas, le quartzite Bianco Macaubas, le quartzite blanc Macaubas, le quartzite White Macabas, le quartzite White Macaubas, le quartzite Quarzito Branco Diamantina Les finitions suivantes sont disponibles pour le quartzite blanc Infinity : poli, sci\u00e9, ponc\u00e9, rocaill\u00e9, sabl\u00e9, tambourin\u00e9, et bien d'autres encore.<\/p>\n<p>Le quartzite blanc est une pierre naturelle dont la teinte est presque blanche avec un fond gris clair. Il pr\u00e9sente \u00e9galement des veines naturelles distinctes. Ce quartzite est un excellent choix pour la surface des comptoirs en raison de son magnifique aspect marbr\u00e9. Sa duret\u00e9 lui conf\u00e8re \u00e9galement une grande durabilit\u00e9, ce qui permet de l'utiliser comme rev\u00eatement de sol.<\/p>\n<p>Quartzite blanc Infinity du Br\u00e9sil, 30 mm, poli. Ce quartzite \u00e9poustouflant avec ses incroyables tons gris est un v\u00e9ritable chef-d'\u0153uvre de la nature. Chaque dalle est unique.<\/p>\n<\/p>\n<p><img decoding=\"async\" class=\"aligncenter\" src=\"https:\/\/data.adwebcloud.com\/public\/material\/220426a7q47o\/product\/imageFile_1664271842329.jpg\" alt=\"\" \/><\/p>\n<p>Le quartzite se forme sous terre lorsque le gr\u00e8s est soumis \u00e0 la chaleur et \u00e0 la pression. Les grains se recristallisent et s'imbriquent pour devenir extr\u00eamement durs, avec une durabilit\u00e9 comparable \u00e0 celle du granit. Nous proposons le quartzite br\u00e9silien infinity white, dont la profondeur et le caract\u00e8re unique ne manqueront pas d'impressionner.<\/p>\n<p>Connu pour sa beaut\u00e9, son aspect exotique et son extr\u00eame duret\u00e9, il est facile de comprendre pourquoi il devient un choix populaire dans les zones d'utilisation intensive.<\/p>\n<p>Les finitions disponibles sont g\u00e9n\u00e9ralement polies (haute brillance), adoucies (mat\/satin) et certains cuirs gemmes (aspect et texture du cuir).<\/p>\n<p>En tant que pierre naturelle durable, chaque aspect est unique, brazil infinity white quartzite<\/p>\n<p>laissera une impression durable. Prenez rendez-vous et venez d\u00e9couvrir notre gamme de produits.<\/p>\n<p><img decoding=\"async\" class=\"aligncenter\" src=\"https:\/\/data.adwebcloud.com\/public\/material\/220426a7q47o\/product\/imageFile_1664271843438.jpg\" alt=\"\" \/><\/p>\n<p>Le quartzite blanc Infinity est un type de pierre naturelle souvent utilis\u00e9 pour les plans de travail, les rev\u00eatements de sol et d'autres applications int\u00e9rieures ou ext\u00e9rieures. Il s'agit d'un mat\u00e9riau durable et r\u00e9sistant, connu pour ses veines blanches et grises distinctives, qui peuvent varier d'une dalle \u00e0 l'autre. Le quartzite est une roche m\u00e9tamorphique qui se forme \u00e0 partir du gr\u00e8s sous l'effet d'une chaleur et d'une pression intenses, ce qui entra\u00eene la recristallisation des grains de quartz et leur fusion en un mat\u00e9riau dur et dense.<\/p>\n<\/p>\n<p><img decoding=\"async\" class=\"aligncenter\" src=\"https:\/\/data.adwebcloud.com\/public\/material\/220426a7q47o\/product\/imageFile_1664271845220.jpg\" alt=\"\" \/><\/p>\n<p>Le quartzite blanc Infinity est un choix populaire pour ceux qui recherchent une pierre naturelle ayant l'apparence du marbre mais la durabilit\u00e9 et la r\u00e9sistance du granit. Il est relativement facile \u00e0 entretenir et \u00e0 nettoyer, et r\u00e9siste \u00e0 la chaleur, aux rayures et aux taches. Toutefois, comme pour toutes les pierres naturelles, il est recommand\u00e9 d'\u00e9viter les substances acides, telles que le vinaigre ou le jus de citron, qui peuvent attaquer la surface au fil du temps. Il est important de sceller et d'entretenir correctement le quartzite pour garantir sa long\u00e9vit\u00e9 et sa beaut\u00e9.<\/p>\n<p><img decoding=\"async\" class=\"aligncenter\" src=\"https:\/\/data.adwebcloud.com\/public\/material\/220426a7q47o\/product\/imageFile_1664271846238.jpg\" alt=\"\" \/><\/p>\n<h3 style=\"font-size: 19px\">Sc\u00e9narios d'application du quartzite blanc infini<\/h3>\n<p>Infinity Quartzite convient \u00e0 une grande vari\u00e9t\u00e9 d'applications, notamment<\/p>\n<ol style=\"list-style-type: decimal\">\n<li>\n<p>Comptoirs de cuisine : Sa durabilit\u00e9 et sa r\u00e9sistance \u00e0 la chaleur et aux taches en font un excellent choix pour les comptoirs de cuisine.<\/p>\n<\/li>\n<li>\n<p>Comptoirs de salle de bains : Il peut \u00eatre utilis\u00e9 comme une option esth\u00e9tique et n\u00e9cessitant peu d'entretien pour les plans de travail des salles de bains.<\/p>\n<\/li>\n<li>\n<p>Dosserets : Il peut ajouter un aspect luxueux et sophistiqu\u00e9 \u00e0 n'importe quel dosseret de cuisine ou de salle de bain.<\/p>\n<\/li>\n<li>\n<p>Rev\u00eatement de sol : Sa durabilit\u00e9 et son aspect unique en font un choix id\u00e9al pour les zones tr\u00e8s fr\u00e9quent\u00e9es telles que les couloirs, les foyers et les cuisines.<\/p>\n<\/li>\n<li>\n<p>Murs : Infinity White Quartzite peut \u00e9galement \u00eatre utilis\u00e9 comme mur d'accent dans les salons, les chambres \u00e0 coucher ou les salles \u00e0 manger.<\/p>\n<\/li>\n<li>\n<p>Utilisation en ext\u00e9rieur : Il convient aux applications ext\u00e9rieures telles que les patios, les terrasses de piscine et les all\u00e9es, en raison de sa r\u00e9sistance aux intemp\u00e9ries et de sa durabilit\u00e9.<\/p>\n<\/li>\n<\/ol>\n<p>Dans l'ensemble, Infinity White Quartzite est un mat\u00e9riau polyvalent qui peut ajouter de l'\u00e9l\u00e9gance et de la beaut\u00e9 \u00e0 n'importe quel espace r\u00e9sidentiel ou commercial.<\/p>\n<\/p><\/p>","protected":false},"excerpt":{"rendered":"<p>Le quartzite blanc Infinity est un quartzite inhabituel extrait au Br\u00e9sil avec un fond blanc et des veines plus fonc\u00e9es. Les comptoirs, les monuments, la mosa\u00efque, les applications ext\u00e9rieures et int\u00e9rieures de murs et de sols, les fontaines, les couronnements de piscines et de murs, les escaliers, les rebords de fen\u00eatres et d&#039;autres projets de conception b\u00e9n\u00e9ficient grandement de cette pierre.<\/p><\/p>","protected":false},"featured_media":7396,"comment_status":"closed","ping_status":"closed","template":"","meta":[],"product_brand":[],"product_cat":[195],"product_tag":[1087,1080,1081,1082,1083,1084,1085,1086,249,1054],"class_list":{"0":"post-2623","1":"product","2":"type-product","3":"status-publish","4":"has-post-thumbnail","6":"product_cat-quartzite","7":"product_tag-infinity-quartzite","8":"product_tag-infinity-white-quartzite-bathrooms","9":"product_tag-infinity-white-quartzite-countertop","10":"product_tag-infinity-white-quartzite-floors","11":"product_tag-infinity-white-quartzite-kitchens","12":"product_tag-infinity-white-quartzite-slabs","13":"product_tag-infinity-white-quartzite-tiles","14":"product_tag-infinity-white-quartzite-walls","15":"product_tag-white-quartzite","16":"product_tag-white-with-grey-veins-quartzite","18":"first","19":"instock","20":"product-type-simple"},"_links":{"self":[{"href":"https:\/\/www.quartzite-stone.com\/fr\/wp-json\/wp\/v2\/product\/2623","targetHints":{"allow":["GET"]}}],"collection":[{"href":"https:\/\/www.quartzite-stone.com\/fr\/wp-json\/wp\/v2\/product"}],"about":[{"href":"https:\/\/www.quartzite-stone.com\/fr\/wp-json\/wp\/v2\/types\/product"}],"replies":[{"embeddable":true,"href":"https:\/\/www.quartzite-stone.com\/fr\/wp-json\/wp\/v2\/comments?post=2623"}],"wp:featuredmedia":[{"embeddable":true,"href":"https:\/\/www.quartzite-stone.com\/fr\/wp-json\/wp\/v2\/media\/7396"}],"wp:attachment":[{"href":"https:\/\/www.quartzite-stone.com\/fr\/wp-json\/wp\/v2\/media?parent=2623"}],"wp:term":[{"taxonomy":"product_brand","embeddable":true,"href":"https:\/\/www.quartzite-stone.com\/fr\/wp-json\/wp\/v2\/product_brand?post=2623"},{"taxonomy":"product_cat","embeddable":true,"href":"https:\/\/www.quartzite-stone.com\/fr\/wp-json\/wp\/v2\/product_cat?post=2623"},{"taxonomy":"product_tag","embeddable":true,"href":"https:\/\/www.quartzite-stone.com\/fr\/wp-json\/wp\/v2\/product_tag?post=2623"}],"curies":[{"name":"wp","href":"https:\/\/api.w.org\/{rel}","templated":true}]}}