{"id":2610,"date":"2022-07-04T23:53:18","date_gmt":"2022-07-04T15:53:18","guid":{"rendered":"https:\/\/www.quartzite-stone.com\/product\/spain-armani-brown-marble\/"},"modified":"2022-09-27T18:00:48","modified_gmt":"2022-09-27T10:00:48","slug":"espagne-armani-brun-marbre","status":"publish","type":"product","link":"https:\/\/www.quartzite-stone.com\/fr\/products\/spain-armani-brown-marble\/","title":{"rendered":"Espagne Armani Brown Marbre"},"content":{"rendered":"<p>INFORMATIONS COMPL\u00c9MENTAIRES<\/p>\n<table width=\"568\">\n<tbody>\n<tr>\n<td width=\"148\"><strong>MAT\u00c9RIEL<\/strong><\/td>\n<td width=\"420\">Marbre<\/td>\n<\/tr>\n<tr>\n<td width=\"148\"><strong>COULEUR<\/strong><\/td>\n<td width=\"420\">Brun<\/td>\n<\/tr>\n<tr>\n<td width=\"148\"><strong>PAYS D&#039;ORIGINE<\/strong><\/td>\n<td width=\"420\">Espagne<\/td>\n<\/tr>\n<tr>\n<td width=\"148\"><strong>FINITION DE SURFACE<\/strong><\/td>\n<td width=\"420\">Poli, aiguis\u00e9, cuir\u00e9<\/td>\n<\/tr>\n<tr>\n<td width=\"148\"><strong>UTILISER<\/strong><\/td>\n<td width=\"420\">Cuisines, Salles de bain, Sols, Murs, Chemin\u00e9e, Carrelages, Dalles<\/td>\n<\/tr>\n<tr>\n<td width=\"148\"><strong>DISPONIBILIT\u00c9<\/strong><\/td>\n<td width=\"420\">Veuillez v\u00e9rifier la disponibilit\u00e9 du stock aupr\u00e8s de l'\u00e9quipe de vente de pierres HRST.<\/p>\n<p>Les \u00e9chantillons de pierre ne sont pas non plus disponibles pour chaque s\u00e9lection de pierre, veuillez vous renseigner pour la disponibilit\u00e9.<\/td>\n<\/tr>\n<\/tbody>\n<\/table>\n<p>Armani Brown Marble est un marbre brun haut de gamme que l&#039;on trouve partout dans le monde. Il a une couleur marron fonc\u00e9 avec de l\u00e9g\u00e8res veines blanches, ce qui le rend id\u00e9al pour ajouter une touche de chaleur \u00e0 n&#039;importe quel projet. Ce marbre peut \u00eatre hautement poli, ce qui le rend id\u00e9al pour une utilisation comme rev\u00eatement de sol.<\/p>\n<p>Armani Bronze<\/p>\n<p>En fonction du design et de la couleur, Armani Bronze HRST Stone Co a divis\u00e9 ses dalles de marbre Armani Bronze en trois groupes : Tout d'abord, il y a le marbre Spider Brown, qui a un fond brun clair et de nombreuses lignes dor\u00e9es magnifiques. Deuxi\u00e8mement, une plaque de marbre bronze d'Armani avec une quantit\u00e9 moyenne de lignes. Ce type de marbre bronze Armani a un fond brun moyen et est dispers\u00e9 sur la surface du marbre de mani\u00e8re ind\u00e9pendante. Le troisi\u00e8me type de marbre bronze Armani a un fond bronze profond, sans lignes dor\u00e9es, et est totalement pur.<\/p>\n<p>Armani Bronze Marbre<\/p>\n<p>Le marbre Armani Bronze est un marbre brun fonc\u00e9 avec une teinte caramel profonde. La base brun fonc\u00e9 est accentu\u00e9e par de d\u00e9licates veines blanches et dor\u00e9es dans le marbre bronze Armani. Les pierres de construction, les plans de travail, les mosa\u00efques, les pierres ornementales, les pierres paysag\u00e8res, les monuments, les escaliers, les pav\u00e9s et d'autres projets de conception tirent profit du marbre bronze Armani.<\/p>\n<p><img decoding=\"async\" class=\"aligncenter\" src=\"https:\/\/data.adwebcloud.com\/public\/material\/220426a7q47o\/product\/imageFile_1664271839497.jpg\" alt=\"\" \/><\/p>\n<p><img decoding=\"async\" class=\"aligncenter\" src=\"https:\/\/data.adwebcloud.com\/public\/material\/220426a7q47o\/product\/imageFile_1664271840451.jpg\" alt=\"\" \/><\/p>\n<p><img decoding=\"async\" class=\"aligncenter\" src=\"https:\/\/data.adwebcloud.com\/public\/material\/220426a7q47o\/product\/imageFile_1664271841453.jpg\" alt=\"\" \/><\/p>","protected":false},"excerpt":{"rendered":"<p>Armani Brown Marble est un marbre brun haut de gamme que l&#039;on trouve partout dans le monde. Il a une couleur marron fonc\u00e9 avec de l\u00e9g\u00e8res veines blanches, ce qui le rend id\u00e9al pour ajouter une touche de chaleur \u00e0 n&#039;importe quel projet. Ce marbre peut \u00eatre hautement poli, ce qui le rend id\u00e9al pour une utilisation comme rev\u00eatement de sol.<\/p>","protected":false},"featured_media":3821,"comment_status":"closed","ping_status":"closed","template":"","meta":[],"product_brand":[],"product_cat":[175],"product_tag":[386],"class_list":{"0":"post-2610","1":"product","2":"type-product","3":"status-publish","4":"has-post-thumbnail","6":"product_cat-marble","7":"product_tag-bathroomsbrownfireplacefloorskitchensmarbleslabstileswalls","9":"first","10":"instock","11":"product-type-simple"},"_links":{"self":[{"href":"https:\/\/www.quartzite-stone.com\/fr\/wp-json\/wp\/v2\/product\/2610","targetHints":{"allow":["GET"]}}],"collection":[{"href":"https:\/\/www.quartzite-stone.com\/fr\/wp-json\/wp\/v2\/product"}],"about":[{"href":"https:\/\/www.quartzite-stone.com\/fr\/wp-json\/wp\/v2\/types\/product"}],"replies":[{"embeddable":true,"href":"https:\/\/www.quartzite-stone.com\/fr\/wp-json\/wp\/v2\/comments?post=2610"}],"wp:featuredmedia":[{"embeddable":true,"href":"https:\/\/www.quartzite-stone.com\/fr\/wp-json\/wp\/v2\/media\/3821"}],"wp:attachment":[{"href":"https:\/\/www.quartzite-stone.com\/fr\/wp-json\/wp\/v2\/media?parent=2610"}],"wp:term":[{"taxonomy":"product_brand","embeddable":true,"href":"https:\/\/www.quartzite-stone.com\/fr\/wp-json\/wp\/v2\/product_brand?post=2610"},{"taxonomy":"product_cat","embeddable":true,"href":"https:\/\/www.quartzite-stone.com\/fr\/wp-json\/wp\/v2\/product_cat?post=2610"},{"taxonomy":"product_tag","embeddable":true,"href":"https:\/\/www.quartzite-stone.com\/fr\/wp-json\/wp\/v2\/product_tag?post=2610"}],"curies":[{"name":"wp","href":"https:\/\/api.w.org\/{rel}","templated":true}]}}