{"id":2578,"date":"2022-07-04T23:52:04","date_gmt":"2022-07-04T15:52:04","guid":{"rendered":"https:\/\/www.quartzite-stone.com\/product\/arabescato-orobico-gold-marble\/"},"modified":"2022-09-27T17:59:53","modified_gmt":"2022-09-27T09:59:53","slug":"marbre-dor-arabescato-orobico","status":"publish","type":"product","link":"https:\/\/www.quartzite-stone.com\/fr\/products\/arabescato-orobico-gold-marble\/","title":{"rendered":"Arabescato Orobico Or Marbre"},"content":{"rendered":"<p>INFORMATIONS COMPL\u00c9MENTAIRES<\/p>\n<table>\n<tbody>\n<tr>\n<td width=\"124\"><strong>MAT\u00c9RIEL<\/strong><\/td>\n<td width=\"444\">marbre<\/td>\n<\/tr>\n<tr>\n<td width=\"124\"><strong>COULEUR<\/strong><\/td>\n<td width=\"444\">Or\/Jaune<\/td>\n<\/tr>\n<tr>\n<td width=\"124\"><strong>PAYS D&#039;ORIGINE<\/strong><\/td>\n<td width=\"444\">Italie<\/td>\n<\/tr>\n<tr>\n<td width=\"124\"><strong>FINITION DE SURFACE<\/strong><\/td>\n<td width=\"444\">Poli, aiguis\u00e9, cuir\u00e9<\/td>\n<\/tr>\n<tr>\n<td width=\"124\"><strong>UTILISER<\/strong><\/td>\n<td width=\"444\">Cuisines, salles de bains, sols, murs, carrelages, dalles<\/td>\n<\/tr>\n<tr>\n<td width=\"124\"><strong>DISPONIBILIT\u00c9<\/strong><\/td>\n<td width=\"444\">Veuillez v\u00e9rifier la disponibilit\u00e9 des stocks aupr\u00e8s de HRST STONE pour visiter.<\/p>\n<p>Les \u00e9chantillons de pierre ne sont pas non plus disponibles pour chaque s\u00e9lection de pierre, veuillez vous renseigner pour la disponibilit\u00e9.<\/td>\n<\/tr>\n<\/tbody>\n<\/table>\n<p>Les dalles de marbre Arabescato Orobico sont extraites en Italie. Des veines blanches et dor\u00e9es parcourent un fond gris fonc\u00e9 ou clair, produisant un design distinctif pour nous. Il est tr\u00e8s appr\u00e9ci\u00e9 pour la d\u00e9coration de fond, le rev\u00eatement de sol et les escaliers, qui contribuent tous au caract\u00e8re distinctif et \u00e0 la beaut\u00e9 de votre maison.<\/p>\n<p>Simultan\u00e9ment, le marbre Arabescato Orobico Gold est un type de marbre jaune extrait en Italie. Cette pierre est particuli\u00e8rement adapt\u00e9e aux plans de travail, aux monuments, aux mosa\u00efques, aux escaliers, aux murs ext\u00e9rieurs et int\u00e9rieurs, aux sols, aux fontaines et \u00e0 d'autres projets de design. Il est \u00e9galement appel\u00e9 marbre Orobico Gold, marbre Arabescato Orobico Giallo. Le marbre Arabescato Orobico Gold peut \u00eatre poli, sci\u00e9, ponc\u00e9, rocaill\u00e9, sabl\u00e9, tambourin\u00e9, etc.<\/p>\n<p>Les pierres naturelles conservent une beaut\u00e9 intemporelle. Des mat\u00e9riaux tr\u00e8s recherch\u00e9s provenant du monde entier rendent les pi\u00e8ces sp\u00e9ciales et cr\u00e9ent une atmosph\u00e8re magnifique et \u00e9l\u00e9gante. Une collection de marbre, de granit, d'onyx, de travertin et de pierre calcaire qui meuble \u00e9l\u00e9gamment, avec des couleurs vives ou d\u00e9licates et des nuances harmonieuses. La valeur de la vari\u00e9t\u00e9 enrichit les pi\u00e8ces gr\u00e2ce \u00e0 un travail unique r\u00e9alis\u00e9 \u00e0 l'aide d'une technologie innovante. Pour une d\u00e9coration \u00e9l\u00e9gante et des effets saisissants.<\/p>\n<p><img decoding=\"async\" class=\"aligncenter\" src=\"https:\/\/data.adwebcloud.com\/public\/material\/220426a7q47o\/product\/imageFile_1664271753799.jpg\" alt=\"\" \/><\/p>\n<p><img decoding=\"async\" class=\"aligncenter\" src=\"https:\/\/data.adwebcloud.com\/public\/material\/220426a7q47o\/product\/imageFile_1664271755183.jpg\" alt=\"\" \/><\/p>\n<p><img decoding=\"async\" class=\"aligncenter\" src=\"https:\/\/data.adwebcloud.com\/public\/material\/220426a7q47o\/product\/imageFile_1664271756211.jpg\" alt=\"\" \/><\/p>","protected":false},"excerpt":{"rendered":"<p>Les dalles de marbre Arabescato Orobico sont extraites en Italie. Des veines blanches et dor\u00e9es traversent un fond gris fonc\u00e9 ou gris clair, produisant un design distinctif pour nous. Il est r\u00e9put\u00e9 pour sa d\u00e9coration en toile de fond, son sol et son escalier, qui contribuent tous au caract\u00e8re distinctif de votre maison\u2026<\/p>","protected":false},"featured_media":3813,"comment_status":"closed","ping_status":"closed","template":"","meta":[],"product_brand":[],"product_cat":[175],"product_tag":[372],"class_list":{"0":"post-2578","1":"product","2":"type-product","3":"status-publish","4":"has-post-thumbnail","6":"product_cat-marble","7":"product_tag-bathroomsfloorsgoldyellowkitchensmarbleslabstileswalls","9":"first","10":"instock","11":"product-type-simple"},"_links":{"self":[{"href":"https:\/\/www.quartzite-stone.com\/fr\/wp-json\/wp\/v2\/product\/2578","targetHints":{"allow":["GET"]}}],"collection":[{"href":"https:\/\/www.quartzite-stone.com\/fr\/wp-json\/wp\/v2\/product"}],"about":[{"href":"https:\/\/www.quartzite-stone.com\/fr\/wp-json\/wp\/v2\/types\/product"}],"replies":[{"embeddable":true,"href":"https:\/\/www.quartzite-stone.com\/fr\/wp-json\/wp\/v2\/comments?post=2578"}],"wp:featuredmedia":[{"embeddable":true,"href":"https:\/\/www.quartzite-stone.com\/fr\/wp-json\/wp\/v2\/media\/3813"}],"wp:attachment":[{"href":"https:\/\/www.quartzite-stone.com\/fr\/wp-json\/wp\/v2\/media?parent=2578"}],"wp:term":[{"taxonomy":"product_brand","embeddable":true,"href":"https:\/\/www.quartzite-stone.com\/fr\/wp-json\/wp\/v2\/product_brand?post=2578"},{"taxonomy":"product_cat","embeddable":true,"href":"https:\/\/www.quartzite-stone.com\/fr\/wp-json\/wp\/v2\/product_cat?post=2578"},{"taxonomy":"product_tag","embeddable":true,"href":"https:\/\/www.quartzite-stone.com\/fr\/wp-json\/wp\/v2\/product_tag?post=2578"}],"curies":[{"name":"wp","href":"https:\/\/api.w.org\/{rel}","templated":true}]}}