{"id":2570,"date":"2022-07-04T23:52:04","date_gmt":"2022-07-04T15:52:04","guid":{"rendered":"https:\/\/www.quartzite-stone.com\/product\/serpeggiante-classico-marble\/"},"modified":"2022-09-27T17:59:42","modified_gmt":"2022-09-27T09:59:42","slug":"marbre-serpeggiante-classico","status":"publish","type":"product","link":"https:\/\/www.quartzite-stone.com\/fr\/products\/serpeggiante-classico-marble\/","title":{"rendered":"Marbre Serpeggiante Classico"},"content":{"rendered":"<p>INFORMATIONS COMPL\u00c9MENTAIRES<\/p>\n<table>\n<tbody>\n<tr>\n<td width=\"124\"><strong>MAT\u00c9RIEL<\/strong><\/td>\n<td width=\"444\">Marbre<\/td>\n<\/tr>\n<tr>\n<td width=\"124\"><strong>COULEUR<\/strong><\/td>\n<td width=\"444\">Beige<\/td>\n<\/tr>\n<tr>\n<td width=\"124\"><strong>PAYS D&#039;ORIGINE<\/strong><\/td>\n<td width=\"444\">Italie<\/td>\n<\/tr>\n<tr>\n<td width=\"124\"><strong>FINITION DE SURFACE<\/strong><\/td>\n<td width=\"444\">Poli, aiguis\u00e9, cuir\u00e9<\/td>\n<\/tr>\n<tr>\n<td width=\"124\"><strong>UTILISER<\/strong><\/td>\n<td width=\"444\">Cuisines, salles de bains, sols, murs, carrelages, dalles<\/td>\n<\/tr>\n<tr>\n<td width=\"124\"><strong>DISPONIBILIT\u00c9<\/strong><\/td>\n<td width=\"444\">Veuillez v\u00e9rifier la disponibilit\u00e9 des stocks aupr\u00e8s de HRST STONE pour visiter.<\/p>\n<p>Les \u00e9chantillons de pierre ne sont pas non plus disponibles pour chaque s\u00e9lection de pierre, veuillez vous renseigner pour la disponibilit\u00e9.<\/td>\n<\/tr>\n<\/tbody>\n<\/table>\n<p>Le marbre Serpeggiante Classico est de couleur beige chaude, de texture fine, de texture claire, calme et de grande envergure, cr\u00e9ant un espace \u00e9l\u00e9gant, mais ne poursuivant pas les feux de la rampe. Les couches sont distinctes, ajoutant un peu de flexibilit\u00e9, pr\u00eatant attention \u00e0 l&#039;harmonie mais rejetant l&#039;unicit\u00e9. M\u00eame s&#039;il est utilis\u00e9 dans une grande zone, il ne donnera pas aux gens un sentiment de monotonie.<\/p>\n<p>En m\u00eame temps, Classic Serpeggiante Trani est un marbre beige extrait en Italie. L&#039;ext\u00e9rieur, l&#039;int\u00e9rieur, le rev\u00eatement mural, l&#039;\u00e9vier, le bassin, la mosa\u00efque, les escaliers, les comptoirs et d&#039;autres projets de conception b\u00e9n\u00e9ficient grandement de cette pierre.<\/p>\n<p><img fetchpriority=\"high\" decoding=\"async\" class=\"aligncenter\" src=\"https:\/\/data.adwebcloud.com\/public\/material\/220426a7q47o\/product\/imageFile_1664271750869.jpg\" alt=\"\" width=\"750\" height=\"600\" \/><\/p>\n<p><img decoding=\"async\" class=\"aligncenter\" src=\"https:\/\/data.adwebcloud.com\/public\/material\/220426a7q47o\/product\/imageFile_1664271751773.jpg\" alt=\"\" width=\"750\" height=\"600\" \/><\/p>\n<p><img decoding=\"async\" class=\"aligncenter\" src=\"https:\/\/data.adwebcloud.com\/public\/material\/220426a7q47o\/product\/imageFile_1664271752776.jpg\" alt=\"\" \/><\/p>","protected":false},"excerpt":{"rendered":"<p>Le marbre Serpeggiante Classico est de couleur beige chaude, de texture fine, de texture claire, calme et de grande envergure, cr\u00e9ant un espace \u00e9l\u00e9gant, mais ne poursuivant pas les feux de la rampe. Les couches sont distinctes, ajoutant un peu de flexibilit\u00e9, pr\u00eatant attention \u00e0 l&#039;harmonie mais rejetant l&#039;unicit\u00e9. M\u00eame s&#039;il est utilis\u00e9...<\/p>","protected":false},"featured_media":3809,"comment_status":"closed","ping_status":"closed","template":"","meta":[],"product_brand":[],"product_cat":[175],"product_tag":[371],"class_list":{"0":"post-2570","1":"product","2":"type-product","3":"status-publish","4":"has-post-thumbnail","6":"product_cat-marble","7":"product_tag-bathroomsbeigefloorskitchensmarbleslabstileswalls","9":"first","10":"instock","11":"product-type-simple"},"_links":{"self":[{"href":"https:\/\/www.quartzite-stone.com\/fr\/wp-json\/wp\/v2\/product\/2570","targetHints":{"allow":["GET"]}}],"collection":[{"href":"https:\/\/www.quartzite-stone.com\/fr\/wp-json\/wp\/v2\/product"}],"about":[{"href":"https:\/\/www.quartzite-stone.com\/fr\/wp-json\/wp\/v2\/types\/product"}],"replies":[{"embeddable":true,"href":"https:\/\/www.quartzite-stone.com\/fr\/wp-json\/wp\/v2\/comments?post=2570"}],"wp:featuredmedia":[{"embeddable":true,"href":"https:\/\/www.quartzite-stone.com\/fr\/wp-json\/wp\/v2\/media\/3809"}],"wp:attachment":[{"href":"https:\/\/www.quartzite-stone.com\/fr\/wp-json\/wp\/v2\/media?parent=2570"}],"wp:term":[{"taxonomy":"product_brand","embeddable":true,"href":"https:\/\/www.quartzite-stone.com\/fr\/wp-json\/wp\/v2\/product_brand?post=2570"},{"taxonomy":"product_cat","embeddable":true,"href":"https:\/\/www.quartzite-stone.com\/fr\/wp-json\/wp\/v2\/product_cat?post=2570"},{"taxonomy":"product_tag","embeddable":true,"href":"https:\/\/www.quartzite-stone.com\/fr\/wp-json\/wp\/v2\/product_tag?post=2570"}],"curies":[{"name":"wp","href":"https:\/\/api.w.org\/{rel}","templated":true}]}}