{"id":2543,"date":"2022-07-04T23:50:43","date_gmt":"2022-07-04T15:50:43","guid":{"rendered":"https:\/\/www.quartzite-stone.com\/product\/ceppo-nova-marble\/"},"modified":"2025-08-27T11:53:44","modified_gmt":"2025-08-27T03:53:44","slug":"marbre-ceppo-nova","status":"publish","type":"product","link":"https:\/\/www.quartzite-stone.com\/fr\/products\/ceppo-nova-marble\/","title":{"rendered":"Marbre Ceppo Nova"},"content":{"rendered":"<p>INFORMATIONS COMPL\u00c9MENTAIRES<\/p>\n<table>\n<tbody>\n<tr>\n<td width=\"124\"><strong>MAT\u00c9RIEL<\/strong><\/td>\n<td width=\"444\">Marbre<\/td>\n<\/tr>\n<tr>\n<td width=\"124\"><strong>COULEUR<\/strong><\/td>\n<td width=\"444\">Gris<\/td>\n<\/tr>\n<tr>\n<td width=\"124\"><strong>PAYS D&#039;ORIGINE<\/strong><\/td>\n<td width=\"444\">Italie<\/td>\n<\/tr>\n<tr>\n<td width=\"124\"><strong>FINITION DE SURFACE<\/strong><\/td>\n<td width=\"444\">Poli, aiguis\u00e9, cuir\u00e9<\/td>\n<\/tr>\n<tr>\n<td width=\"124\"><strong>UTILISER<\/strong><\/td>\n<td width=\"444\">Cuisines, salles de bains, sols, murs, carrelages, dalles<\/td>\n<\/tr>\n<tr>\n<td width=\"124\"><strong>DISPONIBILIT\u00c9<\/strong><\/td>\n<td width=\"444\">Veuillez v\u00e9rifier la disponibilit\u00e9 des stocks aupr\u00e8s de HRST STONE pour visiter.<\/p>\n<p>Les \u00e9chantillons de pierre ne sont pas non plus disponibles pour chaque s\u00e9lection de pierre, veuillez vous renseigner pour la disponibilit\u00e9.<\/td>\n<\/tr>\n<\/tbody>\n<\/table>\n<p>Ceppo Romano est une magnifique br\u00e8che beige sableuse compos\u00e9e de fragments rocheux irr\u00e9guliers de formes vari\u00e9es et de graviers. Cette pierre est particuli\u00e8rement bien adapt\u00e9e aux plans de travail de cuisine et de salle de bain, aux cages d&#039;escalier, \u00e0 la pierre de construction, \u00e0 la pierre ornementale, aux applications murales int\u00e9rieures et ext\u00e9rieures, \u00e0 la mosa\u00efque, au motif jet d&#039;eau et \u00e0 d&#039;autres projets de conception. Poli, bouchard\u00e9, d\u00e9gringol\u00e9, bross\u00e9, aiguis\u00e9, fendu, coup\u00e9 \u00e0 la machine, surface naturelle, sabl\u00e9, lavage \u00e0 l&#039;acide, peign\u00e9, cuir, jet d&#039;eau, rempli, cisel\u00e9, d\u00e9capage et d&#039;autres finitions sont disponibles pour le marbre Ceppo Romano.<\/p>\n<p>Le marbre Ceppo Nova est une belle pierre de br\u00e8che beige sable, compos\u00e9e de morceaux de roche irr\u00e9guliers de formes diff\u00e9rentes et de graviers distincts. Cette pierre est particuli\u00e8rement adapt\u00e9e aux comptoirs de cuisine et de salle de bain, aux escaliers, \u00e0 la pierre de construction, \u00e0 la pierre ornementale, aux applications murales int\u00e9rieures et ext\u00e9rieures, \u00e0 la mosa\u00efque, au motif de jet d&#039;eau et \u00e0 d&#039;autres projets de conception. Le marbre Ceppo Nova peut \u00eatre transform\u00e9 en poli, martel\u00e9, d\u00e9gringol\u00e9, bross\u00e9, aiguis\u00e9, fendu, coup\u00e9 \u00e0 la machine, surface naturelle, sabl\u00e9, lavage \u00e0 l&#039;acide, peign\u00e9, cuir, jet d&#039;eau, rempli, cisel\u00e9, d\u00e9capage, etc.<\/p>\n<p><span style=\"font-family: Calibri;\">Propri\u00e9t\u00e9s physiques<\/span><\/p>\n<p><span style=\"font-family: Calibri;\">1. Bonne performance antisalissure<\/span><\/p>\n<p><span style=\"font-family: Calibri;\">La temp\u00e9rature \u00e9lev\u00e9e et la combustion lente au-dessus de 1200 <\/span><span style=\"font-family: \u5b8b\u4f53;\">\u2103 <\/span><span style=\"font-family: Calibri;\">s&#039;assurer que le marbre ceppo nova a une structure dense, une faible absorption d&#039;eau et des performances antisalissures jusqu&#039;au grade 4\u00a0;<\/span><\/p>\n<p><span style=\"font-family: Calibri;\">2. R\u00e9sistance aux acides et aux alcalis<\/span><\/p>\n<p><span style=\"font-family: Calibri;\">En effet, le composant principal de l&#039;\u00e9mail de surface du marbre ceppo nova est le dioxyde de silicium. Apr\u00e8s cuisson \u00e0 haute temp\u00e9rature, un mat\u00e9riau de mullite est form\u00e9, qui peut r\u00e9sister efficacement aux acides et aux alcalis;<\/span><\/p>\n<p><span style=\"font-family: Calibri;\">3. Duret\u00e9 \u00e9lev\u00e9e, plus r\u00e9sistant \u00e0 l&#039;usure<\/span><\/p>\n<p><span style=\"font-family: Calibri;\">La duret\u00e9 Mohs des carreaux de marbre peut atteindre 5 ~ 6, ce qui signifie que le frottement de la surface de la chaussure rend difficile le grattage de la surface des carreaux de marbre, et m\u00eame avec un couteau, il est difficile de former des rayures sur la surface des carreaux de marbre. ;<\/span><\/p>\n<p><span style=\"font-family: Calibri;\">4. Haute r\u00e9sistance \u00e0 la flexion<\/span><\/p>\n<p><span style=\"font-family: Calibri;\">M\u00eame si les carreaux sont pos\u00e9s en diagonale et pos\u00e9s sur la surface des carreaux, ils peuvent toujours avoir une bonne force portante et la difficult\u00e9 de construction est consid\u00e9rablement r\u00e9duite par rapport au marbre fragile;<\/span><\/p>\n<p><span style=\"font-family: Calibri;\">5. Bonne performance antid\u00e9rapante<\/span><\/p>\n<p><span style=\"font-family: Calibri;\">M\u00eame dans les salles de bains et autres lieux publics, le marbre ceppo nova<\/span><\/p>\n<p><span style=\"font-family: Calibri;\">Bien perform\u00e9 aussi.<\/span><\/p>\n<p><img decoding=\"async\" class=\"aligncenter\" src=\"https:\/\/data.adwebcloud.com\/public\/material\/220426a7q47o\/product\/imageFile_1663316939140.jpg\" alt=\"\" \/><\/p>\n<p><img fetchpriority=\"high\" decoding=\"async\" class=\"aligncenter\" src=\"https:\/\/data.adwebcloud.com\/public\/material\/220426a7q47o\/product\/imageFile_1663316940504.jpg\" alt=\"\" width=\"750\" height=\"600\" \/><\/p>\n<p><img decoding=\"async\" class=\"aligncenter\" src=\"https:\/\/data.adwebcloud.com\/public\/material\/220426a7q47o\/product\/imageFile_1663316941628.jpg\" alt=\"\" \/><\/p>\n<p><img decoding=\"async\" class=\"aligncenter\" src=\"https:\/\/data.adwebcloud.com\/public\/material\/220426a7q47o\/product\/imageFile_1663316942915.jpg\" alt=\"\" \/><\/p>","protected":false},"excerpt":{"rendered":"<p>Ceppo Romano est une magnifique br\u00e8che beige sableuse compos\u00e9e de fragments rocheux irr\u00e9guliers de formes vari\u00e9es et de graviers. Cette pierre est particuli\u00e8rement bien adapt\u00e9e pour les plans de travail de cuisine et de salle de bain, les cages d&#039;escalier, la pierre de construction, la pierre ornementale, les applications murales int\u00e9rieures et ext\u00e9rieures, la mosa\u00efque.<\/p>","protected":false},"featured_media":4470,"comment_status":"closed","ping_status":"closed","template":"","meta":[],"product_brand":[],"product_cat":[175],"product_tag":[2139,2136,2137,2140,2141,2138],"class_list":{"0":"post-2543","1":"product","2":"type-product","3":"status-publish","4":"has-post-thumbnail","6":"product_cat-marble","7":"product_tag-ceppo-nova-marble-flooring","8":"product_tag-ceppo-nova-marble-slab","9":"product_tag-forssil-grey-marble","10":"product_tag-fossil-grey-marble-bathroom","11":"product_tag-marble-wall-covering","12":"product_tag-nova-pavo-marble-tile","14":"first","15":"instock","16":"product-type-simple"},"_links":{"self":[{"href":"https:\/\/www.quartzite-stone.com\/fr\/wp-json\/wp\/v2\/product\/2543","targetHints":{"allow":["GET"]}}],"collection":[{"href":"https:\/\/www.quartzite-stone.com\/fr\/wp-json\/wp\/v2\/product"}],"about":[{"href":"https:\/\/www.quartzite-stone.com\/fr\/wp-json\/wp\/v2\/types\/product"}],"replies":[{"embeddable":true,"href":"https:\/\/www.quartzite-stone.com\/fr\/wp-json\/wp\/v2\/comments?post=2543"}],"wp:featuredmedia":[{"embeddable":true,"href":"https:\/\/www.quartzite-stone.com\/fr\/wp-json\/wp\/v2\/media\/4470"}],"wp:attachment":[{"href":"https:\/\/www.quartzite-stone.com\/fr\/wp-json\/wp\/v2\/media?parent=2543"}],"wp:term":[{"taxonomy":"product_brand","embeddable":true,"href":"https:\/\/www.quartzite-stone.com\/fr\/wp-json\/wp\/v2\/product_brand?post=2543"},{"taxonomy":"product_cat","embeddable":true,"href":"https:\/\/www.quartzite-stone.com\/fr\/wp-json\/wp\/v2\/product_cat?post=2543"},{"taxonomy":"product_tag","embeddable":true,"href":"https:\/\/www.quartzite-stone.com\/fr\/wp-json\/wp\/v2\/product_tag?post=2543"}],"curies":[{"name":"wp","href":"https:\/\/api.w.org\/{rel}","templated":true}]}}