{"id":2490,"date":"2022-07-04T23:49:04","date_gmt":"2022-07-04T15:49:04","guid":{"rendered":"https:\/\/www.quartzite-stone.com\/product\/calacatta-viola\/"},"modified":"2023-05-24T12:38:39","modified_gmt":"2023-05-24T04:38:39","slug":"marbre-calacatta-alto","status":"publish","type":"product","link":"https:\/\/www.quartzite-stone.com\/fr\/products\/calacatta-viola-marble\/","title":{"rendered":"Marbre Viola Calacatta"},"content":{"rendered":"<p><strong>MARBRE POLI CALACATTA ALTO<\/strong><\/p>\n<p>Dans le monde de la pierre naturelle, le marbre Calacatta est depuis longtemps un mat\u00e9riau incontournable pour les plans de travail de cuisine et de salle de bain en raison de son aspect traditionnel et intemporel.<\/p>\n<p>Calacatta Viola Marble convient aux t\u00e2ches impliquant la conception int\u00e9rieure de yachts en marbre, y compris les plans de travail, les sols uniques, les comptoirs de cuisine et les murs.<\/p>\n<p>Calacatta Viola Marble \u00e9galement connu sous le nom de Breccia Vagli. Top marbre italien classique ressemblant \u00e0 des calottes glaciaires flottant dans une mer rouge profonde. Un marbre magnifique qui peut faire une d\u00e9claration dans n&#039;importe quel espace.<\/p>\n<p>Calacatta Marble peut \u00eatre utilis\u00e9 comme \u00e9vier solide pour les comptoirs de cuisine :<\/p>\n<ul>\n<li>Calacatta Alto Marbre<\/li>\n<li>\u00c9vier en forme de rectangle<\/li>\n<li>Rectangle d&#039;\u00e9vier en marbre personnalis\u00e9<\/li>\n<li>\u00c9vier de vidange cach\u00e9<\/li>\n<li>\u00c9vier en marbre de ferme<\/li>\n<li>D\u00e9cor de salle de bain<\/li>\n<\/ul>\n<p><img decoding=\"async\" src=\"https:\/\/data.adwebcloud.com\/public\/material\/220426a7q47o\/product\/7391f928-292c-456f-9954-02b83fa258ac.jpg\" \/><\/p>\n<p>Maintenant, de plus en plus de gens choisissent <strong>Calacatta Viola Marbre pour accessoires et meubles en marbre<\/strong><\/p>\n<p>Les meubles et les accessoires sont une merveilleuse m\u00e9thode suppl\u00e9mentaire pour utiliser le marbre dans votre environnement. <strong>Table \u00e0 caf\u00e9 <\/strong>en marbre Calacatta Viola donnera imm\u00e9diatement \u00e0 vos espaces de vie un aspect attrayant. Utilisez des socles en marbre pour afficher vos \u0153uvres d&#039;art originales ou vos portraits de famille. Les citrons ou autres fruits semblent attrayants affich\u00e9s sur des plats en marbre Calacatta Viola distinctifs sur vos comptoirs de cuisine.<\/p>\n<p><img fetchpriority=\"high\" decoding=\"async\" src=\"https:\/\/data.adwebcloud.com\/public\/material\/220426a7q47o\/product\/7a4050f6-f50f-4013-bab3-9d8a04977ec7.jpg\" width=\"651\" height=\"521\" \/><\/p>\n<p>&nbsp;<strong>Calacatta Viola Marbre<\/strong> ses multiples dimensions sont \u00e9poustouflantes ! Sur la surface de cette pierre s\u00e9duisante, une pl\u00e9thore de motifs semblent se combiner et bouger, faisant craindre qu&#039;ils ne quittent leur toile et ne s&#039;immiscent dans ce monde. Les teintes profondes de l&#039;arri\u00e8re-plan ont r\u00e9ussi \u00e0 se fondre et \u00e0 se d\u00e9marquer simultan\u00e9ment.<\/p>\n<p><img decoding=\"async\" src=\"https:\/\/data.adwebcloud.com\/public\/material\/220426a7q47o\/product\/996c4110-eb91-4ef0-8be1-c1f3ef077644.jpg\" width=\"665\" height=\"532\" \/><\/p>\n<p>Audacieusement luxueux, le marbre calacatta alto enchante les spectateurs avec son design remarquable d&#039;\u00e9claboussures blanches comme neige et sinueuses qui semblent flotter parmi un veinage saisissant de teintes rouge vin profond et ros\u00e9. Le contraste vibrant du blanc cristallin avec les tons plus fonc\u00e9s conf\u00e8re \u00e0 ce marbre une dimensionnalit\u00e9 in\u00e9gal\u00e9e. Un beau rythme se forme sur la surface qui insuffle \u00e0 cette pierre naturelle une sophistication intemporelle.<\/p>\n<p>&nbsp;<\/p>\n<p>Un ajout convaincant \u00e0 tout int\u00e9rieur, le marbre calacatta tendance instille un sentiment de romantisme et de grandeur. Le motif fin et la profondeur de cette pierre naturelle transforment sans effort les maisons et les bureaux en points de discussion \u00e9l\u00e9gants qui \u00e9tonnent et impressionnent. Apportez une touche de vogue \u00e0 votre cuisine avec un magnifique dosseret en marbre, \u00e9levez le luxe de vos salles de bains avec des plans de travail et des vanit\u00e9s en marbre, ou transformez votre chemin\u00e9e en un point central en utilisant des carreaux de marbre pour d\u00e9tailler les environs avec des murs en marbre \u00e0 couper le souffle. Ravivez l&#039;apparence de vos espaces int\u00e9rieurs en les infusant d&#039;une pierre de marbre blanche \u00e0 la fois spectaculaire et glamour.<\/p>\n<p>&nbsp;<\/p>\n<p>Incorporer un marbre aussi vibrant que l&#039;alto calacatta \u00e0 la mode dans votre maison peut sembler quelque peu intimidant avec son design audacieux et ses tons vifs. Cependant, la cl\u00e9 pour transformer vos espaces avec cette pierre naturelle exclusive est de l&#039;utiliser \u00e0 petites doses - accents et pi\u00e8ces de d\u00e9claration - plut\u00f4t qu&#039;en grandes quantit\u00e9s qui submergent l&#039;\u0153il. Dans ce cas, moins c&#039;est infiniment plus.<\/p>\n<p>&nbsp;<\/p>\n<h3 style=\"font-size: 19px\">Utilisez du marbre dans le cadre de votre sol ou de vos murs<\/h3>\n<p>Insufflez \u00e0 votre cuisine une touche de couleur en utilisant un dosseret en marbre calacatta alto envo\u00fbtant. Cette pure touche de couleur et de motifs cr\u00e9era un point focal \u00e9l\u00e9gant qui rehaussera la pi\u00e8ce au lieu de rivaliser avec d&#039;autres \u00e9l\u00e9ments. Dans le cas des salles de bains, utilisez uniquement des murs en marbre dans votre douche, encore une fois, cela donnera lieu \u00e0 un sujet de conversation \u00e9blouissant, ajoutant une touche de couleur et de sophistication \u00e0 la pi\u00e8ce.<\/p>\n<p>&nbsp;<\/p>\n<h3 style=\"font-size: 19px\">Zoom sur les meubles et accessoires en marbre<\/h3>\n<p>Une autre fa\u00e7on fabuleuse d&#039;inclure le marbre dans votre environnement consiste \u00e0 utiliser des meubles et des accessoires. Les tables basses en marbre Calacatta apporteront instantan\u00e9ment un style s\u00e9duisant \u00e0 vos espaces de vie. Utilisez des socles en marbre pour mettre en valeur vos \u0153uvres d&#039;art sur mesure ou vos portraits de famille. Les plateaux uniques en marbre calacatta alto sont une fa\u00e7on s\u00e9duisante d&#039;afficher des citrons ou d&#039;autres fruits sur vos comptoirs de cuisine.<\/p>\n<p>&nbsp;<\/p>\n<h3 style=\"font-size: 19px\">Une \u00e9tonnante variation d&#039;une pierre classique<\/h3>\n<h3>Comment pouvez-vous d\u00e9crire la beaut\u00e9 de mani\u00e8re cr\u00e9ative\u00a0? Marbre Calacatta Viola de Quartzite-Stone<\/h3>\n<p>La surface rappelle la glace cr\u00e9meuse flottant en \u00e9quilibre sur une mer d&#039;un rouge profond. C&#039;est un look pas comme les autres, combinant le blanc classique et le violet fonc\u00e9, avec la texture riche de <a href=\"https:\/\/www.quartzite-stone.com\/fr\/marbre\/\">marbre calacatta<\/a> qui captive et touche le c\u0153ur. Poli ou poli, ce marbre alto calacatta est un t\u00e9moignage du luxe chic.<\/p>\n<p>&nbsp;<\/p>\n<h3 style=\"font-size: 19px\">Luxueux et fonctionnel<\/h3>\n<p>Le marbre calacatta tendance est r\u00e9sistant \u00e0 la chaleur, il n&#039;y a donc pas besoin de s&#039;inqui\u00e9ter des marques de br\u00fblure sur le comptoir de la cuisine ou la salle de bain. Le marbre calacatta alto est \u00e0 la fois pratique et excitant \u00e0 utiliser sur les murs, les sols, les toiles de fond et les postes de travail de bureau.<\/p>\n<p>&nbsp;<\/p>\n<h3 style=\"font-size: 19px\">Unique et merveilleux<\/h3>\n<p>Au fil des d\u00e9cennies, la nature a cr\u00e9\u00e9 ces veines complexes sur la surface du marbre par la chaleur et la pression, jetant les bases du caract\u00e8re raffin\u00e9 du marbre calacatta. Vraiment unique, cette pi\u00e8ce de marbre alto calacatta tendance repr\u00e9sente un processus naturel vibrant, avec une juxtaposition po\u00e9tique et intense de couleurs \u00e0 la surface du marbre alto calacatta.<\/p>\n<p>&nbsp;<\/p>\n<h3 style=\"font-size: 19px\">S&#039;habiller pour impressioner<\/h3>\n<p>Ce comptoir en marbre calacatta est \u00e9l\u00e9gant et rayonne de lumi\u00e8re, ce qui en fait le choix parfait pour \u00e9gayer les espaces de vie et ajouter de la profondeur et du drame aux salles de bains, salles d&#039;eau et cuisines.<\/p>\n<p>&nbsp;<\/p>\n<h3 style=\"font-size: 19px\">Informations Compl\u00e9mentaires<\/h3>\n<table>\n<tbody>\n<tr>\n<td width=\"124\"><strong>MAT\u00c9RIEL<\/strong><\/td>\n<td width=\"444\">Marbre<\/td>\n<\/tr>\n<tr>\n<td width=\"124\"><strong>COULEUR<\/strong><\/td>\n<td width=\"444\">Blanc<\/td>\n<\/tr>\n<tr>\n<td width=\"124\"><strong>PAYS D&#039;ORIGINE<\/strong><\/td>\n<td width=\"444\">Italie<\/td>\n<\/tr>\n<tr>\n<td width=\"124\"><strong>FINITION DE SURFACE<\/strong><\/td>\n<td width=\"444\">Poli, aiguis\u00e9, cuir\u00e9<\/td>\n<\/tr>\n<tr>\n<td width=\"124\"><strong>UTILISER<\/strong><\/td>\n<td width=\"444\">Cuisines, salles de bains, sols, murs, carrelages, dalles, tables<\/td>\n<\/tr>\n<tr>\n<td width=\"124\"><strong>DISPONIBILIT\u00c9<\/strong><\/td>\n<td width=\"444\">Veuillez v\u00e9rifier la disponibilit\u00e9 des stocks aupr\u00e8s de HRST STONE pour visiter.<\/p>\n<p>Les \u00e9chantillons de pierre ne sont pas non plus disponibles pour chaque s\u00e9lection de pierre, veuillez vous renseigner pour la disponibilit\u00e9.<\/p>\n<\/td>\n<\/tr>\n<\/tbody>\n<\/table>\n<p><img decoding=\"async\" class=\"aligncenter\" src=\"https:\/\/data.adwebcloud.com\/public\/material\/220426a7q47o\/product\/imageFile_1663316947220.jpg\" alt=\"\" width=\"750\" height=\"600\" \/><\/p>\n<p><img loading=\"lazy\" decoding=\"async\" class=\"aligncenter\" src=\"https:\/\/data.adwebcloud.com\/public\/material\/220426a7q47o\/product\/imageFile_1663316948027.jpg\" alt=\"\" width=\"750\" height=\"742\" \/><\/p>\n<p><img loading=\"lazy\" decoding=\"async\" class=\"aligncenter\" src=\"https:\/\/data.adwebcloud.com\/public\/material\/220426a7q47o\/product\/imageFile_1663316948795.jpg\" alt=\"\" width=\"750\" height=\"600\" \/><\/p>\n<p><img loading=\"lazy\" decoding=\"async\" class=\"aligncenter\" src=\"https:\/\/data.adwebcloud.com\/public\/material\/220426a7q47o\/product\/imageFile_1663316949563.jpg\" alt=\"\" width=\"750\" height=\"600\" \/><\/p>\n<p>&nbsp;<\/p>\n<h3 style=\"font-size: 19px\">Caract\u00e9ristiques du marbre calacatta<\/h3>\n<p>Le marbre Calacatta viola est un marbre italien de haute qualit\u00e9 qui est appr\u00e9ci\u00e9 pour son fond blanc distinctif et ses veines grises audacieuses. Voici quelques-unes de ses fonctionnalit\u00e9s :<\/p>\n<ol>\n<li>Couleur : Le marbre Calacatta viola a une base blanche pure avec des veines \u00e9paisses et grises. Les veines peuvent varier en couleur du gris clair au gris fonc\u00e9.<\/li>\n<li>Texture : Ce marbre a une finition lisse et polie qui est froide au toucher. La surface de la pierre peut pr\u00e9senter de l\u00e9g\u00e8res variations de texture dues \u00e0 des imperfections naturelles.<\/li>\n<li>Durabilit\u00e9 : le marbre Calacatta est une pierre tr\u00e8s durable qui peut r\u00e9sister \u00e0 une utilisation intensive et \u00e0 l&#039;usure. C&#039;est un choix populaire pour les comptoirs de cuisine, les rev\u00eatements de sol et les surfaces de salle de bain.<\/li>\n<li>Co\u00fbt : Le marbre Calacatta viola est l&#039;un des types de marbre les plus chers en raison de sa raret\u00e9 et de sa forte demande. Le prix peut varier selon la qualit\u00e9, la couleur et la taille de la dalle.<\/li>\n<li>Entretien : Le marbre est une pierre poreuse, il n\u00e9cessite donc un scellement r\u00e9gulier pour \u00e9viter les taches et les dommages. Il est \u00e9galement sensible \u00e0 la gravure de substances acides, telles que le jus de citron ou le vinaigre.<\/li>\n<li>Flexibilit\u00e9 de conception : le marbre Calacatta peut \u00eatre utilis\u00e9 dans une vari\u00e9t\u00e9 de styles de conception, du traditionnel au moderne. Ses veines audacieuses peuvent cr\u00e9er une d\u00e9claration dramatique dans n&#039;importe quel espace.<\/li>\n<\/ol>\n<p>Cette vari\u00e9t\u00e9 frappante de marbre sert \u00e0 diverses fins car elle est sugg\u00e9r\u00e9e pour de nombreux mod\u00e8les. Avec son motif de veines lilas-violet scintillant, le marbre Calacatta viola est surtout connu pour sa large gamme d&#039;applications, y compris les rev\u00eatements muraux, les rev\u00eatements de sol int\u00e9rieurs et ext\u00e9rieurs, les surfaces de salle de bain et de comptoir, ainsi que la fabrication d&#039;objets ornementaux uniques. Son apparence \u00e9l\u00e9gante et styl\u00e9e donne une touche originale \u00e0 n&#039;importe quel endroit qui n&#039;en fait rien d&#039;autre qu&#039;un accrocheur absolu.<\/p>\n<p>Pour votre maison, votre h\u00f4tel, votre villa et d&#039;autres projets de salles de bains r\u00e9sidentielles commerciales, les plans de toilette en marbre Calacatta Viola id\u00e9aux sont disponibles. Le marbre Calacatta riche de couleur cabernet a une teinte blanc laiteux. Lorsqu&#039;ils sont utilis\u00e9s comme un grand d\u00e9cor de salle de bain ou une toile de fond assortie \u00e0 ce qui pourrait devenir votre pi\u00e8ce pr\u00e9f\u00e9r\u00e9e de la maison, ces dessus de vanit\u00e9 en marbre Calacatta Viola naturellement audacieux sont encore plus frappants.<\/p><\/p>","protected":false},"excerpt":{"rendered":"<p>Captur\u00e9 dans l&#039;une des plus anciennes carri\u00e8res de marbre d&#039;Italie, le marbre calacatta viola va l\u00e0 o\u00f9 aucune surface de marbre n&#039;est all\u00e9e auparavant. La pi\u00e8ce ma\u00eetresse de cuisine parfaite pour votre maison, Calacatta Viola Marble pr\u00e9sente de riches teintes de cabernet et une coloration blanc cr\u00e9meux.<\/p>","protected":false},"featured_media":6275,"comment_status":"closed","ping_status":"closed","template":"","meta":[],"product_brand":[],"product_cat":[175],"product_tag":[601,598,599,600],"class_list":{"0":"post-2490","1":"product","2":"type-product","3":"status-publish","4":"has-post-thumbnail","6":"product_cat-marble","7":"product_tag-calacatta-viola-marble-plinth","8":"product_tag-calacatta-viola-marble-table","9":"product_tag-calacatta-violet-marble-big-slabs-and-wall-tiles","10":"product_tag-marmi-calacatta-viola-countertops","12":"first","13":"instock","14":"product-type-simple"},"_links":{"self":[{"href":"https:\/\/www.quartzite-stone.com\/fr\/wp-json\/wp\/v2\/product\/2490","targetHints":{"allow":["GET"]}}],"collection":[{"href":"https:\/\/www.quartzite-stone.com\/fr\/wp-json\/wp\/v2\/product"}],"about":[{"href":"https:\/\/www.quartzite-stone.com\/fr\/wp-json\/wp\/v2\/types\/product"}],"replies":[{"embeddable":true,"href":"https:\/\/www.quartzite-stone.com\/fr\/wp-json\/wp\/v2\/comments?post=2490"}],"wp:featuredmedia":[{"embeddable":true,"href":"https:\/\/www.quartzite-stone.com\/fr\/wp-json\/wp\/v2\/media\/6275"}],"wp:attachment":[{"href":"https:\/\/www.quartzite-stone.com\/fr\/wp-json\/wp\/v2\/media?parent=2490"}],"wp:term":[{"taxonomy":"product_brand","embeddable":true,"href":"https:\/\/www.quartzite-stone.com\/fr\/wp-json\/wp\/v2\/product_brand?post=2490"},{"taxonomy":"product_cat","embeddable":true,"href":"https:\/\/www.quartzite-stone.com\/fr\/wp-json\/wp\/v2\/product_cat?post=2490"},{"taxonomy":"product_tag","embeddable":true,"href":"https:\/\/www.quartzite-stone.com\/fr\/wp-json\/wp\/v2\/product_tag?post=2490"}],"curies":[{"name":"wp","href":"https:\/\/api.w.org\/{rel}","templated":true}]}}