{"id":8575,"date":"2023-10-13T23:51:03","date_gmt":"2023-10-13T15:51:03","guid":{"rendered":"https:\/\/www.quartzite-stone.com\/product\/pandora-grey-marble-dining-table\/"},"modified":"2023-10-14T00:38:51","modified_gmt":"2023-10-13T16:38:51","slug":"mesa-de-comedor-pandora-de-marmol-gris","status":"publish","type":"product","link":"https:\/\/www.quartzite-stone.com\/es\/products\/pandora-grey-marble-dining-table\/","title":{"rendered":"Mesa de comedor de m\u00e1rmol gris Pandora"},"content":{"rendered":"<p>La mesa de comedor es un mueble para comer en casa. Generalmente, los restaurantes de los apartamentos se encuentran en la zona p\u00fablica que integra el sal\u00f3n y el comedor. Por lo tanto, a la hora de elegir una mesa de comedor, por un lado, debemos tener en cuenta la est\u00e9tica del conjunto y, por otro, la durabilidad y la facilidad de limpieza de la mesa de comedor.<\/p>\n<p><img fetchpriority=\"high\" decoding=\"async\" src=\"https:\/\/data.adwebcloud.com\/public\/material\/220426a7q47o\/product\/Pandoragraymarblediningtabl1_1697212005199.jpg\" width=\"800\" height=\"800\" alt=\"\" \/><\/p>\n<p>El tablero de mesa de comedor con textura de m\u00e1rmol es un material elegante y f\u00e1cil de cuidar. Utilizarlo como tablero de mesa de comedor har\u00e1 que el espacio en general resulte muy bonito, natural y con clase.<\/p>\n<p><img decoding=\"async\" src=\"https:\/\/data.adwebcloud.com\/public\/material\/220426a7q47o\/product\/Pandoragraymarblediningtabl9_1697212018162.jpg\" width=\"800\" height=\"800\" alt=\"\" \/><\/p>\n<\/p>\n<p><img decoding=\"async\" src=\"https:\/\/data.adwebcloud.com\/public\/material\/220426a7q47o\/product\/Pandoragraymarblediningtabl0_1697212032170.jpg\" width=\"800\" height=\"800\" alt=\"\" \/><\/p>","protected":false},"excerpt":{"rendered":"<p>El m\u00e1rmol blanco Pandora es un m\u00e1rmol gris de brecha extra\u00eddo en China. Esta piedra es especialmente adecuada para encimeras<\/p>","protected":false},"featured_media":8576,"comment_status":"open","ping_status":"closed","template":"","meta":[],"product_brand":[],"product_cat":[460],"product_tag":[1561,1150,573,1562],"class_list":{"0":"post-8575","1":"product","2":"type-product","3":"status-publish","4":"has-post-thumbnail","6":"product_cat-stone-furniture","7":"product_tag-china-dining-table-supplier","8":"product_tag-gray-marble-dining-table","9":"product_tag-marble-dining-table","10":"product_tag-stone-dining-table","12":"first","13":"instock","14":"shipping-taxable","15":"product-type-simple"},"_links":{"self":[{"href":"https:\/\/www.quartzite-stone.com\/es\/wp-json\/wp\/v2\/product\/8575","targetHints":{"allow":["GET"]}}],"collection":[{"href":"https:\/\/www.quartzite-stone.com\/es\/wp-json\/wp\/v2\/product"}],"about":[{"href":"https:\/\/www.quartzite-stone.com\/es\/wp-json\/wp\/v2\/types\/product"}],"replies":[{"embeddable":true,"href":"https:\/\/www.quartzite-stone.com\/es\/wp-json\/wp\/v2\/comments?post=8575"}],"wp:featuredmedia":[{"embeddable":true,"href":"https:\/\/www.quartzite-stone.com\/es\/wp-json\/wp\/v2\/media\/8576"}],"wp:attachment":[{"href":"https:\/\/www.quartzite-stone.com\/es\/wp-json\/wp\/v2\/media?parent=8575"}],"wp:term":[{"taxonomy":"product_brand","embeddable":true,"href":"https:\/\/www.quartzite-stone.com\/es\/wp-json\/wp\/v2\/product_brand?post=8575"},{"taxonomy":"product_cat","embeddable":true,"href":"https:\/\/www.quartzite-stone.com\/es\/wp-json\/wp\/v2\/product_cat?post=8575"},{"taxonomy":"product_tag","embeddable":true,"href":"https:\/\/www.quartzite-stone.com\/es\/wp-json\/wp\/v2\/product_tag?post=8575"}],"curies":[{"name":"wp","href":"https:\/\/api.w.org\/{rel}","templated":true}]}}