{"id":8247,"date":"2023-07-17T18:06:16","date_gmt":"2023-07-17T10:06:16","guid":{"rendered":"https:\/\/www.quartzite-stone.com\/product\/green-maestro-quartzite\/"},"modified":"2023-07-17T19:00:23","modified_gmt":"2023-07-17T11:00:23","slug":"cuarcita-maestro-verde","status":"publish","type":"product","link":"https:\/\/www.quartzite-stone.com\/es\/products\/green-maestro-quartzite\/","title":{"rendered":"Cuarcita Verde Maestro"},"content":{"rendered":"<p>La Cuarcita Verde Maestro es un tipo de piedra natural que presenta un hermoso color verde con matices y dibujos variados. Es una piedra duradera y resistente, por lo que resulta adecuada para diversas aplicaciones, como encimeras, suelos y revestimientos murales.<\/p>\n<p><img fetchpriority=\"high\" decoding=\"async\" src=\"https:\/\/data.adwebcloud.com\/public\/material\/220426a7q47o\/product\/e50f710a8f779ad77ef9eb1e14b5_1689588170103.jpg\" width=\"800\" height=\"600\" alt=\"\" \/><\/p>\n<p>Como su nombre indica, la Cuarcita Maestro es l\u00edder en belleza y glamour. Sus inusuales y m\u00edsticas vetas de un fuerte tono azul verdoso hacen de esta fascinante piedra natural una magn\u00edfica elecci\u00f3n para paredes y encimeras. No podr\u00e1 resistirse al fuerte patr\u00f3n ondulado que le llevar\u00e1 a un estado dram\u00e1tico de ensue\u00f1o.<\/p>\n<p><img decoding=\"async\" src=\"https:\/\/data.adwebcloud.com\/public\/material\/220426a7q47o\/product\/1c14026ea2ddf0b5a3221c4456d0_1689588187114.jpg\" width=\"800\" height=\"600\" alt=\"\" \/><\/p>\n<p>El color verde de la Cuarcita Verde Maestro suele combinarse con toques de blanco y gris, creando un aspecto \u00fanico y vibrante. La piedra a menudo presenta vetas y movimiento, lo que aumenta su atractivo visual y su car\u00e1cter.<\/p>\n<p><img decoding=\"async\" src=\"https:\/\/data.adwebcloud.com\/public\/material\/220426a7q47o\/product\/GreenMaestroQuartzite11_1689588204603.jpg\" width=\"800\" height=\"800\" alt=\"\" \/><\/p>\n<p><strong>\u00bfC\u00d3MO SE CUIDA LA CUARCITA MAESTRO?<\/strong><br \/>La cuarcita es resistente al calor y a las manchas, lo que la hace duradera y pr\u00e1ctica para encimeras de cocina y ba\u00f1o. Si elige Maestro para la encimera de su cocina, piense en a\u00f1adir m\u00e1s dramatismo incorpor\u00e1ndolo en una espectacular cascada. O, cuando menos es m\u00e1s, llame la atenci\u00f3n sobre su belleza con una instalaci\u00f3n minimalista. Recuerde, para todas las aplicaciones, un sellado adecuado le ayudar\u00e1 a mantener fuera la humedad y las bacterias a la vez que conserva su magn\u00edfico aspecto.<\/p><\/p>","protected":false},"excerpt":{"rendered":"<p>La Cuarcita Verde Maestro es una piedra natural resistente y duradera con un hermoso color verde y matices variables. Es adecuada para encimeras, suelos y revestimientos de paredes debido a su veteado \u00fanico de tonos azul-verde. El patr\u00f3n ondulado crea un efecto dram\u00e1tico y de ensue\u00f1o. La Cuarcita Verde Maestro se combina a menudo con matices blancos y grises, lo que aumenta su atractivo visual y su car\u00e1cter.<\/p><\/p>","protected":false},"featured_media":8248,"comment_status":"open","ping_status":"closed","template":"","meta":[],"product_brand":[],"product_cat":[195],"product_tag":[1487,1490,1492,1493,1491,1344,1279,1489,1488],"class_list":{"0":"post-8247","1":"product","2":"type-product","3":"status-publish","4":"has-post-thumbnail","6":"product_cat-quartzite","7":"product_tag-green-maestro-quartzite","8":"product_tag-green-maestro-quartzite-countertop","9":"product_tag-green-maestro-quartzite-kitchen","10":"product_tag-green-maestro-quartzite-price","11":"product_tag-green-maestro-quartzite-slab","12":"product_tag-green-quartzite-countertop","13":"product_tag-green-quartzite-slab","14":"product_tag-maestro-quartzite","15":"product_tag-verde-maestro-quartzite","17":"first","18":"instock","19":"shipping-taxable","20":"product-type-simple"},"_links":{"self":[{"href":"https:\/\/www.quartzite-stone.com\/es\/wp-json\/wp\/v2\/product\/8247","targetHints":{"allow":["GET"]}}],"collection":[{"href":"https:\/\/www.quartzite-stone.com\/es\/wp-json\/wp\/v2\/product"}],"about":[{"href":"https:\/\/www.quartzite-stone.com\/es\/wp-json\/wp\/v2\/types\/product"}],"replies":[{"embeddable":true,"href":"https:\/\/www.quartzite-stone.com\/es\/wp-json\/wp\/v2\/comments?post=8247"}],"wp:featuredmedia":[{"embeddable":true,"href":"https:\/\/www.quartzite-stone.com\/es\/wp-json\/wp\/v2\/media\/8248"}],"wp:attachment":[{"href":"https:\/\/www.quartzite-stone.com\/es\/wp-json\/wp\/v2\/media?parent=8247"}],"wp:term":[{"taxonomy":"product_brand","embeddable":true,"href":"https:\/\/www.quartzite-stone.com\/es\/wp-json\/wp\/v2\/product_brand?post=8247"},{"taxonomy":"product_cat","embeddable":true,"href":"https:\/\/www.quartzite-stone.com\/es\/wp-json\/wp\/v2\/product_cat?post=8247"},{"taxonomy":"product_tag","embeddable":true,"href":"https:\/\/www.quartzite-stone.com\/es\/wp-json\/wp\/v2\/product_tag?post=8247"}],"curies":[{"name":"wp","href":"https:\/\/api.w.org\/{rel}","templated":true}]}}