{"id":8151,"date":"2023-07-12T16:52:04","date_gmt":"2023-07-12T08:52:04","guid":{"rendered":"https:\/\/www.quartzite-stone.com\/product\/blue-tiger-eyes\/"},"modified":"2023-07-19T10:48:12","modified_gmt":"2023-07-19T02:48:12","slug":"ojos-azules-de-tigre","status":"publish","type":"product","link":"https:\/\/www.quartzite-stone.com\/es\/products\/blue-tiger-eyes\/","title":{"rendered":"ojos de tigre azul"},"content":{"rendered":"<p>Una mesa de ojo de tigre azul es un mueble que presenta un tablero hecho de la piedra preciosa conocida como ojo de tigre azul. El ojo de tigre azul, tambi\u00e9n llamado ojo de halc\u00f3n, es una forma de cuarzo con un color azul \u00fanico y chatoyance, que es el fen\u00f3meno \u00f3ptico que crea un efecto brillante u &quot;ojo de gato&quot; cuando la piedra se ve desde ciertos \u00e1ngulos.<\/p>\n<p><img fetchpriority=\"high\" decoding=\"async\" src=\"https:\/\/data.adwebcloud.com\/public\/material\/220426a7q47o\/product\/BlueYellowTigerEyes4_1689151797734.jpg\" width=\"800\" height=\"600\" alt=\"\" \/><\/p>\n<p>El ojo de tigre azul se caracteriza por su color azul profundo con rayas de luz parlanchina que se mueven por la superficie a medida que se gira la piedra. Este efecto cautivador le da a la piedra una sensaci\u00f3n de profundidad y movimiento, agregando inter\u00e9s visual a cualquier espacio.<\/p>\n<p>Las mesas de ojo de tigre azul suelen estar hechas a mano para mostrar la belleza natural de la piedra. Las losas de ojo de tigre azul que se usan para las mesas a menudo se cortan en varias formas, como rectangulares, redondas u ovaladas, y se pulen hasta obtener un acabado suave y brillante.<\/p>\n<p>Estas mesas pueden servir como puntos focales llamativos en el dise\u00f1o de interiores. A menudo se utilizan como mesas de caf\u00e9, mesas auxiliares o piezas decorativas, lo que agrega un toque de elegancia y m\u00edstica a cualquier habitaci\u00f3n. El cautivador color azul y los llamativos patrones del ojo de tigre azul pueden complementar una variedad de estilos de dise\u00f1o, desde modernos hasta tradicionales.<\/p>\n<p><img decoding=\"async\" src=\"https:\/\/data.adwebcloud.com\/public\/material\/220426a7q47o\/product\/BlueYellowTigerEyes8_1689151807231.jpg\" width=\"800\" height=\"600\" alt=\"\" \/><\/p>\n<p>Adem\u00e1s de su atractivo est\u00e9tico, se cree que el ojo de tigre azul posee ciertas propiedades metaf\u00edsicas. Se cree que es una piedra de protecci\u00f3n, claridad y perspicacia. Mucha gente usa el ojo de tigre azul en sus espacios vitales para crear una atm\u00f3sfera tranquila y serena o para apoyar el crecimiento personal y la autoexpresi\u00f3n.<\/p>\n<p>Cuando se trata de cuidar una mesa de ojo de tigre azul, es importante manipular la piedra con cuidado, ya que puede ser relativamente blanda en comparaci\u00f3n con otros minerales. Para limpiar la mesa, simplemente use un pa\u00f1o suave o una esponja con agua y jab\u00f3n suave. Evite el uso de productos qu\u00edmicos agresivos o limpiadores abrasivos que puedan da\u00f1ar la superficie de la piedra.<\/p>\n<p>En resumen, una mesa ojo de tigre azul es un mueble con un tablero hecho de la cautivadora piedra preciosa ojo de tigre azul. Su color azul profundo y sus patrones alegres lo convierten en una adici\u00f3n llamativa para cualquier espacio interior. Ya sea que se use como una mesa funcional o como acento decorativo, una mesa ojo de tigre azul puede brindar una sensaci\u00f3n de elegancia e intriga a su hogar u oficina.<\/p><\/p>","protected":false},"excerpt":{"rendered":"<p>Una mesa de ojo de tigre azul es un mueble \u00fanico que presenta un tablero hecho de la cautivadora piedra preciosa ojo de tigre azul. Este cuarzo \u00fanico tiene un efecto de &quot;ojo de gato&quot; brillante y est\u00e1 hecho a mano para mostrar su belleza natural.<\/p><\/p>","protected":false},"featured_media":8267,"comment_status":"open","ping_status":"closed","template":"","meta":[],"product_brand":[],"product_cat":[208],"product_tag":[1429,1431,1434,1432,1430,1433],"class_list":{"0":"post-8151","1":"product","2":"type-product","3":"status-publish","4":"has-post-thumbnail","6":"product_cat-agate","7":"product_tag-blue-tiger-eyes","8":"product_tag-blue-tiger-eyes-countertop","9":"product_tag-blue-tiger-eyes-flooring","10":"product_tag-blue-tiger-eyes-slab","11":"product_tag-blue-tiger-eyes-table","12":"product_tag-blue-tiger-eyes-wall-tiles","14":"first","15":"instock","16":"shipping-taxable","17":"product-type-simple"},"_links":{"self":[{"href":"https:\/\/www.quartzite-stone.com\/es\/wp-json\/wp\/v2\/product\/8151","targetHints":{"allow":["GET"]}}],"collection":[{"href":"https:\/\/www.quartzite-stone.com\/es\/wp-json\/wp\/v2\/product"}],"about":[{"href":"https:\/\/www.quartzite-stone.com\/es\/wp-json\/wp\/v2\/types\/product"}],"replies":[{"embeddable":true,"href":"https:\/\/www.quartzite-stone.com\/es\/wp-json\/wp\/v2\/comments?post=8151"}],"wp:featuredmedia":[{"embeddable":true,"href":"https:\/\/www.quartzite-stone.com\/es\/wp-json\/wp\/v2\/media\/8267"}],"wp:attachment":[{"href":"https:\/\/www.quartzite-stone.com\/es\/wp-json\/wp\/v2\/media?parent=8151"}],"wp:term":[{"taxonomy":"product_brand","embeddable":true,"href":"https:\/\/www.quartzite-stone.com\/es\/wp-json\/wp\/v2\/product_brand?post=8151"},{"taxonomy":"product_cat","embeddable":true,"href":"https:\/\/www.quartzite-stone.com\/es\/wp-json\/wp\/v2\/product_cat?post=8151"},{"taxonomy":"product_tag","embeddable":true,"href":"https:\/\/www.quartzite-stone.com\/es\/wp-json\/wp\/v2\/product_tag?post=8151"}],"curies":[{"name":"wp","href":"https:\/\/api.w.org\/{rel}","templated":true}]}}