{"id":8122,"date":"2023-07-12T16:24:48","date_gmt":"2023-07-12T08:24:48","guid":{"rendered":"https:\/\/www.quartzite-stone.com\/product\/green-malachite\/"},"modified":"2023-07-12T16:33:52","modified_gmt":"2023-07-12T08:33:52","slug":"malaquita-verde","status":"publish","type":"product","link":"https:\/\/www.quartzite-stone.com\/es\/products\/green-malachite\/","title":{"rendered":"Malaquita verde"},"content":{"rendered":"<p>Green Malachite Table es un mueble que presenta un tablero hecho de la piedra semipreciosa conocida como malaquita. La malaquita es un mineral verde vibrante que se valora por sus patrones de bandas \u00fanicos y su rica coloraci\u00f3n.<\/p>\n<p><img fetchpriority=\"high\" decoding=\"async\" src=\"https:\/\/data.adwebcloud.com\/public\/material\/220426a7q47o\/product\/GreenMalachite7_1689150112543.jpg\" width=\"800\" height=\"800\" alt=\"\" \/><\/p>\n<p>La mesa de malaquita verde a menudo est\u00e1 hecha a mano y cuidadosamente construida para mostrar la belleza de la piedra. Las losas de malaquita que se usan para las mesas generalmente se cortan en varias formas (como rectangulares, redondas u ovaladas) y se pulen hasta obtener un alto brillo, lo que realza los patrones intrincados y los tonos del mineral.<\/p>\n<p>Los patrones que se encuentran en Malachite pueden variar desde bandas arremolinadas hasta anillos conc\u00e9ntricos, creando una apariencia fascinante y din\u00e1mica. Los tonos de verde de la malaquita pueden variar, ofreciendo una gama de intensidades desde el verde bosque profundo hasta tonos m\u00e1s claros con toques de azul o amarillo.<\/p>\n<p>Adem\u00e1s de su atractivo est\u00e9tico, se cree que la malaquita posee ciertas propiedades metaf\u00edsicas. A menudo se asocia con la transformaci\u00f3n, la protecci\u00f3n y la curaci\u00f3n. Muchas personas utilizan la malaquita como elemento decorativo en sus hogares u oficinas para crear un ambiente relajante y relajante.<\/p>\n<p><img decoding=\"async\" src=\"https:\/\/data.adwebcloud.com\/public\/material\/220426a7q47o\/product\/GreenMalachite6_1689150121941.jpg\" width=\"650\" height=\"650\" alt=\"\" \/><\/p>\n<p>Las mesas de malaquita verde pueden servir como impresionantes puntos focales en el dise\u00f1o de interiores. A menudo se usan como mesas de caf\u00e9, mesas auxiliares o piezas decorativas, y agregan un toque de elegancia natural y sofisticaci\u00f3n a cualquier espacio. Su color verde vibrante puede complementar una variedad de estilos de dise\u00f1o, desde contempor\u00e1neo hasta tradicional.<\/p>\n<p><img decoding=\"async\" src=\"https:\/\/data.adwebcloud.com\/public\/material\/220426a7q47o\/product\/GreenMalachite5_1689150136762.jpg\" width=\"800\" height=\"800\" alt=\"\" \/><\/p>\n<p>Cuando se trata de cuidar una mesa de malaquita verde, es importante manipular la piedra con cuidado, ya que la malaquita es relativamente blanda en comparaci\u00f3n con otros minerales. Es susceptible de rayarse y da\u00f1arse con productos qu\u00edmicos agresivos, por lo que se recomienda limpiar la mesa con un pa\u00f1o suave y jab\u00f3n suave o un limpiador especial para piedras. Evite colocar objetos calientes directamente sobre la superficie para evitar posibles da\u00f1os por calor.<\/p>\n<p><img loading=\"lazy\" decoding=\"async\" src=\"https:\/\/data.adwebcloud.com\/public\/material\/220426a7q47o\/product\/GreenMalachite9_1689150150018.jpg\" width=\"650\" height=\"650\" alt=\"\" \/><\/p>\n<p>En resumen, una mesa de malaquita verde es un mueble con un tablero hecho del hermoso y vibrante mineral malaquita. Sus patrones \u00fanicos y su rico color verde lo convierten en una adici\u00f3n llamativa para cualquier espacio interior. Ya sea que se use como una mesa funcional o como acento decorativo, una mesa de malaquita verde puede brindar un toque de belleza natural y elegancia a su hogar u oficina.<\/p><\/p>","protected":false},"excerpt":{"rendered":"<p>La mesa de malaquita verde es un mueble hecho a mano que presenta un tablero hecho de malaquita mineral verde vibrante.<\/p>","protected":false},"featured_media":8129,"comment_status":"open","ping_status":"closed","template":"","meta":[],"product_brand":[],"product_cat":[208],"product_tag":[1421,1423,1428,1422,1424,1425,1426,1427],"class_list":{"0":"post-8122","1":"product","2":"type-product","3":"status-publish","4":"has-post-thumbnail","6":"product_cat-agate","7":"product_tag-green-malachite","8":"product_tag-green-malachite-slab","9":"product_tag-green-malachite-table","10":"product_tag-malachite","11":"product_tag-malachite-countertop","12":"product_tag-malachite-kitchen","13":"product_tag-malachite-slab","14":"product_tag-malachite-table","16":"first","17":"instock","18":"shipping-taxable","19":"product-type-simple"},"_links":{"self":[{"href":"https:\/\/www.quartzite-stone.com\/es\/wp-json\/wp\/v2\/product\/8122","targetHints":{"allow":["GET"]}}],"collection":[{"href":"https:\/\/www.quartzite-stone.com\/es\/wp-json\/wp\/v2\/product"}],"about":[{"href":"https:\/\/www.quartzite-stone.com\/es\/wp-json\/wp\/v2\/types\/product"}],"replies":[{"embeddable":true,"href":"https:\/\/www.quartzite-stone.com\/es\/wp-json\/wp\/v2\/comments?post=8122"}],"wp:featuredmedia":[{"embeddable":true,"href":"https:\/\/www.quartzite-stone.com\/es\/wp-json\/wp\/v2\/media\/8129"}],"wp:attachment":[{"href":"https:\/\/www.quartzite-stone.com\/es\/wp-json\/wp\/v2\/media?parent=8122"}],"wp:term":[{"taxonomy":"product_brand","embeddable":true,"href":"https:\/\/www.quartzite-stone.com\/es\/wp-json\/wp\/v2\/product_brand?post=8122"},{"taxonomy":"product_cat","embeddable":true,"href":"https:\/\/www.quartzite-stone.com\/es\/wp-json\/wp\/v2\/product_cat?post=8122"},{"taxonomy":"product_tag","embeddable":true,"href":"https:\/\/www.quartzite-stone.com\/es\/wp-json\/wp\/v2\/product_tag?post=8122"}],"curies":[{"name":"wp","href":"https:\/\/api.w.org\/{rel}","templated":true}]}}