{"id":7997,"date":"2023-07-11T12:04:35","date_gmt":"2023-07-11T04:04:35","guid":{"rendered":"https:\/\/www.quartzite-stone.com\/product\/blue-aventurine\/"},"modified":"2023-07-11T12:54:27","modified_gmt":"2023-07-11T04:54:27","slug":"aventurina-azul","status":"publish","type":"product","link":"https:\/\/www.quartzite-stone.com\/es\/products\/blue-aventurine\/","title":{"rendered":"Aventurina azul"},"content":{"rendered":"<p>Blue Aventurine es una opci\u00f3n hermosa y lujosa para agregar un toque de elegancia a su espacio. Presenta un impresionante tono azul con brillantes inclusiones minerales, creando un efecto cautivador y fascinante.<\/p>\n<p><img fetchpriority=\"high\" decoding=\"async\" src=\"https:\/\/data.adwebcloud.com\/public\/material\/220426a7q47o\/product\/BlueAventurine4_1689048145564.jpg\" width=\"800\" height=\"600\" alt=\"\" \/><\/p>\n<p>La aventurina es una variedad de cuarzo que contiene peque\u00f1as inclusiones minerales, generalmente mica u otros minerales, que le dan su brillo distintivo. La aventurina azul se caracteriza por su color azul profundo, que a veces va desde un azul marino intenso hasta un tono azul m\u00e1s claro y transl\u00facido. Las inclusiones brillantes dentro de la piedra crean un destello sutil que agrega profundidad e inter\u00e9s visual.<\/p>\n<p><img decoding=\"async\" src=\"https:\/\/data.adwebcloud.com\/public\/material\/220426a7q47o\/product\/BlueAventurine1_1689048153453.jpg\" width=\"800\" height=\"600\" alt=\"\" \/><\/p>\n<p>El uso de Blue Aventurine como superficie de encimera puede brindar una sensaci\u00f3n de tranquilidad y serenidad a su espacio. A menudo se elige para ba\u00f1os, cocinas o cualquier \u00e1rea donde desee crear un ambiente relajante y relajante.<\/p>\n<p>Adem\u00e1s de su atractivo est\u00e9tico, Blue Aventurine Countertop tambi\u00e9n es duradero y resistente a los rayones, el calor y las manchas. Sin embargo, como con cualquier piedra natural, es importante cuidar y mantener adecuadamente la superficie para preservar su belleza a lo largo del tiempo.<\/p>\n<p>Al seleccionar la encimera de aventurina azul, tenga en cuenta que la apariencia y los patrones pueden variar de una losa a otra debido a las caracter\u00edsticas naturales de la piedra. Es recomendable ver muestras o seleccionar las losas reales para asegurarse de obtener el tono de azul deseado y el nivel de brillo que prefiere.<\/p>\n<p>En general, Blue Aventurine Countertop ofrece una opci\u00f3n sofisticada y \u00fanica para aquellos que buscan un toque de lujo y tranquilidad en sus espacios vitales. Su llamativo color azul y sus brillantes inclusiones lo convierten en una opci\u00f3n impresionante que puede mejorar la est\u00e9tica general de su hogar.<\/p><\/p>","protected":false},"excerpt":{"rendered":"<p>Blue Aventurine es una opci\u00f3n lujosa y elegante para agregar elegancia a su espacio vital. La aventurina azul es duradera y resistente a los ara\u00f1azos, el calor y las manchas, pero el cuidado y el mantenimiento adecuados son esenciales para preservar su belleza a lo largo del tiempo.<\/p><\/p>","protected":false},"featured_media":7998,"comment_status":"open","ping_status":"closed","template":"","meta":[],"product_brand":[],"product_cat":[208],"product_tag":[1367,1361,1362,1360,1365,1363,1364,1366],"class_list":{"0":"post-7997","1":"product","2":"type-product","3":"status-publish","4":"has-post-thumbnail","6":"product_cat-agate","7":"product_tag-blue-agate","8":"product_tag-blue-aventurine-countertop","9":"product_tag-blue-aventurine-kitchen","10":"product_tag-blue-aventurine-slab","11":"product_tag-blue-aventurine-tiles","12":"product_tag-blue-aventurine-vanity","13":"product_tag-blue-aventurine-wall","14":"product_tag-blue-stone","16":"first","17":"instock","18":"shipping-taxable","19":"product-type-simple"},"_links":{"self":[{"href":"https:\/\/www.quartzite-stone.com\/es\/wp-json\/wp\/v2\/product\/7997","targetHints":{"allow":["GET"]}}],"collection":[{"href":"https:\/\/www.quartzite-stone.com\/es\/wp-json\/wp\/v2\/product"}],"about":[{"href":"https:\/\/www.quartzite-stone.com\/es\/wp-json\/wp\/v2\/types\/product"}],"replies":[{"embeddable":true,"href":"https:\/\/www.quartzite-stone.com\/es\/wp-json\/wp\/v2\/comments?post=7997"}],"wp:featuredmedia":[{"embeddable":true,"href":"https:\/\/www.quartzite-stone.com\/es\/wp-json\/wp\/v2\/media\/7998"}],"wp:attachment":[{"href":"https:\/\/www.quartzite-stone.com\/es\/wp-json\/wp\/v2\/media?parent=7997"}],"wp:term":[{"taxonomy":"product_brand","embeddable":true,"href":"https:\/\/www.quartzite-stone.com\/es\/wp-json\/wp\/v2\/product_brand?post=7997"},{"taxonomy":"product_cat","embeddable":true,"href":"https:\/\/www.quartzite-stone.com\/es\/wp-json\/wp\/v2\/product_cat?post=7997"},{"taxonomy":"product_tag","embeddable":true,"href":"https:\/\/www.quartzite-stone.com\/es\/wp-json\/wp\/v2\/product_tag?post=7997"}],"curies":[{"name":"wp","href":"https:\/\/api.w.org\/{rel}","templated":true}]}}