{"id":7810,"date":"2023-07-08T10:43:21","date_gmt":"2023-07-08T02:43:21","guid":{"rendered":"https:\/\/www.quartzite-stone.com\/product\/revolution-wave-quartzite\/"},"modified":"2023-07-08T10:45:42","modified_gmt":"2023-07-08T02:45:42","slug":"cuarcita-revolution-wave","status":"publish","type":"product","link":"https:\/\/www.quartzite-stone.com\/es\/products\/revolution-wave-quartzite\/","title":{"rendered":"Revolution Wave Cuarcita"},"content":{"rendered":"<p><strong>Litolog\u00eda:<\/strong> piedra de cuarcita<\/p>\n<p><strong>Origen:<\/strong> Brasil<\/p>\n<p><strong>Color: <\/strong>rosa rojo, blanco, negro<\/p>\n<p><strong>Caracter\u00edsticas:<\/strong> textura fina, l\u00edneas onduladas, capa sobre capa, como seda danzante, llena de ritmo y movimiento, aportando agilidad al espacio.<\/p>\n<p><strong>Campos de uso:<\/strong> suelos interiores, paredes, paredes de fondo, etc.<\/p>\n<p><img fetchpriority=\"high\" decoding=\"async\" src=\"https:\/\/data.adwebcloud.com\/public\/material\/220426a7q47o\/product\/RevolutionWaveQuartzite6_1688783422289.jpg\" width=\"800\" height=\"533\" alt=\"\" \/><\/p>\n<p>El rom\u00e1ntico y suave tono rojo rosado de la piedra Revolution Wave Quartzite, combinado con capas de l\u00edneas onduladas, es como la seda que baila suavemente, elegante y flexible. Tambi\u00e9n se ve como monta\u00f1as y monta\u00f1as, miles de monta\u00f1as y valles, y las texturas naturales que parecen ser conmovedor y silencioso brinda la mejor experiencia visual y hace que las personas sientan un encanto infinito.<\/p>\n<p><img decoding=\"async\" src=\"https:\/\/data.adwebcloud.com\/public\/material\/220426a7q47o\/product\/RevolutionWaveQuartzite7_1688783995986.jpg\" width=\"758\" height=\"542\" alt=\"\" \/><\/p>\n<p>Revolution Wave Quartzite Slab es una impresionante piedra natural conocida por su distintivo color rojo y su patr\u00f3n \u00fanico. Es una opci\u00f3n popular para propietarios de viviendas y dise\u00f1adores que buscan crear una apariencia audaz y lujosa en sus espacios.<\/p>\n<p>La caracter\u00edstica principal de Revolution Wave Quartzite es su color rojo vivo. Su color var\u00eda desde el rojo intenso hasta el burdeos, y su variaci\u00f3n y textura agregan profundidad e inter\u00e9s a la piedra. La estructura de textura \u00fanica de la seda roja dota al espacio de una concepci\u00f3n art\u00edstica m\u00e1s amplia y de mayor alcance, y el brillo es como olas y corrientes subterr\u00e1neas, que perfilan un espacio ligero, lujoso y hermoso. El tono rojo intenso lo convierte en una opci\u00f3n llamativa para encimeras de cocina y ba\u00f1o, salpicaderos y otros puntos focales.<\/p>\n<p>Los patrones y texturas de la piedra Revolution Wave Quartzite Countertop son variados e intrincados, lo que se suma a su atractivo visual. A menudo presenta remolinos, ondas y marmoleado de rojo, rosa y, a veces, naranja o dorado. Las l\u00edneas en capas y serpenteantes son discretas y emocionales, rebosantes de luz y elegancia flexible, agregando un poco de atm\u00f3sfera art\u00edstica rom\u00e1ntica al espacio, cambiando capas y brillando intensamente. Las l\u00edneas elegantes y flexibles y la piedra dura se encuentran y chocan en la luz y la sombra brumosas. Uno r\u00edgido y otro blando, reflej\u00e1ndose en el espacio silencioso, agitando el ritmo de los saltos. Estos patrones naturales crean una superficie vibrante y llamativa que puede convertirse en una pieza distintiva en cualquier habitaci\u00f3n.<\/p>\n<p><img decoding=\"async\" src=\"https:\/\/data.adwebcloud.com\/public\/material\/220426a7q47o\/product\/RevolutionWaveQuartzite10_1688784005543.jpg\" width=\"800\" height=\"801\" alt=\"\" \/><\/p>\n<p>Adem\u00e1s de ser hermosa, Red <a class=\"wpil_keyword_link\" href=\"https:\/\/www.quartzite-stone.com\/es\/producto-2\/fusion-noche-cuarcita\/\"   title=\"Cuarcita de fusi\u00f3n\" data-wpil-keyword-link=\"linked\">Cuarcita de fusi\u00f3n<\/a> tambi\u00e9n es extremadamente duradero y adecuado para muchas aplicaciones. Es resistente al calor, a los ara\u00f1azos y a las manchas, lo que lo hace ideal para mostradores y otras \u00e1reas de alto tr\u00e1fico. Su durabilidad asegura que conservar\u00e1 su belleza e integridad a lo largo del tiempo.<\/p>\n<p><img loading=\"lazy\" decoding=\"async\" src=\"https:\/\/data.adwebcloud.com\/public\/material\/220426a7q47o\/product\/RevolutionWaveQuartzite8_1688784015669.jpg\" width=\"801\" height=\"800\" alt=\"\" \/><\/p>\n<p>La versatilidad de Revolution Wave Quartzite le permite complementar una variedad de estilos de dise\u00f1o. La decoraci\u00f3n de seda roja vierte el sabor de la vida rom\u00e1ntica y lujosa en la vida, y el romance rom\u00e1ntico se est\u00e1 gestando en cada rinc\u00f3n del espacio. Un toque de rojo rosa hace que la atm\u00f3sfera hermosa, elegante y rom\u00e1ntica se entrelace y sublima en el espacio, mostrando la hermosa postura del espacio e interpretando la personalidad \u00fanica y el gusto extraordinario de los ocupantes.<\/p>\n<p>Revolution Wave Quartzite Slab tambi\u00e9n es adecuado para aplicaciones al aire libre, como superficies de patio o \u00e1reas de piscina. Su durabilidad le permite resistir una variedad de condiciones clim\u00e1ticas mientras mantiene sus colores y patrones vibrantes.<\/p>\n<p>En resumen, Fusion Fire Quartzite es una piedra natural atractiva que presenta un color rojo vibrante, patrones intrincados y durabilidad. Aporta una sensaci\u00f3n de lujo y dramatismo a cualquier espacio y es una excelente opci\u00f3n para aquellos que buscan hacer una declaraci\u00f3n audaz con su dise\u00f1o.<\/p><\/p>","protected":false},"excerpt":{"rendered":"<p>Red Fusion Quartzite es una piedra natural impresionante con un color rojo vibrante y patrones \u00fanicos, lo que la convierte en una opci\u00f3n popular para los propietarios y dise\u00f1adores que buscan una apariencia audaz y lujosa en sus espacios.<\/p><\/p>","protected":false},"featured_media":7811,"comment_status":"open","ping_status":"closed","template":"","meta":[],"product_brand":[],"product_cat":[195],"product_tag":[1299,1307,1305,1306,1300,1301,1303,1302,1304],"class_list":{"0":"post-7810","1":"product","2":"type-product","3":"status-publish","4":"has-post-thumbnail","6":"product_cat-quartzite","7":"product_tag-fusion-fire-quartzite","8":"product_tag-fusion-mirage-quartzite","9":"product_tag-fusion-red-quartzite","10":"product_tag-red-silk-quartzite","11":"product_tag-revolution-wave-quartzite-countertop","12":"product_tag-revolution-wave-quartzite-kitchen","13":"product_tag-revolution-wave-quartzite-price","14":"product_tag-revolution-wave-quartzite-slab","15":"product_tag-revolution-wave-quartzite-wall","17":"first","18":"instock","19":"shipping-taxable","20":"product-type-simple"},"_links":{"self":[{"href":"https:\/\/www.quartzite-stone.com\/es\/wp-json\/wp\/v2\/product\/7810","targetHints":{"allow":["GET"]}}],"collection":[{"href":"https:\/\/www.quartzite-stone.com\/es\/wp-json\/wp\/v2\/product"}],"about":[{"href":"https:\/\/www.quartzite-stone.com\/es\/wp-json\/wp\/v2\/types\/product"}],"replies":[{"embeddable":true,"href":"https:\/\/www.quartzite-stone.com\/es\/wp-json\/wp\/v2\/comments?post=7810"}],"wp:featuredmedia":[{"embeddable":true,"href":"https:\/\/www.quartzite-stone.com\/es\/wp-json\/wp\/v2\/media\/7811"}],"wp:attachment":[{"href":"https:\/\/www.quartzite-stone.com\/es\/wp-json\/wp\/v2\/media?parent=7810"}],"wp:term":[{"taxonomy":"product_brand","embeddable":true,"href":"https:\/\/www.quartzite-stone.com\/es\/wp-json\/wp\/v2\/product_brand?post=7810"},{"taxonomy":"product_cat","embeddable":true,"href":"https:\/\/www.quartzite-stone.com\/es\/wp-json\/wp\/v2\/product_cat?post=7810"},{"taxonomy":"product_tag","embeddable":true,"href":"https:\/\/www.quartzite-stone.com\/es\/wp-json\/wp\/v2\/product_tag?post=7810"}],"curies":[{"name":"wp","href":"https:\/\/api.w.org\/{rel}","templated":true}]}}