{"id":7646,"date":"2023-06-29T17:39:48","date_gmt":"2023-06-29T09:39:48","guid":{"rendered":"https:\/\/www.quartzite-stone.com\/product\/aquarella-quartzite\/"},"modified":"2023-06-29T18:36:39","modified_gmt":"2023-06-29T10:36:39","slug":"cuarcita-aquarella","status":"publish","type":"product","link":"https:\/\/www.quartzite-stone.com\/es\/products\/aquarella-quartzite\/","title":{"rendered":"Cuarcita Aquarella"},"content":{"rendered":"<p>Aquarella Quartzite es otra hermosa piedra natural conocida por su apariencia \u00fanica y cautivadora. Es un tipo de cuarcita que presenta una impresionante combinaci\u00f3n de colores, que incluye tonos de azul, verde, gris y blanco.<\/p>\n<p><img fetchpriority=\"high\" decoding=\"async\" src=\"https:\/\/data.adwebcloud.com\/public\/material\/220426a7q47o\/product\/AquarellaQuartzite6_1688031457840.jpg\" width=\"800\" height=\"600\" alt=\"\" \/><\/p>\n<p>Aquarella Quartzite en s\u00ed es una roca metam\u00f3rfica que se forma a partir de arenisca bajo intenso calor y presi\u00f3n. Este proceso le da a Aquarella Quartzite su durabilidad y dureza, lo que lo hace adecuado para una amplia gama de aplicaciones, que incluyen encimeras, pisos, revestimientos de paredes y acentos decorativos.<\/p>\n<p><img decoding=\"async\" src=\"https:\/\/data.adwebcloud.com\/public\/material\/220426a7q47o\/product\/AquarellaQuartzite3_1688031469666.jpg\" width=\"800\" height=\"544\" alt=\"\" \/><\/p>\n<p>Lo que distingue a Aquarella Quartzite es su llamativa paleta de colores. La mezcla de azules, verdes, grises y blancos crea un efecto de acuarela, que se asemeja a los tonos que se encuentran en un oc\u00e9ano pintoresco o un paisaje de playa serena. Este color \u00fanico agrega una sensaci\u00f3n de tranquilidad y profundidad a cualquier espacio, lo que lo convierte en una opci\u00f3n ideal para aquellos que buscan un elemento de dise\u00f1o \u00fanico en su clase.<\/p>\n<p>Aparte de su atractivo est\u00e9tico, Aquarella Quartzite tambi\u00e9n es muy duradero y resistente a los ara\u00f1azos, el calor y las manchas. Esto lo convierte en una opci\u00f3n pr\u00e1ctica para \u00e1reas concurridas tanto en entornos residenciales como comerciales.<\/p>\n<p><img decoding=\"async\" src=\"https:\/\/data.adwebcloud.com\/public\/material\/220426a7q47o\/product\/AquarellaQuartzite4_1688031481656.jpg\" width=\"800\" height=\"600\" alt=\"\" \/><\/p>\n<p>Como con cualquier piedra natural, el cuidado y mantenimiento adecuados son esenciales para preservar la belleza de la cuarcita Aquarella. El sellado regular y la limpieza suave ayudar\u00e1n a mantener su apariencia y garantizar\u00e1n su longevidad.<\/p>\n<p>En general, Aquarella Quartzite ofrece una combinaci\u00f3n de excepcional belleza y fuerza, lo que la convierte en una opci\u00f3n popular para aquellos que buscan incorporar un toque de elegancia y arte natural en sus proyectos de dise\u00f1o de interiores.<\/p><\/p>","protected":false},"excerpt":{"rendered":"<p>Aquarella Quartzite es una piedra natural impresionante con una paleta de colores \u00fanica de azul, verde, gris y blanco. Es una roca metam\u00f3rfica formada a partir de arenisca bajo intenso calor y presi\u00f3n, que ofrece durabilidad y dureza para diversas aplicaciones.<\/p><\/p>","protected":false},"featured_media":7663,"comment_status":"open","ping_status":"closed","template":"","meta":[],"product_brand":[],"product_cat":[195],"product_tag":[1206,1207,1202,1205,1201,1200,1203,1204,1199],"class_list":{"0":"post-7646","1":"product","2":"type-product","3":"status-publish","4":"has-post-thumbnail","6":"product_cat-quartzite","7":"product_tag-aquarela-gold-quartzite","8":"product_tag-aquarella-macauba-quartzite","9":"product_tag-aquarella-quartzite-countertop","10":"product_tag-aquarella-quartzite-kitchen","11":"product_tag-aquarella-quartzite-price","12":"product_tag-aquarella-quartzite-slab","13":"product_tag-aquarella-quartzite-tiles","14":"product_tag-aquarella-quartzite-wall-panel","15":"product_tag-purple-quartzite","17":"first","18":"instock","19":"shipping-taxable","20":"product-type-simple"},"_links":{"self":[{"href":"https:\/\/www.quartzite-stone.com\/es\/wp-json\/wp\/v2\/product\/7646","targetHints":{"allow":["GET"]}}],"collection":[{"href":"https:\/\/www.quartzite-stone.com\/es\/wp-json\/wp\/v2\/product"}],"about":[{"href":"https:\/\/www.quartzite-stone.com\/es\/wp-json\/wp\/v2\/types\/product"}],"replies":[{"embeddable":true,"href":"https:\/\/www.quartzite-stone.com\/es\/wp-json\/wp\/v2\/comments?post=7646"}],"wp:featuredmedia":[{"embeddable":true,"href":"https:\/\/www.quartzite-stone.com\/es\/wp-json\/wp\/v2\/media\/7663"}],"wp:attachment":[{"href":"https:\/\/www.quartzite-stone.com\/es\/wp-json\/wp\/v2\/media?parent=7646"}],"wp:term":[{"taxonomy":"product_brand","embeddable":true,"href":"https:\/\/www.quartzite-stone.com\/es\/wp-json\/wp\/v2\/product_brand?post=7646"},{"taxonomy":"product_cat","embeddable":true,"href":"https:\/\/www.quartzite-stone.com\/es\/wp-json\/wp\/v2\/product_cat?post=7646"},{"taxonomy":"product_tag","embeddable":true,"href":"https:\/\/www.quartzite-stone.com\/es\/wp-json\/wp\/v2\/product_tag?post=7646"}],"curies":[{"name":"wp","href":"https:\/\/api.w.org\/{rel}","templated":true}]}}