{"id":7562,"date":"2023-06-27T23:16:33","date_gmt":"2023-06-27T15:16:33","guid":{"rendered":"https:\/\/www.quartzite-stone.com\/product\/beige-marble-table\/"},"modified":"2023-06-27T23:18:28","modified_gmt":"2023-06-27T15:18:28","slug":"mesa-de-marmol-beige","status":"publish","type":"product","link":"https:\/\/www.quartzite-stone.com\/es\/products\/beige-marble-table\/","title":{"rendered":"Mesa de m\u00e1rmol beige"},"content":{"rendered":"<p>La mesa de m\u00e1rmol beige es una piedra natural de m\u00e1rmol de Burberry de Turqu\u00eda que se extrae en Turqu\u00eda. Es un m\u00e1rmol \u00fanico y hermoso que presenta una combinaci\u00f3n de tonos grises claros y oscuros con patrones distintivos de vetas blancas. El nombre de la piedra se deriva del patr\u00f3n ic\u00f3nico de Burberry, que se asemeja a las vetas del m\u00e1rmol. Turqu\u00eda Burberry Marble es una opci\u00f3n popular para proyectos de dise\u00f1o de interiores, como pisos, revestimientos de paredes y encimeras, debido a su apariencia elegante y sofisticada. Tambi\u00e9n es duradero y resistente al desgaste, lo que lo convierte en una opci\u00f3n pr\u00e1ctica para \u00e1reas de mucho tr\u00e1fico. Adem\u00e1s, como todas las piedras naturales, cada pieza de M\u00e1rmol de Turqu\u00eda Burberry es \u00fanica, con sus propios patrones de vetas y variaciones de color distintivos, que se suman a su encanto y car\u00e1cter.<\/p>\n<p><img fetchpriority=\"high\" decoding=\"async\" src=\"https:\/\/data.adwebcloud.com\/public\/material\/220426a7q47o\/product\/BeigeMarbleTable15_1687877714228.jpg\" width=\"800\" height=\"800\" alt=\"\" \/><\/p>\n<\/p>\n<p>Somos un fabricante profesional de piedra natural con a\u00f1os de experiencia en la industria. Nuestra experiencia radica en la creaci\u00f3n de exquisitas mesas de piedra de lujo que son a la vez funcionales y hermosas. Ofrecemos una amplia gama de opciones para elegir, que incluyen m\u00e1rmol, granito y otras piedras naturales, y podemos personalizar el tama\u00f1o, la forma y el dise\u00f1o de cada mesa para satisfacer sus necesidades y preferencias espec\u00edficas.<\/p>\n<p><img decoding=\"async\" src=\"https:\/\/data.adwebcloud.com\/public\/material\/220426a7q47o\/product\/BeigeMarbleTable8_1687878482395.jpg\" width=\"800\" height=\"800\" alt=\"\" \/><\/p>\n<p>Ya sea que est\u00e9 buscando una mesa de comedor, una mesa de caf\u00e9, una mesa auxiliar o una mesa de consola impresionantes, tenemos la soluci\u00f3n perfecta para usted. Nuestros productos est\u00e1n disponibles tanto al por mayor como al por menor, y ofrecemos un conveniente servicio de entrega puerta a puerta para garantizar que su pedido llegue a tiempo y de manera segura.<\/p>\n<p><img decoding=\"async\" src=\"https:\/\/data.adwebcloud.com\/public\/material\/220426a7q47o\/product\/BeigeMarbleTable5_1687878498851.jpg\" width=\"800\" height=\"800\" alt=\"\" \/><\/p>\n<p>En nuestra empresa, estamos muy orgullosos de nuestro compromiso con la calidad y la satisfacci\u00f3n del cliente. Utilizamos s\u00f3lo las mejores piedras naturales y empleamos a expertos artesanos que prestan mucha atenci\u00f3n a cada detalle para garantizar que cada pieza sea impecable y hermosa. Con nuestra amplia selecci\u00f3n y servicio personalizado, puede confiar en que encontrar\u00e1 la mesa de piedra de lujo perfecta para su hogar o negocio.<\/p><\/p>","protected":false},"excerpt":{"rendered":"<p>La mesa de m\u00e1rmol beige est\u00e1 hecha de m\u00e1rmol de Turqu\u00eda Burberry, una piedra natural \u00fanica y hermosa con tonos grises claros y oscuros y patrones distintivos de vetas blancas. Es popular para proyectos de dise\u00f1o de interiores, pisos, revestimientos de paredes y encimeras debido a su apariencia elegante y durabilidad. Cada pieza es \u00fanica, con distintos patrones de vetas y variaciones de color, lo que agrega encanto y car\u00e1cter al m\u00e1rmol.<\/p><\/p>","protected":false},"featured_media":7564,"comment_status":"open","ping_status":"closed","template":"","meta":[],"product_brand":[],"product_cat":[460],"product_tag":[1154,1160,1155,1158,1156,1157,1159],"class_list":{"0":"post-7562","1":"product","2":"type-product","3":"status-publish","4":"has-post-thumbnail","6":"product_cat-stone-furniture","7":"product_tag-beige-marble-coffee-table","8":"product_tag-beige-marble-desk","9":"product_tag-beige-marble-dining-table","10":"product_tag-beige-marble-long-table","11":"product_tag-beige-marble-round-table","12":"product_tag-beige-marble-square-table","13":"product_tag-beige-marble-table-price","15":"first","16":"instock","17":"shipping-taxable","18":"product-type-simple"},"_links":{"self":[{"href":"https:\/\/www.quartzite-stone.com\/es\/wp-json\/wp\/v2\/product\/7562","targetHints":{"allow":["GET"]}}],"collection":[{"href":"https:\/\/www.quartzite-stone.com\/es\/wp-json\/wp\/v2\/product"}],"about":[{"href":"https:\/\/www.quartzite-stone.com\/es\/wp-json\/wp\/v2\/types\/product"}],"replies":[{"embeddable":true,"href":"https:\/\/www.quartzite-stone.com\/es\/wp-json\/wp\/v2\/comments?post=7562"}],"wp:featuredmedia":[{"embeddable":true,"href":"https:\/\/www.quartzite-stone.com\/es\/wp-json\/wp\/v2\/media\/7564"}],"wp:attachment":[{"href":"https:\/\/www.quartzite-stone.com\/es\/wp-json\/wp\/v2\/media?parent=7562"}],"wp:term":[{"taxonomy":"product_brand","embeddable":true,"href":"https:\/\/www.quartzite-stone.com\/es\/wp-json\/wp\/v2\/product_brand?post=7562"},{"taxonomy":"product_cat","embeddable":true,"href":"https:\/\/www.quartzite-stone.com\/es\/wp-json\/wp\/v2\/product_cat?post=7562"},{"taxonomy":"product_tag","embeddable":true,"href":"https:\/\/www.quartzite-stone.com\/es\/wp-json\/wp\/v2\/product_tag?post=7562"}],"curies":[{"name":"wp","href":"https:\/\/api.w.org\/{rel}","templated":true}]}}