{"id":7186,"date":"2023-06-27T11:35:22","date_gmt":"2023-06-27T03:35:22","guid":{"rendered":"https:\/\/www.quartzite-stone.com\/product\/iceberg-multicolor-quartzite\/"},"modified":"2023-06-27T12:07:16","modified_gmt":"2023-06-27T04:07:16","slug":"iceberg-cuarcita-multicolor","status":"publish","type":"product","link":"https:\/\/www.quartzite-stone.com\/es\/products\/iceberg-multicolor-quartzite\/","title":{"rendered":"Cuarcita Multicolor Iceberg"},"content":{"rendered":"<p><strong>Iceberg Polaco Multicolor Cuarcita\/Antartida Encimeras de Cuarzo&nbsp;<\/strong><\/p>\n<p>Nuestra empresa HRST STONE situado en Xiamen,CHINA wih nuestra propia f\u00e1brica para dise\u00f1ar y fabricar principalmente encimeras e incluso azulejos en cocinas, ba\u00f1os, vest\u00edbulos, chimeneas, y chimeneas de los alrededores, tanto en proyectos de interior y al aire libre y la decoraci\u00f3n.<\/p>\n<p>Iceberg Multicolor Cuero \/ Pulido superficie tambi\u00e9n est\u00e1n disponibles en stock con m\u00e1s de 2000m2 en stock en losas diferentes opciones de patrones. Este Iceberg Multicolor tambi\u00e9n nombre Antartide cuarcita es una piedra fant\u00e1stica y tiene un senery de olas azules de color verde y gris claro y blanco en patten de m\u00faltiples colores y se ve muy simple y limpio de la vista de toda la losa.vamos a hacer su habitaci\u00f3n o la cocina y el ba\u00f1o de manera impresionante y puede ser pulido o cuero superficie. Adem\u00e1s, esta piedra de cuarcita puede ser retroiluminaci\u00f3n para encimeras interiores o acent wall.Because esta piedra tiene cualidades cristalinas y agua y hacer que brille en cualquier luz.<\/p>\n<p><img decoding=\"async\" src=\"https:\/\/data.adwebcloud.com\/public\/material\/220426a7q47o\/product\/blobid0_1662347159129.jpg\" \/><\/p>\n<p>Una piedra natural azul con buenas cualidades de transmisi\u00f3n de la luz se llama Cuarcita Azul Iceberg. Las vetas de esta losa de piedra, que son principalmente tiras anchas, est\u00e1n formadas principalmente por azul, verde claro y una peque\u00f1a cantidad de gris claro. Toda la superficie de la losa es de muy alta calidad, cristalina y se asemeja a un patr\u00f3n de cristal azul.<br \/>La piedra natural conocida como Cuarcita Azul Iceberg tiene un grado muy alto de dureza, resistencia al calor y resistencia a las manchas. Las losas de cuarcita tienen una superficie lisa, plana y sin ara\u00f1azos. Es f\u00e1cil de limpiar debido a la construcci\u00f3n s\u00f3lida y no porosa del material. Por lo tanto, la cuarcita es excelente para fabricar tableros de mesas de comedor y de caf\u00e9, taburetes de bar, lavabos, encimeras de cocina, baldosas para paredes interiores y suelos, pelda\u00f1os de escaleras, etc.<\/p>\n<p><img decoding=\"async\" src=\"https:\/\/data.adwebcloud.com\/public\/material\/220426a7q47o\/product\/blobid1_1662347190638.jpg\" \/><\/p>\n<p>La Cuarcita Azul Iceberg tiene vetas m\u00e1s oscuras que destacan sobre un fondo azul claro. Las formaciones cristalinas de esta calcita brasile\u00f1a son de gran tama\u00f1o y muy consistentes en patr\u00f3n de lajas, lo que la hace m\u00e1s resistente que el m\u00e1rmol y m\u00e1s blanda que la cuarcita. Ideal para fabricar en encimeras, tocadores y otros accesorios de interior, como dise\u00f1os de mesas para muebles.<\/p>\n<p>La cuarcita brasile\u00f1a llamada Cuarcita Azul Iceberg es una cuarcita de color azul p\u00e1lido. Tanto las losas de 2 cent\u00edmetros como las de 3 cent\u00edmetros de esta resistente cuarcita pulida son f\u00e1cilmente accesibles y perfectas para usos en exteriores, interiores y cuartos de ba\u00f1o.<\/p>\n<p>La piedra azul claro llamada Cuarcita Azul Iceberg tiene manchas blancas, grises y azul m\u00e1s oscuro a su alrededor. La cuarcita Iceberg Multicolor Polish es otro de sus nombres. La textura de esta cuarcita es agradable sin ser exagerada o dram\u00e1tica. Cualquier hogar quedar\u00eda muy bien con esta piedra. Es una maravillosa ilustraci\u00f3n de la belleza que la naturaleza es capaz de crear. Quedar\u00e1 muy bien instalada en cualquier lugar de la casa, incluso en encimeras, tocadores del ba\u00f1o principal y otros elementos decorativos.<\/p>\n<p><img decoding=\"async\" src=\"https:\/\/data.adwebcloud.com\/public\/material\/220426a7q47o\/product\/blobid2_1662347194427.jpg\" \/><\/p>\n<p>Esta inusual losa de Cuarcita Azul Iceberg puede transformar el aspecto de su cocina. No solo tendr\u00e1 una bonita encimera, sino que adem\u00e1s la cuarcita es una piedra muy duradera.<\/p>\n<p>La Cuarcita Azul Iceberg, que incluye cuarzo cristalino natural, se crea cuando una arenisca rica en cuarzo sufre metamorfismo, un proceso natural que implica calor, presi\u00f3n y actividad qu\u00edmica. Debido a su resistencia, dureza y tacto \u00fanico similar al m\u00e1rmol, la Cuarcita Azul Iceberg es el material perfecto para superficies de encimeras.<\/p>\n<p>La cuarcita Iceberg Multicolor Polish es perfecta para paredes de acento, encimeras de bar, lavabos y mucho m\u00e1s.<\/p>\n<p><img decoding=\"async\" src=\"https:\/\/data.adwebcloud.com\/public\/material\/220426a7q47o\/product\/blobid0_1664267428780.jpg\" \/><\/p>\n<p>Iceberg Multicolor Cuarcita tiene una opci\u00f3n muy deseable en las encimeras, debido a su alta desity y duradero para ambos acabados en pulido o leathered.MOQ una losa o un conjunto de cocina superior puede ser supplied. Este Antartide cuarcita es de 20 mm de espesor losas y tambi\u00e9n buena opci\u00f3n para salpicaderos y reservado emparejado juntos de backsplash a las encimeras.<\/p>\n<p>Somos el professionlly en el suministro de cualquier m\u00e1rmol, granito, cuarcita para losas de primera calidad en las opciones de encimeras e incluso podemos fabricar encimeras personalizadas y muebles de piedra natural s\u00f3lida como mesas de comedor, bancos de tapas, mesas de caf\u00e9 y mesas auxiliares y otros. <br \/>La cuarcita Iceberg Multicolor Polish es una elecci\u00f3n muy sencilla.<\/p>\n<p>&nbsp;<\/p>","protected":false},"excerpt":{"rendered":"<p>Iceberg Multicolor Leather\/Superficie pulida tambi\u00e9n est\u00e1 disponible en stock con m\u00e1s de 2000 m2 en stock en diferentes opciones de patrones de losas. Esta piedra de cuarcita puede ser retroiluminada para encimeras interiores o paredes acentuadas.<\/p>","protected":false},"featured_media":7217,"comment_status":"open","ping_status":"closed","template":"","meta":[],"product_brand":[],"product_cat":[195],"product_tag":[308,316,314,315,364,313,311,317,310,312],"class_list":{"0":"post-7186","1":"product","2":"type-product","3":"status-publish","4":"has-post-thumbnail","6":"product_cat-quartzite","7":"product_tag-antartide-quartzite-countertops","8":"product_tag-blue-color-stone","9":"product_tag-blue-quartzite-for-countertop","10":"product_tag-blue-stone-furniture","11":"product_tag-iceberg-blue-quartzite","12":"product_tag-iceberg-multicolor-countertops","13":"product_tag-iceberg-multicolor-leathered-quartzite","14":"product_tag-iceberg-multicolor-marble","15":"product_tag-iceberg-multicolor-polish-quartzite","16":"product_tag-iceberg-multicolor-quartzite","18":"first","19":"instock","20":"shipping-taxable","21":"product-type-simple"},"_links":{"self":[{"href":"https:\/\/www.quartzite-stone.com\/es\/wp-json\/wp\/v2\/product\/7186","targetHints":{"allow":["GET"]}}],"collection":[{"href":"https:\/\/www.quartzite-stone.com\/es\/wp-json\/wp\/v2\/product"}],"about":[{"href":"https:\/\/www.quartzite-stone.com\/es\/wp-json\/wp\/v2\/types\/product"}],"replies":[{"embeddable":true,"href":"https:\/\/www.quartzite-stone.com\/es\/wp-json\/wp\/v2\/comments?post=7186"}],"wp:featuredmedia":[{"embeddable":true,"href":"https:\/\/www.quartzite-stone.com\/es\/wp-json\/wp\/v2\/media\/7217"}],"wp:attachment":[{"href":"https:\/\/www.quartzite-stone.com\/es\/wp-json\/wp\/v2\/media?parent=7186"}],"wp:term":[{"taxonomy":"product_brand","embeddable":true,"href":"https:\/\/www.quartzite-stone.com\/es\/wp-json\/wp\/v2\/product_brand?post=7186"},{"taxonomy":"product_cat","embeddable":true,"href":"https:\/\/www.quartzite-stone.com\/es\/wp-json\/wp\/v2\/product_cat?post=7186"},{"taxonomy":"product_tag","embeddable":true,"href":"https:\/\/www.quartzite-stone.com\/es\/wp-json\/wp\/v2\/product_tag?post=7186"}],"curies":[{"name":"wp","href":"https:\/\/api.w.org\/{rel}","templated":true}]}}