{"id":6712,"date":"2023-06-09T01:00:47","date_gmt":"2023-06-08T17:00:47","guid":{"rendered":"https:\/\/www.quartzite-stone.com\/product\/black-tree-marble-hexagon-table\/"},"modified":"2023-06-10T10:16:28","modified_gmt":"2023-06-10T02:16:28","slug":"mesa-hexagonal-de-marmol-del-arbol-negro","status":"publish","type":"product","link":"https:\/\/www.quartzite-stone.com\/es\/products\/black-tree-marble-hexagon-table\/","title":{"rendered":"Mesa hexagonal de m\u00e1rmol de \u00e1rbol negro"},"content":{"rendered":"<p>La mesa hexagonal de m\u00e1rmol Black Tree es un impresionante mueble que complementa cualquier decoraci\u00f3n moderna. Su forma hexagonal \u00fanica agrega un toque de sofisticaci\u00f3n y elegancia a cualquier habitaci\u00f3n. El tablero est\u00e1 fabricado con m\u00e1rmol de \u00e1rbol negro de primera calidad, que cuenta con una rica belleza natural. Los patrones de grano del m\u00e1rmol son \u00fanicos, lo que hace que cada mesa sea \u00fanica.<\/p>\n<p><img fetchpriority=\"high\" decoding=\"async\" src=\"https:\/\/data.adwebcloud.com\/public\/material\/220426a7q47o\/product\/BlackTreeMarbleHexagonTable2_1686243449450.png\" width=\"800\" height=\"800\" alt=\"\" \/><\/p>\n<p>La mesa cuenta con un elegante marco de metal negro que se suma a su atractivo moderno. La estructura de la mesa le da una excelente estabilidad y asegura que pueda soportar objetos pesados con facilidad. La forma hexagonal de la mesa la hace perfecta para usar como mesa de caf\u00e9, mesa auxiliar o mesa decorativa.<\/p>\n<p><img decoding=\"async\" src=\"https:\/\/data.adwebcloud.com\/public\/material\/220426a7q47o\/product\/BlackTreeMarbleHexagonTable2_1686243522455.jpg\" width=\"800\" height=\"800\" alt=\"\" \/><\/p>\n<p>Esta mesa hexagonal de m\u00e1rmol Black Tree no solo es un mueble elegante, sino tambi\u00e9n resistente y duradero. Su construcci\u00f3n robusta y materiales de alta calidad aseguran que durar\u00e1 muchos a\u00f1os. Esta mesa es el complemento perfecto para cualquier hogar que busque a\u00f1adir un toque de elegancia y practicidad.<\/p>\n<\/p>\n<p>Black Tree Marble es un tipo de m\u00e1rmol negro que se extrae en China. Es conocido por su textura \u00fanica y distintiva, que presenta vetas blancas y negras que se asemejan a las ramas de un \u00e1rbol. Este patr\u00f3n le da a la piedra una apariencia natural y org\u00e1nica, lo que la convierte en una opci\u00f3n popular para una variedad de aplicaciones de dise\u00f1o de interiores y exteriores.<\/p>\n<p>Una de las caracter\u00edsticas clave de Black Tree Marble es su durabilidad. Es una piedra densa y dura que puede soportar un uso intensivo y tr\u00e1fico. Como resultado, se usa com\u00fanmente en aplicaciones comerciales de alto tr\u00e1fico, como vest\u00edbulos de hoteles, centros comerciales y aeropuertos.&nbsp;<\/p>\n<\/p>\n<p>Adem\u00e1s de su fuerza, Black Tree Marble tambi\u00e9n es apreciado por sus cualidades est\u00e9ticas. El intrincado patr\u00f3n de vetas agrega profundidad e inter\u00e9s visual a cualquier espacio, y el color negro brinda una apariencia elegante y moderna. A menudo se usa como material para pisos, revestimiento de paredes, encimeras e incluso como acentos decorativos, como bordes de chimeneas y mesas de caf\u00e9.<\/p>\n<p>Para mantener la belleza de Black Tree Marble, debe sellarse y limpiarse regularmente con una soluci\u00f3n de agua y jab\u00f3n suave. Deben evitarse los limpiadores \u00e1cidos o abrasivos, ya que pueden da\u00f1ar la superficie de la piedra. Con el cuidado adecuado, este material elegante y atemporal puede durar muchos a\u00f1os y agregar valor a cualquier proyecto.<\/p><\/p>","protected":false},"excerpt":{"rendered":"<p>La mesa hexagonal de m\u00e1rmol Black Tree es un impresionante mueble que complementa cualquier decoraci\u00f3n moderna. Su forma hexagonal \u00fanica agrega un toque de sofisticaci\u00f3n y elegancia a cualquier habitaci\u00f3n. El tablero est\u00e1 fabricado con m\u00e1rmol de \u00e1rbol negro de primera calidad, que cuenta con una rica belleza natural. Los patrones de grano del m\u00e1rmol son \u00fanicos, lo que hace que cada mesa sea \u00fanica.<\/p><\/p>","protected":false},"featured_media":6788,"comment_status":"open","ping_status":"closed","template":"","meta":[],"product_brand":[],"product_cat":[460],"product_tag":[930,932,931,928,929],"class_list":{"0":"post-6712","1":"product","2":"type-product","3":"status-publish","4":"has-post-thumbnail","6":"product_cat-stone-furniture","7":"product_tag-black-marble-hexagon-table","8":"product_tag-black-marble-table","9":"product_tag-black-tree-marble-table","10":"product_tag-hexagon-table","11":"product_tag-marble-hexagon-table","13":"first","14":"instock","15":"shipping-taxable","16":"product-type-simple"},"_links":{"self":[{"href":"https:\/\/www.quartzite-stone.com\/es\/wp-json\/wp\/v2\/product\/6712","targetHints":{"allow":["GET"]}}],"collection":[{"href":"https:\/\/www.quartzite-stone.com\/es\/wp-json\/wp\/v2\/product"}],"about":[{"href":"https:\/\/www.quartzite-stone.com\/es\/wp-json\/wp\/v2\/types\/product"}],"replies":[{"embeddable":true,"href":"https:\/\/www.quartzite-stone.com\/es\/wp-json\/wp\/v2\/comments?post=6712"}],"wp:featuredmedia":[{"embeddable":true,"href":"https:\/\/www.quartzite-stone.com\/es\/wp-json\/wp\/v2\/media\/6788"}],"wp:attachment":[{"href":"https:\/\/www.quartzite-stone.com\/es\/wp-json\/wp\/v2\/media?parent=6712"}],"wp:term":[{"taxonomy":"product_brand","embeddable":true,"href":"https:\/\/www.quartzite-stone.com\/es\/wp-json\/wp\/v2\/product_brand?post=6712"},{"taxonomy":"product_cat","embeddable":true,"href":"https:\/\/www.quartzite-stone.com\/es\/wp-json\/wp\/v2\/product_cat?post=6712"},{"taxonomy":"product_tag","embeddable":true,"href":"https:\/\/www.quartzite-stone.com\/es\/wp-json\/wp\/v2\/product_tag?post=6712"}],"curies":[{"name":"wp","href":"https:\/\/api.w.org\/{rel}","templated":true}]}}