{"id":6684,"date":"2023-06-09T00:28:34","date_gmt":"2023-06-08T16:28:34","guid":{"rendered":"https:\/\/www.quartzite-stone.com\/product\/green-onyx-t-frame-side-table\/"},"modified":"2023-06-09T00:30:35","modified_gmt":"2023-06-08T16:30:35","slug":"mesa-auxiliar-t-frame-onix-verde","status":"publish","type":"product","link":"https:\/\/www.quartzite-stone.com\/es\/products\/green-onyx-t-frame-side-table\/","title":{"rendered":"Mesa auxiliar con estructura en T de \u00f3nix verde"},"content":{"rendered":"<p>La mesa auxiliar con marco en T de \u00f3nix verde es un mueble elegante y vers\u00e1til que realzar\u00e1 cualquier espacio vital. Hecha a mano con piedra de \u00f3nix verde de alta calidad, esta mesa presenta un dise\u00f1o \u00fanico de marco en T que es a la vez elegante y contempor\u00e1neo.<\/p>\n<\/p>\n<p><img fetchpriority=\"high\" decoding=\"async\" src=\"https:\/\/data.adwebcloud.com\/public\/material\/220426a7q47o\/product\/GreenOnyxTFrameSideTable3_1686241566743.jpg\" width=\"800\" height=\"800\" alt=\"\" \/><\/p>\n<p>La mesa auxiliar en T Green Onyx tiene el tama\u00f1o perfecto para utilizarla como mesilla de noche, mesa auxiliar o incluso como mesa decorativa en espacios m\u00e1s amplios. Su impresionante acabado Green Onyx a\u00f1ade un toque de lujo y sofisticaci\u00f3n a cualquier habitaci\u00f3n.<\/p>\n<p>Esta mesa no s\u00f3lo es bonita, sino tambi\u00e9n duradera. La piedra natural es resistente a los ara\u00f1azos y f\u00e1cil de limpiar, por lo que es ideal para su uso en zonas de mucho tr\u00e1nsito.<\/p>\n<p><img decoding=\"async\" src=\"https:\/\/data.adwebcloud.com\/public\/material\/220426a7q47o\/product\/GreenOnyxTFrameSideTable5_1686241579646.jpg\" width=\"800\" height=\"801\" alt=\"\" \/><\/p>\n<p>Tanto si busca a\u00f1adir un toque de elegancia a su dormitorio como a su sal\u00f3n, la mesa auxiliar con estructura en T Green Onyx seguro que le impresionar\u00e1. Su dise\u00f1o \u00fanico y hermoso acabado hacen que sea una pieza llamativa que est\u00e1 seguro de llamar la atenci\u00f3n y aprecio.<\/p>","protected":false},"excerpt":{"rendered":"<p>La mesa auxiliar con marco en T de \u00f3nix verde es un mueble elegante y vers\u00e1til que realzar\u00e1 cualquier espacio vital. Hecha a mano con piedra de \u00f3nix verde de alta calidad, esta mesa presenta un dise\u00f1o \u00fanico de marco en T que es a la vez elegante y contempor\u00e1neo.<\/p>","protected":false},"featured_media":6685,"comment_status":"open","ping_status":"closed","template":"","meta":[],"product_brand":[],"product_cat":[460],"product_tag":[919,917,920,916,915,918],"class_list":{"0":"post-6684","1":"product","2":"type-product","3":"status-publish","4":"has-post-thumbnail","6":"product_cat-stone-furniture","7":"product_tag-green-onyx-side-table","8":"product_tag-green-onyx-table","9":"product_tag-green-table","10":"product_tag-onyx-side-table","11":"product_tag-onyx-table","12":"product_tag-side-table","14":"first","15":"instock","16":"shipping-taxable","17":"product-type-simple"},"_links":{"self":[{"href":"https:\/\/www.quartzite-stone.com\/es\/wp-json\/wp\/v2\/product\/6684","targetHints":{"allow":["GET"]}}],"collection":[{"href":"https:\/\/www.quartzite-stone.com\/es\/wp-json\/wp\/v2\/product"}],"about":[{"href":"https:\/\/www.quartzite-stone.com\/es\/wp-json\/wp\/v2\/types\/product"}],"replies":[{"embeddable":true,"href":"https:\/\/www.quartzite-stone.com\/es\/wp-json\/wp\/v2\/comments?post=6684"}],"wp:featuredmedia":[{"embeddable":true,"href":"https:\/\/www.quartzite-stone.com\/es\/wp-json\/wp\/v2\/media\/6685"}],"wp:attachment":[{"href":"https:\/\/www.quartzite-stone.com\/es\/wp-json\/wp\/v2\/media?parent=6684"}],"wp:term":[{"taxonomy":"product_brand","embeddable":true,"href":"https:\/\/www.quartzite-stone.com\/es\/wp-json\/wp\/v2\/product_brand?post=6684"},{"taxonomy":"product_cat","embeddable":true,"href":"https:\/\/www.quartzite-stone.com\/es\/wp-json\/wp\/v2\/product_cat?post=6684"},{"taxonomy":"product_tag","embeddable":true,"href":"https:\/\/www.quartzite-stone.com\/es\/wp-json\/wp\/v2\/product_tag?post=6684"}],"curies":[{"name":"wp","href":"https:\/\/api.w.org\/{rel}","templated":true}]}}