{"id":6671,"date":"2023-06-08T23:57:02","date_gmt":"2023-06-08T15:57:02","guid":{"rendered":"https:\/\/www.quartzite-stone.com\/product\/elephant-white-marble-side-table\/"},"modified":"2023-06-09T00:30:31","modified_gmt":"2023-06-08T16:30:31","slug":"mesa-auxiliar-de-marmol-blanco-elefante","status":"publish","type":"product","link":"https:\/\/www.quartzite-stone.com\/es\/products\/elephant-white-marble-side-table\/","title":{"rendered":"Mesa auxiliar de m\u00e1rmol blanco elefante"},"content":{"rendered":"<p>Elephant White Marble es una lujosa y ex\u00f3tica variedad de piedra de m\u00e1rmol que se encuentra en China. Este tipo particular de m\u00e1rmol es conocido por su hermosa base blanca y sus llamativas vetas negras y grises que recorren toda la piedra. Los patrones \u00fanicos en Elephant White Marble lo convierten en un material codiciado para aplicaciones lujosas en interiores y exteriores.<\/p>\n<p>Esta piedra natural es muy duradera, lo que la convierte en una opci\u00f3n ideal para suelos, encimeras, revestimientos de paredes y otros elementos decorativos. El elegante aspecto del m\u00e1rmol Elephant White a\u00f1ade un toque de sofisticaci\u00f3n a cualquier espacio, lo que lo convierte en una elecci\u00f3n popular entre arquitectos, dise\u00f1adores y propietarios de viviendas.<\/p>\n<p>Los or\u00edgenes del m\u00e1rmol blanco elefante se remontan a la antig\u00fcedad, cuando se utilizaba para la construcci\u00f3n de diversos monumentos y estructuras. Hoy en d\u00eda, sigue consider\u00e1ndose una de las piedras naturales m\u00e1s preciosas y valiosas que existen. El uso de Elephant White Marble en su hogar o espacio comercial puede realzar su belleza y aumentar su valor.<\/p>\n<p><img fetchpriority=\"high\" decoding=\"async\" src=\"https:\/\/data.adwebcloud.com\/public\/material\/220426a7q47o\/product\/ElephantWhiteMarbleSideTabl3_1686239554931.jpg\" width=\"800\" height=\"800\" alt=\"\" \/><img decoding=\"async\" src=\"https:\/\/data.adwebcloud.com\/public\/material\/220426a7q47o\/product\/ElephantWhiteMarbleSideTabl4_1686239573443.jpg\" width=\"800\" height=\"800\" alt=\"\" \/><\/p>","protected":false},"excerpt":{"rendered":"<p>Elephant White Marble es una lujosa y ex\u00f3tica variedad de piedra de m\u00e1rmol que se encuentra en China. Este tipo particular de m\u00e1rmol es conocido por su hermosa base blanca y sus llamativas vetas negras y grises que recorren toda la piedra. Los patrones \u00fanicos en Elephant White Marble lo convierten en un material codiciado para aplicaciones lujosas en interiores y exteriores.<\/p>","protected":false},"featured_media":6686,"comment_status":"open","ping_status":"closed","template":"","meta":[],"product_brand":[],"product_cat":[460],"product_tag":[905,908,909,907,906],"class_list":{"0":"post-6671","1":"product","2":"type-product","3":"status-publish","4":"has-post-thumbnail","6":"product_cat-stone-furniture","7":"product_tag-elephant-marble-side-table","8":"product_tag-elephant-marble-table","9":"product_tag-elephant-white-marble-box-table","10":"product_tag-elephant-white-marble-table","11":"product_tag-white-elephant-marble-side-table","13":"first","14":"instock","15":"shipping-taxable","16":"product-type-simple"},"_links":{"self":[{"href":"https:\/\/www.quartzite-stone.com\/es\/wp-json\/wp\/v2\/product\/6671","targetHints":{"allow":["GET"]}}],"collection":[{"href":"https:\/\/www.quartzite-stone.com\/es\/wp-json\/wp\/v2\/product"}],"about":[{"href":"https:\/\/www.quartzite-stone.com\/es\/wp-json\/wp\/v2\/types\/product"}],"replies":[{"embeddable":true,"href":"https:\/\/www.quartzite-stone.com\/es\/wp-json\/wp\/v2\/comments?post=6671"}],"wp:featuredmedia":[{"embeddable":true,"href":"https:\/\/www.quartzite-stone.com\/es\/wp-json\/wp\/v2\/media\/6686"}],"wp:attachment":[{"href":"https:\/\/www.quartzite-stone.com\/es\/wp-json\/wp\/v2\/media?parent=6671"}],"wp:term":[{"taxonomy":"product_brand","embeddable":true,"href":"https:\/\/www.quartzite-stone.com\/es\/wp-json\/wp\/v2\/product_brand?post=6671"},{"taxonomy":"product_cat","embeddable":true,"href":"https:\/\/www.quartzite-stone.com\/es\/wp-json\/wp\/v2\/product_cat?post=6671"},{"taxonomy":"product_tag","embeddable":true,"href":"https:\/\/www.quartzite-stone.com\/es\/wp-json\/wp\/v2\/product_tag?post=6671"}],"curies":[{"name":"wp","href":"https:\/\/api.w.org\/{rel}","templated":true}]}}