{"id":6173,"date":"2023-05-18T10:15:58","date_gmt":"2023-05-18T02:15:58","guid":{"rendered":"https:\/\/www.quartzite-stone.com\/product\/patagonia-alpha-granite\/"},"modified":"2023-05-18T11:06:17","modified_gmt":"2023-05-18T03:06:17","slug":"patagonia-alfa-granito","status":"publish","type":"product","link":"https:\/\/www.quartzite-stone.com\/es\/products\/patagonia-alpha-granite\/","title":{"rendered":"Granito alfa patag\u00f3nico"},"content":{"rendered":"<p style=\"line-height: 1.5\"><strong>Granito alfa patag\u00f3nico<\/strong><\/p>\n<p>&nbsp; &nbsp; Cuando compre piedras de lujo, f\u00edjese en Patagonia Alpha. Su color y textura pueden atrapar nuestros corazones de un vistazo, transformando el espacio en textura, composici\u00f3n, tono y color, con capas distintas, llenas de vida y llenas de energ\u00eda.<\/p>\n<p>&nbsp; &nbsp; En griego antiguo, \"Pa\" significa todo, y \"to\", regalo. Este bello significado inspira a los comerciantes a la hora de dar nombre a las marcas, y es a\u00fan m\u00e1s popular entre los consumidores. La m\u00edtica Caja de Pandora est\u00e1 llena de misterio y curiosidad, y la piedra de lujo llamada Patagonia Alpha no escatima esfuerzos para resaltar el estilo misterioso de lo ex\u00f3tico. La textura de los colores naturales, el despliegue de la luz de lujo y los colores de moda, y los cristales de cristal son transparentes y transmiten la luz como si grabaran el secreto del tiempo.<\/p>\n<p><img decoding=\"async\" src=\"https:\/\/data.adwebcloud.com\/public\/material\/220426a7q47o\/product\/naturalPatagoniaGranitetablp_1684376078409.jpg\" alt=\"\" \/><\/p>\n<p>&nbsp; &nbsp; A diferencia de muchas piedras de lujo, tiene el material del cristal. Este material especial ha sido templado por el tiempo como si hubiera grabado los secretos de preciosos tesoros del pasado. Esta es una de las razones por las que Patagonia Alpha es tan popular.<\/p>\n<p>&nbsp; &nbsp; La losa Patagonia se compone de gris, blanco, dorado y negro, y la textura cambia como las olas. El brillo de la piedra natural, presenta el porte elegante del arte y la naturaleza. Incorporar Patagonia Alfa en el espacio, dar al espacio un sentido de misterio, inyectar un toque de color y la moda en el espacio, y a\u00f1adir un poco de diversi\u00f3n a la vida.<\/p>\n<p>&nbsp; &nbsp; Las texturas en capas complementadas con adornos hacen que el espacio sea salvaje y no desordenado, resaltando la colisi\u00f3n de textura y color. Cada pieza de Patagonia Alpha es una \"obra de arte\" cuidadosamente elaborada, tanto si se aplica en la pared como en el suelo, es a la vez pr\u00e1ctica y decorativa.<\/p>\n<p>&nbsp; &nbsp; La combinaci\u00f3n de la textura art\u00edstica de Patagonia y diferentes materiales, y la ingeniosa colocaci\u00f3n de texturas, colores y materiales no s\u00f3lo realzan la plenitud de la superficie decorativa del espacio, sino que tambi\u00e9n mantienen el espacio en un estado equilibrado, sin hacer que el espacio parezca demasiado aburrido ni cansar la vista.<img fetchpriority=\"high\" decoding=\"async\" src=\"https:\/\/data.adwebcloud.com\/public\/material\/220426a7q47o\/product\/PatagoniaGraniteSlab_1684376090361.jpg\" width=\"750\" height=\"600\" alt=\"\" \/><\/p>\n<p>&nbsp; &nbsp; El espacio de la cocina y el ba\u00f1o es tan simple y sin pretensiones, pero debido a una piedra de lujo Patagonia Alpha, muestra su nobleza y gusto. E integra una fuerza encantadora entre belleza y magia en la vida de la cocina.<\/p>\n<p>&nbsp; &nbsp; Este hermoso y exclusivo granito presenta una paleta de c\u00e1lidos tonos grises, acentuados por matices blancos, negros y marrones en patrones arremolinados que recuerdan a las olas del oc\u00e9ano.<\/p>\n<p>&nbsp; &nbsp; El granito Patagonia Alpha es una excelente elecci\u00f3n para encimeras y lavabos, ya que es muy duradero, resistente a ara\u00f1azos y manchas, y f\u00e1cil de mantener. Su belleza natural y su patr\u00f3n \u00fanico lo convierten en una excelente opci\u00f3n tanto para espacios residenciales como comerciales.<\/p>\n<p>&nbsp; &nbsp; Adem\u00e1s, este granito es muy popular en su mercado debido a su belleza \u00fanica, funcionalidad y versatilidad. Ha sido recomendado por muchos propietarios de viviendas, constructores y arquitectos para su uso en cocinas, ba\u00f1os y proyectos de paisajismo exterior.<\/p>\n<p>&nbsp; &nbsp; En HRST Stone, nos enorgullecemos de ofrecer s\u00f3lo productos de primera calidad, incluyendo el granito Patagonia Alpha. Nuestro equipo de expertos est\u00e1 disponible para ayudarle a elegir el mejor granito para sus necesidades espec\u00edficas y para responder a cualquier pregunta que pueda tener acerca de nuestros productos o servicios.<img decoding=\"async\" src=\"https:\/\/data.adwebcloud.com\/public\/material\/220426a7q47o\/product\/Patagoniaslab_1684376100412.jpg\" alt=\"\" \/><\/p>","protected":false},"excerpt":{"rendered":"<p>Un granito claro llamativo con un patr\u00f3n espectacular. El granito Patagonia Alpha tiene grandes cristales de feldespato, cuarzo y biotita. La dureza y durabilidad de esta piedra la hacen ideal para encimeras de cocina, tocadores, mesas, barras y salpicaderos.<\/p>","protected":false},"featured_media":6178,"comment_status":"open","ping_status":"closed","template":"","meta":[],"product_brand":[],"product_cat":[205],"product_tag":[826,829,821,824,823,788,827,825,828,822],"class_list":{"0":"post-6173","1":"product","2":"type-product","3":"status-publish","4":"has-post-thumbnail","6":"product_cat-granite","7":"product_tag-patagonia-alpha-granite-background-wall","8":"product_tag-patagonia-alpha-granite-coffee-table","9":"product_tag-patagonia-alpha-granite-countertop","10":"product_tag-patagonia-alpha-granite-slab","11":"product_tag-patagonia-alpha-granite-tiles","12":"product_tag-patagonia-granite-home-decor","13":"product_tag-patagonia-granite-table-top","14":"product_tag-patagonia-granite-vanity-top","15":"product_tag-patagonia-granite-wall-tiles","16":"product_tag-patagonia-original-granite","18":"first","19":"instock","20":"shipping-taxable","21":"product-type-simple"},"_links":{"self":[{"href":"https:\/\/www.quartzite-stone.com\/es\/wp-json\/wp\/v2\/product\/6173","targetHints":{"allow":["GET"]}}],"collection":[{"href":"https:\/\/www.quartzite-stone.com\/es\/wp-json\/wp\/v2\/product"}],"about":[{"href":"https:\/\/www.quartzite-stone.com\/es\/wp-json\/wp\/v2\/types\/product"}],"replies":[{"embeddable":true,"href":"https:\/\/www.quartzite-stone.com\/es\/wp-json\/wp\/v2\/comments?post=6173"}],"wp:featuredmedia":[{"embeddable":true,"href":"https:\/\/www.quartzite-stone.com\/es\/wp-json\/wp\/v2\/media\/6178"}],"wp:attachment":[{"href":"https:\/\/www.quartzite-stone.com\/es\/wp-json\/wp\/v2\/media?parent=6173"}],"wp:term":[{"taxonomy":"product_brand","embeddable":true,"href":"https:\/\/www.quartzite-stone.com\/es\/wp-json\/wp\/v2\/product_brand?post=6173"},{"taxonomy":"product_cat","embeddable":true,"href":"https:\/\/www.quartzite-stone.com\/es\/wp-json\/wp\/v2\/product_cat?post=6173"},{"taxonomy":"product_tag","embeddable":true,"href":"https:\/\/www.quartzite-stone.com\/es\/wp-json\/wp\/v2\/product_tag?post=6173"}],"curies":[{"name":"wp","href":"https:\/\/api.w.org\/{rel}","templated":true}]}}