{"id":6104,"date":"2023-05-16T15:35:48","date_gmt":"2023-05-16T07:35:48","guid":{"rendered":"https:\/\/www.quartzite-stone.com\/product\/pandora-granite-table-top\/"},"modified":"2023-06-11T23:24:22","modified_gmt":"2023-06-11T15:24:22","slug":"tablero-de-granito-pandora","status":"publish","type":"product","link":"https:\/\/www.quartzite-stone.com\/es\/products\/pandora-granite-table-top\/","title":{"rendered":"Tablero de mesa de granito Pandora"},"content":{"rendered":"<p style=\"line-height: 1.5\"><strong>Pandora Granito<\/strong><\/p>\n<p style=\"line-height: 1.5\">&nbsp; &nbsp; Pandora es una piedra puramente natural procedente de Brasil, cada pieza tiene una textura \u00fanica, delicada y suave. A diferencia de muchas piedras extravagantes, tiene un material cercano al jade cristalino. Este material especial ha sido templado por el tiempo, como si hubiera grabado los secretos de preciosos tesoros del pasado. <br \/>&nbsp; &nbsp; La losa Pandora se compone de gris, blanco, dorado y negro, y la textura cambia como las olas. El brillo de la piedra natural, presenta el porte elegante del arte y la naturaleza. Incorporar Pandora en el espacio, dar al espacio un sentido de misterio, inyectar un toque de color y la moda en el espacio, y a\u00f1adir un poco de diversi\u00f3n a la vida.<img decoding=\"async\" src=\"https:\/\/data.adwebcloud.com\/public\/material\/220426a7q47o\/product\/NaturalPandoraGoldGraniteSlb_1684222441429.jpg\" alt=\"\" \/><\/p>\n<p style=\"line-height: 1.5\">&nbsp; &nbsp; Las texturas en capas complementadas con adornos hacen que el espacio sea salvaje y no desordenado, destacando la colisi\u00f3n de textura y color. Cada pieza de Pandora es una \"obra de arte\" cuidadosamente elaborada, tanto si se aplica en la pared como en el suelo, es a la vez pr\u00e1ctica y decorativa.<\/p>\n<p style=\"line-height: 1.5\">La gama de aplicaciones de Pandora:<\/p>\n<p style=\"line-height: 1.5\">&nbsp; &nbsp; Mesa de comedor y mesa de centro: Tengo que admitir que esta es una mesa de comedor que te har\u00e1 caer de un vistazo. La aplicaci\u00f3n de Pandora se ha convertido en el toque final de todo el espacio, como el primer rayo de sol dorado en la ma\u00f1ana de oto\u00f1o, todo el espacio interior est\u00e1 vivo y lleno de encanto infinito gracias a ella. La mesa de comedor Pandora muestra una elegancia y un gusto extraordinarios, creando un ambiente relajado y elegante para todo el espacio. La piedra c\u00e1lida y brillante se ve suave y plena bajo una luz c\u00e1lida.<br \/>&nbsp; &nbsp; Pared de fondo: La combinaci\u00f3n de la textura art\u00edstica de Pandora y diferentes materiales, la ingeniosa colocaci\u00f3n de texturas, colores y materiales no s\u00f3lo mejora la plenitud de la superficie decorativa del espacio, sino que tambi\u00e9n mantiene el espacio en un estado equilibrado, sin hacer que el espacio parezca demasiado aburrido. No le causar\u00e1 fatiga visual.<img decoding=\"async\" src=\"https:\/\/data.adwebcloud.com\/public\/material\/220426a7q47o\/product\/PandoraGoldGraniteSlab_1684222464867.jpg\" alt=\"\" \/><\/p>\n<p style=\"line-height: 1.5\">&nbsp; &nbsp; Armarios de cocina: La cocina es un lugar tan poco pretencioso, pero gracias a una piedra de lujo Pandora, muestra su nobleza y gusto. E integrar una fuerza encantadora entre la belleza y la magia en la vida de la cocina.<\/p>\n<p style=\"line-height: 1.5\">&nbsp; &nbsp; En t\u00e9rminos de aplicaci\u00f3n, el granito Pandora es vers\u00e1til y se puede utilizar para una amplia gama de prop\u00f3sitos tales como encimeras, tableros de mesa, escritorios, y mucho m\u00e1s. Nuestra empresa ofrece opciones de personalizaci\u00f3n tanto para el tama\u00f1o y la forma del granito para satisfacer sus necesidades espec\u00edficas. Es una gran elecci\u00f3n para cualquiera que busque una superficie bella y duradera que pueda soportar un uso intensivo.<img fetchpriority=\"high\" decoding=\"async\" src=\"https:\/\/data.adwebcloud.com\/public\/material\/220426a7q47o\/product\/PandoraGoldGraniteTableTop_1684222471120.jpg\" width=\"750\" height=\"600\" alt=\"\" \/><\/p>\n<p style=\"line-height: 1.5\">&nbsp; &nbsp; Entendemos que elegir los materiales adecuados para su proyecto puede resultar abrumador, por eso nos complace ofrecerle un servicio de videoconsulta. Nuestros expertos pueden guiarle en el proceso de selecci\u00f3n, desde la elecci\u00f3n de la losa perfecta hasta su corte y procesamiento seg\u00fan sus especificaciones exactas. De este modo, puede estar seguro de que su proyecto saldr\u00e1 exactamente como lo hab\u00eda imaginado.<\/p>","protected":false},"excerpt":{"rendered":"<p>Pandora Granite es una piedra natural hermosa y \u00fanica que se extrae en Brasil. Es un granito de grano grueso con un fondo predominantemente blanco crema, resaltado por llamativas manchas de vetas doradas, marrones y crema. El color del granito puede variar levemente dependiendo de la cantera espec\u00edfica de la que provenga, pero generalmente tiene una apariencia audaz y espectacular que lo convierte en una opci\u00f3n popular para encimeras, pisos y otras aplicaciones de dise\u00f1o de interiores y exteriores.<\/p>","protected":false},"featured_media":6825,"comment_status":"open","ping_status":"closed","template":"","meta":[],"product_brand":[],"product_cat":[460],"product_tag":[790,782,789,781,787,786,784,785,783,788],"class_list":{"0":"post-6104","1":"product","2":"type-product","3":"status-publish","4":"has-post-thumbnail","6":"product_cat-stone-furniture","7":"product_tag-luxury-natural-granite-slab","8":"product_tag-pandora-granite-slabs","9":"product_tag-pandora-granite-table-top","10":"product_tag-pandora-granite-tiles","11":"product_tag-pandora-granite-wall-decor","12":"product_tag-pandora-white-granite-island-top","13":"product_tag-patagonia-granite-countertop","14":"product_tag-patagonia-granite-dining-table","15":"product_tag-patagonia-granite-furniture","16":"product_tag-patagonia-granite-home-decor","18":"first","19":"instock","20":"shipping-taxable","21":"product-type-simple"},"_links":{"self":[{"href":"https:\/\/www.quartzite-stone.com\/es\/wp-json\/wp\/v2\/product\/6104","targetHints":{"allow":["GET"]}}],"collection":[{"href":"https:\/\/www.quartzite-stone.com\/es\/wp-json\/wp\/v2\/product"}],"about":[{"href":"https:\/\/www.quartzite-stone.com\/es\/wp-json\/wp\/v2\/types\/product"}],"replies":[{"embeddable":true,"href":"https:\/\/www.quartzite-stone.com\/es\/wp-json\/wp\/v2\/comments?post=6104"}],"wp:featuredmedia":[{"embeddable":true,"href":"https:\/\/www.quartzite-stone.com\/es\/wp-json\/wp\/v2\/media\/6825"}],"wp:attachment":[{"href":"https:\/\/www.quartzite-stone.com\/es\/wp-json\/wp\/v2\/media?parent=6104"}],"wp:term":[{"taxonomy":"product_brand","embeddable":true,"href":"https:\/\/www.quartzite-stone.com\/es\/wp-json\/wp\/v2\/product_brand?post=6104"},{"taxonomy":"product_cat","embeddable":true,"href":"https:\/\/www.quartzite-stone.com\/es\/wp-json\/wp\/v2\/product_cat?post=6104"},{"taxonomy":"product_tag","embeddable":true,"href":"https:\/\/www.quartzite-stone.com\/es\/wp-json\/wp\/v2\/product_tag?post=6104"}],"curies":[{"name":"wp","href":"https:\/\/api.w.org\/{rel}","templated":true}]}}