{"id":6073,"date":"2023-05-15T15:09:22","date_gmt":"2023-05-15T07:09:22","guid":{"rendered":"https:\/\/www.quartzite-stone.com\/product\/blue-sodalite-granite-table-top\/"},"modified":"2023-06-10T10:19:05","modified_gmt":"2023-06-10T02:19:05","slug":"tablero-de-granito-sodalita-azul","status":"publish","type":"product","link":"https:\/\/www.quartzite-stone.com\/es\/products\/blue-sodalite-granite-table-top\/","title":{"rendered":"Tablero de mesa de granito azul sodalita"},"content":{"rendered":"<p style=\"line-height: 1.5\">Granito Sodalita Azul<\/p>\n<p style=\"line-height: 1.5\">&nbsp; &nbsp; Ya sea en el lujo ligero moderno, el lujo ligero franc\u00e9s o la decoraci\u00f3n del hogar de estilo franc\u00e9s minimalista moderno, el patr\u00f3n de m\u00e1rmol es definitivamente un elemento esencial, que duplica la sensaci\u00f3n de lujo en el hogar.<br \/>&nbsp; &nbsp; A los ojos de los dise\u00f1adores, la textura del m\u00e1rmol siempre ha sido un elemento cl\u00e1sico atemporal. Poner cualquier objeto sobre la mesa de m\u00e1rmol, de una sola vez, se convierte inmediatamente en una gama alta. Hoy, presentamos los tipos populares de piedras de mesa de comedor de m\u00e1rmol:<img fetchpriority=\"high\" decoding=\"async\" src=\"https:\/\/data.adwebcloud.com\/public\/material\/220426a7q47o\/product\/bluemarblesidetable_1684134458318.jpg\" width=\"750\" height=\"600\" alt=\"\" \/><\/p>\n<p style=\"line-height: 1.5\">&nbsp; &nbsp; El m\u00e1rmol Bianco Carrara se produce en Italia, con un color base blanco y texturas naturales y \u00fanicas, como patrones de seda gris claro, patrones de puntos y granos finos. Existe en edificios como la Torre Inclinada de Pisa y el Pante\u00f3n de Roma, y tambi\u00e9n es la materia prima de muchas esculturas famosas.<\/p>\n<p style=\"line-height: 1.5\">&nbsp; &nbsp; Amazonite Granite se produce en Brasil. El color de la superficie es verde, gris, blanco y marr\u00f3n entrelazados entre s\u00ed. \u00a1Tiene un fuerte sentido est\u00e9tico y realza instant\u00e1neamente el estilo del hogar! Al integrar la rica textura y el arte de la piedra, tiene una sensaci\u00f3n de lujo ligera y lujosa, que es muy apreciada por los dise\u00f1adores y los due\u00f1os de casa. Presenta una especie de innovaci\u00f3n art\u00edstica fuera de la naturaleza.<img decoding=\"async\" src=\"https:\/\/data.adwebcloud.com\/public\/material\/220426a7q47o\/product\/bluemarbletable_1684134464929.jpg\" width=\"750\" height=\"600\" alt=\"\" \/><\/p>\n<p style=\"line-height: 1.5\">&nbsp; &nbsp; <a class=\"wpil_keyword_link\" href=\"https:\/\/www.quartzite-stone.com\/es\/producto-2\/granito-azul-sodalita\/\"   title=\"Granito Sodalita Azul\" data-wpil-keyword-link=\"linked\">Granito Sodalita Azul<\/a> es el rey de las piedras de lujo de Brasil, con poca producci\u00f3n y alto valor por su rico lapisl\u00e1zuli. Azul como color base, con un poco de textura blanca o una superficie ondulada. El patr\u00f3n de piedra en capas aporta una fuerte sensaci\u00f3n de comodidad al interior y tiene una gran plasticidad. Recomendado para decoraci\u00f3n: pared de fondo de TV\/sof\u00e1, porche, mesa de comedor, mesa de caf\u00e9, etc.<\/p>\n<p style=\"line-height: 1.5\">&nbsp; &nbsp; <a class=\"wpil_keyword_link\" href=\"https:\/\/www.quartzite-stone.com\/es\/producto-2\/oro-patagonia-granito\/\"   title=\"Granito patag\u00f3nico\" data-wpil-keyword-link=\"linked\">Granito patag\u00f3nico<\/a> proviene de la piedra de lujo m\u00e1s hermosa de Brasil, que se considera una especie de piedra rara. Debido a la textura especial, el material duro, el estilo ex\u00f3tico y el alto valor art\u00edstico, el precio ser\u00e1 m\u00e1s alto que el del m\u00e1rmol ordinario. Los escenarios aplicables se utilizan principalmente en villas, casas de lujo, varios hoteles y vest\u00edbulos de edificios de oficinas.<\/p>\n<p style=\"line-height: 1.5\">&nbsp; &nbsp; Ice Jade Marble se produce en Yunnan, China. Es un m\u00e1rmol natural con calidad de jade. La combinaci\u00f3n de colores principal es negro, blanco y verde. Con iluminaci\u00f3n c\u00e1lida o adornos de metal brillante, es muy hermoso como decoraci\u00f3n de encimeras y paredes.<img decoding=\"async\" src=\"https:\/\/data.adwebcloud.com\/public\/material\/220426a7q47o\/product\/newdesignbluemarbletable_1684134471823.jpg\" width=\"750\" height=\"600\" alt=\"\" \/><\/p>\n<p style=\"line-height: 1.5\">&nbsp; &nbsp; Pink Onyx producido en Ir\u00e1n, es una de las piedras m\u00e1s preciosas entre las variedades de piedras, con un material fino y un buen efecto de transmisi\u00f3n de luz. Junto con una base de lat\u00f3n pulido, presenta un estilo Art Deco moderno y retro en minutos.<br \/>El tablero de m\u00e1rmol azul de la imagen de arriba es uno de los productos m\u00e1s populares de nuestra empresa. Tiene una forma simple, un color brillante y un precio atractivo, y es muy apreciado por los consumidores.<\/p>\n<p style=\"line-height: 1.5\">&nbsp; &nbsp; Blue Sodalite Granite es conocido por su hermoso color azul con vetas blancas y grises, lo que crea un patr\u00f3n natural y llamativo. Adem\u00e1s, la textura dura y duradera de la piedra la hace perfecta para \u00e1reas de mucho tr\u00e1nsito como el comedor o la sala de estar. Tambi\u00e9n es resistente a los rayones, al calor y al \u00e1cido, lo que garantiza la longevidad y conserva su belleza.<br \/>&nbsp; &nbsp; En HRST Stone, nos enorgullecemos de ofrecer productos y servicios excepcionales. Nuestros experimentados trabajadores fabricar\u00e1n su mesa personalizada en un plazo de 14 d\u00edas, asegur\u00e1ndose de que reciba su pedido de forma r\u00e1pida y eficaz. Damos la bienvenida a cualquier consulta que pueda tener, y estamos aqu\u00ed para ayudarle con su proyecto en cada paso del camino.<img decoding=\"async\" src=\"https:\/\/data.adwebcloud.com\/public\/material\/220426a7q47o\/product\/popularbluemarbletabletop_1684134478633.jpg\" alt=\"\" \/><\/p>","protected":false},"excerpt":{"rendered":"<p>El granito de sodalita azul es una hermosa piedra natural conocida principalmente por su color azul \u00fanico con vetas blancas y grises. Tiene una textura dura y duradera, por lo que es una opci\u00f3n ideal para aplicaciones interiores y exteriores. Este granito ofrece una excelente resistencia a los rayones, al calor y al \u00e1cido, lo que lo hace perfecto para \u00e1reas de mucho tr\u00e1nsito como encimeras de cocina y pisos. Adem\u00e1s, el patr\u00f3n natural de Blue Sodalite Granite es visualmente estimulante y distintivo, lo que lo hace adecuado para crear impresionantes piezas de acento y elementos decorativos.<\/p>","protected":false},"featured_media":6809,"comment_status":"open","ping_status":"closed","template":"","meta":[],"product_brand":[],"product_cat":[460],"product_tag":[754,755,753,752,756,759,758,760,757],"class_list":{"0":"post-6073","1":"product","2":"type-product","3":"status-publish","4":"has-post-thumbnail","6":"product_cat-stone-furniture","7":"product_tag-blue-sodalite-granite-countertop","8":"product_tag-blue-sodalite-granite-dining-table","9":"product_tag-blue-sodalite-granite-furniture","10":"product_tag-blue-sodalite-granite-table-top","11":"product_tag-blue-sodalite-stone","12":"product_tag-luxury-natural-blue-granite","13":"product_tag-royal-blue-sodalite-coffee-table","14":"product_tag-royal-blue-sodalite-island-top","15":"product_tag-royal-blue-sodalite-wall-decor","17":"first","18":"instock","19":"shipping-taxable","20":"product-type-simple"},"_links":{"self":[{"href":"https:\/\/www.quartzite-stone.com\/es\/wp-json\/wp\/v2\/product\/6073","targetHints":{"allow":["GET"]}}],"collection":[{"href":"https:\/\/www.quartzite-stone.com\/es\/wp-json\/wp\/v2\/product"}],"about":[{"href":"https:\/\/www.quartzite-stone.com\/es\/wp-json\/wp\/v2\/types\/product"}],"replies":[{"embeddable":true,"href":"https:\/\/www.quartzite-stone.com\/es\/wp-json\/wp\/v2\/comments?post=6073"}],"wp:featuredmedia":[{"embeddable":true,"href":"https:\/\/www.quartzite-stone.com\/es\/wp-json\/wp\/v2\/media\/6809"}],"wp:attachment":[{"href":"https:\/\/www.quartzite-stone.com\/es\/wp-json\/wp\/v2\/media?parent=6073"}],"wp:term":[{"taxonomy":"product_brand","embeddable":true,"href":"https:\/\/www.quartzite-stone.com\/es\/wp-json\/wp\/v2\/product_brand?post=6073"},{"taxonomy":"product_cat","embeddable":true,"href":"https:\/\/www.quartzite-stone.com\/es\/wp-json\/wp\/v2\/product_cat?post=6073"},{"taxonomy":"product_tag","embeddable":true,"href":"https:\/\/www.quartzite-stone.com\/es\/wp-json\/wp\/v2\/product_tag?post=6073"}],"curies":[{"name":"wp","href":"https:\/\/api.w.org\/{rel}","templated":true}]}}