{"id":6014,"date":"2023-05-11T10:14:52","date_gmt":"2023-05-11T02:14:52","guid":{"rendered":"https:\/\/www.quartzite-stone.com\/product\/natural-matrix-granite\/"},"modified":"2023-05-11T10:56:25","modified_gmt":"2023-05-11T02:56:25","slug":"granito-de-matriz-natural","status":"publish","type":"product","link":"https:\/\/www.quartzite-stone.com\/es\/products\/natural-matrix-granite\/","title":{"rendered":"Granito de matriz natural"},"content":{"rendered":"<p style=\"line-height: 1.5\"><strong>Granito de matriz natural<\/strong><\/p>\n<p style=\"line-height: 1.5\">Matrix Granite es un tipo de granito negro que se encuentra principalmente en el pa\u00eds de Brasil. Tambi\u00e9n es conocido por nombres como Black Metal Granite, Granito St Louis, Metallica Granite, Matrix Motion Granite, etc. Hay patrones en espiral plateados, c\u00edrculos y puntos grises y texturas negras en el fondo gris-negro de la piedra. En este granito se observa una variaci\u00f3n de nivel medio.<img decoding=\"async\" src=\"https:\/\/data.adwebcloud.com\/public\/material\/220426a7q47o\/product\/MatrixGraniteBigSlab_1683771129973.jpg\" alt=\"\" \/><\/p>\n<p style=\"line-height: 1.5\">Negro, profundo y sobrio, de gama alta y discreto. Como un color popular atemporal en la tendencia de la moda, destaca la calidad y el lujo del espacio con un toque de negro elegante y conciso. Como representante de la piedra negra, la textura \u00fanica e innata de Matrix Granite inyecta una atm\u00f3sfera art\u00edstica y de moda en el espacio y es muy buscada por muchos propietarios, amantes de la moda y dise\u00f1adores.<\/p>\n<p style=\"line-height: 1.5\">Bajo el reflejo de la luz, la superficie negra y profunda como tinta de Matrix Granite destella un poco de luz estelar, brillando intensamente, al igual que las estrellas en el cielo bajo el cielo nocturno, so\u00f1adora y hermosa, dando al espacio un noble y temperamento elegante.<img fetchpriority=\"high\" decoding=\"async\" src=\"https:\/\/data.adwebcloud.com\/public\/material\/220426a7q47o\/product\/MatrixGraniteCountertop_1683771145242.jpg\" width=\"1440\" height=\"1080\" alt=\"\" \/><\/p>\n<p style=\"line-height: 1.5\">El granito asombroso es Matrix Granite. Se siente como agua, casi como plata l\u00edquida. Esta piedra de aspecto met\u00e1lico tiene patrones ondulados formados por remolinos, puntos y c\u00edrculos de color gris oscuro y gris con motas negras. Las encimeras de la cocina, las paredes decorativas, los tocadores del ba\u00f1o y las barras de bar son opciones dram\u00e1ticas que pueden servir como el punto principal de la habitaci\u00f3n.<\/p>\n<p style=\"line-height: 1.5\">Matrix Granite tiene un color como una joya, l\u00edneas suaves asim\u00e9tricas, textura dura y estructura densa. Sus tonos oscuros de alta calidad pueden expresar completamente el estilo del espacio, como una dama solemne y elegante, graciosa y lujosa, una vez combinada con un dise\u00f1o simple y elegante, har\u00e1 que las personas se sientan c\u00f3modas y c\u00f3modas desde el fondo de sus corazones. Desecha el ajetreo y el bullicio de la ciudad, y asienta los pensamientos m\u00e1s reales en mi coraz\u00f3n. El producto es adecuado para espacios decorativos como pisos, paredes, paredes de fondo y escritorios.<\/p>\n<p style=\"line-height: 1.5\">Natural Matrix Granite es una piedra de granito de alta calidad, su color de alta calidad siempre puede brindar a las personas una sensaci\u00f3n de calma y moderaci\u00f3n, y tambi\u00e9n revela una atm\u00f3sfera misteriosa. El espacio que decora luce tranquilo, maduro, noble y elegante, y ha logrado una gran cantidad de excelentes trabajos decorativos.<img decoding=\"async\" src=\"https:\/\/data.adwebcloud.com\/public\/material\/220426a7q47o\/product\/MatrixGraniteUsed_1683771155954.jpg\" width=\"750\" height=\"600\" alt=\"\" \/><\/p>\n<p style=\"line-height: 1.5\">El atractivo granito conocido como Matrix tiene un hermoso fondo gris y vetas negras y onduladas. El color neutro del granito Matrix hace que sea f\u00e1cil de incorporar en una variedad de esquemas de dise\u00f1o. Es una opci\u00f3n fant\u00e1stica para espacios al aire libre, alrededores de chimeneas, barras de bar, tocadores de ba\u00f1o y superficies de cocina.<\/p>\n<p style=\"line-height: 1.5\">Esta piedra no solo es hermosa a la vista, sino que tambi\u00e9n es bastante fuerte. Es comprensible por qu\u00e9 esta piedra natural es una opci\u00f3n popular entre los propietarios de viviendas dado lo impresionante que parece y lo bien que puede sobrevivir al uso que recibir\u00e1 en varias partes de la casa. Adem\u00e1s, el granito en general puede aumentar el valor de su casa en general, lo que puede ser muy beneficioso si alguna vez decide venderla. La instalaci\u00f3n de granito Matrix en su casa puede convertirse en una de las mejores elecciones que haya hecho.<img decoding=\"async\" src=\"https:\/\/data.adwebcloud.com\/public\/material\/220426a7q47o\/product\/PopularMatrixGraniteSlab_1683771174082.jpg\" width=\"1440\" height=\"1039\" alt=\"\" \/><\/p>","protected":false},"excerpt":{"rendered":"<p>Matrix Granite es un gneis de biotita fascinado con texturas grises plateadas brillantes extra\u00eddas en Brasil. Esta piedra ex\u00f3tica exclusiva es especialmente buena para encimeras, mosaicos, aplicaciones de pisos y paredes exteriores e interiores, fuentes, revestimiento de piscinas y paredes, escaleras, marcos de ventanas y otros proyectos de dise\u00f1o.<\/p>","protected":false},"featured_media":6015,"comment_status":"open","ping_status":"closed","template":"","meta":[],"product_brand":[],"product_cat":[205],"product_tag":[741,734,736,740,738,739,733,737,735,732],"class_list":{"0":"post-6014","1":"product","2":"type-product","3":"status-publish","4":"has-post-thumbnail","6":"product_cat-granite","7":"product_tag-black-metal-granite-accent-wall","8":"product_tag-matrix-3d-granite","9":"product_tag-matrix-granite-background-wall","10":"product_tag-matrix-granite-furniture-table","11":"product_tag-matrix-granite-island-top","12":"product_tag-matrix-granite-table","13":"product_tag-matrix-granite-wall-tiles","14":"product_tag-matrix-motion-granite-tile","15":"product_tag-metallica-granite","16":"product_tag-natural-matrix-granite-countertop","18":"first","19":"instock","20":"shipping-taxable","21":"product-type-simple"},"_links":{"self":[{"href":"https:\/\/www.quartzite-stone.com\/es\/wp-json\/wp\/v2\/product\/6014","targetHints":{"allow":["GET"]}}],"collection":[{"href":"https:\/\/www.quartzite-stone.com\/es\/wp-json\/wp\/v2\/product"}],"about":[{"href":"https:\/\/www.quartzite-stone.com\/es\/wp-json\/wp\/v2\/types\/product"}],"replies":[{"embeddable":true,"href":"https:\/\/www.quartzite-stone.com\/es\/wp-json\/wp\/v2\/comments?post=6014"}],"wp:featuredmedia":[{"embeddable":true,"href":"https:\/\/www.quartzite-stone.com\/es\/wp-json\/wp\/v2\/media\/6015"}],"wp:attachment":[{"href":"https:\/\/www.quartzite-stone.com\/es\/wp-json\/wp\/v2\/media?parent=6014"}],"wp:term":[{"taxonomy":"product_brand","embeddable":true,"href":"https:\/\/www.quartzite-stone.com\/es\/wp-json\/wp\/v2\/product_brand?post=6014"},{"taxonomy":"product_cat","embeddable":true,"href":"https:\/\/www.quartzite-stone.com\/es\/wp-json\/wp\/v2\/product_cat?post=6014"},{"taxonomy":"product_tag","embeddable":true,"href":"https:\/\/www.quartzite-stone.com\/es\/wp-json\/wp\/v2\/product_tag?post=6014"}],"curies":[{"name":"wp","href":"https:\/\/api.w.org\/{rel}","templated":true}]}}