{"id":5983,"date":"2023-05-09T11:31:01","date_gmt":"2023-05-09T03:31:01","guid":{"rendered":"https:\/\/www.quartzite-stone.com\/product\/noir-grand-antique-marble\/"},"modified":"2023-05-09T12:27:16","modified_gmt":"2023-05-09T04:27:16","slug":"noir-gran-marmol-antiguo","status":"publish","type":"product","link":"https:\/\/www.quartzite-stone.com\/es\/products\/noir-grand-antique-marble\/","title":{"rendered":"Gran M\u00e1rmol Antiguo Noir"},"content":{"rendered":"<p><strong>Gran M\u00e1rmol Antiguo Noir<\/strong><\/p>\n<p style=\"line-height: 1.5\">Natural Grand Antique Marble es una piedra negra profunda con vetas blancas gr\u00e1ficas que es \u00fanica.<\/p>\n<p style=\"line-height: 1.5\">Noir Grand Antique es un m\u00e1rmol que se caracteriza por la combinaci\u00f3n de dos colores: blanco y negro.<br \/>Al ser el m\u00e1rmol un producto natural, estas muestras son medianas y pueden variar. Siempre nos esforzaremos por mantener la consistencia, al menos lo m\u00e1s cerca posible, pero no se puede garantizar la semejanza.<\/p>\n<p style=\"line-height: 1.5\"><img decoding=\"async\" src=\"https:\/\/data.adwebcloud.com\/public\/material\/220426a7q47o\/product\/grandantiqueBlackMarbleWashn_1683602963852.jpg\" alt=\"\" \/><br \/>Un m\u00e1rmol conocido como Noir Grand Antique se distingue por el entrelazado de las tonalidades de blanco y negro. Dado que el m\u00e1rmol es un producto natural, estas muestras son t\u00edpicas y est\u00e1n sujetas a cambios. Siempre nos esforzaremos por mantener la coherencia, al menos en la medida de lo posible, pero no se puede garantizar el parecido.<br \/>Esta piedra presenta un contraste inusual en blanco y negro. Impresionantes patrones se producen sobre un fondo negro con vetas blancas. Dise\u00f1o de interiores apropiado, incluyendo el adorno de pisos, escaleras, paredes, chimeneas, marcos de ventanas y diferentes componentes del ba\u00f1o. Dos espesores comunes son 20 y 30 mil\u00edmetros.<img fetchpriority=\"high\" decoding=\"async\" src=\"https:\/\/data.adwebcloud.com\/public\/material\/220426a7q47o\/product\/grandantiquemarblecountertop_1683602975590.jpg\" width=\"750\" height=\"600\" alt=\"\" \/><br \/>Natural Noir Grand Antique Marble, tambi\u00e9n conocido como Bulgari Black\/Black and White Flower, cl\u00e1sico y popular en blanco y negro, representa el magn\u00edfico impulso galopante, las vastas y turbulentas olas, que fluyen con el sentido dominante y moderno del rey, el fuerte negro. y el blanco en contraste y colisi\u00f3n, constituyen una maravillosa fuerza de atracci\u00f3n visual, moldeando la est\u00e9tica del espacio que nunca pasar\u00e1 de moda;<br \/>El m\u00e1rmol Natural Noir Grand Antique es el favorito de muchas grandes marcas debido a su patr\u00f3n moderno. Celine se utiliza en muchas tiendas insignia de todo el mundo. Est\u00e1 pavimentado en una gran superficie para decorar el fondo, formando un estilo de color muy fuerte. Con su rica postura y connotaci\u00f3n, se fusiona y se sublima con cada obra de arte, y juntos crean una hermosa imagen tridimensional.<img decoding=\"async\" src=\"https:\/\/data.adwebcloud.com\/public\/material\/220426a7q47o\/product\/grandantiquemarbleslab_1683602983250.jpg\" width=\"750\" height=\"600\" alt=\"\" \/><br \/>Entre las luces, el vino, el verde y el mundo mortal, el blanco y el negro suelen ser los m\u00e1s conmovedores, sin demasiados dise\u00f1os, puede reflejar el gusto elegante, el lujo ligero y la atm\u00f3sfera del propietario, y cada vez m\u00e1s dise\u00f1adores y consumidores lo eligen. , con el fin de crear un espacio habitable de lujo ligero de gama alta;<br \/>Noir Grand Antique Marble, que es muy apreciado en dise\u00f1os de interiores opulentos, se descubre en el valle del r\u00edo Lez en el sur de Francia. El contraste de los colores blanco y negro proporciona una obra de arte incre\u00edble para su habitaci\u00f3n. Tiene un color base que es un negro profundo con llamativas vetas blancas que fluyen a trav\u00e9s de \u00e9l. El Gran M\u00e1rmol Antiguo Noir, que es muy duradero y tiene una textura fina, se utiliza con frecuencia para decoraciones de fondo como cajas de cerillas. Este Gran M\u00e1rmol Antiguo Noir de Francia es adecuado para espacios interiores y le da un toque distintivo a cada superficie.<img decoding=\"async\" src=\"https:\/\/data.adwebcloud.com\/public\/material\/220426a7q47o\/product\/naturalblackmarbleslab_1683602991927.jpg\" alt=\"\" \/><\/p>\n<p style=\"line-height: 1.5\">En HRST Stone, tenemos un inventario de m\u00e1s de 5000 pies cuadrados de M\u00e1rmol Natural Grand Antique que puede ser procesado a medida en varios productos para satisfacer todas sus necesidades. Tenemos una amplia experiencia en la producci\u00f3n de este tipo de m\u00e1rmol, lo que garantiza un producto final de alta calidad.<\/p>","protected":false},"excerpt":{"rendered":"<p>Noir Grand Antique Marble es una especie de m\u00e1rmol negro de brecha extra\u00eddo en Francia. Esta piedra es especialmente buena para encimeras, mosaicos, aplicaciones de pisos y paredes exteriores e interiores, chimeneas, fuentes, revestimiento de piscinas y paredes, escaleras, marcos de ventanas y otros proyectos de dise\u00f1o. Tambi\u00e9n llamado Marbre Petit Antique, <a class=\"wpil_keyword_link\" href=\"https:\/\/www.quartzite-stone.com\/es\/producto-2\/pequeno-marmol-antiguo\/\"   title=\"Peque\u00f1o M\u00e1rmol Antiguo\" data-wpil-keyword-link=\"linked\">Peque\u00f1o M\u00e1rmol Antiguo<\/a>, Noir Petit Antique, Petit Antique Bechantillon, Noir Grand Antique M\u00e1rmol.<\/p>","protected":false},"featured_media":5984,"comment_status":"open","ping_status":"closed","template":"","meta":[],"product_brand":[],"product_cat":[175],"product_tag":[703,705,702,709,704,706,707,708,711,710],"class_list":{"0":"post-5983","1":"product","2":"type-product","3":"status-publish","4":"has-post-thumbnail","6":"product_cat-marble","7":"product_tag-natural-petit-antique","8":"product_tag-noir-grand-antique-marble-bathroom-vanity-top","9":"product_tag-noir-grand-antique-marble-countertop","10":"product_tag-noir-grand-antique-marble-furniture","11":"product_tag-noir-grand-antique-marble-slab","12":"product_tag-noir-grand-antique-marble-table-top","13":"product_tag-noir-grand-antique-marble-tile","14":"product_tag-noir-petit-antique-marble-stone","15":"product_tag-petit-antique-marble-island-top","16":"product_tag-petit-antique-marble-tiles","18":"first","19":"instock","20":"shipping-taxable","21":"product-type-simple"},"_links":{"self":[{"href":"https:\/\/www.quartzite-stone.com\/es\/wp-json\/wp\/v2\/product\/5983","targetHints":{"allow":["GET"]}}],"collection":[{"href":"https:\/\/www.quartzite-stone.com\/es\/wp-json\/wp\/v2\/product"}],"about":[{"href":"https:\/\/www.quartzite-stone.com\/es\/wp-json\/wp\/v2\/types\/product"}],"replies":[{"embeddable":true,"href":"https:\/\/www.quartzite-stone.com\/es\/wp-json\/wp\/v2\/comments?post=5983"}],"wp:featuredmedia":[{"embeddable":true,"href":"https:\/\/www.quartzite-stone.com\/es\/wp-json\/wp\/v2\/media\/5984"}],"wp:attachment":[{"href":"https:\/\/www.quartzite-stone.com\/es\/wp-json\/wp\/v2\/media?parent=5983"}],"wp:term":[{"taxonomy":"product_brand","embeddable":true,"href":"https:\/\/www.quartzite-stone.com\/es\/wp-json\/wp\/v2\/product_brand?post=5983"},{"taxonomy":"product_cat","embeddable":true,"href":"https:\/\/www.quartzite-stone.com\/es\/wp-json\/wp\/v2\/product_cat?post=5983"},{"taxonomy":"product_tag","embeddable":true,"href":"https:\/\/www.quartzite-stone.com\/es\/wp-json\/wp\/v2\/product_tag?post=5983"}],"curies":[{"name":"wp","href":"https:\/\/api.w.org\/{rel}","templated":true}]}}