{"id":5974,"date":"2023-05-09T10:57:41","date_gmt":"2023-05-09T02:57:41","guid":{"rendered":"https:\/\/www.quartzite-stone.com\/product\/natural-cristallo-white-quartzite\/"},"modified":"2023-06-27T10:57:43","modified_gmt":"2023-06-27T02:57:43","slug":"cuarcita-blanca-cristallo-natural","status":"publish","type":"product","link":"https:\/\/www.quartzite-stone.com\/es\/products\/natural-cristallo-white-quartzite\/","title":{"rendered":"Cuarcita Blanca Cristallo"},"content":{"rendered":"<p><strong>Cuarcita Blanca Cristallo <\/strong><\/p>\n<p style=\"line-height: 1.5\">La cuarcita natural es colorida, rica en textura, llena de encanto ex\u00f3tico y misterioso, y cada placa es diferente y se puede pintar de forma independiente; en t\u00e9rminos de estructura del material, la dureza y la resistencia al desgaste son mejores que el granito; La cuarcita tambi\u00e9n tiene una caracter\u00edstica propia, es decir, tiene una cierta transparencia parcial, similar a los cristales.<br \/>La arenisca se metamorfosea primero en cuarcita, una roca metam\u00f3rfica dura, por el calor y la presi\u00f3n provocados por la compresi\u00f3n tect\u00f3nica. Debido a su solidez, la cuarcita resiste sobre todo a la erosi\u00f3n y al clima inestable, lo que la hace adecuada para su uso como suelo, pelda\u00f1os de escaleras, revestimiento de paredes y tejas. La cuarcita se utiliza cada vez m\u00e1s en interiores como mueble y para superficies de encimeras. Debido a las diferentes concentraciones de \u00f3xido de hierro, la cuarcita pura tambi\u00e9n puede desarrollarse en una variedad de tonalidades rosas y rojas, adem\u00e1s de su t\u00edpica gama de colores neutros del blanco al gris.<\/p>\n<p style=\"line-height: 1.5\"><img fetchpriority=\"high\" decoding=\"async\" src=\"https:\/\/data.adwebcloud.com\/public\/material\/220426a7q47o\/product\/CristalloWhiteQuartziteSlab_1683600959313.jpg\" width=\"750\" height=\"600\" alt=\"\" style=\"float: left\" \/><\/p>\n<p style=\"line-height: 1.5\">\n<p style=\"line-height: 1.5\">\n<p style=\"line-height: 1.5\">\n<p style=\"line-height: 1.5\">\n<p style=\"line-height: 1.5\">\n<p style=\"line-height: 1.5\">\n<p style=\"line-height: 1.5\">\n<p style=\"line-height: 1.5\">\n<p style=\"line-height: 1.5\">\n<p style=\"line-height: 1.5\">\n<p style=\"line-height: 1.5\">\n<p style=\"line-height: 1.5\">\n<p style=\"line-height: 1.5\">\n<p style=\"line-height: 1.5\">\n<p style=\"line-height: 1.5\">\n<p style=\"line-height: 1.5\">\n<p style=\"line-height: 1.5\">\n<p style=\"line-height: 1.5\">\n<p style=\"line-height: 1.5\">\n<p style=\"line-height: 1.5\">\n<p style=\"line-height: 1.5\">Cristallo es una cuarcita ex\u00f3tica procedente de Brasil. Se distingue por un fondo de cristal transparente con infiltraciones doradas, lo que la hace ideal para espacios interiores, en particular los retroiluminados.<br \/>Las losas de cuarcita blanca son una piedra hermosa y pr\u00e1ctica que antes se consideraba el colmo del lujo. Es una opci\u00f3n impresionante y resistente, ideal para una gran variedad de aplicaciones, como suelos y cocinas. Es una piedra atemporal que resiste mejor los golpes y ara\u00f1azos que la caliza y otras piedras naturales comparables, ya que se form\u00f3 bajo un calor y una presi\u00f3n intensos. Siempre se distingue por sus sofisticados matices y patrones \"jaspeados\", dando a cada una de las superficies de losas de cuarcita blanca de sus clientes un toque especial y refinado.<\/p>\n<p style=\"line-height: 1.5\"><img decoding=\"async\" src=\"https:\/\/data.adwebcloud.com\/public\/material\/220426a7q47o\/product\/LuxuryWhiteQuartzite_1683600965857.jpg\" width=\"750\" height=\"600\" alt=\"\" \/><br \/>La Cuarcita Cristallo es s\u00f3lo una de la gran variedad de Piedras Naturales que tenemos en nuestras exposiciones. Seleccionar la piedra ideal para su casa puede ser muy dif\u00edcil porque cada piedra natural tiene sus propias propiedades y factores a tener en cuenta. Vamos a centrarnos en esta Piedra Natural realmente popular e impresionante, la Cuarcita Cristallo, para ayudarle a hacer la mejor elecci\u00f3n.<br \/>Durante m\u00e1s de una d\u00e9cada, una encimera de Cristallo Quartzite ha sido un elemento muy deseado en cocinas de lujo, barras de bar y ba\u00f1os. Cristallo Quartzite es una piedra preciosa y vers\u00e1til que se puede utilizar para encimeras, aplicaciones de pared y accesorios de iluminaci\u00f3n de moda. Su fascinante calidad cristalina y su gran durabilidad hacen de Cristallo Quartzite una excelente elecci\u00f3n para un impresionante y duradero accesorio para el hogar.<\/p>\n<p style=\"line-height: 1.5\"><img decoding=\"async\" src=\"https:\/\/data.adwebcloud.com\/public\/material\/220426a7q47o\/product\/ModernCristalloWhiteQuartzip_1683600972536.jpg\" width=\"750\" height=\"600\" alt=\"\" style=\"float: left\" \/><\/p>\n<p style=\"line-height: 1.5\">\n<p style=\"line-height: 1.5\">\n<p style=\"line-height: 1.5\">\n<p style=\"line-height: 1.5\">\n<p style=\"line-height: 1.5\">\n<p style=\"line-height: 1.5\">\n<p style=\"line-height: 1.5\">\n<p style=\"line-height: 1.5\">\n<p style=\"line-height: 1.5\">\n<p style=\"line-height: 1.5\">\n<p style=\"line-height: 1.5\">\n<p style=\"line-height: 1.5\">\n<p style=\"line-height: 1.5\">\n<p style=\"line-height: 1.5\">\n<p style=\"line-height: 1.5\">\n<p style=\"line-height: 1.5\">\n<p style=\"line-height: 1.5\">\n<p style=\"line-height: 1.5\">\n<p style=\"line-height: 1.5\">\n<p style=\"line-height: 1.5\">\n<p style=\"line-height: 1.5\">Como la mayor\u00eda de las piedras naturales, el aspecto de Cristallo puede variar bastante de una losa a otra. Diferentes factores, como la ubicaci\u00f3n y la exposici\u00f3n a elementos externos, pueden afectar en gran medida al color y las caracter\u00edsticas de la piedra.<\/p>\n<p style=\"line-height: 1.5\">La Cuarcita Natural Cristallo White ha ganado una inmensa popularidad entre los consumidores debido a sus caracter\u00edsticas \u00fanicas en comparaci\u00f3n con otras cuarcitas. Esta cuarcita en particular es muy favorecida para su aplicaci\u00f3n como encimeras, mostrando sus excelentes ventajas cuando se utiliza en esta capacidad. HRST Stone cuenta con un amplio inventario de m\u00e1s de 10000 pies cuadrados de este exquisito material, con un equipo de trabajadores cualificados y equipos de \u00faltima generaci\u00f3n que pueden satisfacer sus diversas necesidades. Con su incomparable belleza y durabilidad, la Cuarcita Natural Cristallo White es la elecci\u00f3n perfecta para cualquier proyecto de encimera.<img loading=\"lazy\" decoding=\"async\" src=\"https:\/\/data.adwebcloud.com\/public\/material\/220426a7q47o\/product\/WhiteQuartziteCountertop_1683600984033.jpg\" width=\"750\" height=\"600\" alt=\"\" \/><\/p><\/p>","protected":false},"excerpt":{"rendered":"<p>Cristallo White Quartzite es una impresionante piedra blanca y marfil con sutiles tonos de color gris extra\u00eddo en Brasil. Esta piedra es especialmente buena para exteriores: aplicaciones de paredes y pisos interiores, encimeras, mosaicos, fuentes, revestimiento de piscinas y paredes, y otros proyectos de dise\u00f1o. Tambi\u00e9n se llama Cuarcita Cristallo Extra White, Cuarcita Cristallo, Cuarcita Cristallo Branco, Blanco Cristallo, Cuarcita Bianco Cristallo, Cuarcita Blanca Cristallo, Cuarcita Crystallo.<\/p>","protected":false},"featured_media":7143,"comment_status":"open","ping_status":"closed","template":"","meta":[],"product_brand":[],"product_cat":[195],"product_tag":[693,695,692,701,700,696,697,694,698,699],"class_list":{"0":"post-5974","1":"product","2":"type-product","3":"status-publish","4":"has-post-thumbnail","6":"product_cat-quartzite","7":"product_tag-cristallo-branco-quartzite-slab","8":"product_tag-cristallo-white-quartzite-bathroom-vanity-top","9":"product_tag-cristallo-white-quartzite-countertop","10":"product_tag-cristallo-white-quartzite-furniture-design","11":"product_tag-cristallo-white-quartzite-furniture-table","12":"product_tag-cristallo-white-quartzite-island-top","13":"product_tag-cristallo-white-quartzite-table-top","14":"product_tag-cristallo-white-quartzite-tiles","15":"product_tag-crystallo-quartzite-slabs","16":"product_tag-natural-crystallo-quartzite-background-wall","18":"first","19":"instock","20":"shipping-taxable","21":"product-type-simple"},"_links":{"self":[{"href":"https:\/\/www.quartzite-stone.com\/es\/wp-json\/wp\/v2\/product\/5974","targetHints":{"allow":["GET"]}}],"collection":[{"href":"https:\/\/www.quartzite-stone.com\/es\/wp-json\/wp\/v2\/product"}],"about":[{"href":"https:\/\/www.quartzite-stone.com\/es\/wp-json\/wp\/v2\/types\/product"}],"replies":[{"embeddable":true,"href":"https:\/\/www.quartzite-stone.com\/es\/wp-json\/wp\/v2\/comments?post=5974"}],"wp:featuredmedia":[{"embeddable":true,"href":"https:\/\/www.quartzite-stone.com\/es\/wp-json\/wp\/v2\/media\/7143"}],"wp:attachment":[{"href":"https:\/\/www.quartzite-stone.com\/es\/wp-json\/wp\/v2\/media?parent=5974"}],"wp:term":[{"taxonomy":"product_brand","embeddable":true,"href":"https:\/\/www.quartzite-stone.com\/es\/wp-json\/wp\/v2\/product_brand?post=5974"},{"taxonomy":"product_cat","embeddable":true,"href":"https:\/\/www.quartzite-stone.com\/es\/wp-json\/wp\/v2\/product_cat?post=5974"},{"taxonomy":"product_tag","embeddable":true,"href":"https:\/\/www.quartzite-stone.com\/es\/wp-json\/wp\/v2\/product_tag?post=5974"}],"curies":[{"name":"wp","href":"https:\/\/api.w.org\/{rel}","templated":true}]}}