{"id":5956,"date":"2023-05-08T15:10:58","date_gmt":"2023-05-08T07:10:58","guid":{"rendered":"https:\/\/www.quartzite-stone.com\/product\/natural-prada-green-marble\/"},"modified":"2023-05-08T15:18:35","modified_gmt":"2023-05-08T07:18:35","slug":"marmol-verde-prada-natural","status":"publish","type":"product","link":"https:\/\/www.quartzite-stone.com\/es\/products\/natural-prada-green-marble\/","title":{"rendered":"M\u00e1rmol Verde Prada Natural"},"content":{"rendered":"<p style=\"line-height: 1.5\"><strong>M\u00e1rmol Verde Prada Natural<\/strong><\/p>\n<p style=\"line-height: 1.5\">Prada M\u00e1rmol Verde es de Italia, debido a su destacada juventud, buena apariencia, y la bendici\u00f3n de la moda y los c\u00edrculos de lujo, ha sido fuertemente buscado y amado por los j\u00f3venes modernos.<br \/>El M\u00e1rmol Verde Prada natural es de origen noble (Italia), fuerte en su propia fuerza (buen material), y hay miles de piedras buenas, pero debe haber una piedra llamada M\u00e1rmol Verde Prada que no sea ignorada por la gente.<img decoding=\"async\" src=\"https:\/\/data.adwebcloud.com\/public\/material\/220426a7q47o\/product\/greenmarblebackgroundwall_1683529735227.jpg\" alt=\"\" \/><br \/>Al igual que el azul Tiffany, Prada tambi\u00e9n tiene su color representativo: el verde Prada. Y este m\u00e1rmol es una piedra verde muy utilizada por PRADA en las tiendas insignia de todo el mundo, por lo que tambi\u00e9n se le honra como \"Verde Prada\". La aplicaci\u00f3n cl\u00e1sica de marcas de lujo como LV y PRADA lo convierte en un producto de lujo.<br \/>El verde profundo mezclado con la textura blanca reticular, este color realmente toca el coraz\u00f3n de la gente, entre el verde oscuro y el verde claro, la textura es un estilo s\u00faper fuerte, retro, de lujo ligero, y sin embargo atmosf\u00e9rico, que ha alcanzado el estatus de M\u00e1rmol Verde Prada en la actualidad. La textura irregular del M\u00e1rmol Verde Prada se combina con el verde intenso. La textura profunda es tan \u00e1spera como las olas, y las mil capas de nieve que se elevan no tienen fondo, exudando un encanto cl\u00e1sico.<\/p>\n<p style=\"line-height: 1.5\">Su tono fresco aporta vitalidad al espacio, y su textura natural y coherente hace que el espacio sea m\u00e1s imaginativo y aporta infinitas posibilidades para la decoraci\u00f3n del hogar.<br \/>Como el mar bajo el claro sol, tambi\u00e9n tiene el verde de la selva, que hace que la gente sienta los sentimientos cl\u00e1sicos, y al mismo tiempo tiene el entusiasmo y la vitalidad como la selva tropical. Aunque no se te ocurra nada, es un cuadro Art D\u00e9co gigante.<img fetchpriority=\"high\" decoding=\"async\" src=\"https:\/\/data.adwebcloud.com\/public\/material\/220426a7q47o\/product\/naturalmarblecoffeetable_1683529744828.jpg\" width=\"750\" height=\"600\" alt=\"\" \/><br \/>El m\u00e1rmol verde Prada se utiliza en la encimera o en parte de ella, con un tono fresco y natural, y el estilo de dise\u00f1o minimalista facilita que la gente se relaje en el espacio. La chimenea de m\u00e1rmol verde Prada evita la agitaci\u00f3n del mundo exterior y captura el ocio natural y la elegancia en una pieza de color verde esmeralda. El M\u00e1rmol Verde Prada se utiliza en las paredes y suelos, haciendo que el espacio parezca tener incrustaciones de gemas, enriqueciendo la textura del espacio. Combinado con una decoraci\u00f3n suave, reduce la textura fr\u00eda y dura y muestra plenamente su belleza.<\/p>\n<p style=\"line-height: 1.5\">En HRST Stone, tenemos m\u00e1s de 500 metros cuadrados de M\u00e1rmol Verde Prada Natural en stock que se puede cortar en varios tama\u00f1os y formas, incluyendo encimeras, azulejos de pared, baldosas para suelos, mesas de isla, mesas de comedor, encimeras, fregaderos, y mucho m\u00e1s, por lo que es una opci\u00f3n ideal para una amplia gama de proyectos. Este m\u00e1rmol es moderno y de moda, y sus colores y patrones \u00fanicos a\u00f1aden un toque de elegancia a cualquier espacio. Nuestro M\u00e1rmol Verde Prada Natural es una excelente opci\u00f3n para aquellos que quieren crear un aspecto contempor\u00e1neo y moderno en sus hogares, oficinas o locales comerciales.<img decoding=\"async\" src=\"https:\/\/data.adwebcloud.com\/public\/material\/220426a7q47o\/product\/pradagreenmarblecountertop_1683529753151.jpg\" width=\"750\" height=\"600\" alt=\"\" \/><\/p>\n<p style=\"line-height: 1.5\">Nuestro M\u00e1rmol Verde Prada Natural de HRST Stone ha alcanzado cifras de ventas sin precedentes y se ha convertido en el favorito de los clientes tanto de Norteam\u00e9rica como de Europa. La inmensa popularidad de este producto es testimonio de su calidad y atractivo est\u00e9tico. Nuestra empresa se enorgullece de su amplia experiencia en la industria de la piedra natural, que nos ha permitido ofrecer productos excepcionales que satisfacen las diversas necesidades de nuestros clientes.<img decoding=\"async\" src=\"https:\/\/data.adwebcloud.com\/public\/material\/220426a7q47o\/product\/naturalgreenmarbleslab_1683529761892.jpg\" alt=\"\" \/><\/p>","protected":false},"excerpt":{"rendered":"<p>Prada Green Marble es una serpentina brechada de color verde oscuro con \u00e1reas de blanco y negro extra\u00eddas en la regi\u00f3n del Valle de Aosta, en el noroeste de Italia. Este m\u00e1rmol de color verde oscuro es especialmente bueno para encimeras de cocinas y ba\u00f1os, monumentos, escaleras, piedras de construcci\u00f3n, piedras ornamentales, aplicaciones de pisos y paredes interiores y exteriores, mosaicos, patrones de chorro de agua y otros proyectos de dise\u00f1o. Tambi\u00e9n se llama M\u00e1rmol Verde Mare, Marmi Verde Alpi Scuro, M\u00e1rmol Verde Alpi Dark, M\u00e1rmol Verde Alpi Issogne, Verde Des Alpes, Vert Des Alpes, Marmi Verde Dolomiti, Marmor Alpe Verde, M\u00e1rmol Verde Alpi, M\u00e1rmol Alpine Verde, Verde S. Nicolaus M\u00e1rmol, M\u00e1rmol Verde Alpi.<\/p>","protected":false},"featured_media":5957,"comment_status":"open","ping_status":"closed","template":"","meta":[],"product_brand":[],"product_cat":[175],"product_tag":[678,673,679,680,675,672,681,676,677,674],"class_list":{"0":"post-5956","1":"product","2":"type-product","3":"status-publish","4":"has-post-thumbnail","6":"product_cat-marble","7":"product_tag-alpine-verde-marble-stone","8":"product_tag-marmi-verde-alpi-scuro-marble","9":"product_tag-marmi-verde-dolomiti-furniture","10":"product_tag-natural-prada-green-marble-tiles","11":"product_tag-prada-green-marble-bathroom-vanity-top","12":"product_tag-prada-green-marble-countertop","13":"product_tag-prada-green-marble-island-top","14":"product_tag-prada-green-marble-table-top","15":"product_tag-prada-green-marble-tile","16":"product_tag-verde-mare-marble-slab","18":"first","19":"instock","20":"shipping-taxable","21":"product-type-simple"},"_links":{"self":[{"href":"https:\/\/www.quartzite-stone.com\/es\/wp-json\/wp\/v2\/product\/5956","targetHints":{"allow":["GET"]}}],"collection":[{"href":"https:\/\/www.quartzite-stone.com\/es\/wp-json\/wp\/v2\/product"}],"about":[{"href":"https:\/\/www.quartzite-stone.com\/es\/wp-json\/wp\/v2\/types\/product"}],"replies":[{"embeddable":true,"href":"https:\/\/www.quartzite-stone.com\/es\/wp-json\/wp\/v2\/comments?post=5956"}],"wp:featuredmedia":[{"embeddable":true,"href":"https:\/\/www.quartzite-stone.com\/es\/wp-json\/wp\/v2\/media\/5957"}],"wp:attachment":[{"href":"https:\/\/www.quartzite-stone.com\/es\/wp-json\/wp\/v2\/media?parent=5956"}],"wp:term":[{"taxonomy":"product_brand","embeddable":true,"href":"https:\/\/www.quartzite-stone.com\/es\/wp-json\/wp\/v2\/product_brand?post=5956"},{"taxonomy":"product_cat","embeddable":true,"href":"https:\/\/www.quartzite-stone.com\/es\/wp-json\/wp\/v2\/product_cat?post=5956"},{"taxonomy":"product_tag","embeddable":true,"href":"https:\/\/www.quartzite-stone.com\/es\/wp-json\/wp\/v2\/product_tag?post=5956"}],"curies":[{"name":"wp","href":"https:\/\/api.w.org\/{rel}","templated":true}]}}