{"id":5888,"date":"2023-05-05T11:56:26","date_gmt":"2023-05-05T03:56:26","guid":{"rendered":"https:\/\/www.quartzite-stone.com\/product\/popular-azul-bahia-granite\/"},"modified":"2023-05-05T12:54:12","modified_gmt":"2023-05-05T04:54:12","slug":"popular-granito-azul-bahia","status":"publish","type":"product","link":"https:\/\/www.quartzite-stone.com\/es\/products\/popular-azul-bahia-granite\/","title":{"rendered":"Popular Granito Azul Bahia"},"content":{"rendered":"<p style=\"line-height: 1.5\"><strong>Granito Azul Bah\u00eda<\/strong> <br \/>El granito Azul Bahia es un mineral azul ampliamente visto como una piedra preciosa ornamental. Es una combinaci\u00f3n exquisita de blanco y azul en un patr\u00f3n fluido. Es perfecto para encimeras de cocina y tocadores de ba\u00f1o.<\/p>\n<p style=\"line-height: 1.5\"><img fetchpriority=\"high\" decoding=\"async\" src=\"https:\/\/data.adwebcloud.com\/public\/material\/220426a7q47o\/product\/bluegranitedecor_1683258582374.jpg\" width=\"750\" height=\"600\" alt=\"\" \/><br \/>El granito Azul Bahia de lujo es un mineral azul ampliamente visto como una piedra preciosa ornamental. Es una combinaci\u00f3n exquisita de blanco y azul en un patr\u00f3n fluido. Es perfecto para encimeras de cocina y tocadores de ba\u00f1o.<br \/>El material de encimera de Azul Bahia Granite est\u00e1 disponible en cualquiera de nuestras ubicaciones en King of Prussia, Filadelfia, New Castle y Harrisburg. Dise\u00f1amos, entregamos e instalamos encimeras de cocina, tocadores de ba\u00f1o y encimeras personalizadas.<br \/>El Granito Azul Bah\u00eda es una frivolidad azul del per\u00edodo Prec\u00e1mbrico, en parte con algo de cancrinita amarilla. Esta piedra a nivel internacional puede ser nominada como granito pero en el \u00e1mbito de aplicaci\u00f3n de la Norma Europea, esta piedra debe ser nominada como frivolidad. El veteado y el color var\u00edan considerablemente y es posible que una peque\u00f1a muestra de Granito Azul Bah\u00eda no represente la losa completa, por lo tanto, las muestras de muestra deben aprobarse para proyectos grandes para garantizar que todos los bloques se extraigan de la misma cantera para fines de coincidencia. Durante el proceso de pulido, se puede usar un relleno de resina epoxi transparente para rellenar las microfisuras o las peque\u00f1as picaduras; sin embargo, esto no afecta la integridad de la piedra, simplemente proporciona un acabado superficial a\u00fan m\u00e1s suave.<img decoding=\"async\" src=\"https:\/\/data.adwebcloud.com\/public\/material\/220426a7q47o\/product\/BlueGraniteCountertop_1683258615142.jpg\" width=\"750\" height=\"600\" alt=\"\" \/><br \/>El Granito Azul Bah\u00eda es adecuado para uso interior con el pulido constante solo en el interior, el Granito Azul Bah\u00eda puede da\u00f1arse f\u00e1cilmente por contacto con \u00e1cido y tiene tendencia a romper las losas aleatorias a menudo reforzadas con resina armada con fibra de vidrio2. Especificaciones del Granito Azul Bahia: Los tama\u00f1os personalizados pueden estar disponibles.<\/p>\n<p style=\"line-height: 1.5\">El Granito Azul Bah\u00eda es una hermosa piedra natural que se extrae en Brasil. Se caracteriza por su espectacular color azul y sus vetas, que le confieren un aspecto \u00fanico y lujoso. El granito tiene un acabado pulido, que realza su belleza natural y luminosidad. La piedra es muy duradera y resistente a los rayones, el calor y las manchas, lo que la convierte en una excelente opci\u00f3n para encimeras de cocina y otras \u00e1reas de mucho tr\u00e1nsito.<br \/>Una de las principales ventajas del Granito Azul Bah\u00eda es su valor est\u00e9tico. El color azul y el patr\u00f3n intrincado de la piedra la convierten en una adici\u00f3n llamativa a cualquier espacio. Crea un aspecto lujoso y elegante que es muy buscado en el dise\u00f1o de interiores. Este granito es vers\u00e1til y puede complementar una amplia gama de estilos de cocina, desde modernos hasta tradicionales.<\/p>\n<p style=\"line-height: 1.5\"><img decoding=\"async\" src=\"https:\/\/data.adwebcloud.com\/public\/material\/220426a7q47o\/product\/naturalbluegraniteslab_1683258644386.jpg\" alt=\"\" \/><br \/>Otra ventaja del Granito Azul Bah\u00eda es su durabilidad. Esta piedra es altamente resistente al da\u00f1o y puede soportar un uso intensivo sin mostrar signos de desgaste. Tambi\u00e9n es relativamente f\u00e1cil de mantener, ya que solo requiere un sellado ocasional y una limpieza regular con una soluci\u00f3n de agua y jab\u00f3n suave.<br \/>En general, Azul Bahia Granite es una opci\u00f3n popular para encimeras de cocina y otras aplicaciones de dise\u00f1o de interiores debido a su belleza, durabilidad y versatilidad. Su color azul \u00fanico y su patr\u00f3n intrincado lo convierten en un material muy buscado que agrega valor y sofisticaci\u00f3n a cualquier espacio.<br \/>3. Granito Azul Bahia Aplicaci\u00f3n: Villa\/Hotel\/Decoraci\u00f3n del Hogar <br \/>4. Embalaje: fuertes cajas de madera fumigadas en condiciones de navegar <br \/>5. Mercado: Oriente Medio\/\u00c1frica\/Asia\/Am\u00e9rica del Sur\/Europa\/Am\u00e9rica del Norte <br \/>6. MOQ: 10 metros cuadrados<\/p>\n<p>&nbsp;<img decoding=\"async\" src=\"https:\/\/data.adwebcloud.com\/public\/material\/220426a7q47o\/product\/nautralbluegranite_1683258631444.jpg\" width=\"750\" height=\"600\" alt=\"\" \/><\/p>\n<p>&nbsp;<\/p>","protected":false},"excerpt":{"rendered":"<p>El granito Azul Bah\u00eda es una piedra semipreciosa de una cantera de roca madre en Bah\u00eda, Brasil. Esta piedra es perfecta para encimeras, mosaicos, aplicaciones de pisos y paredes exteriores e interiores, fuentes, revestimiento de piscinas y paredes, escaleras, marcos de ventanas y otros proyectos de dise\u00f1o. Tambi\u00e9n llamado Granito Azul Bah\u00eda,<a class=\"wpil_keyword_link\" href=\"https:\/\/www.quartzite-stone.com\/es\/producto-2\/granito-azul-bahia\/\"   title=\"Granito Azul Bah\u00eda\" data-wpil-keyword-link=\"linked\">Granito Azul Bah\u00eda<\/a>, Granito Bah\u00eda Azul, Granito Bah\u00eda Azul, Granito Azul Angra.<\/p>","protected":false},"featured_media":5889,"comment_status":"open","ping_status":"closed","template":"","meta":[],"product_brand":[],"product_cat":[205],"product_tag":[605,609,603,607,610,608,604,606,612,611],"class_list":{"0":"post-5888","1":"product","2":"type-product","3":"status-publish","4":"has-post-thumbnail","6":"product_cat-granite","7":"product_tag-azul-bahia-granite","8":"product_tag-azul-bahia-granite-background-wall","9":"product_tag-azul-bahia-granite-countertop","10":"product_tag-azul-bahia-granite-home-decor","11":"product_tag-azul-bahia-granite-table","12":"product_tag-azul-bahia-granite-tile","13":"product_tag-blue-azul-bahia-granite","14":"product_tag-blue-bahia-granite","15":"product_tag-blue-bahia-granite-slabs","16":"product_tag-blue-bahia-granite-wall-tiles","18":"first","19":"instock","20":"shipping-taxable","21":"product-type-simple"},"_links":{"self":[{"href":"https:\/\/www.quartzite-stone.com\/es\/wp-json\/wp\/v2\/product\/5888","targetHints":{"allow":["GET"]}}],"collection":[{"href":"https:\/\/www.quartzite-stone.com\/es\/wp-json\/wp\/v2\/product"}],"about":[{"href":"https:\/\/www.quartzite-stone.com\/es\/wp-json\/wp\/v2\/types\/product"}],"replies":[{"embeddable":true,"href":"https:\/\/www.quartzite-stone.com\/es\/wp-json\/wp\/v2\/comments?post=5888"}],"wp:featuredmedia":[{"embeddable":true,"href":"https:\/\/www.quartzite-stone.com\/es\/wp-json\/wp\/v2\/media\/5889"}],"wp:attachment":[{"href":"https:\/\/www.quartzite-stone.com\/es\/wp-json\/wp\/v2\/media?parent=5888"}],"wp:term":[{"taxonomy":"product_brand","embeddable":true,"href":"https:\/\/www.quartzite-stone.com\/es\/wp-json\/wp\/v2\/product_brand?post=5888"},{"taxonomy":"product_cat","embeddable":true,"href":"https:\/\/www.quartzite-stone.com\/es\/wp-json\/wp\/v2\/product_cat?post=5888"},{"taxonomy":"product_tag","embeddable":true,"href":"https:\/\/www.quartzite-stone.com\/es\/wp-json\/wp\/v2\/product_tag?post=5888"}],"curies":[{"name":"wp","href":"https:\/\/api.w.org\/{rel}","templated":true}]}}