{"id":3593,"date":"2022-09-27T15:22:57","date_gmt":"2022-09-27T07:22:57","guid":{"rendered":"https:\/\/www.quartzite-stone.com\/product\/azul-imperial-quartzite\/"},"modified":"2023-06-27T17:58:54","modified_gmt":"2023-06-27T09:58:54","slug":"cuarcita-azul-imperiale-2","status":"publish","type":"product","link":"https:\/\/www.quartzite-stone.com\/es\/products\/azul-imperiale-quartzite\/","title":{"rendered":"Cuarcita Azul Imperiale"},"content":{"rendered":"<p><strong>Cuarcita Azul Imperial<\/strong><\/p>\n<p>La suave elegancia de Azul Imperiale transporta como un cielo de verano con un ligero tinte azul. Los \"entendidos\" brasile\u00f1os de la piedra admiran esta cuarcita azul pulida por sus excepcionales matices azules y su encantador movimiento.<\/p>\n<p>Azul Imperiale es ideal para entornos de chimeneas y ba\u00f1os y para exteriores, ya que produce un ambiente suave y aireado. La belleza de la cuarcita es insuperable, y es resistente a la decoloraci\u00f3n, las manchas y los ara\u00f1azos.<\/p>\n<p><img decoding=\"async\" src=\"https:\/\/data.adwebcloud.com\/public\/material\/220426a7q47o\/product\/blobid0_1661228241014.jpg\" \/><\/p>\n<p>HRST STONE es el fabricante l\u00edder para fabricantes de encimeras, negocios de encimeras y cocinas, ba\u00f1os y suelos, especialmente Azul Imperial Quartzite, que es una opci\u00f3n superior muy agradable para una decoraci\u00f3n interior lujosa pero sencilla.<\/p>\n<p>Dado que las losas de Cuarcita Azul Imperial son muy resistentes y m\u00e1s duraderas que muchas otras losas de piedra natural, son cada vez m\u00e1s apreciadas como material perfecto para proyectos de dise\u00f1o de interiores. La cuarcita tiene un brillo cristalino y ofrece un aspecto luminoso y elegante.<\/p>\n<p><img decoding=\"async\" src=\"https:\/\/data.adwebcloud.com\/public\/material\/220426a7q47o\/product\/blobid1_1661228461082.jpg\" \/><\/p>\n<p>La cuarcita Auzl Imperial se parece a los movimientos del agua, lo que la convierte en una opci\u00f3n muy deseable para encimeras. Debido a su alta densidad, la cuarcita Blue Imperial es duradera y est\u00e1 disponible en acabados apomazado y curtido. MOQ una losa est\u00e1 disponible en nuestro almac\u00e9n.<\/p>\n<p><strong>Aplicaci\u00f3n<\/strong>: Cocina, Ba\u00f1o, Barra, Chimenea, Exterior<\/p>\n<h3>Perfiles de canto: biselado\/cuarto bisel\/medio bisel\/cuarto redondo\/medio redondo\/medio redondeado\/redondeado\/redondeado\/Ogee<\/h3>\n<p>Fabricamos envolventes de chimenea con Cuarcita Azul Imperial que incluye todas o algunas partes de abajo - hogar, envolventes, fald\u00f3n y manto. Incluso podemos fabricar una chimenea a medida con cualquier piedra natural que te gusta y hacer su sue\u00f1o realidad y hacer su hogar encantador con piedra natural azul imperaial cuarcita.<\/p>\n<p><img fetchpriority=\"high\" decoding=\"async\" src=\"https:\/\/data.adwebcloud.com\/public\/material\/220426a7q47o\/product\/blobid2_1661228517487.jpg\" width=\"635\" height=\"508\" \/><\/p>","protected":false},"excerpt":{"rendered":"<p>Azul Imperiale Quartzite es una combinaci\u00f3n de vetas blancas y doradas con hermosos tonos azules que se usa principalmente para encimeras y tambi\u00e9n para rodear chimeneas o fondo de pared de TV. Esta resistente piedra natural se puede utilizar para crear hermosos pisos, paredes y tocadores en el dise\u00f1o del ba\u00f1o. <\/p>","protected":false},"featured_media":7475,"comment_status":"closed","ping_status":"closed","template":"","meta":[],"product_brand":[],"product_cat":[195],"product_tag":[545,549,552,547,550,548,546,553,551,554],"class_list":{"0":"post-3593","1":"product","2":"type-product","3":"status-publish","4":"has-post-thumbnail","6":"product_cat-quartzite","7":"product_tag-azul-imperial-quartzite","8":"product_tag-azul-imperial-quartzite-bathroom","9":"product_tag-azul-imperial-quartzite-bookmatch-wall","10":"product_tag-azul-imperial-quartzite-price","11":"product_tag-azul-imperial-quartzite-stone","12":"product_tag-azul-imperiale-quartzite-fireplace-surrandings","13":"product_tag-azul-imperiale-quartzite-price","14":"product_tag-blue-imperiale-quarzite","15":"product_tag-light-blue-quartzite","16":"product_tag-royal-blue-quartzite","18":"first","19":"instock","20":"shipping-taxable","21":"product-type-simple"},"_links":{"self":[{"href":"https:\/\/www.quartzite-stone.com\/es\/wp-json\/wp\/v2\/product\/3593","targetHints":{"allow":["GET"]}}],"collection":[{"href":"https:\/\/www.quartzite-stone.com\/es\/wp-json\/wp\/v2\/product"}],"about":[{"href":"https:\/\/www.quartzite-stone.com\/es\/wp-json\/wp\/v2\/types\/product"}],"replies":[{"embeddable":true,"href":"https:\/\/www.quartzite-stone.com\/es\/wp-json\/wp\/v2\/comments?post=3593"}],"wp:featuredmedia":[{"embeddable":true,"href":"https:\/\/www.quartzite-stone.com\/es\/wp-json\/wp\/v2\/media\/7475"}],"wp:attachment":[{"href":"https:\/\/www.quartzite-stone.com\/es\/wp-json\/wp\/v2\/media?parent=3593"}],"wp:term":[{"taxonomy":"product_brand","embeddable":true,"href":"https:\/\/www.quartzite-stone.com\/es\/wp-json\/wp\/v2\/product_brand?post=3593"},{"taxonomy":"product_cat","embeddable":true,"href":"https:\/\/www.quartzite-stone.com\/es\/wp-json\/wp\/v2\/product_cat?post=3593"},{"taxonomy":"product_tag","embeddable":true,"href":"https:\/\/www.quartzite-stone.com\/es\/wp-json\/wp\/v2\/product_tag?post=3593"}],"curies":[{"name":"wp","href":"https:\/\/api.w.org\/{rel}","templated":true}]}}