{"id":3545,"date":"2022-09-27T13:48:07","date_gmt":"2022-09-27T05:48:07","guid":{"rendered":"https:\/\/www.quartzite-stone.com\/product\/fantasy-macaubas-quartzite\/"},"modified":"2023-06-27T17:58:23","modified_gmt":"2023-06-27T09:58:23","slug":"cuarcita-macaubas-fantasia","status":"publish","type":"product","link":"https:\/\/www.quartzite-stone.com\/es\/products\/fantasy-macaubas-quartzite\/","title":{"rendered":"Cuarcita Fantas\u00eda Macaubas"},"content":{"rendered":"<p><strong>Cuarcita Fantas\u00eda Macaubas<\/strong><\/p>\n<p>No solo suministramos losas grandes, sino que tambi\u00e9n fabricamos encimeras de alta calidad, duraderas y modernas. El Fantasy Macaubas For Countertops es uno de cuarcita sobresaliente que <br \/>trae nueva vida a cualquier espacio.<\/p>\n<p>Fantasy Brown Quartzite tiene un fondo gris suave que se ha resaltado ligeramente con vetas blancas y grises en grandes losas de cuarcita magn\u00edfica. Fantasy Macaubas Quartzite normalmente se aplica en encimeras de cocina y placa para salpicaduras y encimera de isla, dise\u00f1o de paredes decorativas y baldosas para pisos que complementan una variedad de estilos de dise\u00f1o, desde la decoraci\u00f3n tradicional hasta la decoraci\u00f3n moderna. Grosor de 2 cm\/3 cm 3\/4 pulgadas y 1 1\/4 pulgadas est\u00e1n disponibles en nuestro stock.<\/p>\n<p>&nbsp;<\/p>\n<p>Fantasy Brown Quartzite es un patr\u00f3n de piedra fuerte, hermoso y magn\u00edfico entre las opciones para encimeras de cocina. Fantasy Macaubas Quartzite tambi\u00e9n se puede utilizar como piso, protector contra salpicaduras, ba\u00f1o o chimenea, tanto en aplicaciones interiores como exteriores.<\/p>\n<p>Fantasy Macaubas Quartzite es una piedra minada como otras piedras naturales y resiste el calor, la humedad, las bacterias, las manchas y los rasgu\u00f1os cuando se prepara adecuadamente. Las part\u00edculas de cuarzo individuales se recristalizan cuando se calientan durante todo el proceso de fabricaci\u00f3n, lo que le da al producto un patr\u00f3n deslumbrante encantador y decorativo.<\/p>\n<p>Fantasy Macaubas Quartzite es una hermosa piedra natural, conocida por su movimiento diagonal, remolinos y vetas. Logra el equilibrio perfecto entre el movimiento interesante y el ajetreo exagerado. Contiene carbonato de calcio y tiene una paleta de colores similar de crema, blanco, tostado, marr\u00f3n, gris claro y gris oscuro. Si bien hay una variedad de colores de una losa a otra, la mayor\u00eda viene en una paleta de colores m\u00e1s tostados y grises. Algunas losas pueden ser bastante oscuras con tonos de carb\u00f3n a gris claro, mientras que otras pueden ser bastante sutiles con tonos de crema, blanco y bronceado claro.<\/p>\n<p>Fantasy Macaubas Quartzite tiene hermosos tonos de marr\u00f3n y gris sobre un fondo blanco. En algunas losas, puede ver peque\u00f1as manchas negras. Como ocurre con cualquier piedra natural, el color y el detalle variar\u00e1n en cada pieza, haciendo que cada una sea \u00fanica. La paleta de colores neutros de la piedra le permite complementar gabinetes oscuros o claros y funciona con casi cualquier estilo de cocina. La creciente popularidad de la cuarcita Fantasy Brown se debe tanto a su belleza como a su durabilidad. Hace una declaraci\u00f3n sutil al llamar la atenci\u00f3n sin restar valor al resto de la decoraci\u00f3n de la habitaci\u00f3n.<\/p>\n<\/p>\n<p>La cuarcita Fantasy Brown es una piedra natural conocida por su combinaci\u00f3n \u00fanica de colores y patrones. Se extrae en la India y es una opci\u00f3n popular para aplicaciones de encimeras, pisos y paredes.<\/p>\n<p>La cuarcita Fantasy Brown generalmente presenta una gama de tonos beige, marr\u00f3n, gris y blanco, a menudo con vetas y remolinos que crean una apariencia jaspeada o arremolinada. Algunas piezas tambi\u00e9n pueden tener parches o motas de color negro o azul. Debido a sus variaciones naturales, cada losa de cuarcita Fantasy Macaubas es \u00fanica.<\/p>\n<p>La cuarcita Fantasy Brown es un material duradero y resistente al calor, lo que lo convierte en una opci\u00f3n popular para encimeras de cocina. Tambi\u00e9n es f\u00e1cil de limpiar y mantener, aunque puede requerir un sellado para protegerlo contra las manchas.<\/p>\n<\/p>\n<p>Fantasy Macaubas Quartzite tambi\u00e9n tiene otro nombre:<br \/>Granito Macaubas Fantas\u00eda<br \/>Cuarcita Macaubas<br \/>Cuarcita Branco Macaubas<br \/>Cuarcita Blanca Macaubas<\/p>\n<\/p>\n<p>INFORMACI\u00d3N ADICIONAL<\/p>\n<table>\n<tbody>\n<tr>\n<td width=\"124\"><strong>MATERIAL<\/strong><\/td>\n<td width=\"444\">Cuarcita<\/td>\n<\/tr>\n<tr>\n<td width=\"124\"><strong>COLOR<\/strong><\/td>\n<td width=\"444\">Marr\u00f3n<\/td>\n<\/tr>\n<tr>\n<td width=\"124\"><strong>PA\u00cdS DE ORIGEN<\/strong><\/td>\n<td width=\"444\">Brasil<\/td>\n<\/tr>\n<tr>\n<td width=\"124\"><strong>ACABADO DE LA SUPERFICIE<\/strong><\/td>\n<td width=\"444\">Pulido, afilado con piedra, revestido de cuero<\/td>\n<\/tr>\n<tr>\n<td width=\"124\"><strong>USAR<\/strong><\/td>\n<td width=\"444\">Cocinas, Ba\u00f1os, Pisos, Paredes, Azulejos, Losas<\/td>\n<\/tr>\n<tr>\n<td width=\"124\"><strong>DISPONIBILIDAD<\/strong><\/td>\n<td width=\"444\">Por favor, compruebe la disponibilidad de stock con HRST STONE para visitar.<\/p>\n<p>Las muestras de piedra tampoco est\u00e1n disponibles para cada selecci\u00f3n de piedra, consulte la disponibilidad.<\/p>\n<\/td>\n<\/tr>\n<\/tbody>\n<\/table>\n<p><img decoding=\"async\" src=\"https:\/\/data.adwebcloud.com\/public\/material\/220426a7q47o\/product\/blobid0_1665368642707.jpg\" \/><\/p>\n<h3 style=\"font-size: 19px\">Caracter\u00edsticas de la cuarcita marr\u00f3n fantas\u00eda.<\/h3>\n<p>La cuarcita Fantasy Brown es una piedra natural muy buscada por su aspecto \u00fanico e impresionante. Estas son algunas de las caracter\u00edsticas de la cuarcita Fantasy Macaubas:<\/p>\n<ol>\n<li>Apariencia: la cuarcita Fantasy Brown tiene una apariencia \u00fanica que se asemeja al m\u00e1rmol, con una combinaci\u00f3n de tonos c\u00e1lidos y fr\u00edos, que incluyen tonos de marr\u00f3n, gris, blanco y beige. La piedra a menudo presenta vetas y patrones dram\u00e1ticos, que se suman a su atractivo visual.<\/li>\n<li>Durabilidad: la cuarcita es una piedra natural dura y duradera que es resistente a los rasgu\u00f1os, las astillas y las manchas, lo que la hace ideal para usar en \u00e1reas de mucho tr\u00e1nsito, como cocinas y ba\u00f1os.<\/li>\n<li>Bajo mantenimiento: la cuarcita es relativamente f\u00e1cil de mantener y solo requiere un sellado peri\u00f3dico para protegerla de las manchas.<\/li>\n<li>Resistente al calor: la cuarcita es altamente resistente al calor, lo que la convierte en una opci\u00f3n popular para encimeras de cocina.<\/li>\n<li>Versatilidad: la cuarcita Fantasy Brown se puede usar para una amplia gama de aplicaciones, que incluyen encimeras, salpicaderos, pisos y paredes decorativas.<\/li>\n<li>Rareza: aunque la cuarcita Fantasy Brown est\u00e1 cada vez m\u00e1s disponible, todav\u00eda se considera una piedra relativamente rara y ex\u00f3tica, lo que se suma a su atractivo para los propietarios y dise\u00f1adores que buscan un aspecto \u00fanico y distintivo para sus espacios.<\/li>\n<\/ol>\n<p>La cuarcita Fantasy Macaubas se form\u00f3 a partir de una roca de \u00e9poca hist\u00f3rica y originalmente de arenisca, que es una piedra natural densa y dura compuesta de grano de cuarzo natural. Y es muy adecuado para encimeras de cocina debido a sus vetas y losas de colores de vetas similares a la elecci\u00f3n de m\u00e1rmol y cuarzo artificial. Adem\u00e1s, es mucho m\u00e1s resistente a cualquier tipo de manchas o incluso a productos qu\u00edmicos.<\/p>\n<p>Estas magn\u00edficas losas de cuarcita incluyen vetas blancas, grises, azul claro y canela que suavemente llaman la atenci\u00f3n sobre el fondo gris suave. Una variedad de est\u00e9ticas de dise\u00f1o, desde tradicionales hasta modernas, se complementan con encimeras, paredes decorativas y pisos Macaubas Fantasy Quartzite. Aunque se siente y parece m\u00e1rmol, la cuarcita es en realidad m\u00e1s dura que el granito. Macaubas Fantasy Quartzite brinda una superficie muy higi\u00e9nica y libre de bacterias cuando se sella correctamente. Es perfecto para aplicaciones en interiores, como barras, bordes de chimeneas, cubiertas de ba\u00f1eras, encimeras de cocinas y ba\u00f1os, y m\u00e1s.<\/p>\n<p><img decoding=\"async\" src=\"https:\/\/data.adwebcloud.com\/public\/material\/220426a7q47o\/product\/blobid1_1665368648830.jpg\" \/><\/p>\n<p>La cuarcita Macaubas Fantasy se usa en cocinas y ba\u00f1os, algunas personas incluso fabrican losas en grandes baldosas para un hermoso dise\u00f1o de pisos o incluso para pavimentar patios y jardines de casas.<\/p>\n<p>Tambi\u00e9n es muy fuerte, por lo que a menudo se usa en la construcci\u00f3n de paredes y pisos, y se usa com\u00fanmente como balasto de v\u00edas f\u00e9rreas. Debido a su impresionante belleza, tambi\u00e9n se usa com\u00fanmente como decoraci\u00f3n comercial o residencial. Como pisos de hotel\/villa y otros. Nuestra cuarcita Macaubas Fantasy es una opci\u00f3n muy popular para agregar belleza a su hogar, manteniendo su durabilidad.<\/p>\n<p>Macaubas Fantasy es una magn\u00edfica cuarcita que proviene de canteras brasile\u00f1as y tiene un fondo gris suave con vetas de blanco y gris que lo acent\u00faan suavemente.<br \/>Esta hermosa losa de cuarcita es lo suficientemente grande y es ideal para pisos, paredes decorativas y encimeras. Esta cuarcita se puede utilizar para proyectos de dise\u00f1o de exteriores y es apropiada tanto para edificios residenciales como comerciales y la superficie puede tener un estilo pulido y antiguo.<\/p>\n<p>Macaubas Fantasy Quartzite es una opci\u00f3n muy agradable para el dise\u00f1o de mostradores, como en la cocina, el ba\u00f1o y el bar o incluso la parte superior de la mesa en la mesa de caf\u00e9, la mesa auxiliar, la mesa de comedor y la parte superior de la recepci\u00f3n, con un precio muy competitivo debido a nuestra propia f\u00e1brica y cantera cortada directamente de nuestro m\u00e1quina propia desde el bloque hasta losas. As\u00ed que simplemente env\u00edenos su consulta y podemos hacer un dise\u00f1o personalizado con el tama\u00f1o y losa que desee y darle un buen presupuesto.<\/p>\n<p>Entonces<img decoding=\"async\" src=\"https:\/\/data.adwebcloud.com\/public\/material\/220426a7q47o\/product\/blobid2_1665368658631.jpg\" \/><\/p>\n<p><img decoding=\"async\" src=\"https:\/\/data.adwebcloud.com\/public\/material\/220426a7q47o\/product\/blobid3_1665368676482.jpg\" \/><\/p><\/p>","protected":false},"excerpt":{"rendered":"<p>Fantasy Macaubas Quartzite tiene un fondo gris suave que se ha resaltado ligeramente con vetas blancas y grises en grandes losas de cuarcita magn\u00edfica. Grosor de 2 cm\/3 cm 3\/4 pulgadas y 1 1\/4 pulgadas est\u00e1n disponibles en nuestro stock. Y tambi\u00e9n ampliamente utilizado como encimeras de cocina, tocador de ba\u00f1o, pisos y paredes.<\/p>","protected":false},"featured_media":7476,"comment_status":"closed","ping_status":"closed","template":"","meta":[],"product_brand":[],"product_cat":[195],"product_tag":[405,401,446,403,402,445,404,449,447,448],"class_list":{"0":"post-3545","1":"product","2":"type-product","3":"status-publish","4":"has-post-thumbnail","6":"product_cat-quartzite","7":"product_tag-fantasy-macaubas-quartzite","8":"product_tag-fantasy-macaubas-quartzite-countertops","9":"product_tag-fantasy-macaubas-quartzite-kitchen","10":"product_tag-fantasy-macaubas-quartzite-kitchen-countertops","11":"product_tag-fantasy-macaubas-quartzite-slabs","12":"product_tag-macaubas-fantasy","13":"product_tag-macaubas-fantasy-quartzite-island-top","14":"product_tag-macaubas-fantasy-quartzite-kitchen","15":"product_tag-macaubas-fantasy-quartzite-price","16":"product_tag-quartzite-fantasy-macaubas","18":"first","19":"instock","20":"shipping-taxable","21":"product-type-simple"},"_links":{"self":[{"href":"https:\/\/www.quartzite-stone.com\/es\/wp-json\/wp\/v2\/product\/3545","targetHints":{"allow":["GET"]}}],"collection":[{"href":"https:\/\/www.quartzite-stone.com\/es\/wp-json\/wp\/v2\/product"}],"about":[{"href":"https:\/\/www.quartzite-stone.com\/es\/wp-json\/wp\/v2\/types\/product"}],"replies":[{"embeddable":true,"href":"https:\/\/www.quartzite-stone.com\/es\/wp-json\/wp\/v2\/comments?post=3545"}],"wp:featuredmedia":[{"embeddable":true,"href":"https:\/\/www.quartzite-stone.com\/es\/wp-json\/wp\/v2\/media\/7476"}],"wp:attachment":[{"href":"https:\/\/www.quartzite-stone.com\/es\/wp-json\/wp\/v2\/media?parent=3545"}],"wp:term":[{"taxonomy":"product_brand","embeddable":true,"href":"https:\/\/www.quartzite-stone.com\/es\/wp-json\/wp\/v2\/product_brand?post=3545"},{"taxonomy":"product_cat","embeddable":true,"href":"https:\/\/www.quartzite-stone.com\/es\/wp-json\/wp\/v2\/product_cat?post=3545"},{"taxonomy":"product_tag","embeddable":true,"href":"https:\/\/www.quartzite-stone.com\/es\/wp-json\/wp\/v2\/product_tag?post=3545"}],"curies":[{"name":"wp","href":"https:\/\/api.w.org\/{rel}","templated":true}]}}