{"id":3540,"date":"2022-09-27T13:47:51","date_gmt":"2022-09-27T05:47:51","guid":{"rendered":"https:\/\/www.quartzite-stone.com\/product\/pink-onyx-dining-table\/"},"modified":"2023-03-10T17:14:38","modified_gmt":"2023-03-10T09:14:38","slug":"mesa-de-comedor-de-onix-rosa-2","status":"publish","type":"product","link":"https:\/\/www.quartzite-stone.com\/es\/products\/pink-onyx-dining-table\/","title":{"rendered":"Mesa de comedor de \u00f3nix rosa"},"content":{"rendered":"<p><strong>Mesa de comedor de \u00f3nix rosa<\/strong><\/p>\n<p>Mesa de comedor de \u00f3nix rosa con forma de T rosa \u00f3nix pierna \/ base que es todo un conjunto de impresionante tapa de \u00f3nix se empareja con detalles opulentos y mostrar la elegancia, la clase de tomar mesas de comedor dise\u00f1os a nivel de lujo. \u00danico en su clase, \u00faltima colecci\u00f3n elegante con \u00f3nix Table Top. Cree recuerdos duraderos con sus seres queridos sentados alrededor de la mesa de comedor Onyx. La llamativa base en forma de cruz est\u00e1 elaborada con metal de lat\u00f3n dorado con recubrimiento en polvo, que ofrece resistencia y estabilidad. El color rosa de la tapa de la mesa de \u00f3nix permite que esta mesa de comedor complemente una amplia gama de esquemas de color y estilos de decoraci\u00f3n.<\/p>\n<p>Belows tama\u00f1o es 51inches di\u00e1metro con color rosa puro con dise\u00f1o de la pierna en forma de T:<\/p>\n<p><img decoding=\"async\" src=\"https:\/\/data.adwebcloud.com\/public\/material\/220426a7q47o\/product\/blobid0_1665541994689.jpg\" \/><\/p>\n<p>Mesa de comedor de \u00f3nix rosa a menudo conocido como Onice Rosa que es uno de nuestros productos de venta caliente. 100% puro Pink Onyx es muy preferido debido a sus venas de color blanco claro llamativo, excelente translucidez, y magn\u00edfico color rosa puro. Se utiliza con frecuencia en hoteles, restaurantes, bares y lugares de entretenimiento. Nuestra mesa de comedor de \u00f3nix rosa se puede utilizar como decoraci\u00f3n de pared, mesa de caf\u00e9 o de comedor, mostradores de ba\u00f1o y cocina, o como decoraci\u00f3n ornamental en el interior de su hogar.  El \u00f3nix rosa puro tiene tablas grandes o peque\u00f1as, por lo que se puede personalizar cualquier tama\u00f1o de mesa. Y la mesa de comedor de \u00f3nix rosa tambi\u00e9n se puede hacer con otros accesorios peque\u00f1os, como tarros de velas, platos...<\/p>\n<p><img decoding=\"async\" src=\"https:\/\/data.adwebcloud.com\/public\/material\/220426a7q47o\/product\/blobid1_1665542008842.jpg\" \/><\/p>\n<p>Usted puede elegir y comprar una variedad de colores de \u00f3nix natural en nuestra f\u00e1brica porque somos un fabricante de renombre de piedra \u00f3nix. como el blanco, rosa, amarillo, azul, verde, negro y gris \u00f3nix, entre otros. Y con diferentes tipos de dise\u00f1o de mesa.<\/p>\n<p>La capacidad de la mesa de comedor de \u00f3nice rosa para transmitir la luz es una de sus cualidades est\u00e9ticas m\u00e1s seductoras. A contraluz, las paredes y encimeras de \u00f3nice adquieren un aspecto misterioso por su translucidez, sus delicados colores y sus llamativos dibujos. Para amplificar este aspecto, se suelen utilizar fuentes de luz artificial. Esta mesa de comedor de \u00f3nice rosa iluminar\u00e1 tambi\u00e9n los muebles.&nbsp;<\/p>\n<p>La mesa de comedor de \u00f3nix rosa es de dise\u00f1o c\u00fabico:<\/p>\n<p><img decoding=\"async\" src=\"https:\/\/data.adwebcloud.com\/public\/material\/220426a7q47o\/product\/blobid2_1665542110965.jpg\" \/><\/p>\n<p>Un mobiliario casero gorgous y elegante que se ha utilizado para el estilo moderno actual deocration s es muebles de m\u00e1rmol. La piedra de m\u00e1rmol, dura y muy agradable, es particularmente adaptable porque puede moldearse en diversas formas con un poco de idea y aptitud para el dise\u00f1o. Es una inversi\u00f3n inteligente porque puede pasar de una generaci\u00f3n a otra y dura mucho tiempo. Es comprensible que la gente est\u00e9 dispuesta a gastar mucho dinero en este tipo de muebles.<\/p>\n<p>No es obligatorio que los muebles de m\u00e1rmol sean blancos. Adem\u00e1s, se ofrece en varios colores, como rosa, amarillo, gris, negro y verde. Tanto los propietarios de viviendas como los dise\u00f1adores de interiores prefieren esta piedra por su belleza y resistencia.<\/p>\n<p>La mesa de comedor de \u00f3nice rosa es un material bastante resistente que puede trabajarse con diversas herramientas para darle formas variadas. Es el material preferido por quienes desean que sus muebles tengan un dise\u00f1o y una belleza \u00fanicos. Tambi\u00e9n es ideal para quienes llevan una vida larga, ya que apenas requiere mantenimiento y es f\u00e1cil de limpiar.<\/p>\n<p><img decoding=\"async\" src=\"https:\/\/data.adwebcloud.com\/public\/material\/220426a7q47o\/product\/blobid3_1665542117099.jpg\" \/><\/p>\n<p>Un tipo de mueble especialmente distintivo y \u00fanico en su especie son los muebles de m\u00e1rmol personalizados. Es ideal para aquellos que buscan art\u00edculos \u00fanicos que en personas pueden hacer exactamente la misma mesa de m\u00e1rmol. Tambi\u00e9n es perfecto para quienes tienen especificaciones concretas de dise\u00f1o, color y material.<\/p>\n<p>&nbsp;<\/p>\n<p>Somos la f\u00e1brica de mesa de comedor de \u00f3nix rosa para producir principalmente muebles de m\u00e1rmol: mesa de comedor, mesa auxiliar, mesa de caf\u00e9, mesa auxiliar, cubo y taburete y z\u00f3calo y as\u00ed on.Material se puede personalizar con \u00f3nix, m\u00e1rmol y cuarcita y piedra de lujo .. e incluso \u00e1gata para el dise\u00f1o de muebles, y la forma se puede personalizar tambi\u00e9n, podemos hacer el dise\u00f1o libre tambi\u00e9n. As\u00ed que me acaba de enviar su consulta para la cotizaci\u00f3n libre o muestra de mesa de comedor de \u00f3nix rosa libre.&nbsp;<\/p>\n<p>&nbsp;<\/p>","protected":false},"excerpt":{"rendered":"<p>La mesa de comedor de \u00f3nix rosa es una piedra \u00fanica y de moda para cualquier sala de estar, ya que es tan majestuosa como encantadora. La mayor\u00eda de la gente lo elige como fondo de pared, pisos, mostradores, barra y mesa de caf\u00e9, mesa auxiliar, mesa de comedor, taburete y otros muebles de piedra natural s\u00f3lida, debido a su transparencia, rosa puro.<\/p><\/p>","protected":false},"featured_media":5414,"comment_status":"closed","ping_status":"closed","template":"","meta":[],"product_brand":[],"product_cat":[460],"product_tag":[573,569,571,566,568,570,567,565,564],"class_list":{"0":"post-3540","1":"product","2":"type-product","3":"status-publish","4":"has-post-thumbnail","6":"product_cat-stone-furniture","7":"product_tag-marble-dining-table","8":"product_tag-marble-furniture","9":"product_tag-onyx-pink-marble","10":"product_tag-pink-onyx-coffee-table","11":"product_tag-pink-onyx-dining-table-top","12":"product_tag-pink-onyx-marble","13":"product_tag-pink-onyx-side-table","14":"product_tag-pink-onyx-table","15":"product_tag-pink-onyx-table-top","17":"first","18":"instock","19":"shipping-taxable","20":"product-type-simple"},"_links":{"self":[{"href":"https:\/\/www.quartzite-stone.com\/es\/wp-json\/wp\/v2\/product\/3540","targetHints":{"allow":["GET"]}}],"collection":[{"href":"https:\/\/www.quartzite-stone.com\/es\/wp-json\/wp\/v2\/product"}],"about":[{"href":"https:\/\/www.quartzite-stone.com\/es\/wp-json\/wp\/v2\/types\/product"}],"replies":[{"embeddable":true,"href":"https:\/\/www.quartzite-stone.com\/es\/wp-json\/wp\/v2\/comments?post=3540"}],"wp:featuredmedia":[{"embeddable":true,"href":"https:\/\/www.quartzite-stone.com\/es\/wp-json\/wp\/v2\/media\/5414"}],"wp:attachment":[{"href":"https:\/\/www.quartzite-stone.com\/es\/wp-json\/wp\/v2\/media?parent=3540"}],"wp:term":[{"taxonomy":"product_brand","embeddable":true,"href":"https:\/\/www.quartzite-stone.com\/es\/wp-json\/wp\/v2\/product_brand?post=3540"},{"taxonomy":"product_cat","embeddable":true,"href":"https:\/\/www.quartzite-stone.com\/es\/wp-json\/wp\/v2\/product_cat?post=3540"},{"taxonomy":"product_tag","embeddable":true,"href":"https:\/\/www.quartzite-stone.com\/es\/wp-json\/wp\/v2\/product_tag?post=3540"}],"curies":[{"name":"wp","href":"https:\/\/api.w.org\/{rel}","templated":true}]}}