{"id":3526,"date":"2022-09-27T13:47:15","date_gmt":"2022-09-27T05:47:15","guid":{"rendered":"https:\/\/www.quartzite-stone.com\/product\/azul-imperial-quartzite\/"},"modified":"2023-02-10T13:06:06","modified_gmt":"2023-02-10T05:06:06","slug":"granito-azul-sodalita-2","status":"publish","type":"product","link":"https:\/\/www.quartzite-stone.com\/es\/products\/sodalite-blue-granite\/","title":{"rendered":"Granito azul sodalita"},"content":{"rendered":"<p><span style=\"font-size: 16px;font-family: arial, helvetica, sans-serif\"><strong>Detalles de producto<\/strong><\/span><\/p>\n<p><span style=\"font-family: arial, helvetica, sans-serif;font-size: 16px\">El granito azul de sodalita es un mineral azul ampliamente visto como una piedra preciosa ornamental. Es una combinaci\u00f3n exquisita de blanco y azul en un patr\u00f3n fluido. Es perfecto para encimeras de cocina y tocadores de ba\u00f1o.<\/span><\/p>\n<\/p>\n<p><span style=\"font-family: arial, helvetica, sans-serif;font-size: 16px\">La foidolita azul prec\u00e1mbrica conocida como granito azul de sodalita contiene algo de cancrinita blanca. Si bien esta piedra puede ser nominada como granito en un mercado global, debe ser nominada como foidolita en la regi\u00f3n donde se aplica la Norma Europea. Las muestras de muestra de granito azul sodalita deben aprobarse para proyectos importantes a fin de garantizar que todos los bloques se extraigan de la misma superficie de la cantera para fines de coincidencia. Las vetas y el color de este granito var\u00edan mucho, y una peque\u00f1a muestra puede no ser representativa de toda la losa.<\/span><\/p>\n<p><span style=\"font-family: arial, helvetica, sans-serif;font-size: 16px\">Tanto la sodalita como el granito azul son apropiados para uso en interiores, solo con el pulimento en el interior. Debido a que las losas aleatorias de granito azul tienen una propensi\u00f3n a agrietarse y se da\u00f1an f\u00e1cilmente con el contacto del \u00e1cido, estas piedras se refuerzan con frecuencia con resina armada con fibra de vidrio.<\/span><\/p>\n<p><span style=\"font-family: arial, helvetica, sans-serif;font-size: 16px\">Productos: Adecuado para proyectos de construcci\u00f3n tanto comerciales como dom\u00e9sticos, Blue Solidate Granite es prefabricado para encimeras o encimeras, tocadores, azulejos, protectores contra salpicaduras, pavimentos y chimeneas que rodean o incluso para adornos de piezas peque\u00f1as e incluso para consolas en la sala de estar o mesa de comedor...<\/span><\/p>\n<p style=\"margin: 0pt 0pt 0.0001pt;text-align: justify;font-family: Calibri;font-size: 10.5pt\"><span style=\"font-family: arial, helvetica, sans-serif;font-weight: normal;font-size: 16px\"><img fetchpriority=\"high\" decoding=\"async\" src=\"https:\/\/data.adwebcloud.com\/public\/material\/220426a7q47o\/product\/Sodalitecountertopcost_1662107876351.jpg\" alt=\"\" width=\"750\" height=\"600\" \/><\/span><\/p>\n<p><span style=\"font-family: arial, helvetica, sans-serif;font-size: 16px\">El granito azul solidado est\u00e1 ampliamente disponible y tiene excelentes caracter\u00edsticas de dureza, y es resistente a las manchas, lo que lo convierte en el tono azul perfecto para las encimeras.<\/span><br \/><span style=\"font-family: arial, helvetica, sans-serif;font-size: 16px\">Una clase t\u00edpica y extendida de rocas \u00edgneas f\u00e9lsicas intrusivas que se forman a presiones y profundidades extremadamente altas debajo de los continentes se conoce como granito azul solidificado. Cuarzo, hornblenda, biotita, moscovita, feldespatos de ortoclasa y plagioclasa, as\u00ed como algunos minerales accesorios menores que incluyen magnetita, granate, circ\u00f3n y apatito, forman granito.<\/span><\/p>\n<p style=\"margin: 0pt 0pt 0.0001pt;text-align: justify;font-family: Calibri;font-size: 10.5pt\"><span style=\"font-family: arial, helvetica, sans-serif;font-size: 16px\"><img decoding=\"async\" src=\"https:\/\/data.adwebcloud.com\/public\/material\/220426a7q47o\/product\/blobid1_1665129164490.jpg\" \/><\/span><\/p>\n<p><span style=\"font-family: arial, helvetica, sans-serif;font-size: 16px\">La piedra de granito azul sodalita se crea mediante la combinaci\u00f3n de tonos vibrantes y llamativas texturas de fondo azul. El granito azul s\u00f3lido es un granito impresionante que se parece al lapisl\u00e1zuli y es el tipo de piedra que llamar\u00e1 la atenci\u00f3n donde sea que se use. Este incre\u00edble granito azul Solidate es un azul profundo mezclado con tonos plateados y dorados. Sodalite Blue es un espect\u00e1culo que es perfecto para las personas que adoran la decoraci\u00f3n audaz debido a su magn\u00edfico brillo ceroso. Este incre\u00edble granito es la piedra ideal para usos est\u00e9ticos debido a su apariencia colorida, que se usa en encimeras y protectores contra salpicaduras de cocinas, paredes decorativas, barras, mesas de caf\u00e9, mesas auxiliares, incluso mesas de trabajo o tocadores e incluso para paredes o pisos de ba\u00f1os. dise\u00f1o de azulejos.<\/span><\/p>\n<p><span style=\"font-family: arial, helvetica, sans-serif;font-size: 16px\">El granito azul solidado es una piedra hermosa y espl\u00e9ndida que normalmente se usa para decoraci\u00f3n ornamental con ricos azules reales y vetas blancas, si es m\u00e1s azul puro, entonces el precio es m\u00e1s caro, lo que es un tipo de piedra rara en el mundo.<\/span><\/p>\n<p style=\"margin: 0pt 0pt 0.0001pt;text-align: justify;font-family: Calibri;font-size: 10.5pt\"><span style=\"font-family: arial, helvetica, sans-serif;font-size: 16px\"><img decoding=\"async\" src=\"https:\/\/data.adwebcloud.com\/public\/material\/220426a7q47o\/product\/blobid2_1665129207501.jpg\" \/><\/span><\/p>\n<\/p>\n<p><span style=\"font-size: 16px\"><img decoding=\"async\" class=\"size-medium wp-image-3212\" title=\"3 7\" src=\"https:\/\/data.adwebcloud.com\/public\/material\/220426a7q47o\/product\/imageFile_1663316931714.jpg\" alt=\"3 7\" width=\"300\" height=\"240\" \/><\/span><\/p>\n<p><span style=\"font-size: 16px\"><img decoding=\"async\" class=\"size-medium wp-image-3211\" title=\"2 7\" src=\"https:\/\/data.adwebcloud.com\/public\/material\/220426a7q47o\/product\/imageFile_1663316932567.jpg\" alt=\"2 7\" width=\"300\" height=\"240\" \/><\/span><\/p>\n<p><span style=\"font-size: 16px\"><img loading=\"lazy\" decoding=\"async\" class=\"size-medium wp-image-3210\" title=\"1 8\" src=\"https:\/\/data.adwebcloud.com\/public\/material\/220426a7q47o\/product\/imageFile_1663316933431.jpg\" alt=\"1 8\" width=\"300\" height=\"240\" \/><\/span><\/p>\n<\/p>\n<p><span style=\"font-size: 16px\">&nbsp;<\/span><\/p>","protected":false},"excerpt":{"rendered":"<p>Blue Solidate Granite es una combinaci\u00f3n de blanco y azul en un patr\u00f3n fluido. Adecuado para proyectos de construcci\u00f3n tanto comerciales como dom\u00e9sticos, Blue Solidate Granite es prefabricado para encimeras o encimeras, tocadores, azulejos, salpicaderos, pavimentos y chimeneas que rodean o incluso para peque\u00f1os adornos e incluso para consolas en la sala de estar o en la mesa del comedor...<\/p>","protected":false},"featured_media":4874,"comment_status":"closed","ping_status":"closed","template":"","meta":[],"product_brand":[],"product_cat":[205],"product_tag":[429,432,435,443,441,442,439,440,436,444],"class_list":{"0":"post-3526","1":"product","2":"type-product","3":"status-publish","4":"has-post-thumbnail","6":"product_cat-granite","7":"product_tag-blue-sodalite-granite","8":"product_tag-blue-sodalite-granite-table","9":"product_tag-dark-blue-sodalite","10":"product_tag-granit-sodalite-blue","11":"product_tag-sodalite-blue-granite-price","12":"product_tag-sodalite-blue-granite-slabs","13":"product_tag-sodalite-countertop","14":"product_tag-sodalite-countertops-cost","15":"product_tag-sodalite-granite","16":"product_tag-sodalite-granite-table-tops","18":"first","19":"instock","20":"shipping-taxable","21":"product-type-simple"},"_links":{"self":[{"href":"https:\/\/www.quartzite-stone.com\/es\/wp-json\/wp\/v2\/product\/3526","targetHints":{"allow":["GET"]}}],"collection":[{"href":"https:\/\/www.quartzite-stone.com\/es\/wp-json\/wp\/v2\/product"}],"about":[{"href":"https:\/\/www.quartzite-stone.com\/es\/wp-json\/wp\/v2\/types\/product"}],"replies":[{"embeddable":true,"href":"https:\/\/www.quartzite-stone.com\/es\/wp-json\/wp\/v2\/comments?post=3526"}],"wp:featuredmedia":[{"embeddable":true,"href":"https:\/\/www.quartzite-stone.com\/es\/wp-json\/wp\/v2\/media\/4874"}],"wp:attachment":[{"href":"https:\/\/www.quartzite-stone.com\/es\/wp-json\/wp\/v2\/media?parent=3526"}],"wp:term":[{"taxonomy":"product_brand","embeddable":true,"href":"https:\/\/www.quartzite-stone.com\/es\/wp-json\/wp\/v2\/product_brand?post=3526"},{"taxonomy":"product_cat","embeddable":true,"href":"https:\/\/www.quartzite-stone.com\/es\/wp-json\/wp\/v2\/product_cat?post=3526"},{"taxonomy":"product_tag","embeddable":true,"href":"https:\/\/www.quartzite-stone.com\/es\/wp-json\/wp\/v2\/product_tag?post=3526"}],"curies":[{"name":"wp","href":"https:\/\/api.w.org\/{rel}","templated":true}]}}