{"id":3505,"date":"2022-09-27T13:45:33","date_gmt":"2022-09-27T05:45:33","guid":{"rendered":"https:\/\/www.quartzite-stone.com\/product\/amazon-green-granite\/"},"modified":"2023-06-20T14:42:38","modified_gmt":"2023-06-20T06:42:38","slug":"granito-verde-amazon","status":"publish","type":"product","link":"https:\/\/www.quartzite-stone.com\/es\/products\/amazon-green-granite\/","title":{"rendered":"Granito Amazonita"},"content":{"rendered":"<p>Dise\u00f1o de casas de lujo | Amazon Green - Tiffany con la misma piedra de lujo<\/p>\n<p>Verde brasile\u00f1o <strong><a href=\"https:\/\/www.quartzite-stone.com\/es\/2023\/06\/08\/presentamos-el-granito-amazonita-una-piedra-natural-unica-y-llamativa\/\">granito amazonita<\/a><\/strong>, una piedra de lujo de alto nivel, la \u00fanica piedra del mundo que combina jade y cristal, una piedra de lujo que enloquece a los m\u00e1s ricos del mundo. El encantador granito verde brasile\u00f1o Amazon Green Granite es como coser la selva tropical y el r\u00edo en la pizarra uno a uno. La esmeralda verde brilla con deslumbrante resplandor.<\/p>\n<p>El <span style=\"font-family: Arial\">Top <\/span>La piedra de lujo llamada azul Tiffany procede de Brasil<span style=\"font-family: Arial\">.<\/span><\/p>\n<p>1. Color:<\/p>\n<p>El granito verde amazonita brasile\u00f1o es una piedra preciosa de la selva tropical brasile\u00f1a. Con raras gemas azul verdosas, piedras de cuarzo y mica negra de diferentes tonalidades, crea una imagen noble y elegante como la de un pavo real.<\/p>\n<p>2. Material:<\/p>\n<p>El material granito amazonita verde brasile\u00f1o pertenece a la cuarcita, el color es entre azul y verde, con textura blanca en el centro, textura brillante, buena transparencia, y brillo de cristal sedoso en la superficie. La estructura del granito amazonita verde brasile\u00f1o es muy similar a la de la jade\u00edta, y la estructura \u00fanica de doble cristal puede incluso utilizarse como sustituto de la jade\u00edta.<\/p>\n<p><span style=\"font-family: Arial\">3. <\/span>Aplicaci\u00f3n:<\/p>\n<p>Pared interior, suelo, pared de fondo, barra decorativa, mesa de comedor, peque\u00f1a mesa de caf\u00e9, encimera, etc.<\/p>\n<p><a class=\"wpil_keyword_link\" href=\"https:\/\/www.quartzite-stone.com\/es\/producto-2\/cuarcita-negra-casablanca\/\"   title=\"Cuarcita Casablanca\" data-wpil-keyword-link=\"linked\">Cuarcita Casablanca<\/a> es un tipo de piedra natural conocida por su aspecto elegante y sofisticado. Se trata de un material de alta calidad que suele utilizarse en proyectos residenciales y comerciales de lujo. La Cuarcita Casablanca suele ser de color claro, con una base de color blanco cremoso o marfil y llamativas vetas de color gris y beige que se extienden por toda la piedra. Es un material duradero y resistente, lo que la convierte en una opci\u00f3n excelente para zonas de mucho tr\u00e1nsito, como encimeras de cocina, lavabos y suelos. Tambi\u00e9n es una opci\u00f3n popular para espacios exteriores como patios y alrededores de piscinas.<\/p>\n<h3 style=\"font-size: 19px\">Campos de aplicaci\u00f3n del granito amazonita<\/h3>\n<p>El Granito Verde Amazonita es una piedra natural que presenta una base de color blanco o crema con llamativas vetas de color verde azulado, gris y negro. Es un material vers\u00e1til que se puede utilizar en diversas aplicaciones interiores y exteriores. He aqu\u00ed algunos campos de aplicaci\u00f3n comunes para el Granito Amazonita:<\/p>\n<ol style=\"list-style-type: decimal\">\n<li>\n<p>Encimeras: Amazon Green El granito es una opci\u00f3n popular para encimeras de cocina y ba\u00f1o debido a su durabilidad, aspecto \u00fanico y resistencia al calor.<\/p>\n<\/li>\n<li>\n<p>Pisos: Su aspecto audaz y dram\u00e1tico lo convierte en una excelente opci\u00f3n de piso para espacios interiores como entradas, pasillos y salas de estar.<\/p>\n<\/li>\n<li>\n<p>Revestimiento de paredes: El Granito Amazonita puede a\u00f1adir elegancia y sofisticaci\u00f3n a paredes interiores, revestimientos de chimeneas y fachadas exteriores.<\/p>\n<\/li>\n<li>\n<p>Placas para salpicaduras: su patr\u00f3n y color \u00fanicos lo convierten en un material ideal para salpicaduras en cocinas y ba\u00f1os.<\/p>\n<\/li>\n<li>\n<p>Espacios exteriores: El granito verde Amazon es duradero y resistente a la intemperie y puede utilizarse en espacios exteriores como patios, terrazas y pasarelas.<\/p>\n<\/li>\n<\/ol>\n<p>En general, el Granito Verde Amazonita es una piedra natural vers\u00e1til con un aspecto audaz y llamativo que puede realzar la belleza de cualquier espacio. Es importante tener en cuenta que cada losa de Granito Verde Amazonita es \u00fanica, y las variaciones de color, veteado y textura son caracter\u00edsticas inherentes a la piedra.<\/p>\n<h3 style=\"font-size: 19px\">Calidad del granito verde amazonita<\/h3>\n<ol>\n<li>El granito verde con estructura fina uniforme tiene una textura fina, que es el mejor material p\u00e9treo; el granito ordinario con grano grueso y estructura de grano desigual tiene mal aspecto, propiedades mec\u00e1nicas desiguales y una calidad ligeramente inferior.<\/li>\n<li>La estructura granular del granito verde es compacta, sin granos finos de piedra ni microgrietas, por lo que es resistente y duradero. Debido a la influencia de la textura en la piedra natural ordinaria, a menudo se producen en ella algunas vetas finas y microgrietas, y lo m\u00e1s probable es que la piedra se rompa a lo largo de estas partes.<\/li>\n<li>El sonido del granito verde al golpear la piedra es n\u00edtido y agradable. En general, la piedra con buena calidad, densa y uniforme en su interior y sin grietas microsc\u00f3picas tiene un sonido de golpeo claro y agradable; Por el contrario, si hay grietas microsc\u00f3picas o vetas finas en el interior de la piedra, o el contacto entre las part\u00edculas se afloja debido a la intemperie, el sonido de golpeo ser\u00e1 \u00e1spero.<\/li>\n<li>El agua que gotea en la parte posterior del granito verde no se dispersa y no lixivia. Por lo general, dejar caer una peque\u00f1a gota de tinta en la parte posterior de la piedra, si la tinta se dispersa y lixivia r\u00e1pidamente, significa que las part\u00edculas internas de la piedra est\u00e1n sueltas o hay grietas microsc\u00f3picas, y la calidad de la piedra no es buena; de lo contrario, significa que la piedra es densa y la textura es buena.<\/li>\n<\/ol>\n<p><img fetchpriority=\"high\" decoding=\"async\" src=\"https:\/\/data.adwebcloud.com\/public\/material\/220426a7q47o\/product\/AmazonGreenQuartzite(4)_1654761110837.jpg\" alt=\"\" width=\"750\" height=\"562\" \/><\/p>\n<p><img decoding=\"async\" src=\"https:\/\/data.adwebcloud.com\/public\/material\/220426a7q47o\/product\/AmazonGreenQuartzite(5)_1654761120015.jpg\" alt=\"\" \/><\/p>\n<p><img decoding=\"async\" src=\"https:\/\/data.adwebcloud.com\/public\/material\/220426a7q47o\/product\/AmazonGreenQuartzite(6)_1654761127863.jpg\" alt=\"\" \/><\/p>\n<\/p>\n<h3 style=\"font-size: 19px\">\u00bfC\u00f3mo se compara el granito Amazonita con otros tipos de granito en cuanto a variaciones de color y dibujo?<\/h3>\n<p>El granito Amazonita, tambi\u00e9n conocido como granito Amazonita, tiene variaciones distintivas de color y dibujo que lo diferencian de otros tipos de granito. He aqu\u00ed una comparaci\u00f3n de granito Amazonita con otras variedades de granito en t\u00e9rminos de color y patr\u00f3n:<\/p>\n<ol style=\"list-style-type: decimal\">\n<li>\n<p>Color: El granito Amazonita se caracteriza por su singular color azul verdoso, que a menudo se asemeja a los tonos del aguamarina o la cerceta. Este color se debe a la presencia de minerales como el feldespato y la microclina. En comparaci\u00f3n con otros tipos de granito, que por lo general vienen en varios tonos de gris, marr\u00f3n o negro, granito Amazonita destaca por su tono vibrante y llamativo.<\/p>\n<\/li>\n<li>\n<p>Motivos: El granito Amazonita suele presentar un aspecto moteado o jaspeado, con intrincados dibujos creados por la mezcla de diferentes minerales. Los patrones pueden variar desde motas finas y consistentes a patrones m\u00e1s grandes y pronunciados. Estos patrones pueden dar a la piedra un aspecto vivo y din\u00e1mico.<\/p>\n<\/li>\n<li>\n<p>Vetas: Algunas losas de granito Amazonita pueden presentar vetas, lo que puede a\u00f1adir m\u00e1s inter\u00e9s visual a la piedra. Las vetas pueden aparecer en diferentes colores, como blanco, gris o negro, en contraste con el fondo predominante azul verdoso. El veteado puede crear una sensaci\u00f3n de movimiento y singularidad en el aspecto general de la piedra.<\/p>\n<\/li>\n<\/ol>\n<p>En comparaci\u00f3n con otras variedades de granito, que a menudo muestran patrones y colores m\u00e1s uniformes y consistentes, el distintivo color azul verdoso del granito Amazonita y sus intrincados patrones lo convierten en una opci\u00f3n popular para aquellos que buscan una est\u00e9tica atrevida y vibrante en sus proyectos de dise\u00f1o.<\/p>\n<p>Es importante tener en cuenta que la piedra natural, incluyendo el granito, puede variar en color y patr\u00f3n de losa a losa. Por lo tanto, se recomienda para ver y seleccionar la losa espec\u00edfica de granito Amazonita tiene la intenci\u00f3n de utilizar, ya que cada uno puede tener sus propias variaciones y caracter\u00edsticas \u00fanicas.<\/p>\n<h3 style=\"font-size: 19px\">\u00bfCu\u00e1les son los usos recomendados del granito Amazonita en el dise\u00f1o y la construcci\u00f3n de viviendas?<\/h3>\n<p>El granito Amazonita es una piedra vers\u00e1til y visualmente llamativa que puede utilizarse en diversas aplicaciones en el dise\u00f1o y la construcci\u00f3n de viviendas. Estos son algunos usos recomendados para el granito Amazonita:<\/p>\n<ol style=\"list-style-type: decimal\">\n<li>\n<p>Encimeras: El granito Amazonita se utiliza habitualmente para encimeras de cocina y ba\u00f1o. Sus variaciones \u00fanicas de color y patr\u00f3n pueden a\u00f1adir un toque vibrante y distintivo al espacio. La durabilidad y resistencia al calor del granito lo hacen adecuado para zonas de mucho tr\u00e1nsito como las cocinas.<\/p>\n<\/li>\n<li>\n<p>Salpicaderos: La instalaci\u00f3n de granito Amazonita como backsplash puede crear un impresionante punto focal en cocinas y ba\u00f1os. Los intrincados patrones y colores de la piedra pueden complementar o contrastar con los gabinetes y accesorios circundantes, mejorando la est\u00e9tica general del dise\u00f1o.<\/p>\n<\/li>\n<li>\n<p>Pavimentos: El granito Amazonita puede utilizarse como material para suelos, sobre todo en zonas que requieren durabilidad y resistencia al desgaste. Su belleza natural y la gama de tonalidades verde-azuladas pueden aportar car\u00e1cter y elegancia a espacios habitables, pasillos o entradas.<\/p>\n<\/li>\n<li>\n<p>Revestimiento de paredes: El uso de granito Amazonita como revestimiento de paredes puede transformar paredes ordinarias en elementos llamativos. Ya sea en el contorno de una chimenea, en una pared de acento o en una fachada exterior, las variaciones \u00fanicas de color y patr\u00f3n del granito Amazonita pueden constituir una declaraci\u00f3n visual impactante.<\/p>\n<\/li>\n<li>\n<p>Acentos decorativos: Las piezas m\u00e1s peque\u00f1as de granito Amazonita, como baldosas o losas, pueden utilizarse como acentos decorativos en toda la casa. Esto incluye su incorporaci\u00f3n en mesas, encimeras de ba\u00f1o, chimeneas o estanter\u00edas, a\u00f1adiendo un toque de lujo y singularidad al dise\u00f1o general.<\/p>\n<\/li>\n<\/ol>\n<p>Vale la pena se\u00f1alar que el granito Amazonita es una piedra natural, y cada losa tendr\u00e1 sus propias variaciones \u00fanicas. Al seleccionar y utilizar granito Amazonita en el dise\u00f1o del hogar, es aconsejable ver y elegir las losas o baldosas espec\u00edficas para asegurarse de que cumplen con su est\u00e9tica deseada y coinciden con el concepto general de dise\u00f1o de su espacio.<\/p><\/p>","protected":false},"excerpt":{"rendered":"<p>Granito amazonita verde brasile\u00f1o, una piedra de lujo de primer nivel, la \u00fanica piedra en el mundo que combina jade y cristal, una piedra de lujo que enloquece a los m\u00e1s ricos del mundo.<\/p>","protected":false},"featured_media":7092,"comment_status":"closed","ping_status":"closed","template":"","meta":[],"product_brand":[],"product_cat":[205],"product_tag":[933,512,515,513,510,514,509,288,511],"class_list":{"0":"post-3505","1":"product","2":"type-product","3":"status-publish","4":"has-post-thumbnail","6":"product_cat-granite","7":"product_tag-amazonita-granite","8":"product_tag-amazonite-granite","9":"product_tag-amazonite-granite-kitchen","10":"product_tag-amazonite-granite-slab","11":"product_tag-amazzonite-granite","12":"product_tag-brazilian-green-granite","13":"product_tag-green-granite-slabs","14":"product_tag-green-quartzite-countertops","15":"product_tag-quartzite-stone-slabs","17":"first","18":"instock","19":"shipping-taxable","20":"product-type-simple"},"_links":{"self":[{"href":"https:\/\/www.quartzite-stone.com\/es\/wp-json\/wp\/v2\/product\/3505","targetHints":{"allow":["GET"]}}],"collection":[{"href":"https:\/\/www.quartzite-stone.com\/es\/wp-json\/wp\/v2\/product"}],"about":[{"href":"https:\/\/www.quartzite-stone.com\/es\/wp-json\/wp\/v2\/types\/product"}],"replies":[{"embeddable":true,"href":"https:\/\/www.quartzite-stone.com\/es\/wp-json\/wp\/v2\/comments?post=3505"}],"wp:featuredmedia":[{"embeddable":true,"href":"https:\/\/www.quartzite-stone.com\/es\/wp-json\/wp\/v2\/media\/7092"}],"wp:attachment":[{"href":"https:\/\/www.quartzite-stone.com\/es\/wp-json\/wp\/v2\/media?parent=3505"}],"wp:term":[{"taxonomy":"product_brand","embeddable":true,"href":"https:\/\/www.quartzite-stone.com\/es\/wp-json\/wp\/v2\/product_brand?post=3505"},{"taxonomy":"product_cat","embeddable":true,"href":"https:\/\/www.quartzite-stone.com\/es\/wp-json\/wp\/v2\/product_cat?post=3505"},{"taxonomy":"product_tag","embeddable":true,"href":"https:\/\/www.quartzite-stone.com\/es\/wp-json\/wp\/v2\/product_tag?post=3505"}],"curies":[{"name":"wp","href":"https:\/\/api.w.org\/{rel}","templated":true}]}}