{"id":3343,"date":"2022-09-20T16:17:40","date_gmt":"2022-09-20T08:17:40","guid":{"rendered":"https:\/\/www.quartzite-stone.com\/product\/alaska-blue-granite\/"},"modified":"2023-05-29T17:15:26","modified_gmt":"2023-05-29T09:15:26","slug":"granito-azul-alaska","status":"publish","type":"product","link":"https:\/\/www.quartzite-stone.com\/es\/products\/alaska-blue-granite\/","title":{"rendered":"Granito azul de Alaska"},"content":{"rendered":"<p><strong>Granito Alakas Blue\/Granito Blanc Du Blanc<\/strong><\/p>\n<p>El granito Alaska Blue\/Blanc Du Blanc es un granito natural de color blanco c\u00e1lido mezclado con colores negro, marr\u00f3n y azul claro. Los impresionantes cristales minerales de esta piedra natural crean una belleza maravillosa y lujosa.<\/p>\n<p>Debido a Alaska Blue Granite azul \/ Blanco Du Blanc Granito, gris oscuro y blanco shinning cristal, por lo que la belleza hacen que la gente a elegir esta piedra para perfectamente utilizado en encimeras de cocina, bancos, y tocadores de ba\u00f1o, escaleras y pelda\u00f1os y suelos y fondo de la pared o alrededor de la chimenea y para mesas de caf\u00e9 en la sala de aplicaci\u00f3n.<\/p>\n<p>Un tono \u00fanico de azul visto en la nieve de Alaska es la inspiraci\u00f3n para el nombre de la piedra, granito Alaska Blue. Los deslumbrantes blancos de la nieve se mezclan con las sombras de grises y negros creando una losa de color realmente inusual que no se ve con frecuencia fuera del c\u00edrculo polar.<\/p>\n<p>El granito con tonos azules, grises oscuros y dorados se denomina Alaska Blue. Este material es ideal para encimeras, lavabos y cualquier otra aplicaci\u00f3n interior y exterior, como cualquier otro granito.<\/p>\n<p><img fetchpriority=\"high\" decoding=\"async\" src=\"https:\/\/data.adwebcloud.com\/public\/material\/220426a7q47o\/product\/blobid1_1661935071249.jpg\" width=\"800\" height=\"639\" \/><\/p>\n<p><strong>\u00bfPor qu\u00e9 elegir el granito Alaska Blue Granite\/Blanc Du Blanc?<\/strong><\/p>\n<p>Un tono \u00fanico de azul visto en la nieve de Alaska es la inspiraci\u00f3n para el nombre de la piedra, granito Alaska Blue. Los deslumbrantes blancos de la nieve se mezclan con las sombras de grises y negros para crear una losa de color realmente inusual.<\/p>\n<p>Muchas personas lo seleccionan como un protector de salpicaduras que proteger\u00e1 el \u00e1rea que rodea sus fregaderos de cocina y ba\u00f1o.<\/p>\n<p>Esta piedra tambi\u00e9n puede servir como tablero de mesa para el comedor. No hay que preocuparse de que las salpicaduras destruyan los delicados dibujos de su superficie, ya que est\u00e1 sellada para que no se manche. Para unir las zonas de cocina y comedor, se pueden colocar paredes de acento seg\u00fan sea necesario.<\/p>\n<p>El granito Alaska White es una mezcla escarchada de blancos plateados y escarchados, comercializada con c\u00e1lidos tonos neutros y \u00f3nix. Importada de Brasil, esta duradera piedra natural est\u00e1 disponible en una amplia gama de tama\u00f1os. Con el granito Alaska White cree impresionantes encimeras de granito, salpicaderos, paredes de acento, suelos y otros elementos arquitect\u00f3nicos, tanto en interiores como en exteriores.<\/p>\n<p><img decoding=\"async\" src=\"https:\/\/data.adwebcloud.com\/public\/material\/220426a7q47o\/product\/blobid2_1661935161870.jpg\" \/><\/p>\n<p>Tenemos nuestra propia f\u00e1brica profesional en la fabricaci\u00f3n de encimeras cortadas a medida para satisfacer a cada cliente con diferentes tama\u00f1os requeridos y materiales.<br \/>Algunas personas tienen un dise\u00f1o como encimeras con un perfil de borde biselado pulgadas o perfilado y armarios blancos emparejados. Tambi\u00e9n podemos instalar fregadero de doble seno para encimeras de cocina requerido.<\/p>\n<p>Varios colores de minerales azules, grises y blancos se combinan para formar la inusual y fant\u00e1stica losa conocida como Alaska Blue. La losa est\u00e1 cubierta por un patr\u00f3n de remolinos de colores parecidos al viento, creados por estas diversas tonalidades. Los minerales grises y negros se funden ligeramente en los espacios m\u00e1s oscuros, dando a la piedra un aspecto m\u00e1s oscuro. Cada losa es \u00fanica y tiene caracter\u00edsticas de color distintivas que producen patrones encantadores.<\/p>\n<p>Alaska Blue Granite puede ser muy bien mezclado con muchos estilos, decoraciones, y el color combinado juntos. Este granito es agradable para la decoraci\u00f3n de la pared, ya que es la luz de fondo para la secci\u00f3n de cristal.<\/p>\n<p>Granito azul Alaska,Granito azul Alaska,Granito blanco Alaska<\/p>\n<p>&nbsp;<\/p>\n<p><img decoding=\"async\" src=\"https:\/\/data.adwebcloud.com\/public\/material\/220426a7q47o\/product\/blobid4_1661935202005.jpg\" \/><\/p>\n<p>&nbsp;<\/p>\n<p><img decoding=\"async\" src=\"https:\/\/data.adwebcloud.com\/public\/material\/220426a7q47o\/product\/blobid5_1661935238163.jpg\" \/><\/p>","protected":false},"excerpt":{"rendered":"<p>El granito azul de Alakas es un blanco c\u00e1lido natural mezclado con colores de granito negro y marr\u00f3n y azul claro. Esta piedra se puede usar en encimeras de cocina, mesas de trabajo, tocadores de ba\u00f1o, elevadores de escaleras y escalones e incluso para mesas de caf\u00e9 en aplicaciones de sala de estar.<\/p>","protected":false},"featured_media":6350,"comment_status":"closed","ping_status":"closed","template":"","meta":[],"product_brand":[],"product_cat":[205],"product_tag":[234,428,235,238,239,240,241,427,237,236],"class_list":{"0":"post-3343","1":"product","2":"type-product","3":"status-publish","4":"has-post-thumbnail","6":"product_cat-granite","7":"product_tag-alaska-blue-granite-countertops","8":"product_tag-alaska-blue-granite-images","9":"product_tag-alaska-blue-granite-table-top","10":"product_tag-blanc-du-blanc-granite","11":"product_tag-blanc-du-blanc-granite-countertops","12":"product_tag-blanc-du-blanc-granite-kitchen-countertops","13":"product_tag-blanc-du-blanc-granite-table-tops","14":"product_tag-blue-alaska-granite","15":"product_tag-blue-alaska-granite-bathroom","16":"product_tag-blue-alaska-granite-wall-decor","18":"first","19":"instock","20":"shipping-taxable","21":"product-type-simple"},"_links":{"self":[{"href":"https:\/\/www.quartzite-stone.com\/es\/wp-json\/wp\/v2\/product\/3343","targetHints":{"allow":["GET"]}}],"collection":[{"href":"https:\/\/www.quartzite-stone.com\/es\/wp-json\/wp\/v2\/product"}],"about":[{"href":"https:\/\/www.quartzite-stone.com\/es\/wp-json\/wp\/v2\/types\/product"}],"replies":[{"embeddable":true,"href":"https:\/\/www.quartzite-stone.com\/es\/wp-json\/wp\/v2\/comments?post=3343"}],"wp:featuredmedia":[{"embeddable":true,"href":"https:\/\/www.quartzite-stone.com\/es\/wp-json\/wp\/v2\/media\/6350"}],"wp:attachment":[{"href":"https:\/\/www.quartzite-stone.com\/es\/wp-json\/wp\/v2\/media?parent=3343"}],"wp:term":[{"taxonomy":"product_brand","embeddable":true,"href":"https:\/\/www.quartzite-stone.com\/es\/wp-json\/wp\/v2\/product_brand?post=3343"},{"taxonomy":"product_cat","embeddable":true,"href":"https:\/\/www.quartzite-stone.com\/es\/wp-json\/wp\/v2\/product_cat?post=3343"},{"taxonomy":"product_tag","embeddable":true,"href":"https:\/\/www.quartzite-stone.com\/es\/wp-json\/wp\/v2\/product_tag?post=3343"}],"curies":[{"name":"wp","href":"https:\/\/api.w.org\/{rel}","templated":true}]}}