{"id":2913,"date":"2022-07-05T00:04:54","date_gmt":"2022-07-04T16:04:54","guid":{"rendered":"https:\/\/www.quartzite-stone.com\/product\/tiger-eyes-agate\/"},"modified":"2023-07-11T11:46:16","modified_gmt":"2023-07-11T03:46:16","slug":"agata-ojos-de-tigre","status":"publish","type":"product","link":"https:\/\/www.quartzite-stone.com\/es\/products\/tiger-eyes-agate\/","title":{"rendered":"\u00c1gata Ojos de Tigre Dorada"},"content":{"rendered":"<p>El \u00e1gata de ojos de tigre generalmente tiene color amarillo parduzco, azul, marr\u00f3n rojizo y otros colores, textura opaca, fina y resistente, con una estructura microfibrosa, como la molienda desde la direcci\u00f3n vertical de la fibra en una superficie de anillo combado, aparecer\u00e1 una l\u00ednea paralela en el superficie combada. Los &quot;ojos&quot; en movimiento se denominan piedras de ojo de tigre debido a su forma y color que se asemejan a los ojos de los tigres. La piedra de ojo de tigre puede ejercer el poder de un rey, puede inspirar coraje, brindar confianza y hacer que las personas sean valientes; puede ser coherente al hacer las cosas y una persona puede apegarse a los principios; tambi\u00e9n puede fortalecer la vitalidad del cuerpo y es adecuado para personas enfermas o que se acaban de recuperar.<\/p>\n<p>&nbsp;<\/p>\n<p>Seg\u00fan los expertos en jade, es una especie de gema parecida al cuarzo formada por la reacci\u00f3n qu\u00edmica de las fibras de crocidolita en forma de vena en \u00f3xido de hierro y luego en s\u00edlice. El \u00e1gata de ojos de tigre es la piedra sagrada de los indios. Su vitalidad como los ojos de tigre puede hacer que sea m\u00e1s f\u00e1cil para las personas hacer avances en sus carreras, aprender autodisciplina, aliviar el estr\u00e9s, alcanzar metas y vivir una vida feliz. El \u00e1gata de ojos de tigre que fluye brilla con riqueza, tiene una fuerte vitalidad y tiene el efecto de atraer riqueza y alejar a los malos esp\u00edritus. Al igual que el \u00f3palo, tiene caracter\u00edsticas obvias y \u00fanicas, cada ojo de tigre emite una luz severa, como una mirada severa, m\u00e1s como un encanto misterioso, diferentes \u00e1ngulos, los ojos de tigre son diferentes y \u00f3palo. La diferencia es que el color de los ojos de tigre es m\u00e1s dominante y hermoso.<\/p>\n<p>&nbsp;<\/p>\n<p>INFORMACI\u00d3N ADICIONAL<\/p>\n<table>\n<tbody>\n<tr>\n<td width=\"124\"><strong>MATERIAL<\/strong><\/td>\n<td width=\"444\">\u00c1gata<\/td>\n<\/tr>\n<tr>\n<td width=\"124\"><strong>COLOR<\/strong><\/td>\n<td width=\"444\">Amarillo<\/td>\n<\/tr>\n<tr>\n<td width=\"124\"><strong>PA\u00cdS DE ORIGEN<\/strong><\/td>\n<td width=\"444\">Brasil<\/td>\n<\/tr>\n<tr>\n<td width=\"124\"><strong>ACABADO DE LA SUPERFICIE<\/strong><\/td>\n<td width=\"444\">Pulido, afilado con piedra, revestido de cuero<\/td>\n<\/tr>\n<tr>\n<td width=\"124\"><strong>USAR<\/strong><\/td>\n<td width=\"444\">Cocinas, Ba\u00f1os, Pisos, Paredes, Azulejos, Losas<\/td>\n<\/tr>\n<tr>\n<td width=\"124\"><strong>DISPONIBILIDAD<\/strong><\/td>\n<td width=\"444\">Por favor, compruebe la disponibilidad de stock con HRST STONE para visitar.<\/p>\n<p>Las muestras de piedra tampoco est\u00e1n disponibles para cada selecci\u00f3n de piedra, consulte la disponibilidad.<\/td>\n<\/tr>\n<\/tbody>\n<\/table>\n<p>Tiger Eyes Agate es azul puro, azul, p\u00farpura, marr\u00f3n rojizo, amarillo, blanco lechoso y otros colores. Muestra brillo sedoso, brillo de diamante, ligeramente transparente a transl\u00facido, y los de alta calidad brillan con una &quot;luz viva&quot; debido al paquete de fibra de asbesto azul envuelto. Es m\u00e1s dominante y hermoso para usar como barra o pared.<\/p>\n<p><img decoding=\"async\" class=\"aligncenter\" src=\"https:\/\/data.adwebcloud.com\/public\/material\/220426a7q47o\/product\/imageFile_1664271914087.jpg\" alt=\"\" \/><img decoding=\"async\" class=\"aligncenter\" src=\"https:\/\/data.adwebcloud.com\/public\/material\/220426a7q47o\/product\/imageFile_1664271914865.jpg\" alt=\"\" \/><\/p>\n<p><img decoding=\"async\" class=\"aligncenter\" src=\"https:\/\/data.adwebcloud.com\/public\/material\/220426a7q47o\/product\/imageFile_1664271915787.jpg\" alt=\"\" \/><\/p>","protected":false},"excerpt":{"rendered":"<p>Tiger Eyes Agate es azul puro, azul, p\u00farpura, marr\u00f3n rojizo, amarillo, blanco lechoso y otros colores. Muestra brillo sedoso, brillo de diamante, ligeramente transparente a transl\u00facido, y los de alta calidad brillan con una &quot;luz viva&quot; debido al paquete de fibra de asbesto azul envuelto. Es m\u00e1s \u2026<\/p>","protected":false},"featured_media":7953,"comment_status":"closed","ping_status":"closed","template":"","meta":[],"product_brand":[],"product_cat":[208],"product_tag":[846,849,844,845,848,851,850,847],"class_list":{"0":"post-2913","1":"product","2":"type-product","3":"status-publish","4":"has-post-thumbnail","6":"product_cat-agate","7":"product_tag-gem-tiger-eye","8":"product_tag-gold-tiger-eyes","9":"product_tag-tiger-agate","10":"product_tag-tiger-eyes","11":"product_tag-tiger-eyes-agate-table","12":"product_tag-tiger-eyes-bench-top","13":"product_tag-tiger-eyes-countertop","14":"product_tag-tiger-eyes-semi-precious-stones","16":"first","17":"instock","18":"product-type-simple"},"_links":{"self":[{"href":"https:\/\/www.quartzite-stone.com\/es\/wp-json\/wp\/v2\/product\/2913","targetHints":{"allow":["GET"]}}],"collection":[{"href":"https:\/\/www.quartzite-stone.com\/es\/wp-json\/wp\/v2\/product"}],"about":[{"href":"https:\/\/www.quartzite-stone.com\/es\/wp-json\/wp\/v2\/types\/product"}],"replies":[{"embeddable":true,"href":"https:\/\/www.quartzite-stone.com\/es\/wp-json\/wp\/v2\/comments?post=2913"}],"wp:featuredmedia":[{"embeddable":true,"href":"https:\/\/www.quartzite-stone.com\/es\/wp-json\/wp\/v2\/media\/7953"}],"wp:attachment":[{"href":"https:\/\/www.quartzite-stone.com\/es\/wp-json\/wp\/v2\/media?parent=2913"}],"wp:term":[{"taxonomy":"product_brand","embeddable":true,"href":"https:\/\/www.quartzite-stone.com\/es\/wp-json\/wp\/v2\/product_brand?post=2913"},{"taxonomy":"product_cat","embeddable":true,"href":"https:\/\/www.quartzite-stone.com\/es\/wp-json\/wp\/v2\/product_cat?post=2913"},{"taxonomy":"product_tag","embeddable":true,"href":"https:\/\/www.quartzite-stone.com\/es\/wp-json\/wp\/v2\/product_tag?post=2913"}],"curies":[{"name":"wp","href":"https:\/\/api.w.org\/{rel}","templated":true}]}}