{"id":2907,"date":"2022-07-05T00:04:03","date_gmt":"2022-07-04T16:04:03","guid":{"rendered":"https:\/\/www.quartzite-stone.com\/product\/yellow-agate\/"},"modified":"2023-07-11T11:46:13","modified_gmt":"2023-07-11T03:46:13","slug":"agata-amarilla","status":"publish","type":"product","link":"https:\/\/www.quartzite-stone.com\/es\/products\/yellow-agate\/","title":{"rendered":"\u00c1gata amarilla"},"content":{"rendered":"<p>La historia del \u00e1gata es muy lejana. Hace unos 100 millones de a\u00f1os, el magma subterr\u00e1neo fue expulsado en grandes cantidades debido a cambios en la corteza terrestre. Cuando la lava se enfri\u00f3, el vapor y otros gases formaron burbujas. Las burbujas de aire se sellan cuando la roca se congela, creando muchos agujeros. Mucho m\u00e1s tarde, los agujeros se sumergieron en una soluci\u00f3n que conten\u00eda s\u00edlice y se coagularon en gel de s\u00edlice. Los componentes fusibles de la roca que contiene hierro ingresan al gel de s\u00edlice y, finalmente, la s\u00edlice cristaliza en \u00e1gata.<\/p>\n<p>&nbsp;<\/p>\n<p>En mineralog\u00eda, el \u00e1gata amarilla pertenece al grupo de las calcedonias, que son calcedonias de diferentes colores y distribuidas en anillos. Por lo general, el coloide de s\u00edlice se llena gradualmente hasta el centro a lo largo de la pared de la cavidad o vac\u00edo de la roca, formando un bloque de capas conc\u00e9ntricas o paralelas. Generalmente es transl\u00facido a opaco, con una dureza de 6,5 a 7 grados, una gravedad espec\u00edfica de 2,55 a 2,91 y un \u00edndice de refracci\u00f3n de 1,535 a 1,539. El \u00e1gata se puede formar en varios estratos de la historia geol\u00f3gica, tanto \u00edgneos como sedimentarios.<\/p>\n<p>&nbsp;<\/p>\n<p>El \u00e1gata amarilla pertenece al \u00e1gata, y el \u00e1gata tiene una larga historia. Est\u00e1 registrado que debido a que la forma de la piedra original de \u00e1gata es similar a la del cerebro de un caballo, se llama &quot;\u00e1gata&quot;. Ya sea en el Antiguo Testamento o en las escrituras budistas, hay registros de las obras del \u00e1gata. En Oriente, es uno de los Siete Tesoros y Siete Tesoros. El \u00e1gata amarilla se usa como piedra preciosa o como artesan\u00eda por su rico color y belleza.<\/p>\n<p>&nbsp;<\/p>\n<p>El \u00e1gata amarilla tambi\u00e9n tiene ciertos efectos fisiol\u00f3gicos y psicol\u00f3gicos. La luz amarilla del \u00e1gata amarilla corresponde a la rueda solar, por lo que usar \u00e1gata amarilla durante mucho tiempo puede ayudar a la digesti\u00f3n del est\u00f3mago y los intestinos, y es muy beneficioso para el h\u00edgado, la ves\u00edcula biliar e incluso la piel. Puede ayudar a equilibrar la energ\u00eda negativa, eliminar el estr\u00e9s nervioso, mantener un estado de \u00e1nimo feliz y tambi\u00e9n tener el efecto de mantener la paz.<\/p>\n<p>&nbsp;<\/p>\n<p>INFORMACI\u00d3N ADICIONAL<\/p>\n<table>\n<tbody>\n<tr>\n<td width=\"124\"><strong>MATERIAL<\/strong><\/td>\n<td width=\"444\">\u00c1gata<\/td>\n<\/tr>\n<tr>\n<td width=\"124\"><strong>COLOR<\/strong><\/td>\n<td width=\"444\">Amarillo<\/td>\n<\/tr>\n<tr>\n<td width=\"124\"><strong>PA\u00cdS DE ORIGEN<\/strong><\/td>\n<td width=\"444\">Brasil<\/td>\n<\/tr>\n<tr>\n<td width=\"124\"><strong>ACABADO DE LA SUPERFICIE<\/strong><\/td>\n<td width=\"444\">Pulido, afilado con piedra, revestido de cuero<\/td>\n<\/tr>\n<tr>\n<td width=\"124\"><strong>USAR<\/strong><\/td>\n<td width=\"444\">Cocinas, Ba\u00f1os, Pisos, Paredes, Azulejos, Losas<\/td>\n<\/tr>\n<tr>\n<td width=\"124\"><strong>DISPONIBILIDAD<\/strong><\/td>\n<td width=\"444\">Por favor, compruebe la disponibilidad de stock con HRST STONE para visitar.<\/p>\n<p>Las muestras de piedra tampoco est\u00e1n disponibles para cada selecci\u00f3n de piedra, consulte la disponibilidad.<\/td>\n<\/tr>\n<\/tbody>\n<\/table>\n<p>&nbsp;<\/p>\n<p>El \u00e1gata amarilla tambi\u00e9n es un tipo de jade favorito, que simboliza la riqueza y el poder, por lo que muchas personas lo aman. Se registra que la forma de la piedra de \u00e1gata es similar a la del cerebro de caballo, por lo que se llama &quot;\u00e1gata&quot;. Ya sea en la Biblia del Antiguo Testamento o en los cl\u00e1sicos budistas, hay historias de \u00e1gata. En Oriente, es uno de los siete tesoros. \u00c1gata con su rico color, belleza y se considera como piedra preciosa o productos artesanales.<\/p>\n<p style=\"padding-left: 40px\"><img decoding=\"async\" class=\"aligncenter\" src=\"https:\/\/data.adwebcloud.com\/public\/material\/220426a7q47o\/product\/imageFile_1664271912260.jpg\" alt=\"\" \/><\/p>\n<p style=\"padding-left: 40px\"><img decoding=\"async\" class=\"aligncenter\" src=\"https:\/\/data.adwebcloud.com\/public\/material\/220426a7q47o\/product\/imageFile_1664271913066.jpg\" alt=\"\" \/><\/p>","protected":false},"excerpt":{"rendered":"<p>El \u00e1gata amarilla tambi\u00e9n es un tipo de jade favorito, que simboliza la riqueza y el poder, por lo que muchas personas lo aman. Se registra que la forma de la piedra de \u00e1gata es similar a la del cerebro de caballo, por lo que se llama &quot;\u00e1gata&quot;. Ya sea en la Biblia del Antiguo Testamento o en los cl\u00e1sicos budistas, hay historias de...<\/p>","protected":false},"featured_media":7947,"comment_status":"closed","ping_status":"closed","template":"","meta":[],"product_brand":[],"product_cat":[208],"product_tag":[858,857,853,856,852,855,854],"class_list":{"0":"post-2907","1":"product","2":"type-product","3":"status-publish","4":"has-post-thumbnail","6":"product_cat-agate","7":"product_tag-agate-stone-yellow","8":"product_tag-raw-yellow-agate","9":"product_tag-yellow-agate-crystal","10":"product_tag-yellow-agate-price","11":"product_tag-yellow-agate-stone","12":"product_tag-yellow-gem-stone","13":"product_tag-yellow-semi-precious-stones","15":"first","16":"instock","17":"product-type-simple"},"_links":{"self":[{"href":"https:\/\/www.quartzite-stone.com\/es\/wp-json\/wp\/v2\/product\/2907","targetHints":{"allow":["GET"]}}],"collection":[{"href":"https:\/\/www.quartzite-stone.com\/es\/wp-json\/wp\/v2\/product"}],"about":[{"href":"https:\/\/www.quartzite-stone.com\/es\/wp-json\/wp\/v2\/types\/product"}],"replies":[{"embeddable":true,"href":"https:\/\/www.quartzite-stone.com\/es\/wp-json\/wp\/v2\/comments?post=2907"}],"wp:featuredmedia":[{"embeddable":true,"href":"https:\/\/www.quartzite-stone.com\/es\/wp-json\/wp\/v2\/media\/7947"}],"wp:attachment":[{"href":"https:\/\/www.quartzite-stone.com\/es\/wp-json\/wp\/v2\/media?parent=2907"}],"wp:term":[{"taxonomy":"product_brand","embeddable":true,"href":"https:\/\/www.quartzite-stone.com\/es\/wp-json\/wp\/v2\/product_brand?post=2907"},{"taxonomy":"product_cat","embeddable":true,"href":"https:\/\/www.quartzite-stone.com\/es\/wp-json\/wp\/v2\/product_cat?post=2907"},{"taxonomy":"product_tag","embeddable":true,"href":"https:\/\/www.quartzite-stone.com\/es\/wp-json\/wp\/v2\/product_tag?post=2907"}],"curies":[{"name":"wp","href":"https:\/\/api.w.org\/{rel}","templated":true}]}}