{"id":2890,"date":"2022-07-05T00:04:03","date_gmt":"2022-07-04T16:04:03","guid":{"rendered":"https:\/\/www.quartzite-stone.com\/product\/grey-agate\/"},"modified":"2023-07-11T11:46:06","modified_gmt":"2023-07-11T03:46:06","slug":"agata-gris-2","status":"publish","type":"product","link":"https:\/\/www.quartzite-stone.com\/es\/products\/grey-agate\/","title":{"rendered":"\u00c1gata gris"},"content":{"rendered":"<p>El \u00e1gata gris, un material raro en piedra, crece en todos los rincones del mundo y ha sido bautizado y precipitado durante miles de a\u00f1os. Naturalmente suaves, suaves y delicados, los alabatos de \u00e1gata vienen con colores degradados y capas claras. Cuando el fr\u00edo intenso se combina con la calidez y la suavidad, el gris se difumina y el movimiento m\u00e1s elegante es la sinfon\u00eda.<\/p>\n<p>&nbsp;<\/p>\n<h2>1. Introducci\u00f3n del producto Grey Agat<\/h2>\n<p>&nbsp;<\/p>\n<p><a class=\"wpil_keyword_link\" href=\"https:\/\/www.quartzite-stone.com\/es\/producto-2\/encimera-retroiluminada-de-losa-de-agata-verde\/\"   title=\"Losas de piedra de \u00e1gata\" data-wpil-keyword-link=\"linked\">Losas de piedra de \u00e1gata<\/a> la calidad y los sentimientos coexisten, y la textura se entrelaza. La textura deste\u00f1ida asoma en la textura clara de la piedra. Es discreto y tranquilo, separando el ajetreo y el bullicio de la ciudad del ajetreo y el bullicio de la ciudad, y pavimentando un \u00e1rea grande, como pisar el cielo estrellado y la nebulosa envuelta.<\/p>\n<p>&nbsp;<\/p>\n<h2>2. Especificaci\u00f3n de mosaico de agat gris: 2700x1200 mm<\/h2>\n<p>N\u00famero de caras y patrones: una piedra en tres lados, entrelazado infinito arbitrario, y la losa de piedra de \u00e1gata gris juega un estado de \u00e1nimo completamente diferente de <a href=\"https:\/\/www.quartzite-stone.com\/es\/producto-2\/agata-negra\/\">\u00e1gata negra<\/a>. La textura descolorida se cierne sobre la textura clara de la piedra, destacando la tendencia del patr\u00f3n y la forma del cristal.<\/p>\n<p>&nbsp;<\/p>\n<h2>3.Inspiraci\u00f3n en \u00e1gata gris<\/h2>\n<p>A los ojos del dise\u00f1ador, las losas de piedra de \u00e1gata gris son el color neutro m\u00e1s perfecto de la naturaleza, el encanto del gris no tiene paralelo. El temperamento elegante y el estilo extraordinario de Grey Agate est\u00e1n grabados en la m\u00e9dula \u00f3sea, el efecto general es tranquilo y elegante, nunca pasa de moda, el \u00e1gata gris es \u00fanico y exquisito, cl\u00e1sico y elegante, vers\u00e1til y no grasoso, y la textura clara de la piedra preciosa embriaga a las personas. . Losa de piedra de \u00e1gata hace de estos tesoros que alguna vez tuvieron un valor incalculable un hermoso elemento que embellece el interior.<\/p>\n<p>&nbsp;<\/p>\n<h2>4. Belleza espacial de \u00e1gata gris.<\/h2>\n<p>La atm\u00f3sfera estable de las baldosas de \u00e1gata gris se combina a la perfecci\u00f3n con los muebles y resalta la textura de alta calidad de vida. Ya sea en la sala de estar o en la cocina, la aplicaci\u00f3n de pavimentaci\u00f3n de Agate Stone Slab puede brindar a las personas una sensaci\u00f3n de estabilidad, madurez, calma y practicidad. Al mismo tiempo, la decoraci\u00f3n gris es muy resistente a la suciedad y no se vuelve obsoleta f\u00e1cilmente, y es m\u00e1s f\u00e1cil de usar. Con Agate Stone Slab, una amplia gama de aplicaciones de pavimentaci\u00f3n, podemos ver el encanto de un dise\u00f1o elegante y atmosf\u00e9rico que se extiende infinitamente en el espacio con una imaginaci\u00f3n infinita.<\/p>\n<p>&nbsp;<\/p>\n<p>INFORMACI\u00d3N ADICIONAL<\/p>\n<table>\n<tbody>\n<tr>\n<td width=\"124\"><strong>MATERIAL<\/strong><\/td>\n<td width=\"444\">\u00c1gata<\/td>\n<\/tr>\n<tr>\n<td width=\"124\"><strong>COLOR<\/strong><\/td>\n<td width=\"444\">Gris<\/td>\n<\/tr>\n<tr>\n<td width=\"124\"><strong>PA\u00cdS DE ORIGEN<\/strong><\/td>\n<td width=\"444\">Brasil<\/td>\n<\/tr>\n<tr>\n<td width=\"124\"><strong>ACABADO DE LA SUPERFICIE<\/strong><\/td>\n<td width=\"444\">Pulido, afilado con piedra, revestido de cuero<\/td>\n<\/tr>\n<tr>\n<td width=\"124\"><strong>USAR<\/strong><\/td>\n<td width=\"444\">Cocinas, Ba\u00f1os, Pisos, Paredes, Azulejos, Losas<\/td>\n<\/tr>\n<tr>\n<td width=\"124\"><strong>DISPONIBILIDAD<\/strong><\/td>\n<td width=\"444\">Por favor, compruebe la disponibilidad de stock con HRST STONE para visitar.<\/p>\n<p>Las muestras de piedra tampoco est\u00e1n disponibles para cada selecci\u00f3n de piedra, consulte la disponibilidad.<\/td>\n<\/tr>\n<\/tbody>\n<\/table>\n<p>&nbsp;<\/p>\n<p>El \u00e1gata gris es particularmente hermosa por su suavidad templada. La cinta es como anillos de tronco de \u00e1rbol, elegante natural; Como la pintura de paisajes con tinta salpicada, magn\u00edfica; S\u00edmbolo de perseverancia, se dice que la energ\u00eda del \u00e1gata gris puede eliminar las impurezas del aura y estimular eficazmente el propio encanto.<\/p>\n<p><img decoding=\"async\" class=\"aligncenter\" src=\"https:\/\/data.adwebcloud.com\/public\/material\/220426a7q47o\/product\/imageFile_1664271909703.jpg\" alt=\"\" \/><\/p>\n<p><img decoding=\"async\" class=\"aligncenter\" src=\"https:\/\/data.adwebcloud.com\/public\/material\/220426a7q47o\/product\/imageFile_1664271910596.jpg\" alt=\"\" \/><\/p>\n<p><img decoding=\"async\" class=\"aligncenter\" src=\"https:\/\/data.adwebcloud.com\/public\/material\/220426a7q47o\/product\/imageFile_1664271911379.jpg\" alt=\"\" \/><\/p>","protected":false},"excerpt":{"rendered":"<p>El \u00e1gata gris es particularmente hermosa por su suavidad templada. La cinta es como anillos de tronco de \u00e1rbol, elegante natural; Como la pintura de paisajes con tinta salpicada, magn\u00edfica; S\u00edmbolo de perseverancia, se dice que la energ\u00eda del \u00e1gata gris puede eliminar las impurezas del aura y efectivamente...<\/p>\n<div id=\"gtx-trans\">\n<div class=\"gtx-trans-icon\"><\/div>\n<\/div>","protected":false},"featured_media":7950,"comment_status":"closed","ping_status":"closed","template":"","meta":[],"product_brand":[],"product_cat":[208],"product_tag":[861,864,863,867,859,865,862,866,869,860,868],"class_list":{"0":"post-2890","1":"product","2":"type-product","3":"status-publish","4":"has-post-thumbnail","6":"product_cat-agate","7":"product_tag-agate-gray","8":"product_tag-agate-grey-and-white","9":"product_tag-blue-grey-agate","10":"product_tag-dark-grey-agate","11":"product_tag-gray-agate","12":"product_tag-gray-agate-crystal","13":"product_tag-gray-agate-stone","14":"product_tag-grey-agate-raw","15":"product_tag-grey-agate-slab","16":"product_tag-grey-agate-stone","17":"product_tag-grey-agate-table","19":"first","20":"instock","21":"product-type-simple"},"_links":{"self":[{"href":"https:\/\/www.quartzite-stone.com\/es\/wp-json\/wp\/v2\/product\/2890","targetHints":{"allow":["GET"]}}],"collection":[{"href":"https:\/\/www.quartzite-stone.com\/es\/wp-json\/wp\/v2\/product"}],"about":[{"href":"https:\/\/www.quartzite-stone.com\/es\/wp-json\/wp\/v2\/types\/product"}],"replies":[{"embeddable":true,"href":"https:\/\/www.quartzite-stone.com\/es\/wp-json\/wp\/v2\/comments?post=2890"}],"wp:featuredmedia":[{"embeddable":true,"href":"https:\/\/www.quartzite-stone.com\/es\/wp-json\/wp\/v2\/media\/7950"}],"wp:attachment":[{"href":"https:\/\/www.quartzite-stone.com\/es\/wp-json\/wp\/v2\/media?parent=2890"}],"wp:term":[{"taxonomy":"product_brand","embeddable":true,"href":"https:\/\/www.quartzite-stone.com\/es\/wp-json\/wp\/v2\/product_brand?post=2890"},{"taxonomy":"product_cat","embeddable":true,"href":"https:\/\/www.quartzite-stone.com\/es\/wp-json\/wp\/v2\/product_cat?post=2890"},{"taxonomy":"product_tag","embeddable":true,"href":"https:\/\/www.quartzite-stone.com\/es\/wp-json\/wp\/v2\/product_tag?post=2890"}],"curies":[{"name":"wp","href":"https:\/\/api.w.org\/{rel}","templated":true}]}}