{"id":2833,"date":"2022-07-05T00:01:59","date_gmt":"2022-07-04T16:01:59","guid":{"rendered":"https:\/\/www.quartzite-stone.com\/product\/brazil-amazonite-green-granite\/"},"modified":"2022-10-22T10:56:53","modified_gmt":"2022-10-22T02:56:53","slug":"amazonita-brasilena-granito-verde","status":"publish","type":"product","link":"https:\/\/www.quartzite-stone.com\/es\/products\/brazil-amazonite-green-granite\/","title":{"rendered":"Brasil amazonita granito verde"},"content":{"rendered":"<p>INFORMACI\u00d3N ADICIONAL<\/p>\n<table width=\"568\">\n<tbody>\n<tr>\n<td width=\"148\"><strong>MATERIAL<\/strong><\/td>\n<td width=\"420\">Granito<\/td>\n<\/tr>\n<tr>\n<td width=\"148\"><strong>COLOR<\/strong><\/td>\n<td width=\"420\">Verde<\/td>\n<\/tr>\n<tr>\n<td width=\"148\"><strong>PA\u00cdS DE ORIGEN<\/strong><\/td>\n<td width=\"420\">Brasil<\/td>\n<\/tr>\n<tr>\n<td width=\"148\"><strong>ACABADO DE LA SUPERFICIE<\/strong><\/td>\n<td width=\"420\">Pulido, afilado con piedra, revestido de cuero<\/td>\n<\/tr>\n<tr>\n<td width=\"148\"><strong>USAR<\/strong><\/td>\n<td width=\"420\">Cocinas, Ba\u00f1os, Pisos, Paredes, Chimenea, Azulejos, Losas<\/td>\n<\/tr>\n<tr>\n<td width=\"148\"><strong>DISPONIBILIDAD<\/strong><\/td>\n<td width=\"420\">Consulte la disponibilidad de existencias con el equipo de ventas de HRST stone.<\/p>\n<p>Las muestras de piedra tampoco est\u00e1n disponibles para cada selecci\u00f3n de piedra, consulte la disponibilidad.<\/p>\n<\/td>\n<\/tr>\n<\/tbody>\n<\/table>\n<p>&nbsp;<\/p>\n<p>Amazonite Green Granite es una piedra natural muy lujosa extra\u00edda en Brasil, tiene un gran rango de precios, m\u00e1s verde y m\u00e1s caro, puede ser $650 por metro cuadrado incluso m\u00e1s que $2000 para texturas y colores especiales. Este granito se puede utilizar para pisos, encimeras de cocina, revestimiento de paredes, etc.<\/p>\n<p>El Granito Verde Amazonita Pulido tiene un impresionante fondo verde, y vetas blancas y marrones salpican la superficie.  En las im\u00e1genes siguientes puede verse que queda muy bien en suelos, revestimientos de pared y lavabos.<\/p>\n<p>Este tipo de piedra es adecuado para decorar una casa lujosa.  El grosor de nuestras placas en stock es de 1,8cm.  Tambi\u00e9n tenemos stock, por lo que las placas de 2cm y 3cm de espesor tambi\u00e9n est\u00e1n disponibles.<\/p>\n<p>Las superficies ordinarias pueden pulirse, apomazarse y flamearse.  Si necesita este granito verde Amazonite, no dude en ponerse en contacto con nosotros.<\/p>\n<p>&nbsp;<\/p>\n<p><span style=\"font-family: PingFang SC\">Caracter\u00edsticas:<\/span><\/p>\n<p><span style=\"font-family: PingFang SC\">El granito verde amazonita brasile\u00f1a tiene una estructura densa, alta resistencia a la compresi\u00f3n, baja absorci\u00f3n de agua, alta dureza superficial, estabilidad qu\u00edmica, buen rendimiento y durabilidad, pero escasa resistencia al fuego.<\/span><\/p>\n<p><span style=\"font-family: PingFang SC\">El granito verde amazonita de Brasil tiene una estructura granular de grano fino, medio y grueso, o una estructura similar en forma de manchas. Sus part\u00edculas son uniformes y finas, con peque\u00f1os huecos, baja absorci\u00f3n de agua y excelente resistencia a las heladas.<\/span><\/p>\n<p><span style=\"font-family: PingFang SC\">El granito tiene una gran dureza, su densidad est\u00e1 entre 2,63g\/cm3 y 2,75g\/cm3, su resistencia a la compresi\u00f3n es de 100-300MPa, y el granito de grano fino puede llegar a 300MPa o m\u00e1s, y su resistencia a la flexi\u00f3n suele ser de 10-30Mpa. El granito suele producirse en forma de cimientos de roca, roca madre, bloques de roca, etc., y est\u00e1 controlado por la estructura geotect\u00f3nica regional. Por lo general, la planificaci\u00f3n es relativamente grande y la distribuci\u00f3n es relativamente amplia, por lo que es conveniente para excavar, f\u00e1cil de producir grandes materiales, y sus articulaciones se desarrollan con regularidad. Es beneficioso excavar piedras con formas regulares.<\/span><\/p>\n<p><span style=\"font-family: PingFang SC\">El granito verde amazonita de Brasil no es f\u00e1cil de desgastar y puede utilizarse como piedra para decoraci\u00f3n de exteriores. La textura y la textura del granito son uniformes. Aunque el color es principalmente la luz, tambi\u00e9n es muy rica en rojo, blanco, amarillo, verde, negro, p\u00farpura, marr\u00f3n, beige, azul, etc, y su color cambia relativamente poco, adecuado para el uso de gran \u00e1rea.<\/span><\/p>\n<p><img decoding=\"async\" class=\"aligncenter\" src=\"https:\/\/data.adwebcloud.com\/public\/material\/220426a7q47o\/product\/imageFile_1664271877022.jpg\" alt=\"\" \/><\/p>\n<p><img decoding=\"async\" class=\"aligncenter\" src=\"https:\/\/data.adwebcloud.com\/public\/material\/220426a7q47o\/product\/imageFile_1664271878078.jpg\" alt=\"\" \/><\/p>\n<p><img decoding=\"async\" class=\"aligncenter\" src=\"https:\/\/data.adwebcloud.com\/public\/material\/220426a7q47o\/product\/imageFile_1664271879098.jpg\" alt=\"\" \/><\/p>\n<p><img decoding=\"async\" class=\"aligncenter\" src=\"https:\/\/data.adwebcloud.com\/public\/material\/220426a7q47o\/product\/imageFile_1664271880212.jpg\" alt=\"\" \/><\/p>","protected":false},"excerpt":{"rendered":"<p>Amazonite Green Granite es una piedra natural muy lujosa extra\u00edda en Brasil, tiene un gran rango de precios, m\u00e1s verde y m\u00e1s caro, puede ser $650 por metro cuadrado incluso m\u00e1s que $2000 para texturas y colores especiales. Este granito se puede utilizar para pisos, encimeras de cocina, revestimiento de paredes, etc.<\/p>","protected":false},"featured_media":4424,"comment_status":"closed","ping_status":"closed","template":"","meta":[],"product_brand":[],"product_cat":[205],"product_tag":[390],"class_list":{"0":"post-2833","1":"product","2":"type-product","3":"status-publish","4":"has-post-thumbnail","6":"product_cat-granite","7":"product_tag-bathroomsfireplacefloorsgranitegreenkitchensslabstileswalls","9":"first","10":"instock","11":"product-type-simple"},"_links":{"self":[{"href":"https:\/\/www.quartzite-stone.com\/es\/wp-json\/wp\/v2\/product\/2833","targetHints":{"allow":["GET"]}}],"collection":[{"href":"https:\/\/www.quartzite-stone.com\/es\/wp-json\/wp\/v2\/product"}],"about":[{"href":"https:\/\/www.quartzite-stone.com\/es\/wp-json\/wp\/v2\/types\/product"}],"replies":[{"embeddable":true,"href":"https:\/\/www.quartzite-stone.com\/es\/wp-json\/wp\/v2\/comments?post=2833"}],"wp:featuredmedia":[{"embeddable":true,"href":"https:\/\/www.quartzite-stone.com\/es\/wp-json\/wp\/v2\/media\/4424"}],"wp:attachment":[{"href":"https:\/\/www.quartzite-stone.com\/es\/wp-json\/wp\/v2\/media?parent=2833"}],"wp:term":[{"taxonomy":"product_brand","embeddable":true,"href":"https:\/\/www.quartzite-stone.com\/es\/wp-json\/wp\/v2\/product_brand?post=2833"},{"taxonomy":"product_cat","embeddable":true,"href":"https:\/\/www.quartzite-stone.com\/es\/wp-json\/wp\/v2\/product_cat?post=2833"},{"taxonomy":"product_tag","embeddable":true,"href":"https:\/\/www.quartzite-stone.com\/es\/wp-json\/wp\/v2\/product_tag?post=2833"}],"curies":[{"name":"wp","href":"https:\/\/api.w.org\/{rel}","templated":true}]}}