{"id":2825,"date":"2022-07-05T00:01:59","date_gmt":"2022-07-04T16:01:59","guid":{"rendered":"https:\/\/www.quartzite-stone.com\/product\/splendor-white-granite\/"},"modified":"2022-09-27T18:09:53","modified_gmt":"2022-09-27T10:09:53","slug":"granito-blanco-splendor","status":"publish","type":"product","link":"https:\/\/www.quartzite-stone.com\/es\/products\/splendor-white-granite\/","title":{"rendered":"Granito Blanco Esplendor"},"content":{"rendered":"<p>INFORMACI\u00d3N ADICIONAL<\/p>\n<table>\n<tbody>\n<tr>\n<td width=\"124\"><strong>MATERIAL<\/strong><\/td>\n<td width=\"444\">Granito<\/td>\n<\/tr>\n<tr>\n<td width=\"124\"><strong>COLOR<\/strong><\/td>\n<td width=\"444\">Oro\/Amarillo<\/td>\n<\/tr>\n<tr>\n<td width=\"124\"><strong>PA\u00cdS DE ORIGEN<\/strong><\/td>\n<td width=\"444\">Brasil<\/td>\n<\/tr>\n<tr>\n<td width=\"124\"><strong>ACABADO DE LA SUPERFICIE<\/strong><\/td>\n<td width=\"444\">Pulido, afilado con piedra, revestido de cuero<\/td>\n<\/tr>\n<tr>\n<td width=\"124\"><strong>USAR<\/strong><\/td>\n<td width=\"444\">Cocinas, Ba\u00f1os, Pisos, Paredes, Azulejos, Losas<\/td>\n<\/tr>\n<tr>\n<td width=\"124\"><strong>DISPONIBILIDAD<\/strong><\/td>\n<td width=\"444\">Por favor, compruebe la disponibilidad de stock con HRST STONE para visitar.<\/p>\n<p>Las muestras de piedra tampoco est\u00e1n disponibles para cada selecci\u00f3n de piedra, consulte la disponibilidad.<\/td>\n<\/tr>\n<\/tbody>\n<\/table>\n<p>El nombre de este espectacular granito brasile\u00f1o evoca el esplendor de los picos nevados. Las vetas en blanco y negro de Splendor White Granite nos transportan al reino del hielo eterno.<\/p>\n<p>El Granito Blanco Splendor viene de Brasil para sorprendernos con su impactante est\u00e9tica. Esta magn\u00edfica Piedra Natural no deja a nadie indiferente con su poder decorativo y su intensidad, que la transforman en la estrella de cualquier espacio. Sobre un fondo de blanco et\u00e9reo, las vetas y lavados negros rompen la monoton\u00eda de los sutiles tonos claros. El resultado evoca mundos de hielo y cumbres dominadas por el fr\u00edo como parte de una naturaleza poderosa y sobrecogedora como pocas. Esta fuerza es la que convierte al Granito Blanco Splendor en el material perfecto para decorar ambientes en los que se impone un aspecto espectacular: su mera presencia, por ejemplo como revestimiento en la cocina o coronando una mesa de madera r\u00fastica, llenar\u00e1 de fuerza creativa los espacios m\u00e1s austeros.<\/p>\n<p><img decoding=\"async\" class=\"aligncenter\" src=\"https:\/\/data.adwebcloud.com\/public\/material\/220426a7q47o\/product\/imageFile_1664271874217.jpg\" alt=\"\" \/><\/p>\n<p><img fetchpriority=\"high\" decoding=\"async\" class=\"aligncenter\" src=\"https:\/\/data.adwebcloud.com\/public\/material\/220426a7q47o\/product\/imageFile_1664271875005.jpg\" alt=\"\" width=\"750\" height=\"600\" \/><\/p>\n<p><img decoding=\"async\" class=\"aligncenter\" src=\"https:\/\/data.adwebcloud.com\/public\/material\/220426a7q47o\/product\/imageFile_1664271875942.jpg\" alt=\"\" \/><\/p>","protected":false},"excerpt":{"rendered":"<p>El nombre de este espectacular granito brasile\u00f1o evoca el esplendor de los picos nevados. Las vetas en blanco y negro de Splendor White Granite nos transportan al reino del hielo eterno.<br \/>\nSplendor White Granite llega desde Brasil para sorprendernos con su impactante est\u00e9tica. Esta preciosa Piedra Natural...<\/p>\n<div id=\"gtx-trans\">\n<div class=\"gtx-trans-icon\"><\/div>\n<\/div>","protected":false},"featured_media":3880,"comment_status":"closed","ping_status":"closed","template":"","meta":[],"product_brand":[],"product_cat":[205],"product_tag":[389],"class_list":{"0":"post-2825","1":"product","2":"type-product","3":"status-publish","4":"has-post-thumbnail","6":"product_cat-granite","7":"product_tag-bathroomsfloorsgoldyellowgranitekitchensslabstileswalls","9":"first","10":"instock","11":"product-type-simple"},"_links":{"self":[{"href":"https:\/\/www.quartzite-stone.com\/es\/wp-json\/wp\/v2\/product\/2825","targetHints":{"allow":["GET"]}}],"collection":[{"href":"https:\/\/www.quartzite-stone.com\/es\/wp-json\/wp\/v2\/product"}],"about":[{"href":"https:\/\/www.quartzite-stone.com\/es\/wp-json\/wp\/v2\/types\/product"}],"replies":[{"embeddable":true,"href":"https:\/\/www.quartzite-stone.com\/es\/wp-json\/wp\/v2\/comments?post=2825"}],"wp:featuredmedia":[{"embeddable":true,"href":"https:\/\/www.quartzite-stone.com\/es\/wp-json\/wp\/v2\/media\/3880"}],"wp:attachment":[{"href":"https:\/\/www.quartzite-stone.com\/es\/wp-json\/wp\/v2\/media?parent=2825"}],"wp:term":[{"taxonomy":"product_brand","embeddable":true,"href":"https:\/\/www.quartzite-stone.com\/es\/wp-json\/wp\/v2\/product_brand?post=2825"},{"taxonomy":"product_cat","embeddable":true,"href":"https:\/\/www.quartzite-stone.com\/es\/wp-json\/wp\/v2\/product_cat?post=2825"},{"taxonomy":"product_tag","embeddable":true,"href":"https:\/\/www.quartzite-stone.com\/es\/wp-json\/wp\/v2\/product_tag?post=2825"}],"curies":[{"name":"wp","href":"https:\/\/api.w.org\/{rel}","templated":true}]}}