{"id":2817,"date":"2022-07-05T00:01:59","date_gmt":"2022-07-04T16:01:59","guid":{"rendered":"https:\/\/www.quartzite-stone.com\/product\/gold-patagonia-granite\/"},"modified":"2023-05-19T15:30:10","modified_gmt":"2023-05-19T07:30:10","slug":"oro-patagonia-granito","status":"publish","type":"product","link":"https:\/\/www.quartzite-stone.com\/es\/products\/gold-patagonia-granite\/","title":{"rendered":"Granito Patagonia Oro"},"content":{"rendered":"<p>INFORMACI\u00d3N ADICIONAL<\/p>\n<table>\n<tbody>\n<tr>\n<td width=\"124\"><strong>MATERIAL<\/strong><\/td>\n<td width=\"444\">Granito<\/td>\n<\/tr>\n<tr>\n<td width=\"124\"><strong>COLOR<\/strong><\/td>\n<td width=\"444\">Oro\/Amarillo<\/td>\n<\/tr>\n<tr>\n<td width=\"124\"><strong>PA\u00cdS DE ORIGEN<\/strong><\/td>\n<td width=\"444\">Brasil<\/td>\n<\/tr>\n<tr>\n<td width=\"124\"><strong>ACABADO DE LA SUPERFICIE<\/strong><\/td>\n<td width=\"444\">Pulido, afilado con piedra, revestido de cuero<\/td>\n<\/tr>\n<tr>\n<td width=\"124\"><strong>USAR<\/strong><\/td>\n<td width=\"444\">Cocinas, Ba\u00f1os, Pisos, Paredes, Azulejos, Losas<\/td>\n<\/tr>\n<tr>\n<td width=\"124\"><strong>DISPONIBILIDAD<\/strong><\/td>\n<td width=\"444\">Por favor, compruebe la disponibilidad de stock con HRST STONE para visitar.<\/p>\n<p>Las muestras de piedra tampoco est\u00e1n disponibles para cada selecci\u00f3n de piedra, consulte la disponibilidad.<\/p>\n<\/td>\n<\/tr>\n<\/tbody>\n<\/table>\n<p>El granito Gold Patagonia es un tipo de granito beige que se extrae en Brasil. Algunos de los dise\u00f1os m\u00e1s impresionantes de los interiores contempor\u00e1neos incluyen el m\u00e1rmol Gold Patagonia. Sutiles motas de negro intenso, dorado p\u00e1lido, marr\u00f3n espresso y brillantes planos transl\u00facidos hacen de esta piedra uno de los tipos de granito m\u00e1s apreciados. Extra\u00eddo en Brasil -no en la Patagonia, sorprendentemente-, esta extraordinaria piedra tambi\u00e9n se conoce como Granito Dorado de la Patagonia. El incre\u00edble brillo y el resplandor natural del m\u00e1rmol Gold Patagonia hacen dif\u00edcil creer que este material se produzca de forma natural.<\/p>\n<p>El granito Gold Patagonia es una piedra m\u00e1gica con un tono incre\u00edble que se adapta a un fondo de contraste precioso.  Tanto si desea actualizar su cocina con una encimera de granito de primera calidad como si desea utilizarla como complemento perfecto para la encimera de su cuarto de ba\u00f1o, esta tabla hace maravillas.  Esta piedra importada de Brasil quedar\u00eda bien en casi cualquier hogar.<\/p>\n<p><img decoding=\"async\" class=\"aligncenter\" src=\"https:\/\/data.adwebcloud.com\/public\/material\/220426a7q47o\/product\/imageFile_1664271871706.jpg\" alt=\"\" \/><\/p>\n<p><img decoding=\"async\" class=\"aligncenter\" src=\"https:\/\/data.adwebcloud.com\/public\/material\/220426a7q47o\/product\/imageFile_1664271872498.jpg\" alt=\"\" \/><\/p>\n<p><img fetchpriority=\"high\" decoding=\"async\" class=\"aligncenter\" src=\"https:\/\/data.adwebcloud.com\/public\/material\/220426a7q47o\/product\/imageFile_1664271873245.jpg\" alt=\"\" width=\"750\" height=\"600\" \/><\/p>\n<\/p>\n<p style=\"list-style-type: revert\">El granito patag\u00f3nico es un tipo de granito que se extrae en la regi\u00f3n de la Patagonia argentina. Es conocido por su mezcla \u00fanica de colores, que normalmente incluye tonos dorados, beige y marrones. Lo que diferencia al M\u00e1rmol Patagonia de otros tipos de granito es su veteado distintivo. Este veteado es lo que da a la piedra su car\u00e1cter y hace que sea una opci\u00f3n popular para aquellos que buscan una encimera que es a la vez hermoso y \u00fanico.<\/p>\n<p style=\"list-style-type: revert\">Hay que tener en cuenta que el m\u00e1rmol Patagonia es bastante raro. Como s\u00f3lo se encuentra en una regi\u00f3n espec\u00edfica del mundo, puede ser dif\u00edcil conseguirlo. Sin embargo, para los que lo consiguen, la inversi\u00f3n merece la pena.<\/p>\n<h3 style=\"list-style-type: revert;font-size: 19px\">\u00bfQu\u00e9 diferencia al Granito Patagonia de otros tipos de granito?<\/h3>\n<p style=\"list-style-type: revert\">Como se ha mencionado anteriormente, el M\u00e1rmol Patagonia es conocido por su veteado \u00fanico. Este veteado es creado por una combinaci\u00f3n de minerales que est\u00e1n presentes en la piedra. Es lo que le da a la piedra su car\u00e1cter y hace que se destaque de otros tipos de granito.<\/p>\n<p style=\"list-style-type: revert\">Otra cosa que diferencia al M\u00e1rmol Patagonia de otros tipos de granito es su durabilidad. Esta piedra es incre\u00edblemente dura y resistente a los ara\u00f1azos, astillas y manchas. Esto hace que sea una gran opci\u00f3n para \u00e1reas de alto tr\u00e1fico como cocinas y ba\u00f1os.<\/p>\n<p style=\"list-style-type: revert\">Por \u00faltimo, el M\u00e1rmol Patagonia tambi\u00e9n es resistente al calor. Esto significa que puede soportar altas temperaturas sin da\u00f1arse. Para los amantes de la cocina, esto es una gran ventaja, ya que permite colocar ollas y sartenes calientes directamente sobre la encimera sin tener que preocuparse de da\u00f1arla.<\/p>\n<h3 style=\"list-style-type: revert;font-size: 19px\">Las ventajas de utilizar Patagonia Granite para sus encimeras<\/h3>\n<p style=\"list-style-type: revert\">Hay numerosos beneficios de usar M\u00e1rmol Patagonia para sus encimeras. En primer lugar, como se mencion\u00f3 anteriormente, es incre\u00edblemente duradero y resistente a los ara\u00f1azos, astillas y manchas. Esto significa que durar\u00e1 muchos a\u00f1os sin mostrar signos de desgaste.<\/p>\n<p style=\"list-style-type: revert\">Adem\u00e1s de su durabilidad, el M\u00e1rmol Patagonia es incre\u00edblemente f\u00e1cil de limpiar. Todo lo que necesita es un jab\u00f3n suave y agua para mantenerlo como nuevo. Esto hace que sea una gran opci\u00f3n para aquellos que llevan una vida ajetreada y no quieren pasar mucho tiempo limpiando sus encimeras.<\/p>\n<p style=\"list-style-type: revert\">Otra ventaja del M\u00e1rmol Patagonia es su versatilidad. Se puede utilizar en una gran variedad de estilos de dise\u00f1o, desde el tradicional al moderno. Su veteado \u00fanico tambi\u00e9n significa que cada losa es diferente, lo que a\u00f1ade un nivel de car\u00e1cter y encanto a cualquier espacio.<\/p>\n<p style=\"list-style-type: revert\">Por \u00faltimo, el m\u00e1rmol Patagonia tambi\u00e9n es una gran inversi\u00f3n. Debido a que es tan duradero, durar\u00e1 muchos a\u00f1os sin necesidad de ser reemplazado. Esto significa que usted no tendr\u00e1 que gastar dinero en la sustituci\u00f3n de sus encimeras cada pocos a\u00f1os, lo que le puede ahorrar una cantidad significativa de dinero en el largo plazo.<\/p>\n<h3 style=\"list-style-type: revert;font-size: 19px\">C\u00f3mo cuidar y mantener sus encimeras de granito Patagonia<\/h3>\n<p style=\"list-style-type: revert\">Aunque el M\u00e1rmol Patagonia es incre\u00edblemente duradero, sigue siendo importante cuidarlo adecuadamente para garantizar que dure muchos a\u00f1os. Estos son algunos consejos para el cuidado y mantenimiento de sus encimeras de M\u00e1rmol Patagonia:<\/p>\n<ol>\n<li>Limpie los derrames lo antes posible para evitar manchas<\/li>\n<li>Utilice un jab\u00f3n suave y agua para la limpieza diaria<\/li>\n<li>Evitar el uso de productos qu\u00edmicos agresivos o esponjas abrasivas<\/li>\n<li>Utiliza una tabla de cortar cuando trocees alimentos para evitar ara\u00f1azos<\/li>\n<li>Evite colocar ollas y sartenes calientes directamente sobre la encimera<\/li>\n<li>Selle sus encimeras cada 1-2 a\u00f1os para evitar que se manchen y garantizar su longevidad.<\/li>\n<\/ol>\n<p style=\"list-style-type: revert\">Siguiendo estos sencillos consejos, podr\u00e1 mantener sus encimeras de M\u00e1rmol Patagonia como nuevas durante muchos a\u00f1os.<\/p>\n<h3 style=\"list-style-type: revert;font-size: 19px\">Ideas de dise\u00f1o de encimeras de granito Patagonia<\/h3>\n<p style=\"list-style-type: revert\">Una de las cosas buenas del M\u00e1rmol Patagonia es su versatilidad. Se puede utilizar en una variedad de diferentes estilos de dise\u00f1o, desde el tradicional al moderno. Aqu\u00ed est\u00e1n algunas ideas de dise\u00f1o para la incorporaci\u00f3n de granito Patagonia en su casa:<\/p>\n<ol>\n<li>Comb\u00ednalo con armarios blancos para conseguir un aspecto cl\u00e1sico y atemporal.<\/li>\n<li>Util\u00edcelo como elemento decorativo en una cocina moderna y minimalista.<\/li>\n<li>Comb\u00ednalo con armarios de madera oscura para conseguir un ambiente c\u00e1lido y acogedor.<\/li>\n<li>Util\u00edcelo como elemento decorativo en un cuarto de ba\u00f1o de l\u00edneas sencillas y limpias.<\/li>\n<li>Comb\u00ednalo con colores vivos y atrevidos para conseguir un look divertido y ecl\u00e9ctico.<\/li>\n<\/ol>\n<p style=\"list-style-type: revert\">Las posibilidades son infinitas cuando se trata de dise\u00f1ar con M\u00e1rmol Patagonia.<\/p>\n<h3 style=\"list-style-type: revert;font-size: 19px\">C\u00f3mo elegir la losa de granito Patagonia adecuada para su encimera<\/h3>\n<p style=\"list-style-type: revert\">Elegir la losa de granito Patagonia adecuada para su encimera es una decisi\u00f3n importante. Aqu\u00ed hay algunas cosas a tener en cuenta al hacer su selecci\u00f3n:<\/p>\n<ol>\n<li>Busca una losa con un dibujo que te encante<\/li>\n<li>Considere la combinaci\u00f3n de colores general de su cocina o cuarto de ba\u00f1o<\/li>\n<li>Piense en el nivel de contraste que desea entre sus encimeras y armarios<\/li>\n<li>Tenga en cuenta el tama\u00f1o y la forma de su encimera y c\u00f3mo afectar\u00e1 al dise\u00f1o de la losa.<\/li>\n<\/ol>\n<p style=\"list-style-type: revert\">Tambi\u00e9n es una buena idea ver la losa en persona antes de tomar la decisi\u00f3n final. As\u00ed podr\u00e1 ver los verdaderos colores y vetas de la piedra.<\/p>\n<h3 style=\"list-style-type: revert;font-size: 19px\">Comparaci\u00f3n del granito Patagonia con otros materiales populares para encimeras<\/h3>\n<p style=\"list-style-type: revert\">Mientras que el M\u00e1rmol Patagonia es una gran opci\u00f3n para encimeras, no es la \u00fanica opci\u00f3n que hay. Aqu\u00ed hay una comparaci\u00f3n de M\u00e1rmol Patagonia con algunos otros materiales populares para encimeras:<\/p>\n<ol>\n<li>El cuarzo: El cuarzo es un material artificial muy duradero y f\u00e1cil de mantener. Sin embargo, no tiene la misma belleza natural que el M\u00e1rmol Patagonia.<\/li>\n<li>El m\u00e1rmol: El m\u00e1rmol es una piedra natural conocida por su belleza. Sin embargo, no es tan duradero como el granito Patagonia y es m\u00e1s propenso a las manchas y ara\u00f1azos.<\/li>\n<li>Esteatita: La esteatita es una piedra natural muy resistente al calor. Sin embargo, no es tan duradera como el m\u00e1rmol Patagonia y es m\u00e1s propensa a rayarse.<\/li>\n<\/ol>\n<h3 style=\"list-style-type: revert;font-size: 19px\">Preguntas m\u00e1s frecuentes<\/h3>\n<h3 style=\"list-style-type: revert\"><span style=\"font-size: 16px\">\u00bfEs caro el granito de la Patagonia?<\/span><\/h3>\n<p style=\"list-style-type: revert\">S\u00ed, el M\u00e1rmol Patagonia es una opci\u00f3n m\u00e1s cara cuando se trata de encimeras. Sin embargo, su durabilidad y belleza \u00fanica lo convierten en una gran inversi\u00f3n.<\/p>\n<h3><span style=\"font-size: 16px\">\u00bfSe puede utilizar el Granito Patagonia en espacios exteriores?<\/span><\/h3>\n<p style=\"list-style-type: revert\">Aunque el m\u00e1rmol Patagonia es incre\u00edblemente duradero, no se recomienda su uso en exteriores, ya que puede resultar da\u00f1ado por la exposici\u00f3n a los elementos.<\/p>\n<h3><span style=\"font-size: 16px\">\u00bfQu\u00e9 colores hay disponibles en Patagonia Granite?<\/span><\/h3>\n<p style=\"list-style-type: revert\">El M\u00e1rmol Patagonia suele incluir tonos dorados, beige y marrones. Sin embargo, cada losa es diferente y puede incluir tambi\u00e9n otros colores.<\/p>\n<h3 style=\"list-style-type: revert;font-size: 19px\">D\u00f3nde encontrar m\u00e1rmol Patagonia para su pr\u00f3ximo proyecto de encimera<\/h3>\n<p style=\"list-style-type: revert\">Dado que el granito Patagonia es bastante raro, puede resultar dif\u00edcil de encontrar. Sin embargo, hay varios proveedores especializados en \u00e9l. Una r\u00e1pida b\u00fasqueda en Internet le proporcionar\u00e1 una lista de proveedores en su zona.<\/p>\n<h3 style=\"list-style-type: revert;font-size: 19px\">Conclusi\u00f3n<\/h3>\n<p style=\"list-style-type: revert\">En conclusi\u00f3n, el M\u00e1rmol Patagonia es una gran opci\u00f3n para aquellos que buscan una encimera duradera, hermosa y \u00fanica. Su distintivo veteado, versatilidad y durabilidad lo convierten en una gran inversi\u00f3n para cualquier hogar. Si usted est\u00e1 considerando el Granito Patagonia para su pr\u00f3ximo proyecto de encimera, aseg\u00farese de seguir los consejos de cuidado y mantenimiento descritos en este art\u00edculo para asegurarse de que dure por muchos a\u00f1os.<\/p><\/p>","protected":false},"excerpt":{"rendered":"<p>Gold Patagonia Granite es una especie de granito beige extra\u00eddo en Brasil. Algunos de los dise\u00f1os m\u00e1s impresionantes en interiores contempor\u00e1neos cuentan con Gold Patagonia Granite. Sutiles motas de negro profundo, oro p\u00e1lido, marr\u00f3n espresso y planos transl\u00facidos y brillantes hacen de esta piedra una de las m\u00e1s preciadas...<\/p>\n<div id=\"gtx-trans\">\n<div class=\"gtx-trans-icon\"><\/div>\n<\/div>","protected":false},"featured_media":6206,"comment_status":"closed","ping_status":"closed","template":"","meta":[],"product_brand":[],"product_cat":[205],"product_tag":[176,177,830,206,178,180,181,182],"class_list":{"0":"post-2817","1":"product","2":"type-product","3":"status-publish","4":"has-post-thumbnail","6":"product_cat-granite","7":"product_tag-bathrooms","8":"product_tag-floors","9":"product_tag-goldyellow","10":"product_tag-granite","11":"product_tag-kitchens","12":"product_tag-slabs","13":"product_tag-tiles","14":"product_tag-walls","16":"first","17":"instock","18":"product-type-simple"},"_links":{"self":[{"href":"https:\/\/www.quartzite-stone.com\/es\/wp-json\/wp\/v2\/product\/2817","targetHints":{"allow":["GET"]}}],"collection":[{"href":"https:\/\/www.quartzite-stone.com\/es\/wp-json\/wp\/v2\/product"}],"about":[{"href":"https:\/\/www.quartzite-stone.com\/es\/wp-json\/wp\/v2\/types\/product"}],"replies":[{"embeddable":true,"href":"https:\/\/www.quartzite-stone.com\/es\/wp-json\/wp\/v2\/comments?post=2817"}],"wp:featuredmedia":[{"embeddable":true,"href":"https:\/\/www.quartzite-stone.com\/es\/wp-json\/wp\/v2\/media\/6206"}],"wp:attachment":[{"href":"https:\/\/www.quartzite-stone.com\/es\/wp-json\/wp\/v2\/media?parent=2817"}],"wp:term":[{"taxonomy":"product_brand","embeddable":true,"href":"https:\/\/www.quartzite-stone.com\/es\/wp-json\/wp\/v2\/product_brand?post=2817"},{"taxonomy":"product_cat","embeddable":true,"href":"https:\/\/www.quartzite-stone.com\/es\/wp-json\/wp\/v2\/product_cat?post=2817"},{"taxonomy":"product_tag","embeddable":true,"href":"https:\/\/www.quartzite-stone.com\/es\/wp-json\/wp\/v2\/product_tag?post=2817"}],"curies":[{"name":"wp","href":"https:\/\/api.w.org\/{rel}","templated":true}]}}