{"id":2774,"date":"2022-07-05T00:00:42","date_gmt":"2022-07-04T16:00:42","guid":{"rendered":"https:\/\/www.quartzite-stone.com\/product\/copacabana-granite\/"},"modified":"2023-04-19T15:39:48","modified_gmt":"2023-04-19T07:39:48","slug":"granito-de-copacabana","status":"publish","type":"product","link":"https:\/\/www.quartzite-stone.com\/es\/products\/copacabana-granite\/","title":{"rendered":"Granito Copacabana"},"content":{"rendered":"<p>INFORMACI\u00d3N ADICIONAL<\/p>\n<table>\n<tbody>\n<tr>\n<td width=\"124\"><strong>MATERIAL<\/strong><\/td>\n<td width=\"444\">Granito<\/td>\n<\/tr>\n<tr>\n<td width=\"124\"><strong>COLOR<\/strong><\/td>\n<td width=\"444\">Negro<\/td>\n<\/tr>\n<tr>\n<td width=\"124\"><strong>PA\u00cdS DE ORIGEN<\/strong><\/td>\n<td width=\"444\">Brasil<\/td>\n<\/tr>\n<tr>\n<td width=\"124\"><strong>ACABADO DE LA SUPERFICIE<\/strong><\/td>\n<td width=\"444\">Pulido, afilado con piedra, revestido de cuero<\/td>\n<\/tr>\n<tr>\n<td width=\"124\"><strong>USAR<\/strong><\/td>\n<td width=\"444\">Cocinas, Ba\u00f1os, Pisos, Paredes, Azulejos, Losas<\/td>\n<\/tr>\n<tr>\n<td width=\"124\"><strong>DISPONIBILIDAD<\/strong><\/td>\n<td width=\"444\">Por favor, compruebe la disponibilidad de stock con HRST STONE para visitar.<\/p>\n<p>Las muestras de piedra tampoco est\u00e1n disponibles para cada selecci\u00f3n de piedra, consulte la disponibilidad.<\/p>\n<\/td>\n<\/tr>\n<\/tbody>\n<\/table>\n<p>El granito Copacabana es un granito negro piano extremadamente bueno, con grandes franjas de color blanco\/marfil en toda la losa y puntas de color marr\u00f3n\/beige suave. El granito negro Copacabana es una piedra completamente natural que se dise\u00f1a a trav\u00e9s de la naturaleza misma. Su composici\u00f3n granular especial, la combinaci\u00f3n de tonos y el componente se comercializar\u00e1n seg\u00fan la cantidad de cuarzo (hasta 60%) y la dimensi\u00f3n de los minerales que contiene.<\/p>\n<p>El granito negro de Copacabana es sin duda la piedra m\u00e1s popular hoy en d\u00eda. El Granito Copacabana es una excelente opci\u00f3n para encimeras de cocina, pisos y otras superficies muy utilizadas debido a su dureza, baja tasa de absorci\u00f3n y resistencia a altas temperaturas. Este grupo de piedras, en el sentido comercial, incluye muchas piedras que no son granito verdadero por definici\u00f3n geol\u00f3gica. Se venden comercialmente como granito para trabajos y propiedades similares. Estas son las piedras dimensionales m\u00e1s duras, proporcionando un alto nivel de resistencia a la abrasi\u00f3n y al rayado. Los principales minerales en el material de granito resisten casi todos los productos qu\u00edmicos que se encuentran en el entorno de vivienda.<\/p>\n<\/p>\n<p>El granito Copacabana es un tipo de granito que se extrae principalmente en el estado de Minas Gerais en Brasil. Lleva el nombre de la famosa playa de Copacabana en R\u00edo de Janeiro, Brasil. El granito negro Copacabana es una piedra natural muy duradera y dura que tiene una textura de grano fino a medio. Se compone principalmente de cuarzo, feldespato y mica.<\/p>\n<p>El color del granito negro Copacabana puede variar de gris a negro, con algunas piedras que tienen un tinte azulado. A menudo tiene vetas blancas distintivas que le dan una apariencia \u00fanica. El granito Copacabana se usa com\u00fanmente en una variedad de aplicaciones de construcci\u00f3n, incluidos pisos, encimeras y revestimientos de paredes. Tambi\u00e9n se utiliza en proyectos de paisajismo al aire libre, como adoquines y muros de jard\u00edn. La belleza, durabilidad y versatilidad del granito Copacabana lo convierten en una opci\u00f3n popular para proyectos residenciales y comerciales.<\/p>\n<p><img decoding=\"async\" class=\"aligncenter\" src=\"https:\/\/data.adwebcloud.com\/public\/material\/220426a7q47o\/product\/imageFile_1664271852986.jpg\" alt=\"\" \/><\/p>\n<p><img decoding=\"async\" class=\"aligncenter\" src=\"https:\/\/data.adwebcloud.com\/public\/material\/220426a7q47o\/product\/imageFile_1664271853823.jpg\" alt=\"\" \/><\/p>\n<p><img decoding=\"async\" class=\"aligncenter\" src=\"https:\/\/data.adwebcloud.com\/public\/material\/220426a7q47o\/product\/imageFile_1664271854623.jpg\" alt=\"\" \/><\/p>\n<p><img decoding=\"async\" class=\"aligncenter\" src=\"https:\/\/data.adwebcloud.com\/public\/material\/220426a7q47o\/product\/imageFile_1664271855491.jpg\" alt=\"\" \/><\/p>\n<h3 style=\"font-size: 19px\">Preguntas m\u00e1s frecuentes<\/h3>\n<p>P: \u00bfQu\u00e9 es el granito de Copacabana?<br \/>R: El granito negro Copacabana es un tipo de piedra natural que se compone principalmente de feldespato, cuarzo y mica. Es conocido por su combinaci\u00f3n \u00fanica de colores blanco y negro, que crean una apariencia llamativa y dram\u00e1tica.<\/p>\n<p>P: \u00bfDe d\u00f3nde viene el granito negro de Copacabana?<br \/>R: El granito negro Copacabana se extrae de Brasil, espec\u00edficamente en el estado de Minas Gerais.<\/p>\n<p>P: \u00bfCu\u00e1les son los principales usos del granito negro Copacabana?<br \/>R: El granito Copacabana es una opci\u00f3n popular para encimeras, pisos y revestimientos de paredes tanto en entornos residenciales como comerciales. Tambi\u00e9n se puede utilizar para aplicaciones al aire libre, como paisajismo y pavimentaci\u00f3n.<\/p>\n<p>P: \u00bfC\u00f3mo se compara el granito negro Copacabana con otros tipos de granito?<br \/>R: El granito negro Copacabana es \u00fanico en apariencia y coloraci\u00f3n, lo que lo diferencia de otros tipos de granito. Tambi\u00e9n es conocido por su durabilidad y resistencia al rayado, las manchas y el calor.<\/p>\n<p>P: \u00bfC\u00f3mo cuido y mantengo el granito negro Copacabana?<br \/>R: Para cuidar el granito negro Copacabana, es importante limpiar los derrames de inmediato para evitar manchas. Tambi\u00e9n se recomienda sellar el granito peri\u00f3dicamente para protegerlo de da\u00f1os. Tambi\u00e9n se recomienda una limpieza regular con un detergente suave y un pa\u00f1o suave o una esponja.<\/p>\n<p>P: \u00bfCu\u00e1l es el costo del granito Copacabana?<br \/>R: El costo del granito negro Copacabana puede variar seg\u00fan factores como la calidad de la piedra, el tama\u00f1o del proyecto y la ubicaci\u00f3n del proveedor. Generalmente se considera que es un granito de precio medio.<\/p>\n<p>P: \u00bfSe puede usar el granito negro Copacabana en aplicaciones al aire libre?<br \/>R: S\u00ed, el granito negro Copacabana se puede usar en aplicaciones al aire libre, como paisajismo y pavimentaci\u00f3n. Es importante seleccionar un grado de calidad de granito negro Copacabana para uso en exteriores para garantizar su durabilidad y resistencia a la intemperie.<\/p>\n<p>P: \u00bfEs el granito negro Copacabana una opci\u00f3n sostenible?<br \/>R: El granito Copacabana es una piedra natural que se extrae de la tierra, por lo que su sustentabilidad depende de pr\u00e1cticas de extracci\u00f3n responsables. Busque proveedores que obtengan su piedra de fuentes responsables y sostenibles, y considere usar granito negro Copacabana recuperado o reciclado para una opci\u00f3n m\u00e1s sostenible.<\/p><\/p>","protected":false},"excerpt":{"rendered":"<p>El granito Copacabana es un granito negro piano extremadamente bueno, con grandes franjas de color blanco\/marfil en toda la losa y puntas de color marr\u00f3n\/beige suave. El granito Copacabana es una piedra completamente natural que se dise\u00f1a a trav\u00e9s de la naturaleza misma. Su especial composici\u00f3n granular, combinaci\u00f3n de colores y...<\/p>","protected":false},"featured_media":5830,"comment_status":"closed","ping_status":"closed","template":"","meta":[],"product_brand":[],"product_cat":[205],"product_tag":[176,185,177,206,178,180,181,182],"class_list":{"0":"post-2774","1":"product","2":"type-product","3":"status-publish","4":"has-post-thumbnail","6":"product_cat-granite","7":"product_tag-bathrooms","8":"product_tag-black","9":"product_tag-floors","10":"product_tag-granite","11":"product_tag-kitchens","12":"product_tag-slabs","13":"product_tag-tiles","14":"product_tag-walls","16":"first","17":"instock","18":"product-type-simple"},"_links":{"self":[{"href":"https:\/\/www.quartzite-stone.com\/es\/wp-json\/wp\/v2\/product\/2774","targetHints":{"allow":["GET"]}}],"collection":[{"href":"https:\/\/www.quartzite-stone.com\/es\/wp-json\/wp\/v2\/product"}],"about":[{"href":"https:\/\/www.quartzite-stone.com\/es\/wp-json\/wp\/v2\/types\/product"}],"replies":[{"embeddable":true,"href":"https:\/\/www.quartzite-stone.com\/es\/wp-json\/wp\/v2\/comments?post=2774"}],"wp:featuredmedia":[{"embeddable":true,"href":"https:\/\/www.quartzite-stone.com\/es\/wp-json\/wp\/v2\/media\/5830"}],"wp:attachment":[{"href":"https:\/\/www.quartzite-stone.com\/es\/wp-json\/wp\/v2\/media?parent=2774"}],"wp:term":[{"taxonomy":"product_brand","embeddable":true,"href":"https:\/\/www.quartzite-stone.com\/es\/wp-json\/wp\/v2\/product_brand?post=2774"},{"taxonomy":"product_cat","embeddable":true,"href":"https:\/\/www.quartzite-stone.com\/es\/wp-json\/wp\/v2\/product_cat?post=2774"},{"taxonomy":"product_tag","embeddable":true,"href":"https:\/\/www.quartzite-stone.com\/es\/wp-json\/wp\/v2\/product_tag?post=2774"}],"curies":[{"name":"wp","href":"https:\/\/api.w.org\/{rel}","templated":true}]}}